{"id":1368,"date":"2023-06-14T10:49:07","date_gmt":"2023-06-14T08:49:07","guid":{"rendered":"https:\/\/linz-hotel.at\/destinazione-linz\/"},"modified":"2024-02-04T11:56:05","modified_gmt":"2024-02-04T10:56:05","slug":"destinazione-linz","status":"publish","type":"page","link":"https:\/\/linz-hotel.at\/it\/destinazione-linz\/","title":{"rendered":"Destinazione Linz"},"content":{"rendered":"\t\t<div data-elementor-type=\"wp-page\" data-elementor-id=\"1368\" class=\"elementor elementor-1368 elementor-278\">\n\t\t\t\t\t\t<section class=\"elementor-section elementor-top-section elementor-element elementor-element-dc6304b elementor-hidden-mobile elementor-section-boxed elementor-section-height-default elementor-section-height-default\" data-id=\"dc6304b\" data-element_type=\"section\" data-settings=\"{&quot;background_background&quot;:&quot;classic&quot;}\">\n\t\t\t\t\t\t<div class=\"elementor-container elementor-column-gap-default\">\n\t\t\t\t\t<div class=\"elementor-column elementor-col-100 elementor-top-column elementor-element elementor-element-e963fc3\" data-id=\"e963fc3\" data-element_type=\"column\">\n\t\t\t<div class=\"elementor-widget-wrap\">\n\t\t\t\t\t\t\t<\/div>\n\t\t<\/div>\n\t\t\t\t\t<\/div>\n\t\t<\/section>\n\t\t\t\t<section class=\"elementor-section elementor-top-section elementor-element elementor-element-bebd432 elementor-section-boxed elementor-section-height-default elementor-section-height-default\" data-id=\"bebd432\" data-element_type=\"section\">\n\t\t\t\t\t\t<div class=\"elementor-container elementor-column-gap-default\">\n\t\t\t\t\t<div class=\"elementor-column elementor-col-100 elementor-top-column elementor-element elementor-element-54f94d2\" data-id=\"54f94d2\" data-element_type=\"column\" data-settings=\"{&quot;background_background&quot;:&quot;classic&quot;}\">\n\t\t\t<div class=\"elementor-widget-wrap elementor-element-populated\">\n\t\t\t\t\t\t<div class=\"elementor-element elementor-element-2ca1e90 elementor-widget elementor-widget-heading\" data-id=\"2ca1e90\" data-element_type=\"widget\" data-widget_type=\"heading.default\">\n\t\t\t\t<div class=\"elementor-widget-container\">\n\t\t\t\t\t<h1 class=\"elementor-heading-title elementor-size-default\">Luoghi di interesse e  <br>luoghi culturali a Linz<\/h1>\t\t\t\t<\/div>\n\t\t\t\t<\/div>\n\t\t\t\t<div class=\"elementor-element elementor-element-2e18273 elementor-widget elementor-widget-heading\" data-id=\"2e18273\" data-element_type=\"widget\" data-widget_type=\"heading.default\">\n\t\t\t\t<div class=\"elementor-widget-container\">\n\t\t\t\t\t<h2 class=\"elementor-heading-title elementor-size-default\">~ Tempo libero \/ Cultura \/ Arte \/ Citt\u00e0<\/h2>\t\t\t\t<\/div>\n\t\t\t\t<\/div>\n\t\t\t\t\t<\/div>\n\t\t<\/div>\n\t\t\t\t\t<\/div>\n\t\t<\/section>\n\t\t\t\t<section class=\"elementor-section elementor-top-section elementor-element elementor-element-a1d9b18 elementor-section-boxed elementor-section-height-default elementor-section-height-default\" data-id=\"a1d9b18\" data-element_type=\"section\">\n\t\t\t\t\t\t<div class=\"elementor-container elementor-column-gap-wide\">\n\t\t\t\t\t<div class=\"elementor-column elementor-col-50 elementor-top-column elementor-element elementor-element-fbf314a\" data-id=\"fbf314a\" data-element_type=\"column\">\n\t\t\t<div class=\"elementor-widget-wrap elementor-element-populated\">\n\t\t\t\t\t\t<div class=\"elementor-element elementor-element-82b7039 elementor-widget elementor-widget-text-editor\" data-id=\"82b7039\" data-element_type=\"widget\" data-widget_type=\"text-editor.default\">\n\t\t\t\t<div class=\"elementor-widget-container\">\n\t\t\t\t\t\t\t\t\t<div class=\"elementor-element elementor-element-d5271a0 elementor-widget elementor-widget-text-editor\" data-id=\"d5271a0\" data-element_type=\"widget\" data-widget_type=\"text-editor.default\">\n<div class=\"elementor-widget-container\">\n<div class=\"elementor-text-editor elementor-clearfix\">\n<p>A Linz potete organizzare il vostro tempo libero come preferite. La citt\u00e0 dell&#8217;industria e degli affari, dell&#8217;arte dei media e della scienza vanta una lunga tradizione e oggi, in qualit\u00e0 di Capitale Europea della Cultura, \u00e8 un centro vibrante dal fascino storico e dal fascino internazionale. Un tempo insediamento celtico, poi fortezza romana, nel XV secolo residenza dell&#8217;imperatore Federico III e successivamente luogo di personalit\u00e0 di spicco. \u00c8 qui che Johannes Kepler ha calcolato le orbite dei pianeti, che Wolfgang Amadeus Mozart e Anton Bruckner hanno scritto grandi sinfonie e che sono state scritte le importanti opere di Adalbert Stifter. Intraprendete un viaggio attraverso una citt\u00e0 unica: abbiamo raccolto per voi alcune attrazioni e luoghi culturali particolarmente raccomandabili a Linz:<\/p>\n<p><strong>Ars Electronica Centre (15 min.):<\/strong> vita virtuale e sguardo sul futuro dei computer.<br \/><strong>Museo d&#8217;Arte Lentos (10-15 min.)<\/strong>: il museo, con il suo corpo formalmente austero di vetro e cemento a vista, situato direttamente sul Danubio, espone arte moderna contemporanea accanto all&#8217;arte classica.<br \/><strong>Museo del Castello (10 min.)<\/strong>: il museo regionale nel castello rinascimentale espone collezioni di storia regionale.<br \/><strong>Cattedrale Vecchia (5 min.)<\/strong>: la chiesa gesuita di Sant&#8217;Ignazio, costruita da P. F. Carlone, \u00e8 l&#8217;edificio barocco pi\u00f9 imponente della citt\u00e0. Particolarmente degni di nota sono l&#8217;organo Krismann e i banchi intagliati. Anton Bruckner lavor\u00f2 qui per dieci anni come organista della cattedrale.<br \/><strong>Piazza principale (3 min.)<\/strong>: la piazza, lunga 220 metri e larga 60, con le sue numerose facciate barocche e rococ\u00f2, \u00e8 una delle pi\u00f9 belle piazze dell&#8217;Europa centrale. Numerosi caff\u00e8 invitano a soffermarsi.<br \/><strong>Landhaus (1 min.):<\/strong> il governo e il parlamento dell&#8217;Alta Austria hanno sede in un palazzo rinascimentale di particolare bellezza. La fontana planetaria decorata con stemmi nel cortile porticato, dove in estate si suona anche musica, \u00e8 significativa per la sua iconografia.<br \/><strong>Nuova Cattedrale (5 min.)<\/strong>: la Basilica neogotica dell&#8217;Assunzione, la pi\u00f9 grande chiesa dell&#8217;Austria, ricorda la Cattedrale di Santo Stefano a Vienna.<br \/><strong>P\u00f6stlingberg (30 minuti con i mezzi pubblici):<\/strong> La ferrovia a cremagliera pi\u00f9 ripida d&#8217;Europa conduce alla montagna locale di Linz, alta 537 metri, con il santuario barocco dei &#8220;Sette Dolori di Maria&#8221;.<\/p>\n<\/p>\n<p>Ulteriori informazioni su Linz \/ eventi in corso su:<br \/><a href=\"http:\/\/www.touristik.at\" target=\"_blank\" rel=\"noopener\">www.touristik.at<\/a><br \/><a href=\"http:\/\/www.genussland.at\" target=\"_blank\" rel=\"noopener\">www.genussland.at<\/a><\/p>\n<p><a href=\"https:\/\/www.linztermine.at\" target=\"_blank\" rel=\"noopener\">www.linztermine.at<\/a><\/p>\n<p><a href=\"http:\/\/www.linz.at\" target=\"_blank\" rel=\"noopener\">www.linz.at<\/a><br \/><a href=\"http:\/\/www.hotspots-linz.at\" target=\"_blank\" rel=\"noopener\">www.hotspots-linz.at<\/a><\/p>\n<\/p>\n<p>Oppure visitate uno dei nostri ristoranti, il ROOFTOP 7 Bar sopra i tetti di Linz.<br \/>o il nostro nuovissimo bistrot gourmet &#8220;DERschwarzeB\u00c4R&#8221;. Saremo lieti di darvi presto il benvenuto!<\/p>\n<\/div>\n<\/div>\n<\/div>\n\t\t\t\t\t\t\t\t<\/div>\n\t\t\t\t<\/div>\n\t\t\t\t<div class=\"elementor-element elementor-element-f337f7a elementor-align-center elementor-widget elementor-widget-button\" data-id=\"f337f7a\" data-element_type=\"widget\" data-widget_type=\"button.default\">\n\t\t\t\t<div class=\"elementor-widget-container\">\n\t\t\t\t\t\t\t\t\t<div class=\"elementor-button-wrapper\">\n\t\t\t\t\t<a class=\"elementor-button elementor-button-link elementor-size-sm\" href=\"https:\/\/linz-hotel.at\/it\/?page_id=1238\">\n\t\t\t\t\t\t<span class=\"elementor-button-content-wrapper\">\n\t\t\t\t\t\t\t\t\t<span class=\"elementor-button-text\">Dettagli su come trovarci<\/span>\n\t\t\t\t\t<\/span>\n\t\t\t\t\t<\/a>\n\t\t\t\t<\/div>\n\t\t\t\t\t\t\t\t<\/div>\n\t\t\t\t<\/div>\n\t\t\t\t\t<\/div>\n\t\t<\/div>\n\t\t\t\t<div class=\"elementor-column elementor-col-50 elementor-top-column elementor-element elementor-element-dd220b4\" data-id=\"dd220b4\" data-element_type=\"column\">\n\t\t\t<div class=\"elementor-widget-wrap elementor-element-populated\">\n\t\t\t\t\t\t<div class=\"elementor-element elementor-element-39125bf elementor-widget elementor-widget-heading\" data-id=\"39125bf\" data-element_type=\"widget\" data-widget_type=\"heading.default\">\n\t\t\t\t<div class=\"elementor-widget-container\">\n\t\t\t\t\t<h5 class=\"elementor-heading-title elementor-size-default\">Pianeta Linz<\/h5>\t\t\t\t<\/div>\n\t\t\t\t<\/div>\n\t\t\t\t<div class=\"elementor-element elementor-element-58a0b63 elementor-widget elementor-widget-video\" data-id=\"58a0b63\" data-element_type=\"widget\" data-settings=\"{&quot;youtube_url&quot;:&quot;https:\\\/\\\/youtu.be\\\/qtydGyLvklQ&quot;,&quot;video_type&quot;:&quot;youtube&quot;,&quot;controls&quot;:&quot;yes&quot;}\" data-widget_type=\"video.default\">\n\t\t\t\t<div class=\"elementor-widget-container\">\n\t\t\t\t\t\t\t<div class=\"elementor-wrapper elementor-open-inline\">\n\t\t\t<div class=\"elementor-video\"><\/div>\t\t<\/div>\n\t\t\t\t\t\t<\/div>\n\t\t\t\t<\/div>\n\t\t\t\t<div class=\"elementor-element elementor-element-cd3b15e elementor-widget elementor-widget-heading\" data-id=\"cd3b15e\" data-element_type=\"widget\" data-widget_type=\"heading.default\">\n\t\t\t\t<div class=\"elementor-widget-container\">\n\t\t\t\t\t<h5 class=\"elementor-heading-title elementor-size-default\">Un viaggio incredibile<\/h5>\t\t\t\t<\/div>\n\t\t\t\t<\/div>\n\t\t\t\t<div class=\"elementor-element elementor-element-59ed3aa elementor-widget elementor-widget-video\" data-id=\"59ed3aa\" data-element_type=\"widget\" data-settings=\"{&quot;youtube_url&quot;:&quot;https:\\\/\\\/youtu.be\\\/JC-U2xgIsL0&quot;,&quot;video_type&quot;:&quot;youtube&quot;,&quot;controls&quot;:&quot;yes&quot;}\" data-widget_type=\"video.default\">\n\t\t\t\t<div class=\"elementor-widget-container\">\n\t\t\t\t\t\t\t<div class=\"elementor-wrapper elementor-open-inline\">\n\t\t\t<div class=\"elementor-video\"><\/div>\t\t<\/div>\n\t\t\t\t\t\t<\/div>\n\t\t\t\t<\/div>\n\t\t\t\t<div class=\"elementor-element elementor-element-675ed1b elementor-widget elementor-widget-heading\" data-id=\"675ed1b\" data-element_type=\"widget\" data-widget_type=\"heading.default\">\n\t\t\t\t<div class=\"elementor-widget-container\">\n\t\t\t\t\t<h5 class=\"elementor-heading-title elementor-size-default\">Un giorno a Linz<\/h5>\t\t\t\t<\/div>\n\t\t\t\t<\/div>\n\t\t\t\t<div class=\"elementor-element elementor-element-611398e elementor-widget elementor-widget-video\" data-id=\"611398e\" data-element_type=\"widget\" data-settings=\"{&quot;youtube_url&quot;:&quot;https:\\\/\\\/youtu.be\\\/VR2YQCtWqPs&quot;,&quot;video_type&quot;:&quot;youtube&quot;,&quot;controls&quot;:&quot;yes&quot;}\" data-widget_type=\"video.default\">\n\t\t\t\t<div class=\"elementor-widget-container\">\n\t\t\t\t\t\t\t<div class=\"elementor-wrapper elementor-open-inline\">\n\t\t\t<div class=\"elementor-video\"><\/div>\t\t<\/div>\n\t\t\t\t\t\t<\/div>\n\t\t\t\t<\/div>\n\t\t\t\t\t<\/div>\n\t\t<\/div>\n\t\t\t\t\t<\/div>\n\t\t<\/section>\n\t\t\t\t<\/div>\n\t\t","protected":false},"excerpt":{"rendered":"<p>Luoghi di interesse e luoghi culturali a Linz ~ Tempo libero \/ Cultura \/ Arte \/ Citt\u00e0 A Linz potete organizzare il vostro tempo libero come preferite. La citt\u00e0 dell&#8217;industria e degli affari, dell&#8217;arte dei media e della scienza vanta una lunga tradizione e oggi, in qualit\u00e0 di Capitale Europea della Cultura, \u00e8 un centro [&hellip;]<\/p>\n","protected":false},"author":1,"featured_media":0,"parent":0,"menu_order":0,"comment_status":"closed","ping_status":"closed","template":"","meta":{"site-sidebar-layout":"no-sidebar","site-content-layout":"page-builder","ast-site-content-layout":"default","site-content-style":"default","site-sidebar-style":"default","ast-global-header-display":"","ast-banner-title-visibility":"","ast-main-header-display":"","ast-hfb-above-header-display":"","ast-hfb-below-header-display":"","ast-hfb-mobile-header-display":"","site-post-title":"disabled","ast-breadcrumbs-content":"","ast-featured-img":"disabled","footer-sml-layout":"","theme-transparent-header-meta":"disabled","adv-header-id-meta":"","stick-header-meta":"","header-above-stick-meta":"","header-main-stick-meta":"","header-below-stick-meta":"","astra-migrate-meta-layouts":"default","ast-page-background-enabled":"default","ast-page-background-meta":{"desktop":{"background-color":"var(--ast-global-color-4)","background-image":"","background-repeat":"repeat","background-position":"center center","background-size":"auto","background-attachment":"scroll","background-type":"","background-media":"","overlay-type":"","overlay-color":"","overlay-opacity":"","overlay-gradient":""},"tablet":{"background-color":"","background-image":"","background-repeat":"repeat","background-position":"center center","background-size":"auto","background-attachment":"scroll","background-type":"","background-media":"","overlay-type":"","overlay-color":"","overlay-opacity":"","overlay-gradient":""},"mobile":{"background-color":"","background-image":"","background-repeat":"repeat","background-position":"center center","background-size":"auto","background-attachment":"scroll","background-type":"","background-media":"","overlay-type":"","overlay-color":"","overlay-opacity":"","overlay-gradient":""}},"ast-content-background-meta":{"desktop":{"background-color":"var(--ast-global-color-5)","background-image":"","background-repeat":"repeat","background-position":"center center","background-size":"auto","background-attachment":"scroll","background-type":"","background-media":"","overlay-type":"","overlay-color":"","overlay-opacity":"","overlay-gradient":""},"tablet":{"background-color":"var(--ast-global-color-5)","background-image":"","background-repeat":"repeat","background-position":"center center","background-size":"auto","background-attachment":"scroll","background-type":"","background-media":"","overlay-type":"","overlay-color":"","overlay-opacity":"","overlay-gradient":""},"mobile":{"background-color":"var(--ast-global-color-5)","background-image":"","background-repeat":"repeat","background-position":"center center","background-size":"auto","background-attachment":"scroll","background-type":"","background-media":"","overlay-type":"","overlay-color":"","overlay-opacity":"","overlay-gradient":""}},"footnotes":""},"class_list":["post-1368","page","type-page","status-publish","hentry"],"yoast_head":"<!-- This site is optimized with the Yoast SEO plugin v25.9 - https:\/\/yoast.com\/wordpress\/plugins\/seo\/ -->\n<title>Luoghi di interesse culturale a Linz<\/title>\n<meta name=\"description\" content=\"Le principali attrazioni di Linz: ARS Electronica Centre \ud83e\udd16 - Museo d&#039;arte di Lentos \ud83c\udfa8 - Museo del Palazzo \ud83c\udff0 - Cattedrale vecchia - Piazza principale - P\u00f6stlingberg\" \/>\n<meta name=\"robots\" content=\"index, follow, max-snippet:-1, max-image-preview:large, max-video-preview:-1\" \/>\n<link rel=\"canonical\" href=\"https:\/\/linz-hotel.at\/it\/destinazione-linz\/\" \/>\n<meta property=\"og:locale\" content=\"it_IT\" \/>\n<meta property=\"og:type\" content=\"article\" \/>\n<meta property=\"og:title\" content=\"Luoghi di interesse culturale a Linz\" \/>\n<meta property=\"og:description\" content=\"Le principali attrazioni di Linz: ARS Electronica Centre \ud83e\udd16 - Museo d&#039;arte di Lentos \ud83c\udfa8 - Museo del Palazzo \ud83c\udff0 - Cattedrale vecchia - Piazza principale - P\u00f6stlingberg\" \/>\n<meta property=\"og:url\" content=\"https:\/\/linz-hotel.at\/it\/destinazione-linz\/\" \/>\n<meta property=\"og:site_name\" content=\"Hotel Schwarzer B\u00e4r Linz\" \/>\n<meta property=\"article:publisher\" content=\"https:\/\/www.facebook.com\/schwarzerbaer\" \/>\n<meta property=\"article:modified_time\" content=\"2024-02-04T10:56:05+00:00\" \/>\n<meta name=\"twitter:card\" content=\"summary_large_image\" \/>\n<meta name=\"twitter:label1\" content=\"Tempo di lettura stimato\" \/>\n\t<meta name=\"twitter:data1\" content=\"2 minuti\" \/>\n<script type=\"application\/ld+json\" class=\"yoast-schema-graph\">{\"@context\":\"https:\/\/schema.org\",\"@graph\":[{\"@type\":\"WebPage\",\"@id\":\"https:\/\/linz-hotel.at\/it\/destinazione-linz\/\",\"url\":\"https:\/\/linz-hotel.at\/it\/destinazione-linz\/\",\"name\":\"Luoghi di interesse culturale a Linz\",\"isPartOf\":{\"@id\":\"https:\/\/linz-hotel.at\/it\/#website\"},\"datePublished\":\"2023-06-14T08:49:07+00:00\",\"dateModified\":\"2024-02-04T10:56:05+00:00\",\"description\":\"Le principali attrazioni di Linz: ARS Electronica Centre \ud83e\udd16 - Museo d'arte di Lentos \ud83c\udfa8 - Museo del Palazzo \ud83c\udff0 - Cattedrale vecchia - Piazza principale - P\u00f6stlingberg\",\"breadcrumb\":{\"@id\":\"https:\/\/linz-hotel.at\/it\/destinazione-linz\/#breadcrumb\"},\"inLanguage\":\"it-IT\",\"potentialAction\":[{\"@type\":\"ReadAction\",\"target\":[\"https:\/\/linz-hotel.at\/it\/destinazione-linz\/\"]}]},{\"@type\":\"BreadcrumbList\",\"@id\":\"https:\/\/linz-hotel.at\/it\/destinazione-linz\/#breadcrumb\",\"itemListElement\":[{\"@type\":\"ListItem\",\"position\":1,\"name\":\"Startseite\",\"item\":\"https:\/\/linz-hotel.at\/it\/\"},{\"@type\":\"ListItem\",\"position\":2,\"name\":\"Destinazione Linz\"}]},{\"@type\":\"WebSite\",\"@id\":\"https:\/\/linz-hotel.at\/it\/#website\",\"url\":\"https:\/\/linz-hotel.at\/it\/\",\"name\":\"Hotel Schwarzer B\u00e4r Linz\",\"description\":\"Hotel Schwarzer B\u00e4r Linz\",\"potentialAction\":[{\"@type\":\"SearchAction\",\"target\":{\"@type\":\"EntryPoint\",\"urlTemplate\":\"https:\/\/linz-hotel.at\/it\/?s={search_term_string}\"},\"query-input\":{\"@type\":\"PropertyValueSpecification\",\"valueRequired\":true,\"valueName\":\"search_term_string\"}}],\"inLanguage\":\"it-IT\"}]}<\/script>\n<!-- \/ Yoast SEO plugin. -->","yoast_head_json":{"title":"Luoghi di interesse culturale a Linz","description":"Le principali attrazioni di Linz: ARS Electronica Centre \ud83e\udd16 - Museo d'arte di Lentos \ud83c\udfa8 - Museo del Palazzo \ud83c\udff0 - Cattedrale vecchia - Piazza principale - P\u00f6stlingberg","robots":{"index":"index","follow":"follow","max-snippet":"max-snippet:-1","max-image-preview":"max-image-preview:large","max-video-preview":"max-video-preview:-1"},"canonical":"https:\/\/linz-hotel.at\/it\/destinazione-linz\/","og_locale":"it_IT","og_type":"article","og_title":"Luoghi di interesse culturale a Linz","og_description":"Le principali attrazioni di Linz: ARS Electronica Centre \ud83e\udd16 - Museo d'arte di Lentos \ud83c\udfa8 - Museo del Palazzo \ud83c\udff0 - Cattedrale vecchia - Piazza principale - P\u00f6stlingberg","og_url":"https:\/\/linz-hotel.at\/it\/destinazione-linz\/","og_site_name":"Hotel Schwarzer B\u00e4r Linz","article_publisher":"https:\/\/www.facebook.com\/schwarzerbaer","article_modified_time":"2024-02-04T10:56:05+00:00","twitter_card":"summary_large_image","twitter_misc":{"Tempo di lettura stimato":"2 minuti"},"schema":{"@context":"https:\/\/schema.org","@graph":[{"@type":"WebPage","@id":"https:\/\/linz-hotel.at\/it\/destinazione-linz\/","url":"https:\/\/linz-hotel.at\/it\/destinazione-linz\/","name":"Luoghi di interesse culturale a Linz","isPartOf":{"@id":"https:\/\/linz-hotel.at\/it\/#website"},"datePublished":"2023-06-14T08:49:07+00:00","dateModified":"2024-02-04T10:56:05+00:00","description":"Le principali attrazioni di Linz: ARS Electronica Centre \ud83e\udd16 - Museo d'arte di Lentos \ud83c\udfa8 - Museo del Palazzo \ud83c\udff0 - Cattedrale vecchia - Piazza principale - P\u00f6stlingberg","breadcrumb":{"@id":"https:\/\/linz-hotel.at\/it\/destinazione-linz\/#breadcrumb"},"inLanguage":"it-IT","potentialAction":[{"@type":"ReadAction","target":["https:\/\/linz-hotel.at\/it\/destinazione-linz\/"]}]},{"@type":"BreadcrumbList","@id":"https:\/\/linz-hotel.at\/it\/destinazione-linz\/#breadcrumb","itemListElement":[{"@type":"ListItem","position":1,"name":"Startseite","item":"https:\/\/linz-hotel.at\/it\/"},{"@type":"ListItem","position":2,"name":"Destinazione Linz"}]},{"@type":"WebSite","@id":"https:\/\/linz-hotel.at\/it\/#website","url":"https:\/\/linz-hotel.at\/it\/","name":"Hotel Schwarzer B\u00e4r Linz","description":"Hotel Schwarzer B\u00e4r Linz","potentialAction":[{"@type":"SearchAction","target":{"@type":"EntryPoint","urlTemplate":"https:\/\/linz-hotel.at\/it\/?s={search_term_string}"},"query-input":{"@type":"PropertyValueSpecification","valueRequired":true,"valueName":"search_term_string"}}],"inLanguage":"it-IT"}]}},"_links":{"self":[{"href":"https:\/\/linz-hotel.at\/it\/wp-json\/wp\/v2\/pages\/1368","targetHints":{"allow":["GET"]}}],"collection":[{"href":"https:\/\/linz-hotel.at\/it\/wp-json\/wp\/v2\/pages"}],"about":[{"href":"https:\/\/linz-hotel.at\/it\/wp-json\/wp\/v2\/types\/page"}],"author":[{"embeddable":true,"href":"https:\/\/linz-hotel.at\/it\/wp-json\/wp\/v2\/users\/1"}],"replies":[{"embeddable":true,"href":"https:\/\/linz-hotel.at\/it\/wp-json\/wp\/v2\/comments?post=1368"}],"version-history":[{"count":2,"href":"https:\/\/linz-hotel.at\/it\/wp-json\/wp\/v2\/pages\/1368\/revisions"}],"predecessor-version":[{"id":1377,"href":"https:\/\/linz-hotel.at\/it\/wp-json\/wp\/v2\/pages\/1368\/revisions\/1377"}],"wp:attachment":[{"href":"https:\/\/linz-hotel.at\/it\/wp-json\/wp\/v2\/media?parent=1368"}],"curies":[{"name":"wp","href":"https:\/\/api.w.org\/{rel}","templated":true}]}}