{"id":1346,"date":"2023-06-27T10:14:15","date_gmt":"2023-06-27T08:14:15","guid":{"rendered":"https:\/\/linz-hotel.at\/bar-rooftop7\/"},"modified":"2024-02-04T11:56:04","modified_gmt":"2024-02-04T10:56:04","slug":"bar-rooftop7","status":"publish","type":"page","link":"https:\/\/linz-hotel.at\/it\/bar-rooftop7\/","title":{"rendered":"Bar ROOFTOP7"},"content":{"rendered":"\t\t<div data-elementor-type=\"wp-page\" data-elementor-id=\"1346\" class=\"elementor elementor-1346 elementor-540\">\n\t\t\t\t\t\t<section class=\"elementor-section elementor-top-section elementor-element elementor-element-13127e9 elementor-hidden-mobile elementor-section-boxed elementor-section-height-default elementor-section-height-default\" data-id=\"13127e9\" data-element_type=\"section\" data-settings=\"{&quot;background_background&quot;:&quot;classic&quot;}\">\n\t\t\t\t\t\t<div class=\"elementor-container elementor-column-gap-default\">\n\t\t\t\t\t<div class=\"elementor-column elementor-col-100 elementor-top-column elementor-element elementor-element-12e2673\" data-id=\"12e2673\" data-element_type=\"column\">\n\t\t\t<div class=\"elementor-widget-wrap\">\n\t\t\t\t\t\t\t<\/div>\n\t\t<\/div>\n\t\t\t\t\t<\/div>\n\t\t<\/section>\n\t\t\t\t<section class=\"elementor-section elementor-top-section elementor-element elementor-element-8291230 elementor-section-boxed elementor-section-height-default elementor-section-height-default\" data-id=\"8291230\" data-element_type=\"section\">\n\t\t\t\t\t\t<div class=\"elementor-container elementor-column-gap-default\">\n\t\t\t\t\t<div class=\"elementor-column elementor-col-100 elementor-top-column elementor-element elementor-element-04e2a0c\" data-id=\"04e2a0c\" data-element_type=\"column\">\n\t\t\t<div class=\"elementor-widget-wrap elementor-element-populated\">\n\t\t\t\t\t\t<div class=\"elementor-element elementor-element-66e5c6d elementor-widget elementor-widget-image\" data-id=\"66e5c6d\" data-element_type=\"widget\" data-widget_type=\"image.default\">\n\t\t\t\t<div class=\"elementor-widget-container\">\n\t\t\t\t\t\t\t\t\t\t\t\t\t\t\t<img fetchpriority=\"high\" decoding=\"async\" width=\"1024\" height=\"446\" src=\"https:\/\/linz-hotel.at\/wp-content\/uploads\/rooftop-7-header-1-1024x446.jpg\" class=\"attachment-large size-large wp-image-1352\" alt=\"\" srcset=\"https:\/\/linz-hotel.at\/wp-content\/uploads\/rooftop-7-header-1-1024x446.jpg 1024w, https:\/\/linz-hotel.at\/wp-content\/uploads\/rooftop-7-header-1-300x131.jpg 300w, https:\/\/linz-hotel.at\/wp-content\/uploads\/rooftop-7-header-1-768x334.jpg 768w, https:\/\/linz-hotel.at\/wp-content\/uploads\/rooftop-7-header-1.jpg 1220w\" sizes=\"(max-width: 1024px) 100vw, 1024px\" \/>\t\t\t\t\t\t\t\t\t\t\t\t\t\t\t<\/div>\n\t\t\t\t<\/div>\n\t\t\t\t\t<\/div>\n\t\t<\/div>\n\t\t\t\t\t<\/div>\n\t\t<\/section>\n\t\t\t\t<section class=\"elementor-section elementor-top-section elementor-element elementor-element-c9286d2 elementor-section-boxed elementor-section-height-default elementor-section-height-default\" data-id=\"c9286d2\" data-element_type=\"section\">\n\t\t\t\t\t\t<div class=\"elementor-container elementor-column-gap-default\">\n\t\t\t\t\t<div class=\"elementor-column elementor-col-100 elementor-top-column elementor-element elementor-element-b996a93\" data-id=\"b996a93\" data-element_type=\"column\">\n\t\t\t<div class=\"elementor-widget-wrap elementor-element-populated\">\n\t\t\t\t\t\t<div class=\"elementor-element elementor-element-047ed35 elementor-widget elementor-widget-heading\" data-id=\"047ed35\" data-element_type=\"widget\" data-widget_type=\"heading.default\">\n\t\t\t\t<div class=\"elementor-widget-container\">\n\t\t\t\t\t<h1 class=\"elementor-heading-title elementor-size-default\">Bar Rooftop7 - Linz<\/h1>\t\t\t\t<\/div>\n\t\t\t\t<\/div>\n\t\t\t\t<div class=\"elementor-element elementor-element-6846efb elementor-widget elementor-widget-heading\" data-id=\"6846efb\" data-element_type=\"widget\" data-widget_type=\"heading.default\">\n\t\t\t\t<div class=\"elementor-widget-container\">\n\t\t\t\t\t<h2 class=\"elementor-heading-title elementor-size-default\">~ La tradizione incontra la modernit\u00e0! ~<\/h2>\t\t\t\t<\/div>\n\t\t\t\t<\/div>\n\t\t\t\t<div class=\"elementor-element elementor-element-0b42e8b elementor-widget elementor-widget-text-editor\" data-id=\"0b42e8b\" data-element_type=\"widget\" data-widget_type=\"text-editor.default\">\n\t\t\t\t<div class=\"elementor-widget-container\">\n\t\t\t\t\t\t\t\t\t<p>Ci\u00f2 che da tempo \u00e8 diventato una tendenza internazionale, ora si trova anche a Linz.<\/p>\n<p>Sulla terrazza del prestigioso hotel del centro citt\u00e0, l&#8217;Hotel Schwarzer B\u00e4r, il bar sul tetto dell&#8217;hotel \u00e8 diventato uno dei luoghi pi\u00f9 caldi di Linz. Grazie alla sua eccellente posizione nel cuore della citt\u00e0, gli ospiti possono godere di una fantastica vista sulla Nuova Cattedrale, sul P\u00f6stlingberg e su altre attrazioni.<\/p>\n<p>Vengono servite bevande analcoliche, long drink, vino e champagne.<\/p>\n<p>Il Rooftop7 si \u00e8 affermato anche come punto di riferimento per le delizie culinarie. Le costate di manzo o i filetti di trota preparati sulla nuova griglia integrata delizieranno anche i buongustai pi\u00f9 esigenti.<\/p>\n<p>Una visita al nostro bar nel centro di Linz non vale la pena solo nei mesi pi\u00f9 caldi dell&#8217;anno, ma anche in inverno, grazie alla nuova copertura, al riscaldamento a pavimento e alle stufe radianti, offre l&#8217;ambiente ideale per una serata accogliente.<\/p>\n\t\t\t\t\t\t\t\t<\/div>\n\t\t\t\t<\/div>\n\t\t\t\t<div class=\"elementor-element elementor-element-cba2860 elementor-align-center elementor-widget elementor-widget-button\" data-id=\"cba2860\" data-element_type=\"widget\" data-widget_type=\"button.default\">\n\t\t\t\t<div class=\"elementor-widget-container\">\n\t\t\t\t\t\t\t\t\t<div class=\"elementor-button-wrapper\">\n\t\t\t\t\t<a class=\"elementor-button elementor-button-link elementor-size-md\" href=\"https:\/\/linz-hotel.at\/wp-content\/uploads\/speisekarte-rooftop7-hotel-schwarzer-baer.pdf\">\n\t\t\t\t\t\t<span class=\"elementor-button-content-wrapper\">\n\t\t\t\t\t\t\t\t\t<span class=\"elementor-button-text\">qui potete trovare il menu<\/span>\n\t\t\t\t\t<\/span>\n\t\t\t\t\t<\/a>\n\t\t\t\t<\/div>\n\t\t\t\t\t\t\t\t<\/div>\n\t\t\t\t<\/div>\n\t\t\t\t\t<\/div>\n\t\t<\/div>\n\t\t\t\t\t<\/div>\n\t\t<\/section>\n\t\t\t\t<section class=\"elementor-section elementor-top-section elementor-element elementor-element-25c8551 elementor-section-boxed elementor-section-height-default elementor-section-height-default\" data-id=\"25c8551\" data-element_type=\"section\" data-settings=\"{&quot;background_background&quot;:&quot;classic&quot;}\">\n\t\t\t\t\t\t<div class=\"elementor-container elementor-column-gap-default\">\n\t\t\t\t\t<div class=\"elementor-column elementor-col-50 elementor-top-column elementor-element elementor-element-a0bb8bf\" data-id=\"a0bb8bf\" data-element_type=\"column\">\n\t\t\t<div class=\"elementor-widget-wrap elementor-element-populated\">\n\t\t\t\t\t\t<div class=\"elementor-element elementor-element-27cb8f7 elementor-widget elementor-widget-text-editor\" data-id=\"27cb8f7\" data-element_type=\"widget\" data-widget_type=\"text-editor.default\">\n\t\t\t\t<div class=\"elementor-widget-container\">\n\t\t\t\t\t\t\t\t\t<p style=\"text-align: center;\"><strong><br \/><\/strong><span style=\"text-decoration: underline;\">Orari di apertura: <\/span><strong><br \/>Da marted\u00ec a sabato 17:00 &#8211; 24:00 <br \/><\/strong>(cucina calda fino alle 23:00)<strong><br \/><\/strong><\/p>\n<p style=\"text-align: center;\"><span style=\"text-decoration: underline;\">Prenotazione del tavolo:<\/span><br \/><strong>Per telefono al numero 0732 77 24 77<\/strong><br \/><strong>o via e-mail all&#8217;indirizzo baer@linz-hotel.at<\/strong><\/p>\n\t\t\t\t\t\t\t\t<\/div>\n\t\t\t\t<\/div>\n\t\t\t\t<div class=\"elementor-element elementor-element-0045b6e elementor-widget elementor-widget-html\" data-id=\"0045b6e\" data-element_type=\"widget\" data-widget_type=\"html.default\">\n\t\t\t\t<div class=\"elementor-widget-container\">\n\t\t\t\t\t<center><div style=\"max-width: 540px; min-width: 150px; background: #f0f0f0\">\n<iframe src=\"https:\/\/www.falstaff.at\/service\/widget\/bar\/u\/30821\/\" style=\"width:100%\" frameborder=\"0\"><\/iframe>\n<div style=\"width: 100%; text-align: center; padding: 4px; line-height: 1.2em\"><a style=\"text-decoration: none; color:#CFB346;font-weight:700\" href=\"https:\/\/www.falstaff.com\/de\/bars\/zum-schwarzen-baeren\" target=\"_blank\">Cocktail bar Rooftop7 Recensione bar su Falstaff<\/a><\/div>\n<\/div><\/center>\t\t\t\t<\/div>\n\t\t\t\t<\/div>\n\t\t\t\t\t<\/div>\n\t\t<\/div>\n\t\t\t\t<div class=\"elementor-column elementor-col-50 elementor-top-column elementor-element elementor-element-b2d4330\" data-id=\"b2d4330\" data-element_type=\"column\">\n\t\t\t<div class=\"elementor-widget-wrap elementor-element-populated\">\n\t\t\t\t\t\t<div class=\"elementor-element elementor-element-6c3cab8 elementor-widget elementor-widget-image\" data-id=\"6c3cab8\" data-element_type=\"widget\" data-widget_type=\"image.default\">\n\t\t\t\t<div class=\"elementor-widget-container\">\n\t\t\t\t\t\t\t\t\t\t\t\t\t\t\t<img decoding=\"async\" width=\"650\" height=\"500\" src=\"https:\/\/linz-hotel.at\/wp-content\/uploads\/hotel-schwarzer-baer-rooftop7-bar.jpg\" class=\"attachment-large size-large wp-image-1351\" alt=\"\" srcset=\"https:\/\/linz-hotel.at\/wp-content\/uploads\/hotel-schwarzer-baer-rooftop7-bar.jpg 650w, https:\/\/linz-hotel.at\/wp-content\/uploads\/hotel-schwarzer-baer-rooftop7-bar-300x231.jpg 300w\" sizes=\"(max-width: 650px) 100vw, 650px\" \/>\t\t\t\t\t\t\t\t\t\t\t\t\t\t\t<\/div>\n\t\t\t\t<\/div>\n\t\t\t\t\t<\/div>\n\t\t<\/div>\n\t\t\t\t\t<\/div>\n\t\t<\/section>\n\t\t\t\t<section class=\"elementor-section elementor-top-section elementor-element elementor-element-2fe9be5 elementor-section-boxed elementor-section-height-default elementor-section-height-default\" data-id=\"2fe9be5\" data-element_type=\"section\">\n\t\t\t\t\t\t<div class=\"elementor-container elementor-column-gap-default\">\n\t\t\t\t\t<div class=\"elementor-column elementor-col-100 elementor-top-column elementor-element elementor-element-36f8744\" data-id=\"36f8744\" data-element_type=\"column\">\n\t\t\t<div class=\"elementor-widget-wrap elementor-element-populated\">\n\t\t\t\t\t\t<div class=\"elementor-element elementor-element-3417ac7 elementor-widget elementor-widget-spacer\" data-id=\"3417ac7\" data-element_type=\"widget\" data-widget_type=\"spacer.default\">\n\t\t\t\t<div class=\"elementor-widget-container\">\n\t\t\t\t\t\t\t<div class=\"elementor-spacer\">\n\t\t\t<div class=\"elementor-spacer-inner\"><\/div>\n\t\t<\/div>\n\t\t\t\t\t\t<\/div>\n\t\t\t\t<\/div>\n\t\t\t\t\t<\/div>\n\t\t<\/div>\n\t\t\t\t\t<\/div>\n\t\t<\/section>\n\t\t\t\t<\/div>\n\t\t","protected":false},"excerpt":{"rendered":"<p>Bar Rooftop7 &#8211; Linz ~ La tradizione incontra la modernit\u00e0! ~ Ci\u00f2 che da tempo \u00e8 diventato una tendenza internazionale, ora si trova anche a Linz. Sulla terrazza del prestigioso hotel del centro citt\u00e0, l&#8217;Hotel Schwarzer B\u00e4r, il bar sul tetto dell&#8217;hotel \u00e8 diventato uno dei luoghi pi\u00f9 caldi di Linz. Grazie alla sua eccellente [&hellip;]<\/p>\n","protected":false},"author":1,"featured_media":0,"parent":0,"menu_order":0,"comment_status":"closed","ping_status":"closed","template":"","meta":{"site-sidebar-layout":"no-sidebar","site-content-layout":"page-builder","ast-site-content-layout":"default","site-content-style":"default","site-sidebar-style":"default","ast-global-header-display":"","ast-banner-title-visibility":"","ast-main-header-display":"","ast-hfb-above-header-display":"","ast-hfb-below-header-display":"","ast-hfb-mobile-header-display":"","site-post-title":"disabled","ast-breadcrumbs-content":"","ast-featured-img":"disabled","footer-sml-layout":"","theme-transparent-header-meta":"disabled","adv-header-id-meta":"","stick-header-meta":"","header-above-stick-meta":"","header-main-stick-meta":"","header-below-stick-meta":"","astra-migrate-meta-layouts":"default","ast-page-background-enabled":"default","ast-page-background-meta":{"desktop":{"background-color":"var(--ast-global-color-4)","background-image":"","background-repeat":"repeat","background-position":"center center","background-size":"auto","background-attachment":"scroll","background-type":"","background-media":"","overlay-type":"","overlay-color":"","overlay-opacity":"","overlay-gradient":""},"tablet":{"background-color":"","background-image":"","background-repeat":"repeat","background-position":"center center","background-size":"auto","background-attachment":"scroll","background-type":"","background-media":"","overlay-type":"","overlay-color":"","overlay-opacity":"","overlay-gradient":""},"mobile":{"background-color":"","background-image":"","background-repeat":"repeat","background-position":"center center","background-size":"auto","background-attachment":"scroll","background-type":"","background-media":"","overlay-type":"","overlay-color":"","overlay-opacity":"","overlay-gradient":""}},"ast-content-background-meta":{"desktop":{"background-color":"var(--ast-global-color-5)","background-image":"","background-repeat":"repeat","background-position":"center center","background-size":"auto","background-attachment":"scroll","background-type":"","background-media":"","overlay-type":"","overlay-color":"","overlay-opacity":"","overlay-gradient":""},"tablet":{"background-color":"var(--ast-global-color-5)","background-image":"","background-repeat":"repeat","background-position":"center center","background-size":"auto","background-attachment":"scroll","background-type":"","background-media":"","overlay-type":"","overlay-color":"","overlay-opacity":"","overlay-gradient":""},"mobile":{"background-color":"var(--ast-global-color-5)","background-image":"","background-repeat":"repeat","background-position":"center center","background-size":"auto","background-attachment":"scroll","background-type":"","background-media":"","overlay-type":"","overlay-color":"","overlay-opacity":"","overlay-gradient":""}},"footnotes":""},"class_list":["post-1346","page","type-page","status-publish","hentry"],"yoast_head":"<!-- This site is optimized with the Yoast SEO plugin v25.9 - https:\/\/yoast.com\/wordpress\/plugins\/seo\/ -->\n<title>Rooftop7 Bar Linz - un bar con una vista straordinaria<\/title>\n<meta name=\"description\" content=\"Nel Rooftop7 Bar Linz si pu\u00f2 godere della vista sulla citt\u00e0. Rilassatevi ora con squisite delizie sopra i tetti di Linz.\" \/>\n<meta name=\"robots\" content=\"index, follow, max-snippet:-1, max-image-preview:large, max-video-preview:-1\" \/>\n<link rel=\"canonical\" href=\"https:\/\/linz-hotel.at\/it\/bar-rooftop7\/\" \/>\n<meta property=\"og:locale\" content=\"it_IT\" \/>\n<meta property=\"og:type\" content=\"article\" \/>\n<meta property=\"og:title\" content=\"Rooftop7 Bar Linz - un bar con una vista straordinaria\" \/>\n<meta property=\"og:description\" content=\"Nel Rooftop7 Bar Linz si pu\u00f2 godere della vista sulla citt\u00e0. Rilassatevi ora con squisite delizie sopra i tetti di Linz.\" \/>\n<meta property=\"og:url\" content=\"https:\/\/linz-hotel.at\/it\/bar-rooftop7\/\" \/>\n<meta property=\"og:site_name\" content=\"Hotel Schwarzer B\u00e4r Linz\" \/>\n<meta property=\"article:publisher\" content=\"https:\/\/www.facebook.com\/schwarzerbaer\" \/>\n<meta property=\"article:modified_time\" content=\"2024-02-04T10:56:04+00:00\" \/>\n<meta property=\"og:image\" content=\"https:\/\/linz-hotel.at\/wp-content\/uploads\/rooftop-7-header-1-1024x446.jpg\" \/>\n<meta name=\"twitter:card\" content=\"summary_large_image\" \/>\n<meta name=\"twitter:label1\" content=\"Tempo di lettura stimato\" \/>\n\t<meta name=\"twitter:data1\" content=\"1 minuto\" \/>\n<script type=\"application\/ld+json\" class=\"yoast-schema-graph\">{\"@context\":\"https:\/\/schema.org\",\"@graph\":[{\"@type\":\"WebPage\",\"@id\":\"https:\/\/linz-hotel.at\/it\/bar-rooftop7\/\",\"url\":\"https:\/\/linz-hotel.at\/it\/bar-rooftop7\/\",\"name\":\"Rooftop7 Bar Linz - un bar con una vista straordinaria\",\"isPartOf\":{\"@id\":\"https:\/\/linz-hotel.at\/it\/#website\"},\"primaryImageOfPage\":{\"@id\":\"https:\/\/linz-hotel.at\/it\/bar-rooftop7\/#primaryimage\"},\"image\":{\"@id\":\"https:\/\/linz-hotel.at\/it\/bar-rooftop7\/#primaryimage\"},\"thumbnailUrl\":\"https:\/\/linz-hotel.at\/wp-content\/uploads\/rooftop-7-header-1-1024x446.jpg\",\"datePublished\":\"2023-06-27T08:14:15+00:00\",\"dateModified\":\"2024-02-04T10:56:04+00:00\",\"description\":\"Nel Rooftop7 Bar Linz si pu\u00f2 godere della vista sulla citt\u00e0. Rilassatevi ora con squisite delizie sopra i tetti di Linz.\",\"breadcrumb\":{\"@id\":\"https:\/\/linz-hotel.at\/it\/bar-rooftop7\/#breadcrumb\"},\"inLanguage\":\"it-IT\",\"potentialAction\":[{\"@type\":\"ReadAction\",\"target\":[\"https:\/\/linz-hotel.at\/it\/bar-rooftop7\/\"]}]},{\"@type\":\"ImageObject\",\"inLanguage\":\"it-IT\",\"@id\":\"https:\/\/linz-hotel.at\/it\/bar-rooftop7\/#primaryimage\",\"url\":\"https:\/\/linz-hotel.at\/wp-content\/uploads\/rooftop-7-header-1-1024x446.jpg\",\"contentUrl\":\"https:\/\/linz-hotel.at\/wp-content\/uploads\/rooftop-7-header-1-1024x446.jpg\"},{\"@type\":\"BreadcrumbList\",\"@id\":\"https:\/\/linz-hotel.at\/it\/bar-rooftop7\/#breadcrumb\",\"itemListElement\":[{\"@type\":\"ListItem\",\"position\":1,\"name\":\"Startseite\",\"item\":\"https:\/\/linz-hotel.at\/it\/\"},{\"@type\":\"ListItem\",\"position\":2,\"name\":\"Bar ROOFTOP7\"}]},{\"@type\":\"WebSite\",\"@id\":\"https:\/\/linz-hotel.at\/it\/#website\",\"url\":\"https:\/\/linz-hotel.at\/it\/\",\"name\":\"Hotel Schwarzer B\u00e4r Linz\",\"description\":\"Hotel Schwarzer B\u00e4r Linz\",\"potentialAction\":[{\"@type\":\"SearchAction\",\"target\":{\"@type\":\"EntryPoint\",\"urlTemplate\":\"https:\/\/linz-hotel.at\/it\/?s={search_term_string}\"},\"query-input\":{\"@type\":\"PropertyValueSpecification\",\"valueRequired\":true,\"valueName\":\"search_term_string\"}}],\"inLanguage\":\"it-IT\"}]}<\/script>\n<!-- \/ Yoast SEO plugin. -->","yoast_head_json":{"title":"Rooftop7 Bar Linz - un bar con una vista straordinaria","description":"Nel Rooftop7 Bar Linz si pu\u00f2 godere della vista sulla citt\u00e0. Rilassatevi ora con squisite delizie sopra i tetti di Linz.","robots":{"index":"index","follow":"follow","max-snippet":"max-snippet:-1","max-image-preview":"max-image-preview:large","max-video-preview":"max-video-preview:-1"},"canonical":"https:\/\/linz-hotel.at\/it\/bar-rooftop7\/","og_locale":"it_IT","og_type":"article","og_title":"Rooftop7 Bar Linz - un bar con una vista straordinaria","og_description":"Nel Rooftop7 Bar Linz si pu\u00f2 godere della vista sulla citt\u00e0. Rilassatevi ora con squisite delizie sopra i tetti di Linz.","og_url":"https:\/\/linz-hotel.at\/it\/bar-rooftop7\/","og_site_name":"Hotel Schwarzer B\u00e4r Linz","article_publisher":"https:\/\/www.facebook.com\/schwarzerbaer","article_modified_time":"2024-02-04T10:56:04+00:00","og_image":[{"url":"https:\/\/linz-hotel.at\/wp-content\/uploads\/rooftop-7-header-1-1024x446.jpg","type":"","width":"","height":""}],"twitter_card":"summary_large_image","twitter_misc":{"Tempo di lettura stimato":"1 minuto"},"schema":{"@context":"https:\/\/schema.org","@graph":[{"@type":"WebPage","@id":"https:\/\/linz-hotel.at\/it\/bar-rooftop7\/","url":"https:\/\/linz-hotel.at\/it\/bar-rooftop7\/","name":"Rooftop7 Bar Linz - un bar con una vista straordinaria","isPartOf":{"@id":"https:\/\/linz-hotel.at\/it\/#website"},"primaryImageOfPage":{"@id":"https:\/\/linz-hotel.at\/it\/bar-rooftop7\/#primaryimage"},"image":{"@id":"https:\/\/linz-hotel.at\/it\/bar-rooftop7\/#primaryimage"},"thumbnailUrl":"https:\/\/linz-hotel.at\/wp-content\/uploads\/rooftop-7-header-1-1024x446.jpg","datePublished":"2023-06-27T08:14:15+00:00","dateModified":"2024-02-04T10:56:04+00:00","description":"Nel Rooftop7 Bar Linz si pu\u00f2 godere della vista sulla citt\u00e0. Rilassatevi ora con squisite delizie sopra i tetti di Linz.","breadcrumb":{"@id":"https:\/\/linz-hotel.at\/it\/bar-rooftop7\/#breadcrumb"},"inLanguage":"it-IT","potentialAction":[{"@type":"ReadAction","target":["https:\/\/linz-hotel.at\/it\/bar-rooftop7\/"]}]},{"@type":"ImageObject","inLanguage":"it-IT","@id":"https:\/\/linz-hotel.at\/it\/bar-rooftop7\/#primaryimage","url":"https:\/\/linz-hotel.at\/wp-content\/uploads\/rooftop-7-header-1-1024x446.jpg","contentUrl":"https:\/\/linz-hotel.at\/wp-content\/uploads\/rooftop-7-header-1-1024x446.jpg"},{"@type":"BreadcrumbList","@id":"https:\/\/linz-hotel.at\/it\/bar-rooftop7\/#breadcrumb","itemListElement":[{"@type":"ListItem","position":1,"name":"Startseite","item":"https:\/\/linz-hotel.at\/it\/"},{"@type":"ListItem","position":2,"name":"Bar ROOFTOP7"}]},{"@type":"WebSite","@id":"https:\/\/linz-hotel.at\/it\/#website","url":"https:\/\/linz-hotel.at\/it\/","name":"Hotel Schwarzer B\u00e4r Linz","description":"Hotel Schwarzer B\u00e4r Linz","potentialAction":[{"@type":"SearchAction","target":{"@type":"EntryPoint","urlTemplate":"https:\/\/linz-hotel.at\/it\/?s={search_term_string}"},"query-input":{"@type":"PropertyValueSpecification","valueRequired":true,"valueName":"search_term_string"}}],"inLanguage":"it-IT"}]}},"_links":{"self":[{"href":"https:\/\/linz-hotel.at\/it\/wp-json\/wp\/v2\/pages\/1346","targetHints":{"allow":["GET"]}}],"collection":[{"href":"https:\/\/linz-hotel.at\/it\/wp-json\/wp\/v2\/pages"}],"about":[{"href":"https:\/\/linz-hotel.at\/it\/wp-json\/wp\/v2\/types\/page"}],"author":[{"embeddable":true,"href":"https:\/\/linz-hotel.at\/it\/wp-json\/wp\/v2\/users\/1"}],"replies":[{"embeddable":true,"href":"https:\/\/linz-hotel.at\/it\/wp-json\/wp\/v2\/comments?post=1346"}],"version-history":[{"count":2,"href":"https:\/\/linz-hotel.at\/it\/wp-json\/wp\/v2\/pages\/1346\/revisions"}],"predecessor-version":[{"id":1361,"href":"https:\/\/linz-hotel.at\/it\/wp-json\/wp\/v2\/pages\/1346\/revisions\/1361"}],"wp:attachment":[{"href":"https:\/\/linz-hotel.at\/it\/wp-json\/wp\/v2\/media?parent=1346"}],"curies":[{"name":"wp","href":"https:\/\/api.w.org\/{rel}","templated":true}]}}