{"id":1269,"date":"2023-06-14T09:54:07","date_gmt":"2023-06-14T07:54:07","guid":{"rendered":"https:\/\/linz-hotel.at\/impronta-e-agb\/"},"modified":"2024-02-04T11:54:47","modified_gmt":"2024-02-04T10:54:47","slug":"impronta-e-agb","status":"publish","type":"page","link":"https:\/\/linz-hotel.at\/it\/impronta-e-agb\/","title":{"rendered":"Impronta e AGB"},"content":{"rendered":"\t\t<div data-elementor-type=\"wp-page\" data-elementor-id=\"1269\" class=\"elementor elementor-1269 elementor-246\">\n\t\t\t\t\t\t<section class=\"elementor-section elementor-top-section elementor-element elementor-element-d5b47ed elementor-section-boxed elementor-section-height-default elementor-section-height-default\" data-id=\"d5b47ed\" data-element_type=\"section\">\n\t\t\t\t\t\t<div class=\"elementor-container elementor-column-gap-default\">\n\t\t\t\t\t<div class=\"elementor-column elementor-col-100 elementor-top-column elementor-element elementor-element-8611f15\" data-id=\"8611f15\" data-element_type=\"column\">\n\t\t\t<div class=\"elementor-widget-wrap elementor-element-populated\">\n\t\t\t\t\t\t<div class=\"elementor-element elementor-element-9a9721d elementor-widget elementor-widget-spacer\" data-id=\"9a9721d\" data-element_type=\"widget\" data-widget_type=\"spacer.default\">\n\t\t\t\t<div class=\"elementor-widget-container\">\n\t\t\t\t\t\t\t<div class=\"elementor-spacer\">\n\t\t\t<div class=\"elementor-spacer-inner\"><\/div>\n\t\t<\/div>\n\t\t\t\t\t\t<\/div>\n\t\t\t\t<\/div>\n\t\t\t\t<div class=\"elementor-element elementor-element-89446b6 elementor-widget elementor-widget-text-editor\" data-id=\"89446b6\" data-element_type=\"widget\" data-widget_type=\"text-editor.default\">\n\t\t\t\t<div class=\"elementor-widget-container\">\n\t\t\t\t\t\t\t\t\t<h2>Impronta<\/h2>\n<p><strong>Albergo Schwarzer B\u00e4r GmbH<\/strong><br \/>Herrenstra\u00dfe 11, 4020 Linz<br \/>Tel. +43 (0)732 772477, Fax +43 (0)732 772477-47<br \/>baer@linz-hotel.at, www.linz-hotel.at<br \/>UID: ATU 71183248<br \/>Membro della Camera di Commercio dell&#8217;Alta Austria<br \/>Numero di registro della societ\u00e0: 455861i<br \/>Luogo di giurisdizione Linz<\/p>\n<p><span style=\"text-decoration: underline;\">Copyright \u00a9 2023: Albergo Schwarzer B\u00e4r<\/span><br \/>Responsabile per il contenuto: Hotel Schwarzer B\u00e4r<br \/>I contenuti del sito web dell&#8217;Hotel Schwarzer B\u00e4r sono protetti da copyright. La riproduzione di informazioni, in particolare l&#8217;utilizzo di testi, parti di testi o immagini, richiede la previa autorizzazione scritta dell&#8217;Hotel Schwarzer B\u00e4r. L&#8217;Hotel Schwarzer B\u00e4r si impegna al massimo per garantire l&#8217;accuratezza delle informazioni contenute in questo sito web. Tuttavia, \u00e8 esclusa qualsiasi responsabilit\u00e0 o garanzia per l&#8217;attualit\u00e0, la correttezza e la completezza delle informazioni fornite. Inoltre, l&#8217;Hotel Zum Schwarzen B\u00e4ren non \u00e8 responsabile del contenuto dei siti web esterni collegati tramite hyperlink. L&#8217;Hotel Schwarzer B\u00e4r si riserva il diritto di apportare modifiche o aggiunte alle informazioni fornite senza preavviso.<\/p>\n<p><span style=\"text-decoration: underline;\">FOTO PROVA:<\/span> Hotel Schwarzer B\u00e4r, Ente del Turismo di Linz, O\u00d6.Tourismus<\/p>\n<h2>Condizioni generali di contratto per il settore alberghiero (AGBH)<\/h2>\n<p><a href=\"https:\/\/linz-hotel.at\/wp-content\/uploads\/agb-hotel-oesterreich.pdf\">IT &#8211; CONDIZIONI GENERALI DI CONTRATTO PER IL SETTORE ALBERGHIERO<\/a><\/p>\n<p><a href=\"https:\/\/linz-hotel.at\/wp-content\/uploads\/agb-hotel-oesterreich-englisch.pdf\">IT &#8211; CONDIZIONI GENERALI DI CONTRATTO PER IL SETTORE ALBERGHIERO<\/a><\/p>\n<p><a href=\"https:\/\/linz-hotel.at\/wp-content\/uploads\/agb-hotel-oesterreich-cz.pdf\">CZ &#8211; V\u0160EOBECN\u00c9 OBCHODN\u00cd PODM\u00cdNKY PRO HOTELI\u00c9RSTV\u00cd<\/a><\/p>\n<p><a href=\"https:\/\/linz-hotel.at\/wp-content\/uploads\/agb-hotel-oesterreich-franzoesisch.pdf\">FR &#8211; CONDIZIONI GENERALI PER L&#8217;HOTELLERIE<\/a><\/p>\n<h2>Informativa sulla privacy<\/h2>\n<p>La protezione dei vostri dati personali ci sta particolarmente a cuore. Pertanto, trattiamo i vostri dati esclusivamente sulla base delle disposizioni di legge (GDPR, TKG 2003). In questa informativa sulla protezione dei dati, vi informiamo sugli aspetti pi\u00f9 importanti del trattamento dei dati nel contesto del nostro sito web.<\/p>\n<p>Quando visitate il nostro sito web, il vostro indirizzo IP, l&#8217;inizio e la fine della sessione vengono registrati per la durata della stessa. Ci\u00f2 avviene per motivi tecnici e costituisce pertanto un interesse legittimo ai sensi dell&#8217;art. 6 (1) (f) del GDPR. Se non diversamente stabilito di seguito, non elaboreremo ulteriormente questi dati.<\/p>\n<p>Se ci contattate tramite il modulo sul sito web o via e-mail, i dati da voi forniti saranno conservati da noi per sei mesi allo scopo di elaborare la richiesta e in caso di domande successive. Non trasmettiamo questi dati senza il vostro consenso.<\/p>\n<h3>Memorizzazione dei dati<\/h3>\n<p>Desideriamo sottolineare che per semplificare il processo di acquisto e per la successiva elaborazione del contratto, il gestore del webshop memorizza i dati IP del titolare della connessione nell&#8217;ambito dei cookie, nonch\u00e9 il nome, l&#8217;indirizzo e il numero di carta di credito [&#8230;] dell&#8217;acquirente.<\/p>\n<p>I dati da voi forniti sono necessari per l&#8217;adempimento del contratto o per l&#8217;esecuzione di misure precontrattuali. Senza questi dati non possiamo concludere il contratto con voi. I dati non saranno trasferiti a terzi, ad eccezione del trasferimento dei dati della carta di credito agli istituti bancari di elaborazione \/ fornitori di servizi di pagamento ai fini dell&#8217;addebito del prezzo di acquisto, alla societ\u00e0 di trasporto \/ spedizione da noi incaricata di consegnare la merce e al nostro consulente fiscale per adempiere ai nostri obblighi fiscali.<\/p>\n<p>Dopo aver annullato il processo di acquisto, i dati da noi memorizzati saranno cancellati. In caso di stipula di un contratto, tutti i dati del rapporto contrattuale saranno conservati fino alla scadenza del periodo di conservazione previsto dalla normativa fiscale (7 anni).<\/p>\n<p>I dati relativi al nome, all&#8217;indirizzo, alla merce acquistata e alla data di acquisto vengono memorizzati fino alla scadenza della responsabilit\u00e0 del prodotto. Il trattamento dei dati avviene sulla base delle disposizioni di legge dell&#8217;articolo 96 (3) TKG e dell&#8217;articolo 6 (1) (a) (consenso) e\/o (b) (necessario per l&#8217;adempimento del contratto) del GDPR.<\/p>\n<h3>Strumento di blocco dei cookie<\/h3>\n<p>Utilizziamo lo strumento di consenso &#8220;Real Cookie Banner&#8221; per gestire i cookie e le tecnologie simili utilizzate (pixel di tracciamento, web beacon, ecc.) e i relativi consensi. I dettagli sul funzionamento di &#8220;Real Cookie Banner&#8221; sono disponibili sul sito <a href=\"https:\/\/devowl.io\/de\/rcb\/datenverarbeitung\/\" target=\"_blank\" rel=\"noopener\">https:\/\/devowl.io\/de\/rcb\/datenverarbeitung\/.<\/a><\/p>\n<p>La base giuridica per il trattamento dei dati personali in questo contesto \u00e8 l&#8217;art. 6, comma 1, lettera a). 1 lit. c GDPR e art. 6 par. 1 lit. f GDPR. Il nostro interesse legittimo \u00e8 la gestione dei cookie e delle tecnologie simili utilizzate e i relativi consensi.<\/p>\n<p>Il conferimento dei dati personali non \u00e8 n\u00e9 contrattualmente richiesto n\u00e9 necessario per la conclusione di un contratto. L&#8217;utente non \u00e8 obbligato a fornire i dati personali. Se non fornite i dati personali, non saremo in grado di gestire i vostri consensi.<\/p>\n<h3>Biscotti<\/h3>\n<p>Il nostro sito web utilizza i cosiddetti cookie. Si tratta di piccoli file di testo che vengono memorizzati sul dispositivo finale con l&#8217;aiuto del browser. Non causano alcun danno.<\/p>\n<p>Utilizziamo i cookie per rendere il nostro sito web pi\u00f9 facile da usare. Alcuni cookie rimangono memorizzati sul dispositivo finale dell&#8217;utente fino a quando non vengono eliminati. Ci permettono di riconoscere il vostro browser alla successiva visita del nostro sito web.<\/p>\n<p>Se non lo desiderate, potete impostare il vostro browser in modo che vi informi sull&#8217;impostazione dei cookie e che lo consenta solo in singoli casi.<\/p>\n<p>Se i cookie vengono disattivati, la funzionalit\u00e0 del nostro sito web potrebbe essere limitata.<\/p>\n<h3>Analisi web<\/h3>\n<p>Il nostro sito web utilizza le funzioni del servizio di analisi web Google Analytics. A tal fine vengono utilizzati dei cookie che consentono di analizzare l&#8217;utilizzo del sito web da parte dell&#8217;utente. Le informazioni cos\u00ec generate vengono trasferite al server del provider e l\u00ec memorizzate.<\/p>\n<p>\u00c8 possibile impedirlo impostando il browser in modo che non vengano memorizzati i cookie.<\/p>\n<p>Abbiamo stipulato un contratto corrispondente con il fornitore per l&#8217;elaborazione dei dati commissionata.<\/p>\n<p>Il vostro indirizzo IP viene registrato ma immediatamente pseudonimizzato. Ci\u00f2 significa che \u00e8 possibile solo una localizzazione approssimativa.<\/p>\n<p>Il trattamento dei dati avviene sulla base delle disposizioni di legge dell&#8217;articolo 96 (3) TKG e dell&#8217;articolo 6 (1) (a) (consenso) e\/o (f) (interesse legittimo) del GDPR.<\/p>\n<p>Il nostro interesse ai sensi del GDPR (interesse legittimo) \u00e8 il miglioramento della nostra offerta e del nostro sito web. Poich\u00e9 la privacy dei nostri utenti \u00e8 importante per noi, i dati degli utenti sono pseudonimizzati.<\/p>\n<h3>Newsletter<\/h3>\n<p>Avete la possibilit\u00e0 di iscrivervi alla nostra newsletter tramite il nostro sito web. A tal fine abbiamo bisogno del vostro indirizzo e-mail e della vostra dichiarazione di accettare di ricevere la newsletter.<\/p>\n<p>Non appena vi sarete registrati alla newsletter, vi invieremo un&#8217;e-mail di conferma con un link per confermare la vostra registrazione.<\/p>\n<p>\u00c8 possibile cancellare l&#8217;iscrizione alla newsletter in qualsiasi momento. Si prega di inviare la cancellazione al seguente indirizzo e-mail: baer@linz-hotel.at . In tal caso cancelleremo immediatamente i vostri dati in relazione all&#8217;invio della newsletter. Tale revoca non pregiudica la legalit\u00e0 del trattamento effettuato sulla base del consenso fino alla revoca.<\/p>\n<h3>I vostri diritti<\/h3>\n<p>In linea di principio, l&#8217;utente ha diritto all&#8217;informazione, alla correzione, alla cancellazione, alla limitazione, alla portabilit\u00e0 dei dati, alla cancellazione e all&#8217;obiezione per quanto riguarda i suoi dati memorizzati da noi. Se ritenete che il trattamento dei vostri dati violi la legge sulla protezione dei dati o che i vostri diritti alla protezione dei dati siano stati in qualche modo violati, potete presentare un reclamo a noi all&#8217;indirizzo baer@linz-hotel.at o all&#8217;autorit\u00e0 per la protezione dei dati.<\/p>\n\t\t\t\t\t\t\t\t<\/div>\n\t\t\t\t<\/div>\n\t\t\t\t<div class=\"elementor-element elementor-element-1ec5b67 elementor-widget elementor-widget-spacer\" data-id=\"1ec5b67\" data-element_type=\"widget\" data-widget_type=\"spacer.default\">\n\t\t\t\t<div class=\"elementor-widget-container\">\n\t\t\t\t\t\t\t<div class=\"elementor-spacer\">\n\t\t\t<div class=\"elementor-spacer-inner\"><\/div>\n\t\t<\/div>\n\t\t\t\t\t\t<\/div>\n\t\t\t\t<\/div>\n\t\t\t\t\t<\/div>\n\t\t<\/div>\n\t\t\t\t\t<\/div>\n\t\t<\/section>\n\t\t\t\t<\/div>\n\t\t","protected":false},"excerpt":{"rendered":"<p>Impronta Albergo Schwarzer B\u00e4r GmbHHerrenstra\u00dfe 11, 4020 LinzTel. +43 (0)732 772477, Fax +43 (0)732 772477-47baer@linz-hotel.at, www.linz-hotel.atUID: ATU 71183248Membro della Camera di Commercio dell&#8217;Alta AustriaNumero di registro della societ\u00e0: 455861iLuogo di giurisdizione Linz Copyright \u00a9 2023: Albergo Schwarzer B\u00e4rResponsabile per il contenuto: Hotel Schwarzer B\u00e4rI contenuti del sito web dell&#8217;Hotel Schwarzer B\u00e4r sono protetti da copyright. [&hellip;]<\/p>\n","protected":false},"author":1,"featured_media":0,"parent":0,"menu_order":0,"comment_status":"closed","ping_status":"closed","template":"","meta":{"site-sidebar-layout":"no-sidebar","site-content-layout":"page-builder","ast-site-content-layout":"default","site-content-style":"default","site-sidebar-style":"default","ast-global-header-display":"","ast-banner-title-visibility":"","ast-main-header-display":"","ast-hfb-above-header-display":"","ast-hfb-below-header-display":"","ast-hfb-mobile-header-display":"","site-post-title":"disabled","ast-breadcrumbs-content":"","ast-featured-img":"disabled","footer-sml-layout":"","theme-transparent-header-meta":"disabled","adv-header-id-meta":"","stick-header-meta":"","header-above-stick-meta":"","header-main-stick-meta":"","header-below-stick-meta":"","astra-migrate-meta-layouts":"default","ast-page-background-enabled":"default","ast-page-background-meta":{"desktop":{"background-color":"var(--ast-global-color-4)","background-image":"","background-repeat":"repeat","background-position":"center center","background-size":"auto","background-attachment":"scroll","background-type":"","background-media":"","overlay-type":"","overlay-color":"","overlay-opacity":"","overlay-gradient":""},"tablet":{"background-color":"","background-image":"","background-repeat":"repeat","background-position":"center center","background-size":"auto","background-attachment":"scroll","background-type":"","background-media":"","overlay-type":"","overlay-color":"","overlay-opacity":"","overlay-gradient":""},"mobile":{"background-color":"","background-image":"","background-repeat":"repeat","background-position":"center center","background-size":"auto","background-attachment":"scroll","background-type":"","background-media":"","overlay-type":"","overlay-color":"","overlay-opacity":"","overlay-gradient":""}},"ast-content-background-meta":{"desktop":{"background-color":"var(--ast-global-color-5)","background-image":"","background-repeat":"repeat","background-position":"center center","background-size":"auto","background-attachment":"scroll","background-type":"","background-media":"","overlay-type":"","overlay-color":"","overlay-opacity":"","overlay-gradient":""},"tablet":{"background-color":"var(--ast-global-color-5)","background-image":"","background-repeat":"repeat","background-position":"center center","background-size":"auto","background-attachment":"scroll","background-type":"","background-media":"","overlay-type":"","overlay-color":"","overlay-opacity":"","overlay-gradient":""},"mobile":{"background-color":"var(--ast-global-color-5)","background-image":"","background-repeat":"repeat","background-position":"center center","background-size":"auto","background-attachment":"scroll","background-type":"","background-media":"","overlay-type":"","overlay-color":"","overlay-opacity":"","overlay-gradient":""}},"footnotes":""},"class_list":["post-1269","page","type-page","status-publish","hentry"],"yoast_head":"<!-- This site is optimized with the Yoast SEO plugin v25.9 - https:\/\/yoast.com\/wordpress\/plugins\/seo\/ -->\n<title>Impronta e AGB - Hotel Schwarzer B\u00e4r Linz<\/title>\n<meta name=\"robots\" content=\"index, follow, max-snippet:-1, max-image-preview:large, max-video-preview:-1\" \/>\n<link rel=\"canonical\" href=\"https:\/\/linz-hotel.at\/it\/impronta-e-agb\/\" \/>\n<meta property=\"og:locale\" content=\"it_IT\" \/>\n<meta property=\"og:type\" content=\"article\" \/>\n<meta property=\"og:title\" content=\"Impronta e AGB - Hotel Schwarzer B\u00e4r Linz\" \/>\n<meta property=\"og:description\" content=\"Impronta Albergo Schwarzer B\u00e4r GmbHHerrenstra\u00dfe 11, 4020 LinzTel. +43 (0)732 772477, Fax +43 (0)732 772477-47baer@linz-hotel.at, www.linz-hotel.atUID: ATU 71183248Membro della Camera di Commercio dell&#8217;Alta AustriaNumero di registro della societ\u00e0: 455861iLuogo di giurisdizione Linz Copyright \u00a9 2023: Albergo Schwarzer B\u00e4rResponsabile per il contenuto: Hotel Schwarzer B\u00e4rI contenuti del sito web dell&#8217;Hotel Schwarzer B\u00e4r sono protetti da copyright. [&hellip;]\" \/>\n<meta property=\"og:url\" content=\"https:\/\/linz-hotel.at\/it\/impronta-e-agb\/\" \/>\n<meta property=\"og:site_name\" content=\"Hotel Schwarzer B\u00e4r Linz\" \/>\n<meta property=\"article:publisher\" content=\"https:\/\/www.facebook.com\/schwarzerbaer\" \/>\n<meta property=\"article:modified_time\" content=\"2024-02-04T10:54:47+00:00\" \/>\n<meta name=\"twitter:card\" content=\"summary_large_image\" \/>\n<meta name=\"twitter:label1\" content=\"Tempo di lettura stimato\" \/>\n\t<meta name=\"twitter:data1\" content=\"6 minuti\" \/>\n<script type=\"application\/ld+json\" class=\"yoast-schema-graph\">{\"@context\":\"https:\/\/schema.org\",\"@graph\":[{\"@type\":\"WebPage\",\"@id\":\"https:\/\/linz-hotel.at\/it\/impronta-e-agb\/\",\"url\":\"https:\/\/linz-hotel.at\/it\/impronta-e-agb\/\",\"name\":\"Impronta e AGB - Hotel Schwarzer B\u00e4r Linz\",\"isPartOf\":{\"@id\":\"https:\/\/linz-hotel.at\/it\/#website\"},\"datePublished\":\"2023-06-14T07:54:07+00:00\",\"dateModified\":\"2024-02-04T10:54:47+00:00\",\"breadcrumb\":{\"@id\":\"https:\/\/linz-hotel.at\/it\/impronta-e-agb\/#breadcrumb\"},\"inLanguage\":\"it-IT\",\"potentialAction\":[{\"@type\":\"ReadAction\",\"target\":[\"https:\/\/linz-hotel.at\/it\/impronta-e-agb\/\"]}]},{\"@type\":\"BreadcrumbList\",\"@id\":\"https:\/\/linz-hotel.at\/it\/impronta-e-agb\/#breadcrumb\",\"itemListElement\":[{\"@type\":\"ListItem\",\"position\":1,\"name\":\"Startseite\",\"item\":\"https:\/\/linz-hotel.at\/it\/\"},{\"@type\":\"ListItem\",\"position\":2,\"name\":\"Impronta e AGB\"}]},{\"@type\":\"WebSite\",\"@id\":\"https:\/\/linz-hotel.at\/it\/#website\",\"url\":\"https:\/\/linz-hotel.at\/it\/\",\"name\":\"Hotel Schwarzer B\u00e4r Linz\",\"description\":\"Hotel Schwarzer B\u00e4r Linz\",\"potentialAction\":[{\"@type\":\"SearchAction\",\"target\":{\"@type\":\"EntryPoint\",\"urlTemplate\":\"https:\/\/linz-hotel.at\/it\/?s={search_term_string}\"},\"query-input\":{\"@type\":\"PropertyValueSpecification\",\"valueRequired\":true,\"valueName\":\"search_term_string\"}}],\"inLanguage\":\"it-IT\"}]}<\/script>\n<!-- \/ Yoast SEO plugin. -->","yoast_head_json":{"title":"Impronta e AGB - Hotel Schwarzer B\u00e4r Linz","robots":{"index":"index","follow":"follow","max-snippet":"max-snippet:-1","max-image-preview":"max-image-preview:large","max-video-preview":"max-video-preview:-1"},"canonical":"https:\/\/linz-hotel.at\/it\/impronta-e-agb\/","og_locale":"it_IT","og_type":"article","og_title":"Impronta e AGB - Hotel Schwarzer B\u00e4r Linz","og_description":"Impronta Albergo Schwarzer B\u00e4r GmbHHerrenstra\u00dfe 11, 4020 LinzTel. +43 (0)732 772477, Fax +43 (0)732 772477-47baer@linz-hotel.at, www.linz-hotel.atUID: ATU 71183248Membro della Camera di Commercio dell&#8217;Alta AustriaNumero di registro della societ\u00e0: 455861iLuogo di giurisdizione Linz Copyright \u00a9 2023: Albergo Schwarzer B\u00e4rResponsabile per il contenuto: Hotel Schwarzer B\u00e4rI contenuti del sito web dell&#8217;Hotel Schwarzer B\u00e4r sono protetti da copyright. [&hellip;]","og_url":"https:\/\/linz-hotel.at\/it\/impronta-e-agb\/","og_site_name":"Hotel Schwarzer B\u00e4r Linz","article_publisher":"https:\/\/www.facebook.com\/schwarzerbaer","article_modified_time":"2024-02-04T10:54:47+00:00","twitter_card":"summary_large_image","twitter_misc":{"Tempo di lettura stimato":"6 minuti"},"schema":{"@context":"https:\/\/schema.org","@graph":[{"@type":"WebPage","@id":"https:\/\/linz-hotel.at\/it\/impronta-e-agb\/","url":"https:\/\/linz-hotel.at\/it\/impronta-e-agb\/","name":"Impronta e AGB - Hotel Schwarzer B\u00e4r Linz","isPartOf":{"@id":"https:\/\/linz-hotel.at\/it\/#website"},"datePublished":"2023-06-14T07:54:07+00:00","dateModified":"2024-02-04T10:54:47+00:00","breadcrumb":{"@id":"https:\/\/linz-hotel.at\/it\/impronta-e-agb\/#breadcrumb"},"inLanguage":"it-IT","potentialAction":[{"@type":"ReadAction","target":["https:\/\/linz-hotel.at\/it\/impronta-e-agb\/"]}]},{"@type":"BreadcrumbList","@id":"https:\/\/linz-hotel.at\/it\/impronta-e-agb\/#breadcrumb","itemListElement":[{"@type":"ListItem","position":1,"name":"Startseite","item":"https:\/\/linz-hotel.at\/it\/"},{"@type":"ListItem","position":2,"name":"Impronta e AGB"}]},{"@type":"WebSite","@id":"https:\/\/linz-hotel.at\/it\/#website","url":"https:\/\/linz-hotel.at\/it\/","name":"Hotel Schwarzer B\u00e4r Linz","description":"Hotel Schwarzer B\u00e4r Linz","potentialAction":[{"@type":"SearchAction","target":{"@type":"EntryPoint","urlTemplate":"https:\/\/linz-hotel.at\/it\/?s={search_term_string}"},"query-input":{"@type":"PropertyValueSpecification","valueRequired":true,"valueName":"search_term_string"}}],"inLanguage":"it-IT"}]}},"_links":{"self":[{"href":"https:\/\/linz-hotel.at\/it\/wp-json\/wp\/v2\/pages\/1269","targetHints":{"allow":["GET"]}}],"collection":[{"href":"https:\/\/linz-hotel.at\/it\/wp-json\/wp\/v2\/pages"}],"about":[{"href":"https:\/\/linz-hotel.at\/it\/wp-json\/wp\/v2\/types\/page"}],"author":[{"embeddable":true,"href":"https:\/\/linz-hotel.at\/it\/wp-json\/wp\/v2\/users\/1"}],"replies":[{"embeddable":true,"href":"https:\/\/linz-hotel.at\/it\/wp-json\/wp\/v2\/comments?post=1269"}],"version-history":[{"count":2,"href":"https:\/\/linz-hotel.at\/it\/wp-json\/wp\/v2\/pages\/1269\/revisions"}],"predecessor-version":[{"id":1275,"href":"https:\/\/linz-hotel.at\/it\/wp-json\/wp\/v2\/pages\/1269\/revisions\/1275"}],"wp:attachment":[{"href":"https:\/\/linz-hotel.at\/it\/wp-json\/wp\/v2\/media?parent=1269"}],"curies":[{"name":"wp","href":"https:\/\/api.w.org\/{rel}","templated":true}]}}