{"id":1395,"date":"2023-06-14T18:11:08","date_gmt":"2023-06-14T16:11:08","guid":{"rendered":"https:\/\/linz-hotel.at\/salle-de-lours\/"},"modified":"2024-02-04T11:56:04","modified_gmt":"2024-02-04T10:56:04","slug":"salle-de-lours","status":"publish","type":"page","link":"https:\/\/linz-hotel.at\/fr\/salle-de-lours\/","title":{"rendered":"Salle de l&rsquo;ours"},"content":{"rendered":"\t\t<div data-elementor-type=\"wp-page\" data-elementor-id=\"1395\" class=\"elementor elementor-1395 elementor-461\">\n\t\t\t\t\t\t<section class=\"elementor-section elementor-top-section elementor-element elementor-element-6ddfce6 elementor-hidden-mobile elementor-section-boxed elementor-section-height-default elementor-section-height-default\" data-id=\"6ddfce6\" data-element_type=\"section\" data-settings=\"{&quot;background_background&quot;:&quot;classic&quot;}\">\n\t\t\t\t\t\t<div class=\"elementor-container elementor-column-gap-default\">\n\t\t\t\t\t<div class=\"elementor-column elementor-col-100 elementor-top-column elementor-element elementor-element-f482b3b\" data-id=\"f482b3b\" data-element_type=\"column\">\n\t\t\t<div class=\"elementor-widget-wrap\">\n\t\t\t\t\t\t\t<\/div>\n\t\t<\/div>\n\t\t\t\t\t<\/div>\n\t\t<\/section>\n\t\t\t\t<section class=\"elementor-section elementor-top-section elementor-element elementor-element-08b600c elementor-section-boxed elementor-section-height-default elementor-section-height-default\" data-id=\"08b600c\" data-element_type=\"section\">\n\t\t\t\t\t\t<div class=\"elementor-container elementor-column-gap-default\">\n\t\t\t\t\t<div class=\"elementor-column elementor-col-100 elementor-top-column elementor-element elementor-element-d86f609\" data-id=\"d86f609\" data-element_type=\"column\" data-settings=\"{&quot;background_background&quot;:&quot;classic&quot;}\">\n\t\t\t<div class=\"elementor-widget-wrap elementor-element-populated\">\n\t\t\t\t\t\t<div class=\"elementor-element elementor-element-3c9f528 elementor-widget elementor-widget-heading\" data-id=\"3c9f528\" data-element_type=\"widget\" data-widget_type=\"heading.default\">\n\t\t\t\t<div class=\"elementor-widget-container\">\n\t\t\t\t\t<h1 class=\"elementor-heading-title elementor-size-default\">Salle de l'ours<\/h1>\t\t\t\t<\/div>\n\t\t\t\t<\/div>\n\t\t\t\t<div class=\"elementor-element elementor-element-f185846 elementor-widget elementor-widget-heading\" data-id=\"f185846\" data-element_type=\"widget\" data-widget_type=\"heading.default\">\n\t\t\t\t<div class=\"elementor-widget-container\">\n\t\t\t\t\t<h2 class=\"elementor-heading-title elementor-size-default\">~ S\u00e9minaires, f\u00eates priv\u00e9es &amp; traiteur<\/h2>\t\t\t\t<\/div>\n\t\t\t\t<\/div>\n\t\t\t\t\t<\/div>\n\t\t<\/div>\n\t\t\t\t\t<\/div>\n\t\t<\/section>\n\t\t\t\t<section class=\"elementor-section elementor-top-section elementor-element elementor-element-1db207b elementor-section-boxed elementor-section-height-default elementor-section-height-default\" data-id=\"1db207b\" data-element_type=\"section\">\n\t\t\t\t\t\t<div class=\"elementor-container elementor-column-gap-default\">\n\t\t\t\t\t<div class=\"elementor-column elementor-col-100 elementor-top-column elementor-element elementor-element-e530181\" data-id=\"e530181\" data-element_type=\"column\">\n\t\t\t<div class=\"elementor-widget-wrap elementor-element-populated\">\n\t\t\t\t\t\t<div class=\"elementor-element elementor-element-207f668 elementor-hidden-desktop elementor-hidden-tablet elementor-widget elementor-widget-image\" data-id=\"207f668\" data-element_type=\"widget\" data-widget_type=\"image.default\">\n\t\t\t\t<div class=\"elementor-widget-container\">\n\t\t\t\t\t\t\t\t\t\t\t\t\t\t\t<img fetchpriority=\"high\" decoding=\"async\" width=\"1024\" height=\"416\" src=\"https:\/\/linz-hotel.at\/wp-content\/uploads\/hotel-schwarzer-baer-baerenstube-catering-1024x416.jpg\" class=\"attachment-large size-large wp-image-1398\" alt=\"\" srcset=\"https:\/\/linz-hotel.at\/wp-content\/uploads\/hotel-schwarzer-baer-baerenstube-catering-1024x416.jpg 1024w, https:\/\/linz-hotel.at\/wp-content\/uploads\/hotel-schwarzer-baer-baerenstube-catering-300x122.jpg 300w, https:\/\/linz-hotel.at\/wp-content\/uploads\/hotel-schwarzer-baer-baerenstube-catering-768x312.jpg 768w, https:\/\/linz-hotel.at\/wp-content\/uploads\/hotel-schwarzer-baer-baerenstube-catering-1536x624.jpg 1536w, https:\/\/linz-hotel.at\/wp-content\/uploads\/hotel-schwarzer-baer-baerenstube-catering.jpg 1600w\" sizes=\"(max-width: 1024px) 100vw, 1024px\" \/>\t\t\t\t\t\t\t\t\t\t\t\t\t\t\t<\/div>\n\t\t\t\t<\/div>\n\t\t\t\t<div class=\"elementor-element elementor-element-3c09971 elementor-widget elementor-widget-text-editor\" data-id=\"3c09971\" data-element_type=\"widget\" data-widget_type=\"text-editor.default\">\n\t\t\t\t<div class=\"elementor-widget-container\">\n\t\t\t\t\t\t\t\t\t<h4>Profitez de votre \u00e9v\u00e9nement dans l&rsquo;ambiance traditionnelle de la B\u00e4renstube, en Haute-Autriche !<\/h4>\n<p><strong>Qu&rsquo;il s&rsquo;agisse d&rsquo;un anniversaire, d&rsquo;un jubil\u00e9, d&rsquo;une f\u00eate d&rsquo;entreprise ou de No\u00ebl. La B\u00e4renstube offre le cadre id\u00e9al pour vous et vos invit\u00e9s.<\/strong><\/p>\n<p><strong><span style=\"text-decoration: underline;\">Infrastructure<\/span><\/strong><br \/>Compos\u00e9e de deux salles s\u00e9par\u00e9es par une porte coulissante, la B\u00e4renstube peut accueillir des groupes de 20 \u00e0 100 personnes. Les deux salles sont desservies par leur propre bar et disposent de salles d&rsquo;eau s\u00e9par\u00e9es de l&rsquo;\u00e9tablissement h\u00f4telier.<\/p>\n<p>Selon le temps, le <strong>jardin d&rsquo;accueil dans la cour int\u00e9rieure<\/strong> est \u00e9galement disponible pour votre \u00e9v\u00e9nement.<br \/>Apr\u00e8s accord, il est \u00e9galement possible d&rsquo;avoir une <strong>entr\u00e9e s\u00e9par\u00e9e par la cour int\u00e9rieure<\/strong> et le jardin d&rsquo;accueil.<\/p>\n<p><strong><span style=\"text-decoration: underline;\">Traiteur<\/span><\/strong><br \/>Pour le catering de votre \u00e9v\u00e9nement, la cuisine de l&rsquo;\u00e9tablissement est \u00e0 votre disposition.<br \/>Selon vos souhaits, notre chef de cuisine Dieter G\u00fctlbauer compose <strong>des menus et des buffets individuels<\/strong>.<\/p>\n<p>En accord avec l&rsquo;ambiance rustique et honn\u00eate, notre cuisine propose \u00e9galement des sp\u00e9cialit\u00e9s telles que \u00ab\u00a0Brat&rsquo;l in der Rein\u00a0\u00bb ou \u00ab\u00a0Schlachtplatten\u00a0\u00bb pour un repas convivial.<\/p>\n<p><span style=\"text-decoration: underline;\"><strong>Le petit plus<\/strong><\/span><br \/>Dans notre B\u00e4renstube, vous trouverez l&rsquo;harmonie \u00e0 l&rsquo;\u00e9tat pur. Vous pouvez vous attendre \u00e0 la m\u00eame chose pour l&rsquo;accompagnement des vins. Notre dipl. Le sommelier et ma\u00eetre de maison Michael Nell tient \u00e0 votre disposition un grand choix de vins locaux de qualit\u00e9.<\/p>\n<p>Le chef Dieter G\u00fctlbauer et son \u00e9quipe misent enti\u00e8rement sur une cuisine honn\u00eate et authentique, o\u00f9 le produit frais du march\u00e9 est toujours au premier plan.<br \/>On y sert des plats de la cuisine autrichienne avec des influences m\u00e9diterran\u00e9ennes. Tous les ingr\u00e9dients proviennent de la production r\u00e9gionale. S\u00e9lectionn\u00e9s avec soin, frais et pr\u00e9par\u00e9s de mani\u00e8re exquise, vous d\u00e9couvrirez chez nous les plaisirs du palais de la Haute-Autriche, le pays des saveurs.<\/p>\n<p>Nous avons re\u00e7u le label gastronomique AMA pour la pr\u00e9paration de plats frais et l&rsquo;utilisation de mati\u00e8res premi\u00e8res r\u00e9gionales.<\/p>\n\t\t\t\t\t\t\t\t<\/div>\n\t\t\t\t<\/div>\n\t\t\t\t\t<\/div>\n\t\t<\/div>\n\t\t\t\t\t<\/div>\n\t\t<\/section>\n\t\t\t\t<section class=\"elementor-section elementor-top-section elementor-element elementor-element-ca21cb0 elementor-section-boxed elementor-section-height-default elementor-section-height-default\" data-id=\"ca21cb0\" data-element_type=\"section\">\n\t\t\t\t\t\t<div class=\"elementor-container elementor-column-gap-default\">\n\t\t\t\t\t<div class=\"elementor-column elementor-col-50 elementor-top-column elementor-element elementor-element-77b8eed\" data-id=\"77b8eed\" data-element_type=\"column\">\n\t\t\t<div class=\"elementor-widget-wrap elementor-element-populated\">\n\t\t\t\t\t\t<div class=\"elementor-element elementor-element-eec0368 elementor-widget elementor-widget-text-editor\" data-id=\"eec0368\" data-element_type=\"widget\" data-widget_type=\"text-editor.default\">\n\t\t\t\t<div class=\"elementor-widget-container\">\n\t\t\t\t\t\t\t\t\t<p>Pour une offre individuelle ou une visite, Mme Larissa Ehrengruber se fera un plaisir de r\u00e9pondre \u00e0 votre demande \u00e0 l&rsquo;<a href=\"mailto:reservierung@linz-hotel.at\">adresse reservierung@linz-hotel.at<\/a> ou par t\u00e9l\u00e9phone <a href=\"tel:+43732772477\">au 0732 77 24 77<\/a>.<\/p>\n\t\t\t\t\t\t\t\t<\/div>\n\t\t\t\t<\/div>\n\t\t\t\t\t<\/div>\n\t\t<\/div>\n\t\t\t\t<div class=\"elementor-column elementor-col-50 elementor-top-column elementor-element elementor-element-0aba26b\" data-id=\"0aba26b\" data-element_type=\"column\">\n\t\t\t<div class=\"elementor-widget-wrap elementor-element-populated\">\n\t\t\t\t\t\t<div class=\"elementor-element elementor-element-92793bc elementor-widget elementor-widget-image\" data-id=\"92793bc\" data-element_type=\"widget\" data-widget_type=\"image.default\">\n\t\t\t\t<div class=\"elementor-widget-container\">\n\t\t\t\t\t\t\t\t\t\t\t\t\t\t\t<img decoding=\"async\" width=\"650\" height=\"500\" src=\"https:\/\/linz-hotel.at\/wp-content\/uploads\/hotel-schwarzer-baer-baerenstube-wein.jpg\" class=\"attachment-full size-full wp-image-1400\" alt=\"\" srcset=\"https:\/\/linz-hotel.at\/wp-content\/uploads\/hotel-schwarzer-baer-baerenstube-wein.jpg 650w, https:\/\/linz-hotel.at\/wp-content\/uploads\/hotel-schwarzer-baer-baerenstube-wein-300x231.jpg 300w\" sizes=\"(max-width: 650px) 100vw, 650px\" \/>\t\t\t\t\t\t\t\t\t\t\t\t\t\t\t<\/div>\n\t\t\t\t<\/div>\n\t\t\t\t\t<\/div>\n\t\t<\/div>\n\t\t\t\t\t<\/div>\n\t\t<\/section>\n\t\t\t\t<section class=\"elementor-section elementor-top-section elementor-element elementor-element-bc45883 elementor-section-boxed elementor-section-height-default elementor-section-height-default\" data-id=\"bc45883\" data-element_type=\"section\">\n\t\t\t\t\t\t<div class=\"elementor-container elementor-column-gap-default\">\n\t\t\t\t\t<div class=\"elementor-column elementor-col-50 elementor-top-column elementor-element elementor-element-0aea4fa\" data-id=\"0aea4fa\" data-element_type=\"column\">\n\t\t\t<div class=\"elementor-widget-wrap elementor-element-populated\">\n\t\t\t\t\t\t<div class=\"elementor-element elementor-element-812dce6 elementor-widget elementor-widget-image\" data-id=\"812dce6\" data-element_type=\"widget\" data-widget_type=\"image.default\">\n\t\t\t\t<div class=\"elementor-widget-container\">\n\t\t\t\t\t\t\t\t\t\t\t\t\t\t\t<img decoding=\"async\" width=\"650\" height=\"500\" src=\"https:\/\/linz-hotel.at\/wp-content\/uploads\/hotel-schwarzer-baer-baerenstube-schild.jpg\" class=\"attachment-large size-large wp-image-1399\" alt=\"\" srcset=\"https:\/\/linz-hotel.at\/wp-content\/uploads\/hotel-schwarzer-baer-baerenstube-schild.jpg 650w, https:\/\/linz-hotel.at\/wp-content\/uploads\/hotel-schwarzer-baer-baerenstube-schild-300x231.jpg 300w\" sizes=\"(max-width: 650px) 100vw, 650px\" \/>\t\t\t\t\t\t\t\t\t\t\t\t\t\t\t<\/div>\n\t\t\t\t<\/div>\n\t\t\t\t\t<\/div>\n\t\t<\/div>\n\t\t\t\t<div class=\"elementor-column elementor-col-50 elementor-top-column elementor-element elementor-element-78eca4b\" data-id=\"78eca4b\" data-element_type=\"column\">\n\t\t\t<div class=\"elementor-widget-wrap elementor-element-populated\">\n\t\t\t\t\t\t<div class=\"elementor-element elementor-element-11a5798 elementor-widget elementor-widget-image\" data-id=\"11a5798\" data-element_type=\"widget\" data-widget_type=\"image.default\">\n\t\t\t\t<div class=\"elementor-widget-container\">\n\t\t\t\t\t\t\t\t\t\t\t\t\t\t\t<img loading=\"lazy\" decoding=\"async\" width=\"650\" height=\"500\" src=\"https:\/\/linz-hotel.at\/wp-content\/uploads\/blog-hotel-schwarzer-baer-mittag-lunch-2.jpg\" class=\"attachment-large size-large wp-image-482\" alt=\"\" srcset=\"https:\/\/linz-hotel.at\/wp-content\/uploads\/blog-hotel-schwarzer-baer-mittag-lunch-2.jpg 650w, https:\/\/linz-hotel.at\/wp-content\/uploads\/blog-hotel-schwarzer-baer-mittag-lunch-2-300x231.jpg 300w\" sizes=\"(max-width: 650px) 100vw, 650px\" \/>\t\t\t\t\t\t\t\t\t\t\t\t\t\t\t<\/div>\n\t\t\t\t<\/div>\n\t\t\t\t<div class=\"elementor-element elementor-element-e24039b elementor-widget elementor-widget-spacer\" data-id=\"e24039b\" data-element_type=\"widget\" data-widget_type=\"spacer.default\">\n\t\t\t\t<div class=\"elementor-widget-container\">\n\t\t\t\t\t\t\t<div class=\"elementor-spacer\">\n\t\t\t<div class=\"elementor-spacer-inner\"><\/div>\n\t\t<\/div>\n\t\t\t\t\t\t<\/div>\n\t\t\t\t<\/div>\n\t\t\t\t\t<\/div>\n\t\t<\/div>\n\t\t\t\t\t<\/div>\n\t\t<\/section>\n\t\t\t\t<\/div>\n\t\t","protected":false},"excerpt":{"rendered":"<p>Salle de l&rsquo;ours ~ S\u00e9minaires, f\u00eates priv\u00e9es &amp; traiteur Profitez de votre \u00e9v\u00e9nement dans l&rsquo;ambiance traditionnelle de la B\u00e4renstube, en Haute-Autriche ! Qu&rsquo;il s&rsquo;agisse d&rsquo;un anniversaire, d&rsquo;un jubil\u00e9, d&rsquo;une f\u00eate d&rsquo;entreprise ou de No\u00ebl. La B\u00e4renstube offre le cadre id\u00e9al pour vous et vos invit\u00e9s. InfrastructureCompos\u00e9e de deux salles s\u00e9par\u00e9es par une porte coulissante, la [&hellip;]<\/p>\n","protected":false},"author":1,"featured_media":0,"parent":0,"menu_order":0,"comment_status":"closed","ping_status":"closed","template":"","meta":{"site-sidebar-layout":"no-sidebar","site-content-layout":"page-builder","ast-site-content-layout":"default","site-content-style":"default","site-sidebar-style":"default","ast-global-header-display":"","ast-banner-title-visibility":"","ast-main-header-display":"","ast-hfb-above-header-display":"","ast-hfb-below-header-display":"","ast-hfb-mobile-header-display":"","site-post-title":"disabled","ast-breadcrumbs-content":"","ast-featured-img":"disabled","footer-sml-layout":"","theme-transparent-header-meta":"disabled","adv-header-id-meta":"","stick-header-meta":"","header-above-stick-meta":"","header-main-stick-meta":"","header-below-stick-meta":"","astra-migrate-meta-layouts":"default","ast-page-background-enabled":"default","ast-page-background-meta":{"desktop":{"background-color":"var(--ast-global-color-4)","background-image":"","background-repeat":"repeat","background-position":"center center","background-size":"auto","background-attachment":"scroll","background-type":"","background-media":"","overlay-type":"","overlay-color":"","overlay-opacity":"","overlay-gradient":""},"tablet":{"background-color":"","background-image":"","background-repeat":"repeat","background-position":"center center","background-size":"auto","background-attachment":"scroll","background-type":"","background-media":"","overlay-type":"","overlay-color":"","overlay-opacity":"","overlay-gradient":""},"mobile":{"background-color":"","background-image":"","background-repeat":"repeat","background-position":"center center","background-size":"auto","background-attachment":"scroll","background-type":"","background-media":"","overlay-type":"","overlay-color":"","overlay-opacity":"","overlay-gradient":""}},"ast-content-background-meta":{"desktop":{"background-color":"var(--ast-global-color-5)","background-image":"","background-repeat":"repeat","background-position":"center center","background-size":"auto","background-attachment":"scroll","background-type":"","background-media":"","overlay-type":"","overlay-color":"","overlay-opacity":"","overlay-gradient":""},"tablet":{"background-color":"var(--ast-global-color-5)","background-image":"","background-repeat":"repeat","background-position":"center center","background-size":"auto","background-attachment":"scroll","background-type":"","background-media":"","overlay-type":"","overlay-color":"","overlay-opacity":"","overlay-gradient":""},"mobile":{"background-color":"var(--ast-global-color-5)","background-image":"","background-repeat":"repeat","background-position":"center center","background-size":"auto","background-attachment":"scroll","background-type":"","background-media":"","overlay-type":"","overlay-color":"","overlay-opacity":"","overlay-gradient":""}},"footnotes":""},"class_list":["post-1395","page","type-page","status-publish","hentry"],"yoast_head":"<!-- This site is optimized with the Yoast SEO plugin v25.9 - https:\/\/yoast.com\/wordpress\/plugins\/seo\/ -->\n<title>B\u00e4renstube - Salle de restaurant, f\u00eate priv\u00e9e &amp; catering<\/title>\n<meta name=\"description\" content=\"La B\u00e4renstube de l&#039;h\u00f4tel Schwarzer B\u00e4r est une salle de restaurant am\u00e9nag\u00e9e dans le style autrichien, o\u00f9 vous pourrez savourer nos d\u00e9lices apr\u00e8s votre journ\u00e9e \u00e0 Linz.\" \/>\n<meta name=\"robots\" content=\"index, follow, max-snippet:-1, max-image-preview:large, max-video-preview:-1\" \/>\n<link rel=\"canonical\" href=\"https:\/\/linz-hotel.at\/fr\/salle-de-lours\/\" \/>\n<meta property=\"og:locale\" content=\"fr_FR\" \/>\n<meta property=\"og:type\" content=\"article\" \/>\n<meta property=\"og:title\" content=\"B\u00e4renstube - Salle de restaurant, f\u00eate priv\u00e9e &amp; catering\" \/>\n<meta property=\"og:description\" content=\"La B\u00e4renstube de l&#039;h\u00f4tel Schwarzer B\u00e4r est une salle de restaurant am\u00e9nag\u00e9e dans le style autrichien, o\u00f9 vous pourrez savourer nos d\u00e9lices apr\u00e8s votre journ\u00e9e \u00e0 Linz.\" \/>\n<meta property=\"og:url\" content=\"https:\/\/linz-hotel.at\/fr\/salle-de-lours\/\" \/>\n<meta property=\"og:site_name\" content=\"Hotel Schwarzer B\u00e4r Linz\" \/>\n<meta property=\"article:publisher\" content=\"https:\/\/www.facebook.com\/schwarzerbaer\" \/>\n<meta property=\"article:modified_time\" content=\"2024-02-04T10:56:04+00:00\" \/>\n<meta property=\"og:image\" content=\"https:\/\/linz-hotel.at\/wp-content\/uploads\/hotel-schwarzer-baer-baerenstube-catering-1024x416.jpg\" \/>\n<meta name=\"twitter:card\" content=\"summary_large_image\" \/>\n<meta name=\"twitter:label1\" content=\"Dur\u00e9e de lecture estim\u00e9e\" \/>\n\t<meta name=\"twitter:data1\" content=\"2 minutes\" \/>\n<script type=\"application\/ld+json\" class=\"yoast-schema-graph\">{\"@context\":\"https:\/\/schema.org\",\"@graph\":[{\"@type\":\"WebPage\",\"@id\":\"https:\/\/linz-hotel.at\/fr\/salle-de-lours\/\",\"url\":\"https:\/\/linz-hotel.at\/fr\/salle-de-lours\/\",\"name\":\"B\u00e4renstube - Salle de restaurant, f\u00eate priv\u00e9e & catering\",\"isPartOf\":{\"@id\":\"https:\/\/linz-hotel.at\/fr\/#website\"},\"primaryImageOfPage\":{\"@id\":\"https:\/\/linz-hotel.at\/fr\/salle-de-lours\/#primaryimage\"},\"image\":{\"@id\":\"https:\/\/linz-hotel.at\/fr\/salle-de-lours\/#primaryimage\"},\"thumbnailUrl\":\"https:\/\/linz-hotel.at\/wp-content\/uploads\/hotel-schwarzer-baer-baerenstube-catering-1024x416.jpg\",\"datePublished\":\"2023-06-14T16:11:08+00:00\",\"dateModified\":\"2024-02-04T10:56:04+00:00\",\"description\":\"La B\u00e4renstube de l'h\u00f4tel Schwarzer B\u00e4r est une salle de restaurant am\u00e9nag\u00e9e dans le style autrichien, o\u00f9 vous pourrez savourer nos d\u00e9lices apr\u00e8s votre journ\u00e9e \u00e0 Linz.\",\"breadcrumb\":{\"@id\":\"https:\/\/linz-hotel.at\/fr\/salle-de-lours\/#breadcrumb\"},\"inLanguage\":\"fr-FR\",\"potentialAction\":[{\"@type\":\"ReadAction\",\"target\":[\"https:\/\/linz-hotel.at\/fr\/salle-de-lours\/\"]}]},{\"@type\":\"ImageObject\",\"inLanguage\":\"fr-FR\",\"@id\":\"https:\/\/linz-hotel.at\/fr\/salle-de-lours\/#primaryimage\",\"url\":\"https:\/\/linz-hotel.at\/wp-content\/uploads\/hotel-schwarzer-baer-baerenstube-catering-1024x416.jpg\",\"contentUrl\":\"https:\/\/linz-hotel.at\/wp-content\/uploads\/hotel-schwarzer-baer-baerenstube-catering-1024x416.jpg\"},{\"@type\":\"BreadcrumbList\",\"@id\":\"https:\/\/linz-hotel.at\/fr\/salle-de-lours\/#breadcrumb\",\"itemListElement\":[{\"@type\":\"ListItem\",\"position\":1,\"name\":\"Startseite\",\"item\":\"https:\/\/linz-hotel.at\/fr\/\"},{\"@type\":\"ListItem\",\"position\":2,\"name\":\"Salle de l&#8217;ours\"}]},{\"@type\":\"WebSite\",\"@id\":\"https:\/\/linz-hotel.at\/fr\/#website\",\"url\":\"https:\/\/linz-hotel.at\/fr\/\",\"name\":\"Hotel Schwarzer B\u00e4r Linz\",\"description\":\"Hotel Schwarzer B\u00e4r Linz\",\"potentialAction\":[{\"@type\":\"SearchAction\",\"target\":{\"@type\":\"EntryPoint\",\"urlTemplate\":\"https:\/\/linz-hotel.at\/fr\/?s={search_term_string}\"},\"query-input\":{\"@type\":\"PropertyValueSpecification\",\"valueRequired\":true,\"valueName\":\"search_term_string\"}}],\"inLanguage\":\"fr-FR\"}]}<\/script>\n<!-- \/ Yoast SEO plugin. -->","yoast_head_json":{"title":"B\u00e4renstube - Salle de restaurant, f\u00eate priv\u00e9e & catering","description":"La B\u00e4renstube de l'h\u00f4tel Schwarzer B\u00e4r est une salle de restaurant am\u00e9nag\u00e9e dans le style autrichien, o\u00f9 vous pourrez savourer nos d\u00e9lices apr\u00e8s votre journ\u00e9e \u00e0 Linz.","robots":{"index":"index","follow":"follow","max-snippet":"max-snippet:-1","max-image-preview":"max-image-preview:large","max-video-preview":"max-video-preview:-1"},"canonical":"https:\/\/linz-hotel.at\/fr\/salle-de-lours\/","og_locale":"fr_FR","og_type":"article","og_title":"B\u00e4renstube - Salle de restaurant, f\u00eate priv\u00e9e & catering","og_description":"La B\u00e4renstube de l'h\u00f4tel Schwarzer B\u00e4r est une salle de restaurant am\u00e9nag\u00e9e dans le style autrichien, o\u00f9 vous pourrez savourer nos d\u00e9lices apr\u00e8s votre journ\u00e9e \u00e0 Linz.","og_url":"https:\/\/linz-hotel.at\/fr\/salle-de-lours\/","og_site_name":"Hotel Schwarzer B\u00e4r Linz","article_publisher":"https:\/\/www.facebook.com\/schwarzerbaer","article_modified_time":"2024-02-04T10:56:04+00:00","og_image":[{"url":"https:\/\/linz-hotel.at\/wp-content\/uploads\/hotel-schwarzer-baer-baerenstube-catering-1024x416.jpg","type":"","width":"","height":""}],"twitter_card":"summary_large_image","twitter_misc":{"Dur\u00e9e de lecture estim\u00e9e":"2 minutes"},"schema":{"@context":"https:\/\/schema.org","@graph":[{"@type":"WebPage","@id":"https:\/\/linz-hotel.at\/fr\/salle-de-lours\/","url":"https:\/\/linz-hotel.at\/fr\/salle-de-lours\/","name":"B\u00e4renstube - Salle de restaurant, f\u00eate priv\u00e9e & catering","isPartOf":{"@id":"https:\/\/linz-hotel.at\/fr\/#website"},"primaryImageOfPage":{"@id":"https:\/\/linz-hotel.at\/fr\/salle-de-lours\/#primaryimage"},"image":{"@id":"https:\/\/linz-hotel.at\/fr\/salle-de-lours\/#primaryimage"},"thumbnailUrl":"https:\/\/linz-hotel.at\/wp-content\/uploads\/hotel-schwarzer-baer-baerenstube-catering-1024x416.jpg","datePublished":"2023-06-14T16:11:08+00:00","dateModified":"2024-02-04T10:56:04+00:00","description":"La B\u00e4renstube de l'h\u00f4tel Schwarzer B\u00e4r est une salle de restaurant am\u00e9nag\u00e9e dans le style autrichien, o\u00f9 vous pourrez savourer nos d\u00e9lices apr\u00e8s votre journ\u00e9e \u00e0 Linz.","breadcrumb":{"@id":"https:\/\/linz-hotel.at\/fr\/salle-de-lours\/#breadcrumb"},"inLanguage":"fr-FR","potentialAction":[{"@type":"ReadAction","target":["https:\/\/linz-hotel.at\/fr\/salle-de-lours\/"]}]},{"@type":"ImageObject","inLanguage":"fr-FR","@id":"https:\/\/linz-hotel.at\/fr\/salle-de-lours\/#primaryimage","url":"https:\/\/linz-hotel.at\/wp-content\/uploads\/hotel-schwarzer-baer-baerenstube-catering-1024x416.jpg","contentUrl":"https:\/\/linz-hotel.at\/wp-content\/uploads\/hotel-schwarzer-baer-baerenstube-catering-1024x416.jpg"},{"@type":"BreadcrumbList","@id":"https:\/\/linz-hotel.at\/fr\/salle-de-lours\/#breadcrumb","itemListElement":[{"@type":"ListItem","position":1,"name":"Startseite","item":"https:\/\/linz-hotel.at\/fr\/"},{"@type":"ListItem","position":2,"name":"Salle de l&#8217;ours"}]},{"@type":"WebSite","@id":"https:\/\/linz-hotel.at\/fr\/#website","url":"https:\/\/linz-hotel.at\/fr\/","name":"Hotel Schwarzer B\u00e4r Linz","description":"Hotel Schwarzer B\u00e4r Linz","potentialAction":[{"@type":"SearchAction","target":{"@type":"EntryPoint","urlTemplate":"https:\/\/linz-hotel.at\/fr\/?s={search_term_string}"},"query-input":{"@type":"PropertyValueSpecification","valueRequired":true,"valueName":"search_term_string"}}],"inLanguage":"fr-FR"}]}},"_links":{"self":[{"href":"https:\/\/linz-hotel.at\/fr\/wp-json\/wp\/v2\/pages\/1395","targetHints":{"allow":["GET"]}}],"collection":[{"href":"https:\/\/linz-hotel.at\/fr\/wp-json\/wp\/v2\/pages"}],"about":[{"href":"https:\/\/linz-hotel.at\/fr\/wp-json\/wp\/v2\/types\/page"}],"author":[{"embeddable":true,"href":"https:\/\/linz-hotel.at\/fr\/wp-json\/wp\/v2\/users\/1"}],"replies":[{"embeddable":true,"href":"https:\/\/linz-hotel.at\/fr\/wp-json\/wp\/v2\/comments?post=1395"}],"version-history":[{"count":2,"href":"https:\/\/linz-hotel.at\/fr\/wp-json\/wp\/v2\/pages\/1395\/revisions"}],"predecessor-version":[{"id":1404,"href":"https:\/\/linz-hotel.at\/fr\/wp-json\/wp\/v2\/pages\/1395\/revisions\/1404"}],"wp:attachment":[{"href":"https:\/\/linz-hotel.at\/fr\/wp-json\/wp\/v2\/media?parent=1395"}],"curies":[{"name":"wp","href":"https:\/\/api.w.org\/{rel}","templated":true}]}}