{"id":1345,"date":"2023-06-14T10:49:07","date_gmt":"2023-06-14T08:49:07","guid":{"rendered":"https:\/\/linz-hotel.at\/destination-linz\/"},"modified":"2024-02-04T11:56:05","modified_gmt":"2024-02-04T10:56:05","slug":"destination-linz","status":"publish","type":"page","link":"https:\/\/linz-hotel.at\/fr\/destination-linz\/","title":{"rendered":"Destination Linz"},"content":{"rendered":"\t\t<div data-elementor-type=\"wp-page\" data-elementor-id=\"1345\" class=\"elementor elementor-1345 elementor-278\">\n\t\t\t\t\t\t<section class=\"elementor-section elementor-top-section elementor-element elementor-element-dc6304b elementor-hidden-mobile elementor-section-boxed elementor-section-height-default elementor-section-height-default\" data-id=\"dc6304b\" data-element_type=\"section\" data-settings=\"{&quot;background_background&quot;:&quot;classic&quot;}\">\n\t\t\t\t\t\t<div class=\"elementor-container elementor-column-gap-default\">\n\t\t\t\t\t<div class=\"elementor-column elementor-col-100 elementor-top-column elementor-element elementor-element-e963fc3\" data-id=\"e963fc3\" data-element_type=\"column\">\n\t\t\t<div class=\"elementor-widget-wrap\">\n\t\t\t\t\t\t\t<\/div>\n\t\t<\/div>\n\t\t\t\t\t<\/div>\n\t\t<\/section>\n\t\t\t\t<section class=\"elementor-section elementor-top-section elementor-element elementor-element-bebd432 elementor-section-boxed elementor-section-height-default elementor-section-height-default\" data-id=\"bebd432\" data-element_type=\"section\">\n\t\t\t\t\t\t<div class=\"elementor-container elementor-column-gap-default\">\n\t\t\t\t\t<div class=\"elementor-column elementor-col-100 elementor-top-column elementor-element elementor-element-54f94d2\" data-id=\"54f94d2\" data-element_type=\"column\" data-settings=\"{&quot;background_background&quot;:&quot;classic&quot;}\">\n\t\t\t<div class=\"elementor-widget-wrap elementor-element-populated\">\n\t\t\t\t\t\t<div class=\"elementor-element elementor-element-2ca1e90 elementor-widget elementor-widget-heading\" data-id=\"2ca1e90\" data-element_type=\"widget\" data-widget_type=\"heading.default\">\n\t\t\t\t<div class=\"elementor-widget-container\">\n\t\t\t\t\t<h1 class=\"elementor-heading-title elementor-size-default\">Sites touristiques et  <br>lieux culturels \u00e0 Linz<\/h1>\t\t\t\t<\/div>\n\t\t\t\t<\/div>\n\t\t\t\t<div class=\"elementor-element elementor-element-2e18273 elementor-widget elementor-widget-heading\" data-id=\"2e18273\" data-element_type=\"widget\" data-widget_type=\"heading.default\">\n\t\t\t\t<div class=\"elementor-widget-container\">\n\t\t\t\t\t<h2 class=\"elementor-heading-title elementor-size-default\">~ Loisirs \/ Culture \/ Art \/ City<\/h2>\t\t\t\t<\/div>\n\t\t\t\t<\/div>\n\t\t\t\t\t<\/div>\n\t\t<\/div>\n\t\t\t\t\t<\/div>\n\t\t<\/section>\n\t\t\t\t<section class=\"elementor-section elementor-top-section elementor-element elementor-element-a1d9b18 elementor-section-boxed elementor-section-height-default elementor-section-height-default\" data-id=\"a1d9b18\" data-element_type=\"section\">\n\t\t\t\t\t\t<div class=\"elementor-container elementor-column-gap-wide\">\n\t\t\t\t\t<div class=\"elementor-column elementor-col-50 elementor-top-column elementor-element elementor-element-fbf314a\" data-id=\"fbf314a\" data-element_type=\"column\">\n\t\t\t<div class=\"elementor-widget-wrap elementor-element-populated\">\n\t\t\t\t\t\t<div class=\"elementor-element elementor-element-82b7039 elementor-widget elementor-widget-text-editor\" data-id=\"82b7039\" data-element_type=\"widget\" data-widget_type=\"text-editor.default\">\n\t\t\t\t<div class=\"elementor-widget-container\">\n\t\t\t\t\t\t\t\t\t<div class=\"elementor-element elementor-element-d5271a0 elementor-widget elementor-widget-text-editor\" data-id=\"d5271a0\" data-element_type=\"widget\" data-widget_type=\"text-editor.default\">\n<div class=\"elementor-widget-container\">\n<div class=\"elementor-text-editor elementor-clearfix\">\n<p>\u00c0 Linz, on peut organiser son temps libre comme on le souhaite. La ville de l&rsquo;industrie &amp; de l&rsquo;\u00e9conomie, de l&rsquo;art m\u00e9diatique &amp; de la science a une longue tradition et est aujourd&rsquo;hui, en tant que capitale culturelle de l&rsquo;Europe, un centre vibrant au charme historique et \u00e0 l&rsquo;atmosph\u00e8re internationale. Ancienne colonie celte, puis fort romain, ville de r\u00e9sidence de l&#8217;empereur Fr\u00e9d\u00e9ric III au 15e si\u00e8cle et plus tard lieu d&rsquo;\u00e9minentes personnalit\u00e9s. C&rsquo;est ici que Johannes Kepler a calcul\u00e9 les orbites des plan\u00e8tes, que Wolfgang Amadeus Mozart ou Anton Bruckner ont \u00e9crit de grandes symphonies et que les \u0153uvres importantes d&rsquo;Adalbert Stifter ont vu le jour. Partez \u00e0 la d\u00e9couverte d&rsquo;une ville unique &#8211; nous avons rassembl\u00e9 pour vous quelques curiosit\u00e9s et lieux culturels particuli\u00e8rement recommand\u00e9s \u00e0 Linz :<\/p>\n<p><strong>Ars Electronica Center (15 min.) :<\/strong> vie virtuelle et regard sur l&rsquo;avenir de l&rsquo;informatique.<br \/><strong>Mus\u00e9e d&rsquo;art Lentos (10-15 min.) :<\/strong> le mus\u00e9e, avec son corps formel aust\u00e8re en verre et b\u00e9ton apparent, situ\u00e9 directement sur le Danube, pr\u00e9sente, outre l&rsquo;art classique, de l&rsquo;art contemporain moderne.<br \/><strong>Mus\u00e9e du ch\u00e2teau (10 min.) :<\/strong> le mus\u00e9e national dans le ch\u00e2teau Renaissance pr\u00e9sente des collections d&rsquo;histoire nationale.<br \/><strong>Vieille cath\u00e9drale (5 min.) :<\/strong> l&rsquo;\u00e9glise j\u00e9suite Saint-Ignace, construite par P. F. Carlone, est l&rsquo;\u00e9difice baroque le plus impressionnant de la ville. L&rsquo;orgue Krismann et les bancs d&rsquo;\u00e9glise sculpt\u00e9s sont particuli\u00e8rement remarquables. Anton Bruckner y a travaill\u00e9 dix ans comme organiste de la cath\u00e9drale.<br \/><strong>Place principale (3 min) :<\/strong> cette place de 220 m de long et 60 m de large avec ses nombreuses fa\u00e7ades baroques et rococo compte parmi les plus belles places de salle d&rsquo;Europe centrale. De nombreux caf\u00e9s invitent \u00e0 la d\u00e9tente.<br \/><strong>Landhaus (1 min.) :<\/strong> le gouvernement r\u00e9gional de Haute-Autriche et le parlement r\u00e9gional ont leur si\u00e8ge dans un palais Renaissance particuli\u00e8rement beau. La fontaine plan\u00e9taire orn\u00e9e d&rsquo;armoiries dans la cour \u00e0 arcades, o\u00f9 l&rsquo;on joue \u00e9galement de la musique en \u00e9t\u00e9, est importante de par son iconographie.<br \/><strong>Nouvelle cath\u00e9drale (5 min.) :<\/strong> la basilique n\u00e9ogothique de l&rsquo;Immacul\u00e9e Conception, la plus grande \u00e9glise d&rsquo;Autriche, rappelle la cath\u00e9drale Saint-\u00c9tienne de Vienne.<br \/><strong>P\u00f6stlingberg (30 min. avec les transports publics) :<\/strong> La montagne de Linz, haute de 537 m, avec son \u00e9glise de p\u00e8lerinage baroque \u00ab\u00a0Sept douleurs de Marie\u00a0\u00bb, est le chemin de fer sans cr\u00e9maill\u00e8re le plus raide d&rsquo;Europe.<\/p>\n<\/p>\n<p>Plus d&rsquo;infos sur Linz \/ \u00e9v\u00e9nements actuels sous :<br \/><a href=\"http:\/\/www.touristik.at\" target=\"_blank\" rel=\"noopener\">www.touristik.at<\/a><br \/><a href=\"http:\/\/www.genussland.at\" target=\"_blank\" rel=\"noopener\">www.genussland.at<\/a><\/p>\n<p><a href=\"https:\/\/www.linztermine.at\" target=\"_blank\" rel=\"noopener\">www.linztermine.at<\/a><\/p>\n<p><a href=\"http:\/\/www.linz.at\" target=\"_blank\" rel=\"noopener\">www.linz.at<\/a><br \/><a href=\"http:\/\/www.hotspots-linz.at\" target=\"_blank\" rel=\"noopener\">www.hotspots-linz.at<\/a><\/p>\n<\/p>\n<p>Ou visitez l&rsquo;un de nos restaurants, le ROOFTOP 7 Bar, qui surplombe les toits de Linz.<br \/>ou notre tout nouveau bistrot gourmand \u00ab\u00a0DERschwarzeB\u00c4R\u00a0\u00bb. Nous serons heureux de vous accueillir bient\u00f4t !<\/p>\n<\/div>\n<\/div>\n<\/div>\n\t\t\t\t\t\t\t\t<\/div>\n\t\t\t\t<\/div>\n\t\t\t\t<div class=\"elementor-element elementor-element-f337f7a elementor-align-center elementor-widget elementor-widget-button\" data-id=\"f337f7a\" data-element_type=\"widget\" data-widget_type=\"button.default\">\n\t\t\t\t<div class=\"elementor-widget-container\">\n\t\t\t\t\t\t\t\t\t<div class=\"elementor-button-wrapper\">\n\t\t\t\t\t<a class=\"elementor-button elementor-button-link elementor-size-sm\" href=\"https:\/\/linz-hotel.at\/fr\/?page_id=1210\">\n\t\t\t\t\t\t<span class=\"elementor-button-content-wrapper\">\n\t\t\t\t\t\t\t\t\t<span class=\"elementor-button-text\">D\u00e9tails sur l'acc\u00e8s<\/span>\n\t\t\t\t\t<\/span>\n\t\t\t\t\t<\/a>\n\t\t\t\t<\/div>\n\t\t\t\t\t\t\t\t<\/div>\n\t\t\t\t<\/div>\n\t\t\t\t\t<\/div>\n\t\t<\/div>\n\t\t\t\t<div class=\"elementor-column elementor-col-50 elementor-top-column elementor-element elementor-element-dd220b4\" data-id=\"dd220b4\" data-element_type=\"column\">\n\t\t\t<div class=\"elementor-widget-wrap elementor-element-populated\">\n\t\t\t\t\t\t<div class=\"elementor-element elementor-element-39125bf elementor-widget elementor-widget-heading\" data-id=\"39125bf\" data-element_type=\"widget\" data-widget_type=\"heading.default\">\n\t\t\t\t<div class=\"elementor-widget-container\">\n\t\t\t\t\t<h5 class=\"elementor-heading-title elementor-size-default\">Plan\u00e8te Linz<\/h5>\t\t\t\t<\/div>\n\t\t\t\t<\/div>\n\t\t\t\t<div class=\"elementor-element elementor-element-58a0b63 elementor-widget elementor-widget-video\" data-id=\"58a0b63\" data-element_type=\"widget\" data-settings=\"{&quot;youtube_url&quot;:&quot;https:\\\/\\\/youtu.be\\\/qtydGyLvklQ&quot;,&quot;video_type&quot;:&quot;youtube&quot;,&quot;controls&quot;:&quot;yes&quot;}\" data-widget_type=\"video.default\">\n\t\t\t\t<div class=\"elementor-widget-container\">\n\t\t\t\t\t\t\t<div class=\"elementor-wrapper elementor-open-inline\">\n\t\t\t<div class=\"elementor-video\"><\/div>\t\t<\/div>\n\t\t\t\t\t\t<\/div>\n\t\t\t\t<\/div>\n\t\t\t\t<div class=\"elementor-element elementor-element-cd3b15e elementor-widget elementor-widget-heading\" data-id=\"cd3b15e\" data-element_type=\"widget\" data-widget_type=\"heading.default\">\n\t\t\t\t<div class=\"elementor-widget-container\">\n\t\t\t\t\t<h5 class=\"elementor-heading-title elementor-size-default\">An Incredible Journey<\/h5>\t\t\t\t<\/div>\n\t\t\t\t<\/div>\n\t\t\t\t<div class=\"elementor-element elementor-element-59ed3aa elementor-widget elementor-widget-video\" data-id=\"59ed3aa\" data-element_type=\"widget\" data-settings=\"{&quot;youtube_url&quot;:&quot;https:\\\/\\\/youtu.be\\\/JC-U2xgIsL0&quot;,&quot;video_type&quot;:&quot;youtube&quot;,&quot;controls&quot;:&quot;yes&quot;}\" data-widget_type=\"video.default\">\n\t\t\t\t<div class=\"elementor-widget-container\">\n\t\t\t\t\t\t\t<div class=\"elementor-wrapper elementor-open-inline\">\n\t\t\t<div class=\"elementor-video\"><\/div>\t\t<\/div>\n\t\t\t\t\t\t<\/div>\n\t\t\t\t<\/div>\n\t\t\t\t<div class=\"elementor-element elementor-element-675ed1b elementor-widget elementor-widget-heading\" data-id=\"675ed1b\" data-element_type=\"widget\" data-widget_type=\"heading.default\">\n\t\t\t\t<div class=\"elementor-widget-container\">\n\t\t\t\t\t<h5 class=\"elementor-heading-title elementor-size-default\">Une journ\u00e9e \u00e0 Linz<\/h5>\t\t\t\t<\/div>\n\t\t\t\t<\/div>\n\t\t\t\t<div class=\"elementor-element elementor-element-611398e elementor-widget elementor-widget-video\" data-id=\"611398e\" data-element_type=\"widget\" data-settings=\"{&quot;youtube_url&quot;:&quot;https:\\\/\\\/youtu.be\\\/VR2YQCtWqPs&quot;,&quot;video_type&quot;:&quot;youtube&quot;,&quot;controls&quot;:&quot;yes&quot;}\" data-widget_type=\"video.default\">\n\t\t\t\t<div class=\"elementor-widget-container\">\n\t\t\t\t\t\t\t<div class=\"elementor-wrapper elementor-open-inline\">\n\t\t\t<div class=\"elementor-video\"><\/div>\t\t<\/div>\n\t\t\t\t\t\t<\/div>\n\t\t\t\t<\/div>\n\t\t\t\t\t<\/div>\n\t\t<\/div>\n\t\t\t\t\t<\/div>\n\t\t<\/section>\n\t\t\t\t<\/div>\n\t\t","protected":false},"excerpt":{"rendered":"<p>Sites touristiques et lieux culturels \u00e0 Linz ~ Loisirs \/ Culture \/ Art \/ City \u00c0 Linz, on peut organiser son temps libre comme on le souhaite. La ville de l&rsquo;industrie &amp; de l&rsquo;\u00e9conomie, de l&rsquo;art m\u00e9diatique &amp; de la science a une longue tradition et est aujourd&rsquo;hui, en tant que capitale culturelle de l&rsquo;Europe, [&hellip;]<\/p>\n","protected":false},"author":1,"featured_media":0,"parent":0,"menu_order":0,"comment_status":"closed","ping_status":"closed","template":"","meta":{"site-sidebar-layout":"no-sidebar","site-content-layout":"page-builder","ast-site-content-layout":"default","site-content-style":"default","site-sidebar-style":"default","ast-global-header-display":"","ast-banner-title-visibility":"","ast-main-header-display":"","ast-hfb-above-header-display":"","ast-hfb-below-header-display":"","ast-hfb-mobile-header-display":"","site-post-title":"disabled","ast-breadcrumbs-content":"","ast-featured-img":"disabled","footer-sml-layout":"","theme-transparent-header-meta":"disabled","adv-header-id-meta":"","stick-header-meta":"","header-above-stick-meta":"","header-main-stick-meta":"","header-below-stick-meta":"","astra-migrate-meta-layouts":"default","ast-page-background-enabled":"default","ast-page-background-meta":{"desktop":{"background-color":"var(--ast-global-color-4)","background-image":"","background-repeat":"repeat","background-position":"center center","background-size":"auto","background-attachment":"scroll","background-type":"","background-media":"","overlay-type":"","overlay-color":"","overlay-opacity":"","overlay-gradient":""},"tablet":{"background-color":"","background-image":"","background-repeat":"repeat","background-position":"center center","background-size":"auto","background-attachment":"scroll","background-type":"","background-media":"","overlay-type":"","overlay-color":"","overlay-opacity":"","overlay-gradient":""},"mobile":{"background-color":"","background-image":"","background-repeat":"repeat","background-position":"center center","background-size":"auto","background-attachment":"scroll","background-type":"","background-media":"","overlay-type":"","overlay-color":"","overlay-opacity":"","overlay-gradient":""}},"ast-content-background-meta":{"desktop":{"background-color":"var(--ast-global-color-5)","background-image":"","background-repeat":"repeat","background-position":"center center","background-size":"auto","background-attachment":"scroll","background-type":"","background-media":"","overlay-type":"","overlay-color":"","overlay-opacity":"","overlay-gradient":""},"tablet":{"background-color":"var(--ast-global-color-5)","background-image":"","background-repeat":"repeat","background-position":"center center","background-size":"auto","background-attachment":"scroll","background-type":"","background-media":"","overlay-type":"","overlay-color":"","overlay-opacity":"","overlay-gradient":""},"mobile":{"background-color":"var(--ast-global-color-5)","background-image":"","background-repeat":"repeat","background-position":"center center","background-size":"auto","background-attachment":"scroll","background-type":"","background-media":"","overlay-type":"","overlay-color":"","overlay-opacity":"","overlay-gradient":""}},"footnotes":""},"class_list":["post-1345","page","type-page","status-publish","hentry"],"yoast_head":"<!-- This site is optimized with the Yoast SEO plugin v25.9 - https:\/\/yoast.com\/wordpress\/plugins\/seo\/ -->\n<title>Curiosit\u00e9s et lieux culturels \u00e0 Linz<\/title>\n<meta name=\"description\" content=\"Principales attractions de Linz : ARS Electronica Center \ud83e\udd16 - Mus\u00e9e d&#039;art Lentos \ud83c\udfa8 - Mus\u00e9e du ch\u00e2teau \ud83c\udff0 - Vieille cath\u00e9drale - Place principale - P\u00f6stlingberg\" \/>\n<meta name=\"robots\" content=\"index, follow, max-snippet:-1, max-image-preview:large, max-video-preview:-1\" \/>\n<link rel=\"canonical\" href=\"https:\/\/linz-hotel.at\/fr\/destination-linz\/\" \/>\n<meta property=\"og:locale\" content=\"fr_FR\" \/>\n<meta property=\"og:type\" content=\"article\" \/>\n<meta property=\"og:title\" content=\"Curiosit\u00e9s et lieux culturels \u00e0 Linz\" \/>\n<meta property=\"og:description\" content=\"Principales attractions de Linz : ARS Electronica Center \ud83e\udd16 - Mus\u00e9e d&#039;art Lentos \ud83c\udfa8 - Mus\u00e9e du ch\u00e2teau \ud83c\udff0 - Vieille cath\u00e9drale - Place principale - P\u00f6stlingberg\" \/>\n<meta property=\"og:url\" content=\"https:\/\/linz-hotel.at\/fr\/destination-linz\/\" \/>\n<meta property=\"og:site_name\" content=\"Hotel Schwarzer B\u00e4r Linz\" \/>\n<meta property=\"article:publisher\" content=\"https:\/\/www.facebook.com\/schwarzerbaer\" \/>\n<meta property=\"article:modified_time\" content=\"2024-02-04T10:56:05+00:00\" \/>\n<meta name=\"twitter:card\" content=\"summary_large_image\" \/>\n<meta name=\"twitter:label1\" content=\"Dur\u00e9e de lecture estim\u00e9e\" \/>\n\t<meta name=\"twitter:data1\" content=\"2 minutes\" \/>\n<script type=\"application\/ld+json\" class=\"yoast-schema-graph\">{\"@context\":\"https:\/\/schema.org\",\"@graph\":[{\"@type\":\"WebPage\",\"@id\":\"https:\/\/linz-hotel.at\/fr\/destination-linz\/\",\"url\":\"https:\/\/linz-hotel.at\/fr\/destination-linz\/\",\"name\":\"Curiosit\u00e9s et lieux culturels \u00e0 Linz\",\"isPartOf\":{\"@id\":\"https:\/\/linz-hotel.at\/fr\/#website\"},\"datePublished\":\"2023-06-14T08:49:07+00:00\",\"dateModified\":\"2024-02-04T10:56:05+00:00\",\"description\":\"Principales attractions de Linz : ARS Electronica Center \ud83e\udd16 - Mus\u00e9e d'art Lentos \ud83c\udfa8 - Mus\u00e9e du ch\u00e2teau \ud83c\udff0 - Vieille cath\u00e9drale - Place principale - P\u00f6stlingberg\",\"breadcrumb\":{\"@id\":\"https:\/\/linz-hotel.at\/fr\/destination-linz\/#breadcrumb\"},\"inLanguage\":\"fr-FR\",\"potentialAction\":[{\"@type\":\"ReadAction\",\"target\":[\"https:\/\/linz-hotel.at\/fr\/destination-linz\/\"]}]},{\"@type\":\"BreadcrumbList\",\"@id\":\"https:\/\/linz-hotel.at\/fr\/destination-linz\/#breadcrumb\",\"itemListElement\":[{\"@type\":\"ListItem\",\"position\":1,\"name\":\"Startseite\",\"item\":\"https:\/\/linz-hotel.at\/fr\/\"},{\"@type\":\"ListItem\",\"position\":2,\"name\":\"Destination Linz\"}]},{\"@type\":\"WebSite\",\"@id\":\"https:\/\/linz-hotel.at\/fr\/#website\",\"url\":\"https:\/\/linz-hotel.at\/fr\/\",\"name\":\"Hotel Schwarzer B\u00e4r Linz\",\"description\":\"Hotel Schwarzer B\u00e4r Linz\",\"potentialAction\":[{\"@type\":\"SearchAction\",\"target\":{\"@type\":\"EntryPoint\",\"urlTemplate\":\"https:\/\/linz-hotel.at\/fr\/?s={search_term_string}\"},\"query-input\":{\"@type\":\"PropertyValueSpecification\",\"valueRequired\":true,\"valueName\":\"search_term_string\"}}],\"inLanguage\":\"fr-FR\"}]}<\/script>\n<!-- \/ Yoast SEO plugin. -->","yoast_head_json":{"title":"Curiosit\u00e9s et lieux culturels \u00e0 Linz","description":"Principales attractions de Linz : ARS Electronica Center \ud83e\udd16 - Mus\u00e9e d'art Lentos \ud83c\udfa8 - Mus\u00e9e du ch\u00e2teau \ud83c\udff0 - Vieille cath\u00e9drale - Place principale - P\u00f6stlingberg","robots":{"index":"index","follow":"follow","max-snippet":"max-snippet:-1","max-image-preview":"max-image-preview:large","max-video-preview":"max-video-preview:-1"},"canonical":"https:\/\/linz-hotel.at\/fr\/destination-linz\/","og_locale":"fr_FR","og_type":"article","og_title":"Curiosit\u00e9s et lieux culturels \u00e0 Linz","og_description":"Principales attractions de Linz : ARS Electronica Center \ud83e\udd16 - Mus\u00e9e d'art Lentos \ud83c\udfa8 - Mus\u00e9e du ch\u00e2teau \ud83c\udff0 - Vieille cath\u00e9drale - Place principale - P\u00f6stlingberg","og_url":"https:\/\/linz-hotel.at\/fr\/destination-linz\/","og_site_name":"Hotel Schwarzer B\u00e4r Linz","article_publisher":"https:\/\/www.facebook.com\/schwarzerbaer","article_modified_time":"2024-02-04T10:56:05+00:00","twitter_card":"summary_large_image","twitter_misc":{"Dur\u00e9e de lecture estim\u00e9e":"2 minutes"},"schema":{"@context":"https:\/\/schema.org","@graph":[{"@type":"WebPage","@id":"https:\/\/linz-hotel.at\/fr\/destination-linz\/","url":"https:\/\/linz-hotel.at\/fr\/destination-linz\/","name":"Curiosit\u00e9s et lieux culturels \u00e0 Linz","isPartOf":{"@id":"https:\/\/linz-hotel.at\/fr\/#website"},"datePublished":"2023-06-14T08:49:07+00:00","dateModified":"2024-02-04T10:56:05+00:00","description":"Principales attractions de Linz : ARS Electronica Center \ud83e\udd16 - Mus\u00e9e d'art Lentos \ud83c\udfa8 - Mus\u00e9e du ch\u00e2teau \ud83c\udff0 - Vieille cath\u00e9drale - Place principale - P\u00f6stlingberg","breadcrumb":{"@id":"https:\/\/linz-hotel.at\/fr\/destination-linz\/#breadcrumb"},"inLanguage":"fr-FR","potentialAction":[{"@type":"ReadAction","target":["https:\/\/linz-hotel.at\/fr\/destination-linz\/"]}]},{"@type":"BreadcrumbList","@id":"https:\/\/linz-hotel.at\/fr\/destination-linz\/#breadcrumb","itemListElement":[{"@type":"ListItem","position":1,"name":"Startseite","item":"https:\/\/linz-hotel.at\/fr\/"},{"@type":"ListItem","position":2,"name":"Destination Linz"}]},{"@type":"WebSite","@id":"https:\/\/linz-hotel.at\/fr\/#website","url":"https:\/\/linz-hotel.at\/fr\/","name":"Hotel Schwarzer B\u00e4r Linz","description":"Hotel Schwarzer B\u00e4r Linz","potentialAction":[{"@type":"SearchAction","target":{"@type":"EntryPoint","urlTemplate":"https:\/\/linz-hotel.at\/fr\/?s={search_term_string}"},"query-input":{"@type":"PropertyValueSpecification","valueRequired":true,"valueName":"search_term_string"}}],"inLanguage":"fr-FR"}]}},"_links":{"self":[{"href":"https:\/\/linz-hotel.at\/fr\/wp-json\/wp\/v2\/pages\/1345","targetHints":{"allow":["GET"]}}],"collection":[{"href":"https:\/\/linz-hotel.at\/fr\/wp-json\/wp\/v2\/pages"}],"about":[{"href":"https:\/\/linz-hotel.at\/fr\/wp-json\/wp\/v2\/types\/page"}],"author":[{"embeddable":true,"href":"https:\/\/linz-hotel.at\/fr\/wp-json\/wp\/v2\/users\/1"}],"replies":[{"embeddable":true,"href":"https:\/\/linz-hotel.at\/fr\/wp-json\/wp\/v2\/comments?post=1345"}],"version-history":[{"count":2,"href":"https:\/\/linz-hotel.at\/fr\/wp-json\/wp\/v2\/pages\/1345\/revisions"}],"predecessor-version":[{"id":1359,"href":"https:\/\/linz-hotel.at\/fr\/wp-json\/wp\/v2\/pages\/1345\/revisions\/1359"}],"wp:attachment":[{"href":"https:\/\/linz-hotel.at\/fr\/wp-json\/wp\/v2\/media?parent=1345"}],"curies":[{"name":"wp","href":"https:\/\/api.w.org\/{rel}","templated":true}]}}