{"id":1328,"date":"2023-06-27T10:14:15","date_gmt":"2023-06-27T08:14:15","guid":{"rendered":"https:\/\/linz-hotel.at\/rooftop7-bar\/"},"modified":"2024-02-04T11:56:04","modified_gmt":"2024-02-04T10:56:04","slug":"rooftop7-bar","status":"publish","type":"page","link":"https:\/\/linz-hotel.at\/fr\/rooftop7-bar\/","title":{"rendered":"ROOFTOP7 Bar"},"content":{"rendered":"\t\t<div data-elementor-type=\"wp-page\" data-elementor-id=\"1328\" class=\"elementor elementor-1328 elementor-540\">\n\t\t\t\t\t\t<section class=\"elementor-section elementor-top-section elementor-element elementor-element-13127e9 elementor-hidden-mobile elementor-section-boxed elementor-section-height-default elementor-section-height-default\" data-id=\"13127e9\" data-element_type=\"section\" data-settings=\"{&quot;background_background&quot;:&quot;classic&quot;}\">\n\t\t\t\t\t\t<div class=\"elementor-container elementor-column-gap-default\">\n\t\t\t\t\t<div class=\"elementor-column elementor-col-100 elementor-top-column elementor-element elementor-element-12e2673\" data-id=\"12e2673\" data-element_type=\"column\">\n\t\t\t<div class=\"elementor-widget-wrap\">\n\t\t\t\t\t\t\t<\/div>\n\t\t<\/div>\n\t\t\t\t\t<\/div>\n\t\t<\/section>\n\t\t\t\t<section class=\"elementor-section elementor-top-section elementor-element elementor-element-8291230 elementor-section-boxed elementor-section-height-default elementor-section-height-default\" data-id=\"8291230\" data-element_type=\"section\">\n\t\t\t\t\t\t<div class=\"elementor-container elementor-column-gap-default\">\n\t\t\t\t\t<div class=\"elementor-column elementor-col-100 elementor-top-column elementor-element elementor-element-04e2a0c\" data-id=\"04e2a0c\" data-element_type=\"column\">\n\t\t\t<div class=\"elementor-widget-wrap elementor-element-populated\">\n\t\t\t\t\t\t<div class=\"elementor-element elementor-element-66e5c6d elementor-widget elementor-widget-image\" data-id=\"66e5c6d\" data-element_type=\"widget\" data-widget_type=\"image.default\">\n\t\t\t\t<div class=\"elementor-widget-container\">\n\t\t\t\t\t\t\t\t\t\t\t\t\t\t\t<img fetchpriority=\"high\" decoding=\"async\" width=\"1024\" height=\"446\" src=\"https:\/\/linz-hotel.at\/wp-content\/uploads\/rooftop-7-header-1-1024x446.jpg\" class=\"attachment-large size-large wp-image-1335\" alt=\"\" srcset=\"https:\/\/linz-hotel.at\/wp-content\/uploads\/rooftop-7-header-1-1024x446.jpg 1024w, https:\/\/linz-hotel.at\/wp-content\/uploads\/rooftop-7-header-1-300x131.jpg 300w, https:\/\/linz-hotel.at\/wp-content\/uploads\/rooftop-7-header-1-768x334.jpg 768w, https:\/\/linz-hotel.at\/wp-content\/uploads\/rooftop-7-header-1.jpg 1220w\" sizes=\"(max-width: 1024px) 100vw, 1024px\" \/>\t\t\t\t\t\t\t\t\t\t\t\t\t\t\t<\/div>\n\t\t\t\t<\/div>\n\t\t\t\t\t<\/div>\n\t\t<\/div>\n\t\t\t\t\t<\/div>\n\t\t<\/section>\n\t\t\t\t<section class=\"elementor-section elementor-top-section elementor-element elementor-element-c9286d2 elementor-section-boxed elementor-section-height-default elementor-section-height-default\" data-id=\"c9286d2\" data-element_type=\"section\">\n\t\t\t\t\t\t<div class=\"elementor-container elementor-column-gap-default\">\n\t\t\t\t\t<div class=\"elementor-column elementor-col-100 elementor-top-column elementor-element elementor-element-b996a93\" data-id=\"b996a93\" data-element_type=\"column\">\n\t\t\t<div class=\"elementor-widget-wrap elementor-element-populated\">\n\t\t\t\t\t\t<div class=\"elementor-element elementor-element-047ed35 elementor-widget elementor-widget-heading\" data-id=\"047ed35\" data-element_type=\"widget\" data-widget_type=\"heading.default\">\n\t\t\t\t<div class=\"elementor-widget-container\">\n\t\t\t\t\t<h1 class=\"elementor-heading-title elementor-size-default\">Rooftop7 Bar - Linz<\/h1>\t\t\t\t<\/div>\n\t\t\t\t<\/div>\n\t\t\t\t<div class=\"elementor-element elementor-element-6846efb elementor-widget elementor-widget-heading\" data-id=\"6846efb\" data-element_type=\"widget\" data-widget_type=\"heading.default\">\n\t\t\t\t<div class=\"elementor-widget-container\">\n\t\t\t\t\t<h2 class=\"elementor-heading-title elementor-size-default\">~ La tradition rencontre la modernit\u00e9 ! ~<\/h2>\t\t\t\t<\/div>\n\t\t\t\t<\/div>\n\t\t\t\t<div class=\"elementor-element elementor-element-0b42e8b elementor-widget elementor-widget-text-editor\" data-id=\"0b42e8b\" data-element_type=\"widget\" data-widget_type=\"text-editor.default\">\n\t\t\t\t<div class=\"elementor-widget-container\">\n\t\t\t\t\t\t\t\t\t<p>Ce qui est devenu depuis longtemps une tendance internationale se retrouve d\u00e9sormais \u00e0 Linz.<\/p>\n<p>Sur le toit-terrasse du prestigieux h\u00f4tel du centre-ville, l&rsquo;H\u00f4tel Schwarzer B\u00e4r, le propre rooftop bar de Linz est devenu l&rsquo;un des endroits les plus branch\u00e9s. Gr\u00e2ce \u00e0 son excellent emplacement au c\u0153ur de la ville, les h\u00f4tes ont une vue imprenable sur la nouvelle cath\u00e9drale, le P\u00f6stlingberg et d&rsquo;autres points forts.<\/p>\n<p>On y sert aussi bien des boissons sans alcool que des long drinks, du vin et du champagne.<\/p>\n<p>En outre, le Rooftop7 est devenu un lieu de pr\u00e9dilection pour les plaisirs culinaires. Les steaks de rib eye ou les filets de truite pr\u00e9par\u00e9s sur le gill nouvellement int\u00e9gr\u00e9 raviront m\u00eame les plus fins gourmets.<\/p>\n<p>Une visite chez nous ne vaut pas seulement la peine \u00e0 la belle saison, le bar du centre-ville de Linz offre \u00e9galement un cadre id\u00e9al pour une soir\u00e9e agr\u00e9able en hiver gr\u00e2ce \u00e0 un nouveau confinement, au chauffage au sol et aux radiateurs.<\/p>\n\t\t\t\t\t\t\t\t<\/div>\n\t\t\t\t<\/div>\n\t\t\t\t<div class=\"elementor-element elementor-element-cba2860 elementor-align-center elementor-widget elementor-widget-button\" data-id=\"cba2860\" data-element_type=\"widget\" data-widget_type=\"button.default\">\n\t\t\t\t<div class=\"elementor-widget-container\">\n\t\t\t\t\t\t\t\t\t<div class=\"elementor-button-wrapper\">\n\t\t\t\t\t<a class=\"elementor-button elementor-button-link elementor-size-md\" href=\"https:\/\/linz-hotel.at\/wp-content\/uploads\/speisekarte-rooftop7-hotel-schwarzer-baer.pdf\">\n\t\t\t\t\t\t<span class=\"elementor-button-content-wrapper\">\n\t\t\t\t\t\t\t\t\t<span class=\"elementor-button-text\">ici vous trouverez le menu<\/span>\n\t\t\t\t\t<\/span>\n\t\t\t\t\t<\/a>\n\t\t\t\t<\/div>\n\t\t\t\t\t\t\t\t<\/div>\n\t\t\t\t<\/div>\n\t\t\t\t\t<\/div>\n\t\t<\/div>\n\t\t\t\t\t<\/div>\n\t\t<\/section>\n\t\t\t\t<section class=\"elementor-section elementor-top-section elementor-element elementor-element-25c8551 elementor-section-boxed elementor-section-height-default elementor-section-height-default\" data-id=\"25c8551\" data-element_type=\"section\" data-settings=\"{&quot;background_background&quot;:&quot;classic&quot;}\">\n\t\t\t\t\t\t<div class=\"elementor-container elementor-column-gap-default\">\n\t\t\t\t\t<div class=\"elementor-column elementor-col-50 elementor-top-column elementor-element elementor-element-a0bb8bf\" data-id=\"a0bb8bf\" data-element_type=\"column\">\n\t\t\t<div class=\"elementor-widget-wrap elementor-element-populated\">\n\t\t\t\t\t\t<div class=\"elementor-element elementor-element-27cb8f7 elementor-widget elementor-widget-text-editor\" data-id=\"27cb8f7\" data-element_type=\"widget\" data-widget_type=\"text-editor.default\">\n\t\t\t\t<div class=\"elementor-widget-container\">\n\t\t\t\t\t\t\t\t\t<p style=\"text-align: center;\"><strong><br \/><\/strong><span style=\"text-decoration: underline;\">Horaires d&rsquo;ouverture : <\/span><strong><br \/>Mardi \u00e0 samedi 17:00 &#8211; 24:00 <br \/><\/strong>(cuisine chaude jusqu&rsquo;\u00e0 23:00)<strong><br \/><\/strong><\/p>\n<p style=\"text-align: center;\"><span style=\"text-decoration: underline;\">R\u00e9servation de table :<\/span><br \/><strong>Par t\u00e9l\u00e9phone au 0732 77 24 77<\/strong><br \/><strong>ou par e-mail \u00e0 baer@linz-hotel.at<\/strong><\/p>\n\t\t\t\t\t\t\t\t<\/div>\n\t\t\t\t<\/div>\n\t\t\t\t<div class=\"elementor-element elementor-element-0045b6e elementor-widget elementor-widget-html\" data-id=\"0045b6e\" data-element_type=\"widget\" data-widget_type=\"html.default\">\n\t\t\t\t<div class=\"elementor-widget-container\">\n\t\t\t\t\t<center><div style=\"max-width: 540px; min-width: 150px; background: #f0f0f0\">\n<iframe src=\"https:\/\/www.falstaff.at\/service\/widget\/bar\/u\/30821\/\" style=\"width:100%\" frameborder=\"0\"><\/iframe>\n<div style=\"width: 100%; text-align: center; padding: 4px; line-height: 1.2em\"><a style=\"text-decoration: none; color:#CFB346;font-weight:700\" href=\"https:\/\/www.falstaff.com\/de\/bars\/zum-schwarzen-baeren\" target=\"_blank\">Bar \u00e0 cocktails Rooftop7 Bar \u00e9valuation sur Falstaff<\/a><\/div>\n<\/div><\/center>\t\t\t\t<\/div>\n\t\t\t\t<\/div>\n\t\t\t\t\t<\/div>\n\t\t<\/div>\n\t\t\t\t<div class=\"elementor-column elementor-col-50 elementor-top-column elementor-element elementor-element-b2d4330\" data-id=\"b2d4330\" data-element_type=\"column\">\n\t\t\t<div class=\"elementor-widget-wrap elementor-element-populated\">\n\t\t\t\t\t\t<div class=\"elementor-element elementor-element-6c3cab8 elementor-widget elementor-widget-image\" data-id=\"6c3cab8\" data-element_type=\"widget\" data-widget_type=\"image.default\">\n\t\t\t\t<div class=\"elementor-widget-container\">\n\t\t\t\t\t\t\t\t\t\t\t\t\t\t\t<img decoding=\"async\" width=\"650\" height=\"500\" src=\"https:\/\/linz-hotel.at\/wp-content\/uploads\/hotel-schwarzer-baer-rooftop7-bar.jpg\" class=\"attachment-large size-large wp-image-1333\" alt=\"\" srcset=\"https:\/\/linz-hotel.at\/wp-content\/uploads\/hotel-schwarzer-baer-rooftop7-bar.jpg 650w, https:\/\/linz-hotel.at\/wp-content\/uploads\/hotel-schwarzer-baer-rooftop7-bar-300x231.jpg 300w\" sizes=\"(max-width: 650px) 100vw, 650px\" \/>\t\t\t\t\t\t\t\t\t\t\t\t\t\t\t<\/div>\n\t\t\t\t<\/div>\n\t\t\t\t\t<\/div>\n\t\t<\/div>\n\t\t\t\t\t<\/div>\n\t\t<\/section>\n\t\t\t\t<section class=\"elementor-section elementor-top-section elementor-element elementor-element-2fe9be5 elementor-section-boxed elementor-section-height-default elementor-section-height-default\" data-id=\"2fe9be5\" data-element_type=\"section\">\n\t\t\t\t\t\t<div class=\"elementor-container elementor-column-gap-default\">\n\t\t\t\t\t<div class=\"elementor-column elementor-col-100 elementor-top-column elementor-element elementor-element-36f8744\" data-id=\"36f8744\" data-element_type=\"column\">\n\t\t\t<div class=\"elementor-widget-wrap elementor-element-populated\">\n\t\t\t\t\t\t<div class=\"elementor-element elementor-element-3417ac7 elementor-widget elementor-widget-spacer\" data-id=\"3417ac7\" data-element_type=\"widget\" data-widget_type=\"spacer.default\">\n\t\t\t\t<div class=\"elementor-widget-container\">\n\t\t\t\t\t\t\t<div class=\"elementor-spacer\">\n\t\t\t<div class=\"elementor-spacer-inner\"><\/div>\n\t\t<\/div>\n\t\t\t\t\t\t<\/div>\n\t\t\t\t<\/div>\n\t\t\t\t\t<\/div>\n\t\t<\/div>\n\t\t\t\t\t<\/div>\n\t\t<\/section>\n\t\t\t\t<\/div>\n\t\t","protected":false},"excerpt":{"rendered":"<p>Rooftop7 Bar &#8211; Linz ~ La tradition rencontre la modernit\u00e9 ! ~ Ce qui est devenu depuis longtemps une tendance internationale se retrouve d\u00e9sormais \u00e0 Linz. Sur le toit-terrasse du prestigieux h\u00f4tel du centre-ville, l&rsquo;H\u00f4tel Schwarzer B\u00e4r, le propre rooftop bar de Linz est devenu l&rsquo;un des endroits les plus branch\u00e9s. Gr\u00e2ce \u00e0 son excellent [&hellip;]<\/p>\n","protected":false},"author":1,"featured_media":0,"parent":0,"menu_order":0,"comment_status":"closed","ping_status":"closed","template":"","meta":{"site-sidebar-layout":"no-sidebar","site-content-layout":"page-builder","ast-site-content-layout":"default","site-content-style":"default","site-sidebar-style":"default","ast-global-header-display":"","ast-banner-title-visibility":"","ast-main-header-display":"","ast-hfb-above-header-display":"","ast-hfb-below-header-display":"","ast-hfb-mobile-header-display":"","site-post-title":"disabled","ast-breadcrumbs-content":"","ast-featured-img":"disabled","footer-sml-layout":"","theme-transparent-header-meta":"disabled","adv-header-id-meta":"","stick-header-meta":"","header-above-stick-meta":"","header-main-stick-meta":"","header-below-stick-meta":"","astra-migrate-meta-layouts":"default","ast-page-background-enabled":"default","ast-page-background-meta":{"desktop":{"background-color":"var(--ast-global-color-4)","background-image":"","background-repeat":"repeat","background-position":"center center","background-size":"auto","background-attachment":"scroll","background-type":"","background-media":"","overlay-type":"","overlay-color":"","overlay-opacity":"","overlay-gradient":""},"tablet":{"background-color":"","background-image":"","background-repeat":"repeat","background-position":"center center","background-size":"auto","background-attachment":"scroll","background-type":"","background-media":"","overlay-type":"","overlay-color":"","overlay-opacity":"","overlay-gradient":""},"mobile":{"background-color":"","background-image":"","background-repeat":"repeat","background-position":"center center","background-size":"auto","background-attachment":"scroll","background-type":"","background-media":"","overlay-type":"","overlay-color":"","overlay-opacity":"","overlay-gradient":""}},"ast-content-background-meta":{"desktop":{"background-color":"var(--ast-global-color-5)","background-image":"","background-repeat":"repeat","background-position":"center center","background-size":"auto","background-attachment":"scroll","background-type":"","background-media":"","overlay-type":"","overlay-color":"","overlay-opacity":"","overlay-gradient":""},"tablet":{"background-color":"var(--ast-global-color-5)","background-image":"","background-repeat":"repeat","background-position":"center center","background-size":"auto","background-attachment":"scroll","background-type":"","background-media":"","overlay-type":"","overlay-color":"","overlay-opacity":"","overlay-gradient":""},"mobile":{"background-color":"var(--ast-global-color-5)","background-image":"","background-repeat":"repeat","background-position":"center center","background-size":"auto","background-attachment":"scroll","background-type":"","background-media":"","overlay-type":"","overlay-color":"","overlay-opacity":"","overlay-gradient":""}},"footnotes":""},"class_list":["post-1328","page","type-page","status-publish","hentry"],"yoast_head":"<!-- This site is optimized with the Yoast SEO plugin v25.9 - https:\/\/yoast.com\/wordpress\/plugins\/seo\/ -->\n<title>Rooftop7 Bar Linz - un bar avec une vue magnifique<\/title>\n<meta name=\"description\" content=\"Au Rooftop7 Bar Linz, profitez de la vue sur la ville. D\u00e9tendez-vous maintenant avec des plaisirs exquis sur les toits de Linz.\" \/>\n<meta name=\"robots\" content=\"index, follow, max-snippet:-1, max-image-preview:large, max-video-preview:-1\" \/>\n<link rel=\"canonical\" href=\"https:\/\/linz-hotel.at\/fr\/rooftop7-bar\/\" \/>\n<meta property=\"og:locale\" content=\"fr_FR\" \/>\n<meta property=\"og:type\" content=\"article\" \/>\n<meta property=\"og:title\" content=\"Rooftop7 Bar Linz - un bar avec une vue magnifique\" \/>\n<meta property=\"og:description\" content=\"Au Rooftop7 Bar Linz, profitez de la vue sur la ville. D\u00e9tendez-vous maintenant avec des plaisirs exquis sur les toits de Linz.\" \/>\n<meta property=\"og:url\" content=\"https:\/\/linz-hotel.at\/fr\/rooftop7-bar\/\" \/>\n<meta property=\"og:site_name\" content=\"Hotel Schwarzer B\u00e4r Linz\" \/>\n<meta property=\"article:publisher\" content=\"https:\/\/www.facebook.com\/schwarzerbaer\" \/>\n<meta property=\"article:modified_time\" content=\"2024-02-04T10:56:04+00:00\" \/>\n<meta property=\"og:image\" content=\"https:\/\/linz-hotel.at\/wp-content\/uploads\/rooftop-7-header-1-1024x446.jpg\" \/>\n<meta name=\"twitter:card\" content=\"summary_large_image\" \/>\n<meta name=\"twitter:label1\" content=\"Dur\u00e9e de lecture estim\u00e9e\" \/>\n\t<meta name=\"twitter:data1\" content=\"1 minute\" \/>\n<script type=\"application\/ld+json\" class=\"yoast-schema-graph\">{\"@context\":\"https:\/\/schema.org\",\"@graph\":[{\"@type\":\"WebPage\",\"@id\":\"https:\/\/linz-hotel.at\/fr\/rooftop7-bar\/\",\"url\":\"https:\/\/linz-hotel.at\/fr\/rooftop7-bar\/\",\"name\":\"Rooftop7 Bar Linz - un bar avec une vue magnifique\",\"isPartOf\":{\"@id\":\"https:\/\/linz-hotel.at\/fr\/#website\"},\"primaryImageOfPage\":{\"@id\":\"https:\/\/linz-hotel.at\/fr\/rooftop7-bar\/#primaryimage\"},\"image\":{\"@id\":\"https:\/\/linz-hotel.at\/fr\/rooftop7-bar\/#primaryimage\"},\"thumbnailUrl\":\"https:\/\/linz-hotel.at\/wp-content\/uploads\/rooftop-7-header-1-1024x446.jpg\",\"datePublished\":\"2023-06-27T08:14:15+00:00\",\"dateModified\":\"2024-02-04T10:56:04+00:00\",\"description\":\"Au Rooftop7 Bar Linz, profitez de la vue sur la ville. D\u00e9tendez-vous maintenant avec des plaisirs exquis sur les toits de Linz.\",\"breadcrumb\":{\"@id\":\"https:\/\/linz-hotel.at\/fr\/rooftop7-bar\/#breadcrumb\"},\"inLanguage\":\"fr-FR\",\"potentialAction\":[{\"@type\":\"ReadAction\",\"target\":[\"https:\/\/linz-hotel.at\/fr\/rooftop7-bar\/\"]}]},{\"@type\":\"ImageObject\",\"inLanguage\":\"fr-FR\",\"@id\":\"https:\/\/linz-hotel.at\/fr\/rooftop7-bar\/#primaryimage\",\"url\":\"https:\/\/linz-hotel.at\/wp-content\/uploads\/rooftop-7-header-1-1024x446.jpg\",\"contentUrl\":\"https:\/\/linz-hotel.at\/wp-content\/uploads\/rooftop-7-header-1-1024x446.jpg\"},{\"@type\":\"BreadcrumbList\",\"@id\":\"https:\/\/linz-hotel.at\/fr\/rooftop7-bar\/#breadcrumb\",\"itemListElement\":[{\"@type\":\"ListItem\",\"position\":1,\"name\":\"Startseite\",\"item\":\"https:\/\/linz-hotel.at\/fr\/\"},{\"@type\":\"ListItem\",\"position\":2,\"name\":\"ROOFTOP7 Bar\"}]},{\"@type\":\"WebSite\",\"@id\":\"https:\/\/linz-hotel.at\/fr\/#website\",\"url\":\"https:\/\/linz-hotel.at\/fr\/\",\"name\":\"Hotel Schwarzer B\u00e4r Linz\",\"description\":\"Hotel Schwarzer B\u00e4r Linz\",\"potentialAction\":[{\"@type\":\"SearchAction\",\"target\":{\"@type\":\"EntryPoint\",\"urlTemplate\":\"https:\/\/linz-hotel.at\/fr\/?s={search_term_string}\"},\"query-input\":{\"@type\":\"PropertyValueSpecification\",\"valueRequired\":true,\"valueName\":\"search_term_string\"}}],\"inLanguage\":\"fr-FR\"}]}<\/script>\n<!-- \/ Yoast SEO plugin. -->","yoast_head_json":{"title":"Rooftop7 Bar Linz - un bar avec une vue magnifique","description":"Au Rooftop7 Bar Linz, profitez de la vue sur la ville. D\u00e9tendez-vous maintenant avec des plaisirs exquis sur les toits de Linz.","robots":{"index":"index","follow":"follow","max-snippet":"max-snippet:-1","max-image-preview":"max-image-preview:large","max-video-preview":"max-video-preview:-1"},"canonical":"https:\/\/linz-hotel.at\/fr\/rooftop7-bar\/","og_locale":"fr_FR","og_type":"article","og_title":"Rooftop7 Bar Linz - un bar avec une vue magnifique","og_description":"Au Rooftop7 Bar Linz, profitez de la vue sur la ville. D\u00e9tendez-vous maintenant avec des plaisirs exquis sur les toits de Linz.","og_url":"https:\/\/linz-hotel.at\/fr\/rooftop7-bar\/","og_site_name":"Hotel Schwarzer B\u00e4r Linz","article_publisher":"https:\/\/www.facebook.com\/schwarzerbaer","article_modified_time":"2024-02-04T10:56:04+00:00","og_image":[{"url":"https:\/\/linz-hotel.at\/wp-content\/uploads\/rooftop-7-header-1-1024x446.jpg","type":"","width":"","height":""}],"twitter_card":"summary_large_image","twitter_misc":{"Dur\u00e9e de lecture estim\u00e9e":"1 minute"},"schema":{"@context":"https:\/\/schema.org","@graph":[{"@type":"WebPage","@id":"https:\/\/linz-hotel.at\/fr\/rooftop7-bar\/","url":"https:\/\/linz-hotel.at\/fr\/rooftop7-bar\/","name":"Rooftop7 Bar Linz - un bar avec une vue magnifique","isPartOf":{"@id":"https:\/\/linz-hotel.at\/fr\/#website"},"primaryImageOfPage":{"@id":"https:\/\/linz-hotel.at\/fr\/rooftop7-bar\/#primaryimage"},"image":{"@id":"https:\/\/linz-hotel.at\/fr\/rooftop7-bar\/#primaryimage"},"thumbnailUrl":"https:\/\/linz-hotel.at\/wp-content\/uploads\/rooftop-7-header-1-1024x446.jpg","datePublished":"2023-06-27T08:14:15+00:00","dateModified":"2024-02-04T10:56:04+00:00","description":"Au Rooftop7 Bar Linz, profitez de la vue sur la ville. D\u00e9tendez-vous maintenant avec des plaisirs exquis sur les toits de Linz.","breadcrumb":{"@id":"https:\/\/linz-hotel.at\/fr\/rooftop7-bar\/#breadcrumb"},"inLanguage":"fr-FR","potentialAction":[{"@type":"ReadAction","target":["https:\/\/linz-hotel.at\/fr\/rooftop7-bar\/"]}]},{"@type":"ImageObject","inLanguage":"fr-FR","@id":"https:\/\/linz-hotel.at\/fr\/rooftop7-bar\/#primaryimage","url":"https:\/\/linz-hotel.at\/wp-content\/uploads\/rooftop-7-header-1-1024x446.jpg","contentUrl":"https:\/\/linz-hotel.at\/wp-content\/uploads\/rooftop-7-header-1-1024x446.jpg"},{"@type":"BreadcrumbList","@id":"https:\/\/linz-hotel.at\/fr\/rooftop7-bar\/#breadcrumb","itemListElement":[{"@type":"ListItem","position":1,"name":"Startseite","item":"https:\/\/linz-hotel.at\/fr\/"},{"@type":"ListItem","position":2,"name":"ROOFTOP7 Bar"}]},{"@type":"WebSite","@id":"https:\/\/linz-hotel.at\/fr\/#website","url":"https:\/\/linz-hotel.at\/fr\/","name":"Hotel Schwarzer B\u00e4r Linz","description":"Hotel Schwarzer B\u00e4r Linz","potentialAction":[{"@type":"SearchAction","target":{"@type":"EntryPoint","urlTemplate":"https:\/\/linz-hotel.at\/fr\/?s={search_term_string}"},"query-input":{"@type":"PropertyValueSpecification","valueRequired":true,"valueName":"search_term_string"}}],"inLanguage":"fr-FR"}]}},"_links":{"self":[{"href":"https:\/\/linz-hotel.at\/fr\/wp-json\/wp\/v2\/pages\/1328","targetHints":{"allow":["GET"]}}],"collection":[{"href":"https:\/\/linz-hotel.at\/fr\/wp-json\/wp\/v2\/pages"}],"about":[{"href":"https:\/\/linz-hotel.at\/fr\/wp-json\/wp\/v2\/types\/page"}],"author":[{"embeddable":true,"href":"https:\/\/linz-hotel.at\/fr\/wp-json\/wp\/v2\/users\/1"}],"replies":[{"embeddable":true,"href":"https:\/\/linz-hotel.at\/fr\/wp-json\/wp\/v2\/comments?post=1328"}],"version-history":[{"count":3,"href":"https:\/\/linz-hotel.at\/fr\/wp-json\/wp\/v2\/pages\/1328\/revisions"}],"predecessor-version":[{"id":1358,"href":"https:\/\/linz-hotel.at\/fr\/wp-json\/wp\/v2\/pages\/1328\/revisions\/1358"}],"wp:attachment":[{"href":"https:\/\/linz-hotel.at\/fr\/wp-json\/wp\/v2\/media?parent=1328"}],"curies":[{"name":"wp","href":"https:\/\/api.w.org\/{rel}","templated":true}]}}