{"id":1232,"date":"2023-06-14T09:54:07","date_gmt":"2023-06-14T07:54:07","guid":{"rendered":"https:\/\/linz-hotel.at\/mentions-legales-conditions-generales\/"},"modified":"2024-02-04T11:54:47","modified_gmt":"2024-02-04T10:54:47","slug":"mentions-legales-conditions-generales","status":"publish","type":"page","link":"https:\/\/linz-hotel.at\/fr\/mentions-legales-conditions-generales\/","title":{"rendered":"Mentions l\u00e9gales &amp; conditions g\u00e9n\u00e9rales"},"content":{"rendered":"\t\t<div data-elementor-type=\"wp-page\" data-elementor-id=\"1232\" class=\"elementor elementor-1232 elementor-246\">\n\t\t\t\t\t\t<section class=\"elementor-section elementor-top-section elementor-element elementor-element-d5b47ed elementor-section-boxed elementor-section-height-default elementor-section-height-default\" data-id=\"d5b47ed\" data-element_type=\"section\">\n\t\t\t\t\t\t<div class=\"elementor-container elementor-column-gap-default\">\n\t\t\t\t\t<div class=\"elementor-column elementor-col-100 elementor-top-column elementor-element elementor-element-8611f15\" data-id=\"8611f15\" data-element_type=\"column\">\n\t\t\t<div class=\"elementor-widget-wrap elementor-element-populated\">\n\t\t\t\t\t\t<div class=\"elementor-element elementor-element-9a9721d elementor-widget elementor-widget-spacer\" data-id=\"9a9721d\" data-element_type=\"widget\" data-widget_type=\"spacer.default\">\n\t\t\t\t<div class=\"elementor-widget-container\">\n\t\t\t\t\t\t\t<div class=\"elementor-spacer\">\n\t\t\t<div class=\"elementor-spacer-inner\"><\/div>\n\t\t<\/div>\n\t\t\t\t\t\t<\/div>\n\t\t\t\t<\/div>\n\t\t\t\t<div class=\"elementor-element elementor-element-89446b6 elementor-widget elementor-widget-text-editor\" data-id=\"89446b6\" data-element_type=\"widget\" data-widget_type=\"text-editor.default\">\n\t\t\t\t<div class=\"elementor-widget-container\">\n\t\t\t\t\t\t\t\t\t<h2>Mentions l\u00e9gales<\/h2>\n<p><strong>H\u00f4tel Schwarzer B\u00e4r GmbH<\/strong><br \/>Herrenstra\u00dfe 11, 4020 Linz<br \/>T\u00e9l. +43 (0)732 772477, Fax +43 (0)732 772477-47<br \/>baer@linz-hotel.at, www.linz-hotel.at<br \/>NUM\u00c9RO D&rsquo;IDENTIFICATION FISCALE : ATU 71183248<br \/>Membre de la Chambre \u00e9conomique de Haute-Autriche<br \/>Num\u00e9ro du registre du commerce : 455861i<br \/>Tribunal comp\u00e9tent Linz<\/p>\n<p><span style=\"text-decoration: underline;\">Droits d&rsquo;auteur \u00a9 2023 : H\u00f4tel Schwarzer B\u00e4r<\/span><br \/>Responsable du contenu : Hotel Schwarzer B\u00e4r<br \/>Le contenu du site Internet de l&rsquo;H\u00f4tel Schwarzer B\u00e4r est prot\u00e9g\u00e9 par les droits d&rsquo;auteur. La reproduction d&rsquo;informations, en particulier l&rsquo;utilisation de textes, de parties de textes ou d&rsquo;images, n\u00e9cessite l&rsquo;autorisation \u00e9crite pr\u00e9alable de l&rsquo;H\u00f4tel Schwarzer B\u00e4r. L&rsquo;h\u00f4tel Schwarzer B\u00e4r s&rsquo;efforce de veiller au mieux \u00e0 l&rsquo;exactitude des informations contenues dans ce site Internet. Nous d\u00e9clinons toutefois toute responsabilit\u00e9 ou garantie quant \u00e0 l&rsquo;actualit\u00e9, l&rsquo;exactitude et l&rsquo;exhaustivit\u00e9 des informations mises \u00e0 disposition. En outre, l&rsquo;h\u00f4tel Zum Schwarzen B\u00e4ren n&rsquo;est pas responsable du contenu des sites Internet externes reli\u00e9s par des hyperliens. L&rsquo;h\u00f4tel Schwarzer B\u00e4r se r\u00e9serve le droit de modifier ou de compl\u00e9ter sans pr\u00e9avis les informations mises \u00e0 disposition.<\/p>\n<p><span style=\"text-decoration: underline;\">T\u00c9MOIGNAGE :<\/span> H\u00f4tel Schwarzer B\u00e4r, Office du tourisme de Linz, O\u00d6.Tourismus<\/p>\n<h2>Conditions g\u00e9n\u00e9rales de vente pour l&rsquo;h\u00f4tellerie (CGVH)<\/h2>\n<p><a href=\"https:\/\/linz-hotel.at\/wp-content\/uploads\/agb-hotel-oesterreich.pdf\">FR &#8211; CONDITIONS G\u00c9N\u00c9RALES DE VENTE POUR L&rsquo;H\u00d4TELLERIE<\/a><\/p>\n<p><a href=\"https:\/\/linz-hotel.at\/wp-content\/uploads\/agb-hotel-oesterreich-englisch.pdf\">EN &#8211; GENERAL TERMS AND CONDITIONS FOR THE HOTEL INDUSTRY<\/a><\/p>\n<p><a href=\"https:\/\/linz-hotel.at\/wp-content\/uploads\/agb-hotel-oesterreich-cz.pdf\">CZ &#8211; V\u0160EOBECN\u00c9 OBCHODN\u00cd PODM\u00cdNKY PRO HOTELI\u00c9RSTV\u00cd<\/a><\/p>\n<p><a href=\"https:\/\/linz-hotel.at\/wp-content\/uploads\/agb-hotel-oesterreich-franzoesisch.pdf\">FR &#8211; CONDITIONS G\u00c9N\u00c9RALES POUR L&rsquo;H\u00d4TELLERIE<\/a><\/p>\n<h2>D\u00e9claration de confidentialit\u00e9<\/h2>\n<p>La protection de vos donn\u00e9es personnelles nous tient particuli\u00e8rement \u00e0 c\u0153ur. Nous traitons donc vos donn\u00e9es exclusivement sur la base des dispositions l\u00e9gales (RGPD, TKG 2003). Dans ces informations sur la protection des donn\u00e9es, nous vous informons sur les principaux aspects du traitement des donn\u00e9es dans le cadre de notre site web.<\/p>\n<p>Lorsque vous visitez notre site web, votre adresse IP, le d\u00e9but et la fin de la session sont enregistr\u00e9s pour la dur\u00e9e de cette session. Ceci est n\u00e9cessaire d&rsquo;un point de vue technique et constitue donc un int\u00e9r\u00eat l\u00e9gitime au sens de l&rsquo;article 6, paragraphe 1, point f) du RGPD. Sauf disposition contraire ci-apr\u00e8s, nous ne traitons pas ces donn\u00e9es ult\u00e9rieurement.<\/p>\n<p>Si vous prenez contact avec nous par le biais du formulaire sur le site web ou par e-mail, les donn\u00e9es que vous avez indiqu\u00e9es seront enregistr\u00e9es chez nous pendant six mois pour le traitement de la demande et en cas de questions de suivi. Nous ne transmettons pas ces donn\u00e9es sans votre consentement.<\/p>\n<h3>Stockage des donn\u00e9es<\/h3>\n<p>Nous attirons votre attention sur le fait que, dans le but de faciliter le processus d&rsquo;achat et l&rsquo;ex\u00e9cution ult\u00e9rieure du contrat, l&rsquo;exploitant de la boutique en ligne enregistre les donn\u00e9es IP du titulaire de la connexion dans le cadre de cookies, ainsi que le nom, l&rsquo;adresse et le num\u00e9ro de carte de cr\u00e9dit [&#8230;] de l&rsquo;acheteur.<\/p>\n<p>Les donn\u00e9es que vous fournissez sont n\u00e9cessaires \u00e0 l&rsquo;ex\u00e9cution du contrat ou \u00e0 la mise en \u0153uvre de mesures pr\u00e9contractuelles. Sans ces donn\u00e9es, nous ne pouvons pas conclure le contrat avec vous. Aucune donn\u00e9e n&rsquo;est transmise \u00e0 des tiers, \u00e0 l&rsquo;exception des donn\u00e9es de carte de cr\u00e9dit qui sont transmises aux \u00e9tablissements bancaires \/ prestataires de services de paiement charg\u00e9s du traitement de la commande pour le pr\u00e9l\u00e8vement du prix d&rsquo;achat, \u00e0 l&rsquo;entreprise de transport \/ d&rsquo;exp\u00e9dition que nous avons mandat\u00e9e pour la livraison de la marchandise ainsi qu&rsquo;\u00e0 notre conseiller fiscal pour remplir nos obligations fiscales.<\/p>\n<p>Apr\u00e8s l&rsquo;interruption du processus d&rsquo;achat, les donn\u00e9es enregistr\u00e9es chez nous sont supprim\u00e9es. En cas de conclusion d&rsquo;un contrat, toutes les donn\u00e9es issues de la relation contractuelle sont conserv\u00e9es jusqu&rsquo;\u00e0 l&rsquo;expiration du d\u00e9lai de conservation pr\u00e9vu par le droit fiscal (7 ans).<\/p>\n<p>Les donn\u00e9es relatives au nom, \u00e0 l&rsquo;adresse, aux marchandises achet\u00e9es et \u00e0 la date d&rsquo;achat sont en outre conserv\u00e9es jusqu&rsquo;\u00e0 l&rsquo;expiration de la responsabilit\u00e9 du fait des produits. Le traitement des donn\u00e9es est effectu\u00e9 sur la base des dispositions l\u00e9gales de l&rsquo;article 96, paragraphe 3, de la loi sur les t\u00e9l\u00e9communications (TKG) et de l&rsquo;article 6, paragraphe 1, point a) (consentement) et\/ou point b) (n\u00e9cessaire \u00e0 l&rsquo;ex\u00e9cution du contrat) du RGPD.<\/p>\n<h3>Outil de blocage des cookies<\/h3>\n<p>Nous utilisons l&rsquo;outil de consentement \u00ab\u00a0Real Cookie Banner\u00a0\u00bb pour g\u00e9rer les cookies et les technologies similaires utilis\u00e9es (pixels de suivi, balises web, etc.) et les consentements y aff\u00e9rents. Vous trouverez des d\u00e9tails sur le fonctionnement de \u00ab\u00a0Real Cookie Banner\u00a0\u00bb sur le site <a href=\"https:\/\/devowl.io\/de\/rcb\/datenverarbeitung\/\" target=\"_blank\" rel=\"noopener\">https:\/\/devowl.io\/de\/rcb\/datenverarbeitung\/.<\/a><\/p>\n<p>Les bases juridiques pour le traitement des donn\u00e9es \u00e0 caract\u00e8re personnel dans ce contexte sont l&rsquo;art. 6 al. 1 lit. c du RGPD et l&rsquo;article 6, paragraphe 1, du RGPD. 1 lit. f du RGPD. Notre int\u00e9r\u00eat l\u00e9gitime est de g\u00e9rer les cookies et technologies similaires utilis\u00e9s et les consentements y aff\u00e9rents.<\/p>\n<p>La mise \u00e0 disposition des donn\u00e9es personnelles n&rsquo;est ni prescrite contractuellement ni n\u00e9cessaire \u00e0 la conclusion d&rsquo;un contrat. Vous n&rsquo;\u00eates pas oblig\u00e9 de fournir les donn\u00e9es personnelles. Si vous ne fournissez pas les donn\u00e9es personnelles, nous ne pourrons pas g\u00e9rer vos consentements.<\/p>\n<h3>Cookies<\/h3>\n<p>Notre site web utilise ce que l&rsquo;on appelle des cookies. Il s&rsquo;agit de petits fichiers texte qui sont d\u00e9pos\u00e9s sur votre terminal \u00e0 l&rsquo;aide du navigateur. Ils ne font pas de d\u00e9g\u00e2ts.<\/p>\n<p>Nous utilisons des cookies pour rendre notre offre plus conviviale. Certains cookies restent enregistr\u00e9s sur votre terminal jusqu&rsquo;\u00e0 ce que vous les supprimiez. Ils nous permettent de reconna\u00eetre votre navigateur lors de votre prochaine visite.<\/p>\n<p>Si vous ne le souhaitez pas, vous pouvez configurer votre navigateur de mani\u00e8re \u00e0 ce qu&rsquo;il vous informe de l&rsquo;installation de cookies et que vous ne l&rsquo;autorisiez qu&rsquo;au cas par cas.<\/p>\n<p>Si vous d\u00e9sactivez les cookies, la fonctionnalit\u00e9 de notre site web peut \u00eatre limit\u00e9e.<\/p>\n<h3>Analyse du web<\/h3>\n<p>Notre site web utilise des fonctions du service d&rsquo;analyse web Google-Analytics. Pour ce faire, nous utilisons des cookies qui permettent d&rsquo;analyser l&rsquo;utilisation du site par vos utilisateurs. Les informations ainsi g\u00e9n\u00e9r\u00e9es sont transmises au serveur du fournisseur et y sont enregistr\u00e9es.<\/p>\n<p>Vous pouvez emp\u00eacher cela en configurant votre navigateur de mani\u00e8re \u00e0 ce qu&rsquo;aucun cookie ne soit enregistr\u00e9.<\/p>\n<p>Nous avons conclu un contrat correspondant avec le fournisseur pour le traitement des donn\u00e9es de commande.<\/p>\n<p>Votre adresse IP est collect\u00e9e, mais imm\u00e9diatement pseudonymis\u00e9e. De ce fait, seule une localisation approximative est d\u00e9sormais possible.<\/p>\n<p>Le traitement des donn\u00e9es est effectu\u00e9 sur la base des dispositions l\u00e9gales de l&rsquo;article 96, paragraphe 3, de la loi sur les t\u00e9l\u00e9communications (TKG) et de l&rsquo;article 6, paragraphe 1, point a) (consentement) et\/ou f) (int\u00e9r\u00eat l\u00e9gitime) du RGPD.<\/p>\n<p>Notre pr\u00e9occupation au sens du RGPD (int\u00e9r\u00eat l\u00e9gitime) est d&rsquo;am\u00e9liorer notre offre et notre pr\u00e9sence sur le web. Comme la vie priv\u00e9e de nos utilisateurs est importante pour nous, les donn\u00e9es des utilisateurs sont pseudonymis\u00e9es.<\/p>\n<h3>Bulletin d&rsquo;information<\/h3>\n<p>Vous avez la possibilit\u00e9 de vous abonner \u00e0 notre newsletter via notre site web. Pour ce faire, nous avons besoin de votre adresse e-mail et de votre d\u00e9claration d&rsquo;accord avec l&rsquo;abonnement \u00e0 la newsletter.<\/p>\n<p>Une fois que vous vous \u00eates inscrit \u00e0 la newsletter, nous vous envoyons un e-mail de confirmation avec un lien pour confirmer votre inscription.<\/p>\n<p>Vous pouvez annuler votre abonnement \u00e0 la newsletter \u00e0 tout moment. Veuillez envoyer votre demande d&rsquo;annulation \u00e0 l&rsquo;adresse e-mail suivante : baer@linz-hotel.at . Nous supprimerons ensuite imm\u00e9diatement vos donn\u00e9es en rapport avec l&rsquo;envoi de la newsletter. Cette r\u00e9vocation n&rsquo;affecte pas la lic\u00e9it\u00e9 du traitement effectu\u00e9 sur la base du consentement jusqu&rsquo;\u00e0 la r\u00e9vocation.<\/p>\n<h3>Vos droits<\/h3>\n<p>En ce qui concerne vos donn\u00e9es enregistr\u00e9es chez nous, vous disposez en principe des droits d&rsquo;acc\u00e8s, de rectification, d&rsquo;effacement, de limitation, de portabilit\u00e9 des donn\u00e9es, de r\u00e9vocation et d&rsquo;opposition. Si vous pensez que le traitement de vos donn\u00e9es enfreint la l\u00e9gislation sur la protection des donn\u00e9es ou que vos droits en mati\u00e8re de protection des donn\u00e9es ont \u00e9t\u00e9 viol\u00e9s d&rsquo;une autre mani\u00e8re, vous pouvez d\u00e9poser une plainte aupr\u00e8s de notre baer@linz-hotel.at ou de l&rsquo;autorit\u00e9 de protection des donn\u00e9es.<\/p>\n\t\t\t\t\t\t\t\t<\/div>\n\t\t\t\t<\/div>\n\t\t\t\t<div class=\"elementor-element elementor-element-1ec5b67 elementor-widget elementor-widget-spacer\" data-id=\"1ec5b67\" data-element_type=\"widget\" data-widget_type=\"spacer.default\">\n\t\t\t\t<div class=\"elementor-widget-container\">\n\t\t\t\t\t\t\t<div class=\"elementor-spacer\">\n\t\t\t<div class=\"elementor-spacer-inner\"><\/div>\n\t\t<\/div>\n\t\t\t\t\t\t<\/div>\n\t\t\t\t<\/div>\n\t\t\t\t\t<\/div>\n\t\t<\/div>\n\t\t\t\t\t<\/div>\n\t\t<\/section>\n\t\t\t\t<\/div>\n\t\t","protected":false},"excerpt":{"rendered":"<p>Mentions l\u00e9gales H\u00f4tel Schwarzer B\u00e4r GmbHHerrenstra\u00dfe 11, 4020 LinzT\u00e9l. +43 (0)732 772477, Fax +43 (0)732 772477-47baer@linz-hotel.at, www.linz-hotel.atNUM\u00c9RO D&rsquo;IDENTIFICATION FISCALE : ATU 71183248Membre de la Chambre \u00e9conomique de Haute-AutricheNum\u00e9ro du registre du commerce : 455861iTribunal comp\u00e9tent Linz Droits d&rsquo;auteur \u00a9 2023 : H\u00f4tel Schwarzer B\u00e4rResponsable du contenu : Hotel Schwarzer B\u00e4rLe contenu du site Internet de [&hellip;]<\/p>\n","protected":false},"author":1,"featured_media":0,"parent":0,"menu_order":0,"comment_status":"closed","ping_status":"closed","template":"","meta":{"site-sidebar-layout":"no-sidebar","site-content-layout":"page-builder","ast-site-content-layout":"default","site-content-style":"default","site-sidebar-style":"default","ast-global-header-display":"","ast-banner-title-visibility":"","ast-main-header-display":"","ast-hfb-above-header-display":"","ast-hfb-below-header-display":"","ast-hfb-mobile-header-display":"","site-post-title":"disabled","ast-breadcrumbs-content":"","ast-featured-img":"disabled","footer-sml-layout":"","theme-transparent-header-meta":"disabled","adv-header-id-meta":"","stick-header-meta":"","header-above-stick-meta":"","header-main-stick-meta":"","header-below-stick-meta":"","astra-migrate-meta-layouts":"default","ast-page-background-enabled":"default","ast-page-background-meta":{"desktop":{"background-color":"var(--ast-global-color-4)","background-image":"","background-repeat":"repeat","background-position":"center center","background-size":"auto","background-attachment":"scroll","background-type":"","background-media":"","overlay-type":"","overlay-color":"","overlay-opacity":"","overlay-gradient":""},"tablet":{"background-color":"","background-image":"","background-repeat":"repeat","background-position":"center center","background-size":"auto","background-attachment":"scroll","background-type":"","background-media":"","overlay-type":"","overlay-color":"","overlay-opacity":"","overlay-gradient":""},"mobile":{"background-color":"","background-image":"","background-repeat":"repeat","background-position":"center center","background-size":"auto","background-attachment":"scroll","background-type":"","background-media":"","overlay-type":"","overlay-color":"","overlay-opacity":"","overlay-gradient":""}},"ast-content-background-meta":{"desktop":{"background-color":"var(--ast-global-color-5)","background-image":"","background-repeat":"repeat","background-position":"center center","background-size":"auto","background-attachment":"scroll","background-type":"","background-media":"","overlay-type":"","overlay-color":"","overlay-opacity":"","overlay-gradient":""},"tablet":{"background-color":"var(--ast-global-color-5)","background-image":"","background-repeat":"repeat","background-position":"center center","background-size":"auto","background-attachment":"scroll","background-type":"","background-media":"","overlay-type":"","overlay-color":"","overlay-opacity":"","overlay-gradient":""},"mobile":{"background-color":"var(--ast-global-color-5)","background-image":"","background-repeat":"repeat","background-position":"center center","background-size":"auto","background-attachment":"scroll","background-type":"","background-media":"","overlay-type":"","overlay-color":"","overlay-opacity":"","overlay-gradient":""}},"footnotes":""},"class_list":["post-1232","page","type-page","status-publish","hentry"],"yoast_head":"<!-- This site is optimized with the Yoast SEO plugin v25.9 - https:\/\/yoast.com\/wordpress\/plugins\/seo\/ -->\n<title>Mentions l\u00e9gales &amp; conditions g\u00e9n\u00e9rales - Hotel Schwarzer B\u00e4r Linz<\/title>\n<meta name=\"robots\" content=\"index, follow, max-snippet:-1, max-image-preview:large, max-video-preview:-1\" \/>\n<link rel=\"canonical\" href=\"https:\/\/linz-hotel.at\/fr\/mentions-legales-conditions-generales\/\" \/>\n<meta property=\"og:locale\" content=\"fr_FR\" \/>\n<meta property=\"og:type\" content=\"article\" \/>\n<meta property=\"og:title\" content=\"Mentions l\u00e9gales &amp; conditions g\u00e9n\u00e9rales - Hotel Schwarzer B\u00e4r Linz\" \/>\n<meta property=\"og:description\" content=\"Mentions l\u00e9gales H\u00f4tel Schwarzer B\u00e4r GmbHHerrenstra\u00dfe 11, 4020 LinzT\u00e9l. +43 (0)732 772477, Fax +43 (0)732 772477-47baer@linz-hotel.at, www.linz-hotel.atNUM\u00c9RO D&rsquo;IDENTIFICATION FISCALE : ATU 71183248Membre de la Chambre \u00e9conomique de Haute-AutricheNum\u00e9ro du registre du commerce : 455861iTribunal comp\u00e9tent Linz Droits d&rsquo;auteur \u00a9 2023 : H\u00f4tel Schwarzer B\u00e4rResponsable du contenu : Hotel Schwarzer B\u00e4rLe contenu du site Internet de [&hellip;]\" \/>\n<meta property=\"og:url\" content=\"https:\/\/linz-hotel.at\/fr\/mentions-legales-conditions-generales\/\" \/>\n<meta property=\"og:site_name\" content=\"Hotel Schwarzer B\u00e4r Linz\" \/>\n<meta property=\"article:publisher\" content=\"https:\/\/www.facebook.com\/schwarzerbaer\" \/>\n<meta property=\"article:modified_time\" content=\"2024-02-04T10:54:47+00:00\" \/>\n<meta name=\"twitter:card\" content=\"summary_large_image\" \/>\n<meta name=\"twitter:label1\" content=\"Dur\u00e9e de lecture estim\u00e9e\" \/>\n\t<meta name=\"twitter:data1\" content=\"7 minutes\" \/>\n<script type=\"application\/ld+json\" class=\"yoast-schema-graph\">{\"@context\":\"https:\/\/schema.org\",\"@graph\":[{\"@type\":\"WebPage\",\"@id\":\"https:\/\/linz-hotel.at\/fr\/mentions-legales-conditions-generales\/\",\"url\":\"https:\/\/linz-hotel.at\/fr\/mentions-legales-conditions-generales\/\",\"name\":\"Mentions l\u00e9gales &amp; conditions g\u00e9n\u00e9rales - Hotel Schwarzer B\u00e4r Linz\",\"isPartOf\":{\"@id\":\"https:\/\/linz-hotel.at\/fr\/#website\"},\"datePublished\":\"2023-06-14T07:54:07+00:00\",\"dateModified\":\"2024-02-04T10:54:47+00:00\",\"breadcrumb\":{\"@id\":\"https:\/\/linz-hotel.at\/fr\/mentions-legales-conditions-generales\/#breadcrumb\"},\"inLanguage\":\"fr-FR\",\"potentialAction\":[{\"@type\":\"ReadAction\",\"target\":[\"https:\/\/linz-hotel.at\/fr\/mentions-legales-conditions-generales\/\"]}]},{\"@type\":\"BreadcrumbList\",\"@id\":\"https:\/\/linz-hotel.at\/fr\/mentions-legales-conditions-generales\/#breadcrumb\",\"itemListElement\":[{\"@type\":\"ListItem\",\"position\":1,\"name\":\"Startseite\",\"item\":\"https:\/\/linz-hotel.at\/fr\/\"},{\"@type\":\"ListItem\",\"position\":2,\"name\":\"Mentions l\u00e9gales &amp; conditions g\u00e9n\u00e9rales\"}]},{\"@type\":\"WebSite\",\"@id\":\"https:\/\/linz-hotel.at\/fr\/#website\",\"url\":\"https:\/\/linz-hotel.at\/fr\/\",\"name\":\"Hotel Schwarzer B\u00e4r Linz\",\"description\":\"Hotel Schwarzer B\u00e4r Linz\",\"potentialAction\":[{\"@type\":\"SearchAction\",\"target\":{\"@type\":\"EntryPoint\",\"urlTemplate\":\"https:\/\/linz-hotel.at\/fr\/?s={search_term_string}\"},\"query-input\":{\"@type\":\"PropertyValueSpecification\",\"valueRequired\":true,\"valueName\":\"search_term_string\"}}],\"inLanguage\":\"fr-FR\"}]}<\/script>\n<!-- \/ Yoast SEO plugin. -->","yoast_head_json":{"title":"Mentions l\u00e9gales &amp; conditions g\u00e9n\u00e9rales - Hotel Schwarzer B\u00e4r Linz","robots":{"index":"index","follow":"follow","max-snippet":"max-snippet:-1","max-image-preview":"max-image-preview:large","max-video-preview":"max-video-preview:-1"},"canonical":"https:\/\/linz-hotel.at\/fr\/mentions-legales-conditions-generales\/","og_locale":"fr_FR","og_type":"article","og_title":"Mentions l\u00e9gales &amp; conditions g\u00e9n\u00e9rales - Hotel Schwarzer B\u00e4r Linz","og_description":"Mentions l\u00e9gales H\u00f4tel Schwarzer B\u00e4r GmbHHerrenstra\u00dfe 11, 4020 LinzT\u00e9l. +43 (0)732 772477, Fax +43 (0)732 772477-47baer@linz-hotel.at, www.linz-hotel.atNUM\u00c9RO D&rsquo;IDENTIFICATION FISCALE : ATU 71183248Membre de la Chambre \u00e9conomique de Haute-AutricheNum\u00e9ro du registre du commerce : 455861iTribunal comp\u00e9tent Linz Droits d&rsquo;auteur \u00a9 2023 : H\u00f4tel Schwarzer B\u00e4rResponsable du contenu : Hotel Schwarzer B\u00e4rLe contenu du site Internet de [&hellip;]","og_url":"https:\/\/linz-hotel.at\/fr\/mentions-legales-conditions-generales\/","og_site_name":"Hotel Schwarzer B\u00e4r Linz","article_publisher":"https:\/\/www.facebook.com\/schwarzerbaer","article_modified_time":"2024-02-04T10:54:47+00:00","twitter_card":"summary_large_image","twitter_misc":{"Dur\u00e9e de lecture estim\u00e9e":"7 minutes"},"schema":{"@context":"https:\/\/schema.org","@graph":[{"@type":"WebPage","@id":"https:\/\/linz-hotel.at\/fr\/mentions-legales-conditions-generales\/","url":"https:\/\/linz-hotel.at\/fr\/mentions-legales-conditions-generales\/","name":"Mentions l\u00e9gales &amp; conditions g\u00e9n\u00e9rales - Hotel Schwarzer B\u00e4r Linz","isPartOf":{"@id":"https:\/\/linz-hotel.at\/fr\/#website"},"datePublished":"2023-06-14T07:54:07+00:00","dateModified":"2024-02-04T10:54:47+00:00","breadcrumb":{"@id":"https:\/\/linz-hotel.at\/fr\/mentions-legales-conditions-generales\/#breadcrumb"},"inLanguage":"fr-FR","potentialAction":[{"@type":"ReadAction","target":["https:\/\/linz-hotel.at\/fr\/mentions-legales-conditions-generales\/"]}]},{"@type":"BreadcrumbList","@id":"https:\/\/linz-hotel.at\/fr\/mentions-legales-conditions-generales\/#breadcrumb","itemListElement":[{"@type":"ListItem","position":1,"name":"Startseite","item":"https:\/\/linz-hotel.at\/fr\/"},{"@type":"ListItem","position":2,"name":"Mentions l\u00e9gales &amp; conditions g\u00e9n\u00e9rales"}]},{"@type":"WebSite","@id":"https:\/\/linz-hotel.at\/fr\/#website","url":"https:\/\/linz-hotel.at\/fr\/","name":"Hotel Schwarzer B\u00e4r Linz","description":"Hotel Schwarzer B\u00e4r Linz","potentialAction":[{"@type":"SearchAction","target":{"@type":"EntryPoint","urlTemplate":"https:\/\/linz-hotel.at\/fr\/?s={search_term_string}"},"query-input":{"@type":"PropertyValueSpecification","valueRequired":true,"valueName":"search_term_string"}}],"inLanguage":"fr-FR"}]}},"_links":{"self":[{"href":"https:\/\/linz-hotel.at\/fr\/wp-json\/wp\/v2\/pages\/1232","targetHints":{"allow":["GET"]}}],"collection":[{"href":"https:\/\/linz-hotel.at\/fr\/wp-json\/wp\/v2\/pages"}],"about":[{"href":"https:\/\/linz-hotel.at\/fr\/wp-json\/wp\/v2\/types\/page"}],"author":[{"embeddable":true,"href":"https:\/\/linz-hotel.at\/fr\/wp-json\/wp\/v2\/users\/1"}],"replies":[{"embeddable":true,"href":"https:\/\/linz-hotel.at\/fr\/wp-json\/wp\/v2\/comments?post=1232"}],"version-history":[{"count":2,"href":"https:\/\/linz-hotel.at\/fr\/wp-json\/wp\/v2\/pages\/1232\/revisions"}],"predecessor-version":[{"id":1251,"href":"https:\/\/linz-hotel.at\/fr\/wp-json\/wp\/v2\/pages\/1232\/revisions\/1251"}],"wp:attachment":[{"href":"https:\/\/linz-hotel.at\/fr\/wp-json\/wp\/v2\/media?parent=1232"}],"curies":[{"name":"wp","href":"https:\/\/api.w.org\/{rel}","templated":true}]}}