{"id":1412,"date":"2023-06-27T10:14:15","date_gmt":"2023-06-27T08:14:15","guid":{"rendered":"https:\/\/linz-hotel.at\/rooftop7-bar\/"},"modified":"2024-02-04T11:56:04","modified_gmt":"2024-02-04T10:56:04","slug":"rooftop7-bar","status":"publish","type":"page","link":"https:\/\/linz-hotel.at\/es\/rooftop7-bar\/","title":{"rendered":"ROOFTOP7 Bar"},"content":{"rendered":"\t\t<div data-elementor-type=\"wp-page\" data-elementor-id=\"1412\" class=\"elementor elementor-1412 elementor-540\">\n\t\t\t\t\t\t<section class=\"elementor-section elementor-top-section elementor-element elementor-element-13127e9 elementor-hidden-mobile elementor-section-boxed elementor-section-height-default elementor-section-height-default\" data-id=\"13127e9\" data-element_type=\"section\" data-settings=\"{&quot;background_background&quot;:&quot;classic&quot;}\">\n\t\t\t\t\t\t<div class=\"elementor-container elementor-column-gap-default\">\n\t\t\t\t\t<div class=\"elementor-column elementor-col-100 elementor-top-column elementor-element elementor-element-12e2673\" data-id=\"12e2673\" data-element_type=\"column\">\n\t\t\t<div class=\"elementor-widget-wrap\">\n\t\t\t\t\t\t\t<\/div>\n\t\t<\/div>\n\t\t\t\t\t<\/div>\n\t\t<\/section>\n\t\t\t\t<section class=\"elementor-section elementor-top-section elementor-element elementor-element-8291230 elementor-section-boxed elementor-section-height-default elementor-section-height-default\" data-id=\"8291230\" data-element_type=\"section\">\n\t\t\t\t\t\t<div class=\"elementor-container elementor-column-gap-default\">\n\t\t\t\t\t<div class=\"elementor-column elementor-col-100 elementor-top-column elementor-element elementor-element-04e2a0c\" data-id=\"04e2a0c\" data-element_type=\"column\">\n\t\t\t<div class=\"elementor-widget-wrap elementor-element-populated\">\n\t\t\t\t\t\t<div class=\"elementor-element elementor-element-66e5c6d elementor-widget elementor-widget-image\" data-id=\"66e5c6d\" data-element_type=\"widget\" data-widget_type=\"image.default\">\n\t\t\t\t<div class=\"elementor-widget-container\">\n\t\t\t\t\t\t\t\t\t\t\t\t\t\t\t<img fetchpriority=\"high\" decoding=\"async\" width=\"1024\" height=\"446\" src=\"https:\/\/linz-hotel.at\/wp-content\/uploads\/rooftop-7-header-1-1024x446.jpg\" class=\"attachment-large size-large wp-image-1419\" alt=\"\" srcset=\"https:\/\/linz-hotel.at\/wp-content\/uploads\/rooftop-7-header-1-1024x446.jpg 1024w, https:\/\/linz-hotel.at\/wp-content\/uploads\/rooftop-7-header-1-300x131.jpg 300w, https:\/\/linz-hotel.at\/wp-content\/uploads\/rooftop-7-header-1-768x334.jpg 768w, https:\/\/linz-hotel.at\/wp-content\/uploads\/rooftop-7-header-1.jpg 1220w\" sizes=\"(max-width: 1024px) 100vw, 1024px\" \/>\t\t\t\t\t\t\t\t\t\t\t\t\t\t\t<\/div>\n\t\t\t\t<\/div>\n\t\t\t\t\t<\/div>\n\t\t<\/div>\n\t\t\t\t\t<\/div>\n\t\t<\/section>\n\t\t\t\t<section class=\"elementor-section elementor-top-section elementor-element elementor-element-c9286d2 elementor-section-boxed elementor-section-height-default elementor-section-height-default\" data-id=\"c9286d2\" data-element_type=\"section\">\n\t\t\t\t\t\t<div class=\"elementor-container elementor-column-gap-default\">\n\t\t\t\t\t<div class=\"elementor-column elementor-col-100 elementor-top-column elementor-element elementor-element-b996a93\" data-id=\"b996a93\" data-element_type=\"column\">\n\t\t\t<div class=\"elementor-widget-wrap elementor-element-populated\">\n\t\t\t\t\t\t<div class=\"elementor-element elementor-element-047ed35 elementor-widget elementor-widget-heading\" data-id=\"047ed35\" data-element_type=\"widget\" data-widget_type=\"heading.default\">\n\t\t\t\t<div class=\"elementor-widget-container\">\n\t\t\t\t\t<h1 class=\"elementor-heading-title elementor-size-default\">Bar Rooftop7 - Linz<\/h1>\t\t\t\t<\/div>\n\t\t\t\t<\/div>\n\t\t\t\t<div class=\"elementor-element elementor-element-6846efb elementor-widget elementor-widget-heading\" data-id=\"6846efb\" data-element_type=\"widget\" data-widget_type=\"heading.default\">\n\t\t\t\t<div class=\"elementor-widget-container\">\n\t\t\t\t\t<h2 class=\"elementor-heading-title elementor-size-default\">~ \u00a1La tradici\u00f3n se une a la modernidad! ~<\/h2>\t\t\t\t<\/div>\n\t\t\t\t<\/div>\n\t\t\t\t<div class=\"elementor-element elementor-element-0b42e8b elementor-widget elementor-widget-text-editor\" data-id=\"0b42e8b\" data-element_type=\"widget\" data-widget_type=\"text-editor.default\">\n\t\t\t\t<div class=\"elementor-widget-container\">\n\t\t\t\t\t\t\t\t\t<p>Lo que desde hace tiempo se ha convertido en una tendencia internacional, ahora tambi\u00e9n se puede encontrar en Linz.<\/p>\n<p>El bar de la azotea del prestigioso hotel Schwarzer B\u00e4r, situado en el centro de la ciudad, se ha convertido en uno de los lugares de moda de Linz. Gracias a su excelente ubicaci\u00f3n en el coraz\u00f3n de la ciudad, los hu\u00e9spedes pueden disfrutar de una fant\u00e1stica vista de la Catedral Nueva, el P\u00f6stlingberg y otros lugares destacados.<\/p>\n<p>Se sirven bebidas sin alcohol, as\u00ed como tragos largos, vino y champ\u00e1n.<\/p>\n<p>Rooftop7 tambi\u00e9n se ha convertido en un lugar de referencia para las delicias culinarias. Los filetes de costilla o de trucha preparados en la nueva parrilla integrada har\u00e1n las delicias de los gourmets m\u00e1s exigentes.<\/p>\n<p>Una visita a nuestro bar en el centro de Linz no s\u00f3lo merece la pena en los meses m\u00e1s c\u00e1lidos del a\u00f1o, sino que tambi\u00e9n en invierno, gracias al nuevo cerramiento, la calefacci\u00f3n por suelo radiante y los calefactores radiantes, ofrece el marco ideal para una velada acogedora.<\/p>\n\t\t\t\t\t\t\t\t<\/div>\n\t\t\t\t<\/div>\n\t\t\t\t<div class=\"elementor-element elementor-element-cba2860 elementor-align-center elementor-widget elementor-widget-button\" data-id=\"cba2860\" data-element_type=\"widget\" data-widget_type=\"button.default\">\n\t\t\t\t<div class=\"elementor-widget-container\">\n\t\t\t\t\t\t\t\t\t<div class=\"elementor-button-wrapper\">\n\t\t\t\t\t<a class=\"elementor-button elementor-button-link elementor-size-md\" href=\"https:\/\/linz-hotel.at\/wp-content\/uploads\/speisekarte-rooftop7-hotel-schwarzer-baer.pdf\">\n\t\t\t\t\t\t<span class=\"elementor-button-content-wrapper\">\n\t\t\t\t\t\t\t\t\t<span class=\"elementor-button-text\">aqu\u00ed puede encontrar el men\u00fa<\/span>\n\t\t\t\t\t<\/span>\n\t\t\t\t\t<\/a>\n\t\t\t\t<\/div>\n\t\t\t\t\t\t\t\t<\/div>\n\t\t\t\t<\/div>\n\t\t\t\t\t<\/div>\n\t\t<\/div>\n\t\t\t\t\t<\/div>\n\t\t<\/section>\n\t\t\t\t<section class=\"elementor-section elementor-top-section elementor-element elementor-element-25c8551 elementor-section-boxed elementor-section-height-default elementor-section-height-default\" data-id=\"25c8551\" data-element_type=\"section\" data-settings=\"{&quot;background_background&quot;:&quot;classic&quot;}\">\n\t\t\t\t\t\t<div class=\"elementor-container elementor-column-gap-default\">\n\t\t\t\t\t<div class=\"elementor-column elementor-col-50 elementor-top-column elementor-element elementor-element-a0bb8bf\" data-id=\"a0bb8bf\" data-element_type=\"column\">\n\t\t\t<div class=\"elementor-widget-wrap elementor-element-populated\">\n\t\t\t\t\t\t<div class=\"elementor-element elementor-element-27cb8f7 elementor-widget elementor-widget-text-editor\" data-id=\"27cb8f7\" data-element_type=\"widget\" data-widget_type=\"text-editor.default\">\n\t\t\t\t<div class=\"elementor-widget-container\">\n\t\t\t\t\t\t\t\t\t<p style=\"text-align: center;\"><strong><br \/><\/strong><span style=\"text-decoration: underline;\">Horario de apertura: <\/span><strong><br \/>Martes a s\u00e1bado 17:00 &#8211; 24:00 <br \/><\/strong>(cocina caliente hasta las 23:00)<strong><br \/><\/strong><\/p>\n<p style=\"text-align: center;\"><span style=\"text-decoration: underline;\">Reserva de mesa:<\/span><br \/><strong>Por tel\u00e9fono: 0732 77 24 77<\/strong><br \/><strong>o por correo electr\u00f3nico a baer@linz-hotel.at<\/strong><\/p>\n\t\t\t\t\t\t\t\t<\/div>\n\t\t\t\t<\/div>\n\t\t\t\t<div class=\"elementor-element elementor-element-0045b6e elementor-widget elementor-widget-html\" data-id=\"0045b6e\" data-element_type=\"widget\" data-widget_type=\"html.default\">\n\t\t\t\t<div class=\"elementor-widget-container\">\n\t\t\t\t\t<center><div style=\"max-width: 540px; min-width: 150px; background: #f0f0f0\">\n<iframe src=\"https:\/\/www.falstaff.at\/service\/widget\/bar\/u\/30821\/\" style=\"width:100%\" frameborder=\"0\"><\/iframe>\n<div style=\"width: 100%; text-align: center; padding: 4px; line-height: 1.2em\"><a style=\"text-decoration: none; color:#CFB346;font-weight:700\" href=\"https:\/\/www.falstaff.com\/de\/bars\/zum-schwarzen-baeren\" target=\"_blank\">Cocktail bar Rooftop7 Rese\u00f1a del bar en Falstaff<\/a><\/div>\n<\/div><\/center>\t\t\t\t<\/div>\n\t\t\t\t<\/div>\n\t\t\t\t\t<\/div>\n\t\t<\/div>\n\t\t\t\t<div class=\"elementor-column elementor-col-50 elementor-top-column elementor-element elementor-element-b2d4330\" data-id=\"b2d4330\" data-element_type=\"column\">\n\t\t\t<div class=\"elementor-widget-wrap elementor-element-populated\">\n\t\t\t\t\t\t<div class=\"elementor-element elementor-element-6c3cab8 elementor-widget elementor-widget-image\" data-id=\"6c3cab8\" data-element_type=\"widget\" data-widget_type=\"image.default\">\n\t\t\t\t<div class=\"elementor-widget-container\">\n\t\t\t\t\t\t\t\t\t\t\t\t\t\t\t<img decoding=\"async\" width=\"650\" height=\"500\" src=\"https:\/\/linz-hotel.at\/wp-content\/uploads\/hotel-schwarzer-baer-rooftop7-bar.jpg\" class=\"attachment-large size-large wp-image-1417\" alt=\"\" srcset=\"https:\/\/linz-hotel.at\/wp-content\/uploads\/hotel-schwarzer-baer-rooftop7-bar.jpg 650w, https:\/\/linz-hotel.at\/wp-content\/uploads\/hotel-schwarzer-baer-rooftop7-bar-300x231.jpg 300w\" sizes=\"(max-width: 650px) 100vw, 650px\" \/>\t\t\t\t\t\t\t\t\t\t\t\t\t\t\t<\/div>\n\t\t\t\t<\/div>\n\t\t\t\t\t<\/div>\n\t\t<\/div>\n\t\t\t\t\t<\/div>\n\t\t<\/section>\n\t\t\t\t<section class=\"elementor-section elementor-top-section elementor-element elementor-element-2fe9be5 elementor-section-boxed elementor-section-height-default elementor-section-height-default\" data-id=\"2fe9be5\" data-element_type=\"section\">\n\t\t\t\t\t\t<div class=\"elementor-container elementor-column-gap-default\">\n\t\t\t\t\t<div class=\"elementor-column elementor-col-100 elementor-top-column elementor-element elementor-element-36f8744\" data-id=\"36f8744\" data-element_type=\"column\">\n\t\t\t<div class=\"elementor-widget-wrap elementor-element-populated\">\n\t\t\t\t\t\t<div class=\"elementor-element elementor-element-3417ac7 elementor-widget elementor-widget-spacer\" data-id=\"3417ac7\" data-element_type=\"widget\" data-widget_type=\"spacer.default\">\n\t\t\t\t<div class=\"elementor-widget-container\">\n\t\t\t\t\t\t\t<div class=\"elementor-spacer\">\n\t\t\t<div class=\"elementor-spacer-inner\"><\/div>\n\t\t<\/div>\n\t\t\t\t\t\t<\/div>\n\t\t\t\t<\/div>\n\t\t\t\t\t<\/div>\n\t\t<\/div>\n\t\t\t\t\t<\/div>\n\t\t<\/section>\n\t\t\t\t<\/div>\n\t\t","protected":false},"excerpt":{"rendered":"<p>Bar Rooftop7 &#8211; Linz ~ \u00a1La tradici\u00f3n se une a la modernidad! ~ Lo que desde hace tiempo se ha convertido en una tendencia internacional, ahora tambi\u00e9n se puede encontrar en Linz. El bar de la azotea del prestigioso hotel Schwarzer B\u00e4r, situado en el centro de la ciudad, se ha convertido en uno de [&hellip;]<\/p>\n","protected":false},"author":1,"featured_media":0,"parent":0,"menu_order":0,"comment_status":"closed","ping_status":"closed","template":"","meta":{"site-sidebar-layout":"no-sidebar","site-content-layout":"page-builder","ast-site-content-layout":"default","site-content-style":"default","site-sidebar-style":"default","ast-global-header-display":"","ast-banner-title-visibility":"","ast-main-header-display":"","ast-hfb-above-header-display":"","ast-hfb-below-header-display":"","ast-hfb-mobile-header-display":"","site-post-title":"disabled","ast-breadcrumbs-content":"","ast-featured-img":"disabled","footer-sml-layout":"","theme-transparent-header-meta":"disabled","adv-header-id-meta":"","stick-header-meta":"","header-above-stick-meta":"","header-main-stick-meta":"","header-below-stick-meta":"","astra-migrate-meta-layouts":"default","ast-page-background-enabled":"default","ast-page-background-meta":{"desktop":{"background-color":"var(--ast-global-color-4)","background-image":"","background-repeat":"repeat","background-position":"center center","background-size":"auto","background-attachment":"scroll","background-type":"","background-media":"","overlay-type":"","overlay-color":"","overlay-opacity":"","overlay-gradient":""},"tablet":{"background-color":"","background-image":"","background-repeat":"repeat","background-position":"center center","background-size":"auto","background-attachment":"scroll","background-type":"","background-media":"","overlay-type":"","overlay-color":"","overlay-opacity":"","overlay-gradient":""},"mobile":{"background-color":"","background-image":"","background-repeat":"repeat","background-position":"center center","background-size":"auto","background-attachment":"scroll","background-type":"","background-media":"","overlay-type":"","overlay-color":"","overlay-opacity":"","overlay-gradient":""}},"ast-content-background-meta":{"desktop":{"background-color":"var(--ast-global-color-5)","background-image":"","background-repeat":"repeat","background-position":"center center","background-size":"auto","background-attachment":"scroll","background-type":"","background-media":"","overlay-type":"","overlay-color":"","overlay-opacity":"","overlay-gradient":""},"tablet":{"background-color":"var(--ast-global-color-5)","background-image":"","background-repeat":"repeat","background-position":"center center","background-size":"auto","background-attachment":"scroll","background-type":"","background-media":"","overlay-type":"","overlay-color":"","overlay-opacity":"","overlay-gradient":""},"mobile":{"background-color":"var(--ast-global-color-5)","background-image":"","background-repeat":"repeat","background-position":"center center","background-size":"auto","background-attachment":"scroll","background-type":"","background-media":"","overlay-type":"","overlay-color":"","overlay-opacity":"","overlay-gradient":""}},"footnotes":""},"class_list":["post-1412","page","type-page","status-publish","hentry"],"yoast_head":"<!-- This site is optimized with the Yoast SEO plugin v25.9 - https:\/\/yoast.com\/wordpress\/plugins\/seo\/ -->\n<title>Rooftop7 Bar Linz - un bar con unas vistas magn\u00edficas<\/title>\n<meta name=\"description\" content=\"En el Rooftop7 Bar Linz podr\u00e1 disfrutar de las vistas sobre la ciudad. Rel\u00e1jese ahora con exquisitas delicias sobre los tejados de Linz.\" \/>\n<meta name=\"robots\" content=\"index, follow, max-snippet:-1, max-image-preview:large, max-video-preview:-1\" \/>\n<link rel=\"canonical\" href=\"https:\/\/linz-hotel.at\/es\/rooftop7-bar\/\" \/>\n<meta property=\"og:locale\" content=\"es_ES\" \/>\n<meta property=\"og:type\" content=\"article\" \/>\n<meta property=\"og:title\" content=\"Rooftop7 Bar Linz - un bar con unas vistas magn\u00edficas\" \/>\n<meta property=\"og:description\" content=\"En el Rooftop7 Bar Linz podr\u00e1 disfrutar de las vistas sobre la ciudad. Rel\u00e1jese ahora con exquisitas delicias sobre los tejados de Linz.\" \/>\n<meta property=\"og:url\" content=\"https:\/\/linz-hotel.at\/es\/rooftop7-bar\/\" \/>\n<meta property=\"og:site_name\" content=\"Hotel Schwarzer B\u00e4r Linz\" \/>\n<meta property=\"article:publisher\" content=\"https:\/\/www.facebook.com\/schwarzerbaer\" \/>\n<meta property=\"article:modified_time\" content=\"2024-02-04T10:56:04+00:00\" \/>\n<meta property=\"og:image\" content=\"https:\/\/linz-hotel.at\/wp-content\/uploads\/rooftop-7-header-1-1024x446.jpg\" \/>\n<meta name=\"twitter:card\" content=\"summary_large_image\" \/>\n<meta name=\"twitter:label1\" content=\"Tiempo de lectura\" \/>\n\t<meta name=\"twitter:data1\" content=\"1 minuto\" \/>\n<script type=\"application\/ld+json\" class=\"yoast-schema-graph\">{\"@context\":\"https:\/\/schema.org\",\"@graph\":[{\"@type\":\"WebPage\",\"@id\":\"https:\/\/linz-hotel.at\/es\/rooftop7-bar\/\",\"url\":\"https:\/\/linz-hotel.at\/es\/rooftop7-bar\/\",\"name\":\"Rooftop7 Bar Linz - un bar con unas vistas magn\u00edficas\",\"isPartOf\":{\"@id\":\"https:\/\/linz-hotel.at\/es\/#website\"},\"primaryImageOfPage\":{\"@id\":\"https:\/\/linz-hotel.at\/es\/rooftop7-bar\/#primaryimage\"},\"image\":{\"@id\":\"https:\/\/linz-hotel.at\/es\/rooftop7-bar\/#primaryimage\"},\"thumbnailUrl\":\"https:\/\/linz-hotel.at\/wp-content\/uploads\/rooftop-7-header-1-1024x446.jpg\",\"datePublished\":\"2023-06-27T08:14:15+00:00\",\"dateModified\":\"2024-02-04T10:56:04+00:00\",\"description\":\"En el Rooftop7 Bar Linz podr\u00e1 disfrutar de las vistas sobre la ciudad. Rel\u00e1jese ahora con exquisitas delicias sobre los tejados de Linz.\",\"breadcrumb\":{\"@id\":\"https:\/\/linz-hotel.at\/es\/rooftop7-bar\/#breadcrumb\"},\"inLanguage\":\"es\",\"potentialAction\":[{\"@type\":\"ReadAction\",\"target\":[\"https:\/\/linz-hotel.at\/es\/rooftop7-bar\/\"]}]},{\"@type\":\"ImageObject\",\"inLanguage\":\"es\",\"@id\":\"https:\/\/linz-hotel.at\/es\/rooftop7-bar\/#primaryimage\",\"url\":\"https:\/\/linz-hotel.at\/wp-content\/uploads\/rooftop-7-header-1-1024x446.jpg\",\"contentUrl\":\"https:\/\/linz-hotel.at\/wp-content\/uploads\/rooftop-7-header-1-1024x446.jpg\"},{\"@type\":\"BreadcrumbList\",\"@id\":\"https:\/\/linz-hotel.at\/es\/rooftop7-bar\/#breadcrumb\",\"itemListElement\":[{\"@type\":\"ListItem\",\"position\":1,\"name\":\"Startseite\",\"item\":\"https:\/\/linz-hotel.at\/es\/\"},{\"@type\":\"ListItem\",\"position\":2,\"name\":\"ROOFTOP7 Bar\"}]},{\"@type\":\"WebSite\",\"@id\":\"https:\/\/linz-hotel.at\/es\/#website\",\"url\":\"https:\/\/linz-hotel.at\/es\/\",\"name\":\"Hotel Schwarzer B\u00e4r Linz\",\"description\":\"Hotel Schwarzer B\u00e4r Linz\",\"potentialAction\":[{\"@type\":\"SearchAction\",\"target\":{\"@type\":\"EntryPoint\",\"urlTemplate\":\"https:\/\/linz-hotel.at\/es\/?s={search_term_string}\"},\"query-input\":{\"@type\":\"PropertyValueSpecification\",\"valueRequired\":true,\"valueName\":\"search_term_string\"}}],\"inLanguage\":\"es\"}]}<\/script>\n<!-- \/ Yoast SEO plugin. -->","yoast_head_json":{"title":"Rooftop7 Bar Linz - un bar con unas vistas magn\u00edficas","description":"En el Rooftop7 Bar Linz podr\u00e1 disfrutar de las vistas sobre la ciudad. Rel\u00e1jese ahora con exquisitas delicias sobre los tejados de Linz.","robots":{"index":"index","follow":"follow","max-snippet":"max-snippet:-1","max-image-preview":"max-image-preview:large","max-video-preview":"max-video-preview:-1"},"canonical":"https:\/\/linz-hotel.at\/es\/rooftop7-bar\/","og_locale":"es_ES","og_type":"article","og_title":"Rooftop7 Bar Linz - un bar con unas vistas magn\u00edficas","og_description":"En el Rooftop7 Bar Linz podr\u00e1 disfrutar de las vistas sobre la ciudad. Rel\u00e1jese ahora con exquisitas delicias sobre los tejados de Linz.","og_url":"https:\/\/linz-hotel.at\/es\/rooftop7-bar\/","og_site_name":"Hotel Schwarzer B\u00e4r Linz","article_publisher":"https:\/\/www.facebook.com\/schwarzerbaer","article_modified_time":"2024-02-04T10:56:04+00:00","og_image":[{"url":"https:\/\/linz-hotel.at\/wp-content\/uploads\/rooftop-7-header-1-1024x446.jpg","type":"","width":"","height":""}],"twitter_card":"summary_large_image","twitter_misc":{"Tiempo de lectura":"1 minuto"},"schema":{"@context":"https:\/\/schema.org","@graph":[{"@type":"WebPage","@id":"https:\/\/linz-hotel.at\/es\/rooftop7-bar\/","url":"https:\/\/linz-hotel.at\/es\/rooftop7-bar\/","name":"Rooftop7 Bar Linz - un bar con unas vistas magn\u00edficas","isPartOf":{"@id":"https:\/\/linz-hotel.at\/es\/#website"},"primaryImageOfPage":{"@id":"https:\/\/linz-hotel.at\/es\/rooftop7-bar\/#primaryimage"},"image":{"@id":"https:\/\/linz-hotel.at\/es\/rooftop7-bar\/#primaryimage"},"thumbnailUrl":"https:\/\/linz-hotel.at\/wp-content\/uploads\/rooftop-7-header-1-1024x446.jpg","datePublished":"2023-06-27T08:14:15+00:00","dateModified":"2024-02-04T10:56:04+00:00","description":"En el Rooftop7 Bar Linz podr\u00e1 disfrutar de las vistas sobre la ciudad. Rel\u00e1jese ahora con exquisitas delicias sobre los tejados de Linz.","breadcrumb":{"@id":"https:\/\/linz-hotel.at\/es\/rooftop7-bar\/#breadcrumb"},"inLanguage":"es","potentialAction":[{"@type":"ReadAction","target":["https:\/\/linz-hotel.at\/es\/rooftop7-bar\/"]}]},{"@type":"ImageObject","inLanguage":"es","@id":"https:\/\/linz-hotel.at\/es\/rooftop7-bar\/#primaryimage","url":"https:\/\/linz-hotel.at\/wp-content\/uploads\/rooftop-7-header-1-1024x446.jpg","contentUrl":"https:\/\/linz-hotel.at\/wp-content\/uploads\/rooftop-7-header-1-1024x446.jpg"},{"@type":"BreadcrumbList","@id":"https:\/\/linz-hotel.at\/es\/rooftop7-bar\/#breadcrumb","itemListElement":[{"@type":"ListItem","position":1,"name":"Startseite","item":"https:\/\/linz-hotel.at\/es\/"},{"@type":"ListItem","position":2,"name":"ROOFTOP7 Bar"}]},{"@type":"WebSite","@id":"https:\/\/linz-hotel.at\/es\/#website","url":"https:\/\/linz-hotel.at\/es\/","name":"Hotel Schwarzer B\u00e4r Linz","description":"Hotel Schwarzer B\u00e4r Linz","potentialAction":[{"@type":"SearchAction","target":{"@type":"EntryPoint","urlTemplate":"https:\/\/linz-hotel.at\/es\/?s={search_term_string}"},"query-input":{"@type":"PropertyValueSpecification","valueRequired":true,"valueName":"search_term_string"}}],"inLanguage":"es"}]}},"_links":{"self":[{"href":"https:\/\/linz-hotel.at\/es\/wp-json\/wp\/v2\/pages\/1412","targetHints":{"allow":["GET"]}}],"collection":[{"href":"https:\/\/linz-hotel.at\/es\/wp-json\/wp\/v2\/pages"}],"about":[{"href":"https:\/\/linz-hotel.at\/es\/wp-json\/wp\/v2\/types\/page"}],"author":[{"embeddable":true,"href":"https:\/\/linz-hotel.at\/es\/wp-json\/wp\/v2\/users\/1"}],"replies":[{"embeddable":true,"href":"https:\/\/linz-hotel.at\/es\/wp-json\/wp\/v2\/comments?post=1412"}],"version-history":[{"count":2,"href":"https:\/\/linz-hotel.at\/es\/wp-json\/wp\/v2\/pages\/1412\/revisions"}],"predecessor-version":[{"id":1423,"href":"https:\/\/linz-hotel.at\/es\/wp-json\/wp\/v2\/pages\/1412\/revisions\/1423"}],"wp:attachment":[{"href":"https:\/\/linz-hotel.at\/es\/wp-json\/wp\/v2\/media?parent=1412"}],"curies":[{"name":"wp","href":"https:\/\/api.w.org\/{rel}","templated":true}]}}