{"id":1378,"date":"2023-06-14T18:11:08","date_gmt":"2023-06-14T16:11:08","guid":{"rendered":"https:\/\/linz-hotel.at\/sala-del-oso\/"},"modified":"2024-02-04T11:56:04","modified_gmt":"2024-02-04T10:56:04","slug":"sala-del-oso","status":"publish","type":"page","link":"https:\/\/linz-hotel.at\/es\/sala-del-oso\/","title":{"rendered":"Sala del oso"},"content":{"rendered":"\t\t<div data-elementor-type=\"wp-page\" data-elementor-id=\"1378\" class=\"elementor elementor-1378 elementor-461\">\n\t\t\t\t\t\t<section class=\"elementor-section elementor-top-section elementor-element elementor-element-6ddfce6 elementor-hidden-mobile elementor-section-boxed elementor-section-height-default elementor-section-height-default\" data-id=\"6ddfce6\" data-element_type=\"section\" data-settings=\"{&quot;background_background&quot;:&quot;classic&quot;}\">\n\t\t\t\t\t\t<div class=\"elementor-container elementor-column-gap-default\">\n\t\t\t\t\t<div class=\"elementor-column elementor-col-100 elementor-top-column elementor-element elementor-element-f482b3b\" data-id=\"f482b3b\" data-element_type=\"column\">\n\t\t\t<div class=\"elementor-widget-wrap\">\n\t\t\t\t\t\t\t<\/div>\n\t\t<\/div>\n\t\t\t\t\t<\/div>\n\t\t<\/section>\n\t\t\t\t<section class=\"elementor-section elementor-top-section elementor-element elementor-element-08b600c elementor-section-boxed elementor-section-height-default elementor-section-height-default\" data-id=\"08b600c\" data-element_type=\"section\">\n\t\t\t\t\t\t<div class=\"elementor-container elementor-column-gap-default\">\n\t\t\t\t\t<div class=\"elementor-column elementor-col-100 elementor-top-column elementor-element elementor-element-d86f609\" data-id=\"d86f609\" data-element_type=\"column\" data-settings=\"{&quot;background_background&quot;:&quot;classic&quot;}\">\n\t\t\t<div class=\"elementor-widget-wrap elementor-element-populated\">\n\t\t\t\t\t\t<div class=\"elementor-element elementor-element-3c9f528 elementor-widget elementor-widget-heading\" data-id=\"3c9f528\" data-element_type=\"widget\" data-widget_type=\"heading.default\">\n\t\t\t\t<div class=\"elementor-widget-container\">\n\t\t\t\t\t<h1 class=\"elementor-heading-title elementor-size-default\">Sala del oso<\/h1>\t\t\t\t<\/div>\n\t\t\t\t<\/div>\n\t\t\t\t<div class=\"elementor-element elementor-element-f185846 elementor-widget elementor-widget-heading\" data-id=\"f185846\" data-element_type=\"widget\" data-widget_type=\"heading.default\">\n\t\t\t\t<div class=\"elementor-widget-container\">\n\t\t\t\t\t<h2 class=\"elementor-heading-title elementor-size-default\">~ Seminarios, fiestas privadas y catering ~<\/h2>\t\t\t\t<\/div>\n\t\t\t\t<\/div>\n\t\t\t\t\t<\/div>\n\t\t<\/div>\n\t\t\t\t\t<\/div>\n\t\t<\/section>\n\t\t\t\t<section class=\"elementor-section elementor-top-section elementor-element elementor-element-1db207b elementor-section-boxed elementor-section-height-default elementor-section-height-default\" data-id=\"1db207b\" data-element_type=\"section\">\n\t\t\t\t\t\t<div class=\"elementor-container elementor-column-gap-default\">\n\t\t\t\t\t<div class=\"elementor-column elementor-col-100 elementor-top-column elementor-element elementor-element-e530181\" data-id=\"e530181\" data-element_type=\"column\">\n\t\t\t<div class=\"elementor-widget-wrap elementor-element-populated\">\n\t\t\t\t\t\t<div class=\"elementor-element elementor-element-207f668 elementor-hidden-desktop elementor-hidden-tablet elementor-widget elementor-widget-image\" data-id=\"207f668\" data-element_type=\"widget\" data-widget_type=\"image.default\">\n\t\t\t\t<div class=\"elementor-widget-container\">\n\t\t\t\t\t\t\t\t\t\t\t\t\t\t\t<img fetchpriority=\"high\" decoding=\"async\" width=\"1024\" height=\"416\" src=\"https:\/\/linz-hotel.at\/wp-content\/uploads\/hotel-schwarzer-baer-baerenstube-catering-1024x416.jpg\" class=\"attachment-large size-large wp-image-1381\" alt=\"\" srcset=\"https:\/\/linz-hotel.at\/wp-content\/uploads\/hotel-schwarzer-baer-baerenstube-catering-1024x416.jpg 1024w, https:\/\/linz-hotel.at\/wp-content\/uploads\/hotel-schwarzer-baer-baerenstube-catering-300x122.jpg 300w, https:\/\/linz-hotel.at\/wp-content\/uploads\/hotel-schwarzer-baer-baerenstube-catering-768x312.jpg 768w, https:\/\/linz-hotel.at\/wp-content\/uploads\/hotel-schwarzer-baer-baerenstube-catering-1536x624.jpg 1536w, https:\/\/linz-hotel.at\/wp-content\/uploads\/hotel-schwarzer-baer-baerenstube-catering.jpg 1600w\" sizes=\"(max-width: 1024px) 100vw, 1024px\" \/>\t\t\t\t\t\t\t\t\t\t\t\t\t\t\t<\/div>\n\t\t\t\t<\/div>\n\t\t\t\t<div class=\"elementor-element elementor-element-3c09971 elementor-widget elementor-widget-text-editor\" data-id=\"3c09971\" data-element_type=\"widget\" data-widget_type=\"text-editor.default\">\n\t\t\t\t<div class=\"elementor-widget-container\">\n\t\t\t\t\t\t\t\t\t<h4>Disfrute de su evento en el ambiente tradicional de la Alta Austria de la B\u00e4renstube.<\/h4>\n<p><strong>Ya sea un cumplea\u00f1os, un aniversario, una fiesta de empresa o de Navidad. La B\u00e4renstube ofrece el marco adecuado para usted y sus invitados.<\/strong><\/p>\n<p><strong><span style=\"text-decoration: underline;\">Infraestructura<\/span><\/strong><br \/>Consta de dos salas separadas por una puerta corredera y tiene capacidad para grupos de 20 a 100 personas. Ambas habitaciones cuentan con servicio de bar propio y aseos independientes del hotel.<\/p>\n<p>Dependiendo del tiempo, el <strong>jard\u00edn de invitados del patio<\/strong> interior tambi\u00e9n est\u00e1 disponible para su evento.<br \/>Tambi\u00e9n es posible, previo acuerdo, una <strong>entrada independiente a trav\u00e9s del patio interior<\/strong> y el jard\u00edn de invitados.<\/p>\n<p><strong><span style=\"text-decoration: underline;\">Catering<\/span><\/strong><br \/>La cocina interna est\u00e1 a su disposici\u00f3n para el catering de su evento.<br \/>Nuestro chef Dieter G\u00fctlbauer elabora <strong>men\u00fas y buf\u00e9s individuales<\/strong> seg\u00fan sus deseos.<\/p>\n<p>En consonancia con el ambiente r\u00fastico y honesto, nuestra cocina tambi\u00e9n ofrece especialidades como \u00abBrat&#8217;l in der Rein\u00bb o \u00abSchlachtplatten\u00bb para una cena de convivencia.<\/p>\n<p><span style=\"text-decoration: underline;\"><strong>Ese peque\u00f1o extra<\/strong><\/span><br \/>En nuestro B\u00e4renstube encontrar\u00e1 pura armon\u00eda. Tambi\u00e9n se puede esperar esto con el acompa\u00f1amiento de vino. Nuestro diploma. El sumiller y anfitri\u00f3n Michael Nell tiene preparada para usted una amplia selecci\u00f3n de los mejores vinos locales.<\/p>\n<p>El jefe de cocina Dieter G\u00fctlbauer y su equipo se centran por completo en una cocina honesta y aut\u00e9ntica, en la que los productos frescos del mercado son siempre los protagonistas.<br \/>Se sirve cocina austriaca con influencias mediterr\u00e1neas. Todos los ingredientes proceden de la producci\u00f3n regional. Cuidadosamente seleccionados, frescos y exquisitamente preparados, experimentar\u00e1 las delicias culinarias de la Alta Austria.<\/p>\n<p>Nos han concedido el Sello de Aprobaci\u00f3n AMA Gastro por nuestra preparaci\u00f3n de alimentos frescos y el uso de ingredientes regionales.<\/p>\n\t\t\t\t\t\t\t\t<\/div>\n\t\t\t\t<\/div>\n\t\t\t\t\t<\/div>\n\t\t<\/div>\n\t\t\t\t\t<\/div>\n\t\t<\/section>\n\t\t\t\t<section class=\"elementor-section elementor-top-section elementor-element elementor-element-ca21cb0 elementor-section-boxed elementor-section-height-default elementor-section-height-default\" data-id=\"ca21cb0\" data-element_type=\"section\">\n\t\t\t\t\t\t<div class=\"elementor-container elementor-column-gap-default\">\n\t\t\t\t\t<div class=\"elementor-column elementor-col-50 elementor-top-column elementor-element elementor-element-77b8eed\" data-id=\"77b8eed\" data-element_type=\"column\">\n\t\t\t<div class=\"elementor-widget-wrap elementor-element-populated\">\n\t\t\t\t\t\t<div class=\"elementor-element elementor-element-eec0368 elementor-widget elementor-widget-text-editor\" data-id=\"eec0368\" data-element_type=\"widget\" data-widget_type=\"text-editor.default\">\n\t\t\t\t<div class=\"elementor-widget-container\">\n\t\t\t\t\t\t\t\t\t<p>La Sra. Larissa Ehrengruber estar\u00e1 encantada de recibir su consulta para una oferta individual o una inspecci\u00f3n en <a href=\"mailto:reservierung@linz-hotel.at\">reservierung@linz-hotel.at<\/a> o por tel\u00e9fono en el <a href=\"tel:+43732772477\">0732 77 24 77<\/a>.<\/p>\n\t\t\t\t\t\t\t\t<\/div>\n\t\t\t\t<\/div>\n\t\t\t\t\t<\/div>\n\t\t<\/div>\n\t\t\t\t<div class=\"elementor-column elementor-col-50 elementor-top-column elementor-element elementor-element-0aba26b\" data-id=\"0aba26b\" data-element_type=\"column\">\n\t\t\t<div class=\"elementor-widget-wrap elementor-element-populated\">\n\t\t\t\t\t\t<div class=\"elementor-element elementor-element-92793bc elementor-widget elementor-widget-image\" data-id=\"92793bc\" data-element_type=\"widget\" data-widget_type=\"image.default\">\n\t\t\t\t<div class=\"elementor-widget-container\">\n\t\t\t\t\t\t\t\t\t\t\t\t\t\t\t<img decoding=\"async\" width=\"650\" height=\"500\" src=\"https:\/\/linz-hotel.at\/wp-content\/uploads\/hotel-schwarzer-baer-baerenstube-wein.jpg\" class=\"attachment-full size-full wp-image-1383\" alt=\"\" srcset=\"https:\/\/linz-hotel.at\/wp-content\/uploads\/hotel-schwarzer-baer-baerenstube-wein.jpg 650w, https:\/\/linz-hotel.at\/wp-content\/uploads\/hotel-schwarzer-baer-baerenstube-wein-300x231.jpg 300w\" sizes=\"(max-width: 650px) 100vw, 650px\" \/>\t\t\t\t\t\t\t\t\t\t\t\t\t\t\t<\/div>\n\t\t\t\t<\/div>\n\t\t\t\t\t<\/div>\n\t\t<\/div>\n\t\t\t\t\t<\/div>\n\t\t<\/section>\n\t\t\t\t<section class=\"elementor-section elementor-top-section elementor-element elementor-element-bc45883 elementor-section-boxed elementor-section-height-default elementor-section-height-default\" data-id=\"bc45883\" data-element_type=\"section\">\n\t\t\t\t\t\t<div class=\"elementor-container elementor-column-gap-default\">\n\t\t\t\t\t<div class=\"elementor-column elementor-col-50 elementor-top-column elementor-element elementor-element-0aea4fa\" data-id=\"0aea4fa\" data-element_type=\"column\">\n\t\t\t<div class=\"elementor-widget-wrap elementor-element-populated\">\n\t\t\t\t\t\t<div class=\"elementor-element elementor-element-812dce6 elementor-widget elementor-widget-image\" data-id=\"812dce6\" data-element_type=\"widget\" data-widget_type=\"image.default\">\n\t\t\t\t<div class=\"elementor-widget-container\">\n\t\t\t\t\t\t\t\t\t\t\t\t\t\t\t<img decoding=\"async\" width=\"650\" height=\"500\" src=\"https:\/\/linz-hotel.at\/wp-content\/uploads\/hotel-schwarzer-baer-baerenstube-schild.jpg\" class=\"attachment-large size-large wp-image-1382\" alt=\"\" srcset=\"https:\/\/linz-hotel.at\/wp-content\/uploads\/hotel-schwarzer-baer-baerenstube-schild.jpg 650w, https:\/\/linz-hotel.at\/wp-content\/uploads\/hotel-schwarzer-baer-baerenstube-schild-300x231.jpg 300w\" sizes=\"(max-width: 650px) 100vw, 650px\" \/>\t\t\t\t\t\t\t\t\t\t\t\t\t\t\t<\/div>\n\t\t\t\t<\/div>\n\t\t\t\t\t<\/div>\n\t\t<\/div>\n\t\t\t\t<div class=\"elementor-column elementor-col-50 elementor-top-column elementor-element elementor-element-78eca4b\" data-id=\"78eca4b\" data-element_type=\"column\">\n\t\t\t<div class=\"elementor-widget-wrap elementor-element-populated\">\n\t\t\t\t\t\t<div class=\"elementor-element elementor-element-11a5798 elementor-widget elementor-widget-image\" data-id=\"11a5798\" data-element_type=\"widget\" data-widget_type=\"image.default\">\n\t\t\t\t<div class=\"elementor-widget-container\">\n\t\t\t\t\t\t\t\t\t\t\t\t\t\t\t<img loading=\"lazy\" decoding=\"async\" width=\"650\" height=\"500\" src=\"https:\/\/linz-hotel.at\/wp-content\/uploads\/blog-hotel-schwarzer-baer-mittag-lunch-2.jpg\" class=\"attachment-large size-large wp-image-482\" alt=\"\" srcset=\"https:\/\/linz-hotel.at\/wp-content\/uploads\/blog-hotel-schwarzer-baer-mittag-lunch-2.jpg 650w, https:\/\/linz-hotel.at\/wp-content\/uploads\/blog-hotel-schwarzer-baer-mittag-lunch-2-300x231.jpg 300w\" sizes=\"(max-width: 650px) 100vw, 650px\" \/>\t\t\t\t\t\t\t\t\t\t\t\t\t\t\t<\/div>\n\t\t\t\t<\/div>\n\t\t\t\t<div class=\"elementor-element elementor-element-e24039b elementor-widget elementor-widget-spacer\" data-id=\"e24039b\" data-element_type=\"widget\" data-widget_type=\"spacer.default\">\n\t\t\t\t<div class=\"elementor-widget-container\">\n\t\t\t\t\t\t\t<div class=\"elementor-spacer\">\n\t\t\t<div class=\"elementor-spacer-inner\"><\/div>\n\t\t<\/div>\n\t\t\t\t\t\t<\/div>\n\t\t\t\t<\/div>\n\t\t\t\t\t<\/div>\n\t\t<\/div>\n\t\t\t\t\t<\/div>\n\t\t<\/section>\n\t\t\t\t<\/div>\n\t\t","protected":false},"excerpt":{"rendered":"<p>Sala del oso ~ Seminarios, fiestas privadas y catering ~ Disfrute de su evento en el ambiente tradicional de la Alta Austria de la B\u00e4renstube. Ya sea un cumplea\u00f1os, un aniversario, una fiesta de empresa o de Navidad. La B\u00e4renstube ofrece el marco adecuado para usted y sus invitados. InfraestructuraConsta de dos salas separadas por [&hellip;]<\/p>\n","protected":false},"author":1,"featured_media":0,"parent":0,"menu_order":0,"comment_status":"closed","ping_status":"closed","template":"","meta":{"site-sidebar-layout":"no-sidebar","site-content-layout":"page-builder","ast-site-content-layout":"default","site-content-style":"default","site-sidebar-style":"default","ast-global-header-display":"","ast-banner-title-visibility":"","ast-main-header-display":"","ast-hfb-above-header-display":"","ast-hfb-below-header-display":"","ast-hfb-mobile-header-display":"","site-post-title":"disabled","ast-breadcrumbs-content":"","ast-featured-img":"disabled","footer-sml-layout":"","theme-transparent-header-meta":"disabled","adv-header-id-meta":"","stick-header-meta":"","header-above-stick-meta":"","header-main-stick-meta":"","header-below-stick-meta":"","astra-migrate-meta-layouts":"default","ast-page-background-enabled":"default","ast-page-background-meta":{"desktop":{"background-color":"var(--ast-global-color-4)","background-image":"","background-repeat":"repeat","background-position":"center center","background-size":"auto","background-attachment":"scroll","background-type":"","background-media":"","overlay-type":"","overlay-color":"","overlay-opacity":"","overlay-gradient":""},"tablet":{"background-color":"","background-image":"","background-repeat":"repeat","background-position":"center center","background-size":"auto","background-attachment":"scroll","background-type":"","background-media":"","overlay-type":"","overlay-color":"","overlay-opacity":"","overlay-gradient":""},"mobile":{"background-color":"","background-image":"","background-repeat":"repeat","background-position":"center center","background-size":"auto","background-attachment":"scroll","background-type":"","background-media":"","overlay-type":"","overlay-color":"","overlay-opacity":"","overlay-gradient":""}},"ast-content-background-meta":{"desktop":{"background-color":"var(--ast-global-color-5)","background-image":"","background-repeat":"repeat","background-position":"center center","background-size":"auto","background-attachment":"scroll","background-type":"","background-media":"","overlay-type":"","overlay-color":"","overlay-opacity":"","overlay-gradient":""},"tablet":{"background-color":"var(--ast-global-color-5)","background-image":"","background-repeat":"repeat","background-position":"center center","background-size":"auto","background-attachment":"scroll","background-type":"","background-media":"","overlay-type":"","overlay-color":"","overlay-opacity":"","overlay-gradient":""},"mobile":{"background-color":"var(--ast-global-color-5)","background-image":"","background-repeat":"repeat","background-position":"center center","background-size":"auto","background-attachment":"scroll","background-type":"","background-media":"","overlay-type":"","overlay-color":"","overlay-opacity":"","overlay-gradient":""}},"footnotes":""},"class_list":["post-1378","page","type-page","status-publish","hentry"],"yoast_head":"<!-- This site is optimized with the Yoast SEO plugin v25.9 - https:\/\/yoast.com\/wordpress\/plugins\/seo\/ -->\n<title>B\u00e4renstube - Restaurante, fiestas privadas y catering<\/title>\n<meta name=\"description\" content=\"La B\u00e4renstube del Hotel Schwarzer B\u00e4r es un restaurante de estilo austriaco donde podr\u00e1 saborear nuestras delicias tras su jornada en Linz.\" \/>\n<meta name=\"robots\" content=\"index, follow, max-snippet:-1, max-image-preview:large, max-video-preview:-1\" \/>\n<link rel=\"canonical\" href=\"https:\/\/linz-hotel.at\/es\/sala-del-oso\/\" \/>\n<meta property=\"og:locale\" content=\"es_ES\" \/>\n<meta property=\"og:type\" content=\"article\" \/>\n<meta property=\"og:title\" content=\"B\u00e4renstube - Restaurante, fiestas privadas y catering\" \/>\n<meta property=\"og:description\" content=\"La B\u00e4renstube del Hotel Schwarzer B\u00e4r es un restaurante de estilo austriaco donde podr\u00e1 saborear nuestras delicias tras su jornada en Linz.\" \/>\n<meta property=\"og:url\" content=\"https:\/\/linz-hotel.at\/es\/sala-del-oso\/\" \/>\n<meta property=\"og:site_name\" content=\"Hotel Schwarzer B\u00e4r Linz\" \/>\n<meta property=\"article:publisher\" content=\"https:\/\/www.facebook.com\/schwarzerbaer\" \/>\n<meta property=\"article:modified_time\" content=\"2024-02-04T10:56:04+00:00\" \/>\n<meta property=\"og:image\" content=\"https:\/\/linz-hotel.at\/wp-content\/uploads\/hotel-schwarzer-baer-baerenstube-catering-1024x416.jpg\" \/>\n<meta name=\"twitter:card\" content=\"summary_large_image\" \/>\n<meta name=\"twitter:label1\" content=\"Tiempo de lectura\" \/>\n\t<meta name=\"twitter:data1\" content=\"2 minutos\" \/>\n<script type=\"application\/ld+json\" class=\"yoast-schema-graph\">{\"@context\":\"https:\/\/schema.org\",\"@graph\":[{\"@type\":\"WebPage\",\"@id\":\"https:\/\/linz-hotel.at\/es\/sala-del-oso\/\",\"url\":\"https:\/\/linz-hotel.at\/es\/sala-del-oso\/\",\"name\":\"B\u00e4renstube - Restaurante, fiestas privadas y catering\",\"isPartOf\":{\"@id\":\"https:\/\/linz-hotel.at\/es\/#website\"},\"primaryImageOfPage\":{\"@id\":\"https:\/\/linz-hotel.at\/es\/sala-del-oso\/#primaryimage\"},\"image\":{\"@id\":\"https:\/\/linz-hotel.at\/es\/sala-del-oso\/#primaryimage\"},\"thumbnailUrl\":\"https:\/\/linz-hotel.at\/wp-content\/uploads\/hotel-schwarzer-baer-baerenstube-catering-1024x416.jpg\",\"datePublished\":\"2023-06-14T16:11:08+00:00\",\"dateModified\":\"2024-02-04T10:56:04+00:00\",\"description\":\"La B\u00e4renstube del Hotel Schwarzer B\u00e4r es un restaurante de estilo austriaco donde podr\u00e1 saborear nuestras delicias tras su jornada en Linz.\",\"breadcrumb\":{\"@id\":\"https:\/\/linz-hotel.at\/es\/sala-del-oso\/#breadcrumb\"},\"inLanguage\":\"es\",\"potentialAction\":[{\"@type\":\"ReadAction\",\"target\":[\"https:\/\/linz-hotel.at\/es\/sala-del-oso\/\"]}]},{\"@type\":\"ImageObject\",\"inLanguage\":\"es\",\"@id\":\"https:\/\/linz-hotel.at\/es\/sala-del-oso\/#primaryimage\",\"url\":\"https:\/\/linz-hotel.at\/wp-content\/uploads\/hotel-schwarzer-baer-baerenstube-catering-1024x416.jpg\",\"contentUrl\":\"https:\/\/linz-hotel.at\/wp-content\/uploads\/hotel-schwarzer-baer-baerenstube-catering-1024x416.jpg\"},{\"@type\":\"BreadcrumbList\",\"@id\":\"https:\/\/linz-hotel.at\/es\/sala-del-oso\/#breadcrumb\",\"itemListElement\":[{\"@type\":\"ListItem\",\"position\":1,\"name\":\"Startseite\",\"item\":\"https:\/\/linz-hotel.at\/es\/\"},{\"@type\":\"ListItem\",\"position\":2,\"name\":\"Sala del oso\"}]},{\"@type\":\"WebSite\",\"@id\":\"https:\/\/linz-hotel.at\/es\/#website\",\"url\":\"https:\/\/linz-hotel.at\/es\/\",\"name\":\"Hotel Schwarzer B\u00e4r Linz\",\"description\":\"Hotel Schwarzer B\u00e4r Linz\",\"potentialAction\":[{\"@type\":\"SearchAction\",\"target\":{\"@type\":\"EntryPoint\",\"urlTemplate\":\"https:\/\/linz-hotel.at\/es\/?s={search_term_string}\"},\"query-input\":{\"@type\":\"PropertyValueSpecification\",\"valueRequired\":true,\"valueName\":\"search_term_string\"}}],\"inLanguage\":\"es\"}]}<\/script>\n<!-- \/ Yoast SEO plugin. -->","yoast_head_json":{"title":"B\u00e4renstube - Restaurante, fiestas privadas y catering","description":"La B\u00e4renstube del Hotel Schwarzer B\u00e4r es un restaurante de estilo austriaco donde podr\u00e1 saborear nuestras delicias tras su jornada en Linz.","robots":{"index":"index","follow":"follow","max-snippet":"max-snippet:-1","max-image-preview":"max-image-preview:large","max-video-preview":"max-video-preview:-1"},"canonical":"https:\/\/linz-hotel.at\/es\/sala-del-oso\/","og_locale":"es_ES","og_type":"article","og_title":"B\u00e4renstube - Restaurante, fiestas privadas y catering","og_description":"La B\u00e4renstube del Hotel Schwarzer B\u00e4r es un restaurante de estilo austriaco donde podr\u00e1 saborear nuestras delicias tras su jornada en Linz.","og_url":"https:\/\/linz-hotel.at\/es\/sala-del-oso\/","og_site_name":"Hotel Schwarzer B\u00e4r Linz","article_publisher":"https:\/\/www.facebook.com\/schwarzerbaer","article_modified_time":"2024-02-04T10:56:04+00:00","og_image":[{"url":"https:\/\/linz-hotel.at\/wp-content\/uploads\/hotel-schwarzer-baer-baerenstube-catering-1024x416.jpg","type":"","width":"","height":""}],"twitter_card":"summary_large_image","twitter_misc":{"Tiempo de lectura":"2 minutos"},"schema":{"@context":"https:\/\/schema.org","@graph":[{"@type":"WebPage","@id":"https:\/\/linz-hotel.at\/es\/sala-del-oso\/","url":"https:\/\/linz-hotel.at\/es\/sala-del-oso\/","name":"B\u00e4renstube - Restaurante, fiestas privadas y catering","isPartOf":{"@id":"https:\/\/linz-hotel.at\/es\/#website"},"primaryImageOfPage":{"@id":"https:\/\/linz-hotel.at\/es\/sala-del-oso\/#primaryimage"},"image":{"@id":"https:\/\/linz-hotel.at\/es\/sala-del-oso\/#primaryimage"},"thumbnailUrl":"https:\/\/linz-hotel.at\/wp-content\/uploads\/hotel-schwarzer-baer-baerenstube-catering-1024x416.jpg","datePublished":"2023-06-14T16:11:08+00:00","dateModified":"2024-02-04T10:56:04+00:00","description":"La B\u00e4renstube del Hotel Schwarzer B\u00e4r es un restaurante de estilo austriaco donde podr\u00e1 saborear nuestras delicias tras su jornada en Linz.","breadcrumb":{"@id":"https:\/\/linz-hotel.at\/es\/sala-del-oso\/#breadcrumb"},"inLanguage":"es","potentialAction":[{"@type":"ReadAction","target":["https:\/\/linz-hotel.at\/es\/sala-del-oso\/"]}]},{"@type":"ImageObject","inLanguage":"es","@id":"https:\/\/linz-hotel.at\/es\/sala-del-oso\/#primaryimage","url":"https:\/\/linz-hotel.at\/wp-content\/uploads\/hotel-schwarzer-baer-baerenstube-catering-1024x416.jpg","contentUrl":"https:\/\/linz-hotel.at\/wp-content\/uploads\/hotel-schwarzer-baer-baerenstube-catering-1024x416.jpg"},{"@type":"BreadcrumbList","@id":"https:\/\/linz-hotel.at\/es\/sala-del-oso\/#breadcrumb","itemListElement":[{"@type":"ListItem","position":1,"name":"Startseite","item":"https:\/\/linz-hotel.at\/es\/"},{"@type":"ListItem","position":2,"name":"Sala del oso"}]},{"@type":"WebSite","@id":"https:\/\/linz-hotel.at\/es\/#website","url":"https:\/\/linz-hotel.at\/es\/","name":"Hotel Schwarzer B\u00e4r Linz","description":"Hotel Schwarzer B\u00e4r Linz","potentialAction":[{"@type":"SearchAction","target":{"@type":"EntryPoint","urlTemplate":"https:\/\/linz-hotel.at\/es\/?s={search_term_string}"},"query-input":{"@type":"PropertyValueSpecification","valueRequired":true,"valueName":"search_term_string"}}],"inLanguage":"es"}]}},"_links":{"self":[{"href":"https:\/\/linz-hotel.at\/es\/wp-json\/wp\/v2\/pages\/1378","targetHints":{"allow":["GET"]}}],"collection":[{"href":"https:\/\/linz-hotel.at\/es\/wp-json\/wp\/v2\/pages"}],"about":[{"href":"https:\/\/linz-hotel.at\/es\/wp-json\/wp\/v2\/types\/page"}],"author":[{"embeddable":true,"href":"https:\/\/linz-hotel.at\/es\/wp-json\/wp\/v2\/users\/1"}],"replies":[{"embeddable":true,"href":"https:\/\/linz-hotel.at\/es\/wp-json\/wp\/v2\/comments?post=1378"}],"version-history":[{"count":3,"href":"https:\/\/linz-hotel.at\/es\/wp-json\/wp\/v2\/pages\/1378\/revisions"}],"predecessor-version":[{"id":1402,"href":"https:\/\/linz-hotel.at\/es\/wp-json\/wp\/v2\/pages\/1378\/revisions\/1402"}],"wp:attachment":[{"href":"https:\/\/linz-hotel.at\/es\/wp-json\/wp\/v2\/media?parent=1378"}],"curies":[{"name":"wp","href":"https:\/\/api.w.org\/{rel}","templated":true}]}}