{"id":1327,"date":"2023-06-14T10:49:07","date_gmt":"2023-06-14T08:49:07","guid":{"rendered":"https:\/\/linz-hotel.at\/destino-linz\/"},"modified":"2024-02-04T11:56:04","modified_gmt":"2024-02-04T10:56:04","slug":"destino-linz","status":"publish","type":"page","link":"https:\/\/linz-hotel.at\/es\/destino-linz\/","title":{"rendered":"Destino Linz"},"content":{"rendered":"\t\t<div data-elementor-type=\"wp-page\" data-elementor-id=\"1327\" class=\"elementor elementor-1327 elementor-278\">\n\t\t\t\t\t\t<section class=\"elementor-section elementor-top-section elementor-element elementor-element-dc6304b elementor-hidden-mobile elementor-section-boxed elementor-section-height-default elementor-section-height-default\" data-id=\"dc6304b\" data-element_type=\"section\" data-settings=\"{&quot;background_background&quot;:&quot;classic&quot;}\">\n\t\t\t\t\t\t<div class=\"elementor-container elementor-column-gap-default\">\n\t\t\t\t\t<div class=\"elementor-column elementor-col-100 elementor-top-column elementor-element elementor-element-e963fc3\" data-id=\"e963fc3\" data-element_type=\"column\">\n\t\t\t<div class=\"elementor-widget-wrap\">\n\t\t\t\t\t\t\t<\/div>\n\t\t<\/div>\n\t\t\t\t\t<\/div>\n\t\t<\/section>\n\t\t\t\t<section class=\"elementor-section elementor-top-section elementor-element elementor-element-bebd432 elementor-section-boxed elementor-section-height-default elementor-section-height-default\" data-id=\"bebd432\" data-element_type=\"section\">\n\t\t\t\t\t\t<div class=\"elementor-container elementor-column-gap-default\">\n\t\t\t\t\t<div class=\"elementor-column elementor-col-100 elementor-top-column elementor-element elementor-element-54f94d2\" data-id=\"54f94d2\" data-element_type=\"column\" data-settings=\"{&quot;background_background&quot;:&quot;classic&quot;}\">\n\t\t\t<div class=\"elementor-widget-wrap elementor-element-populated\">\n\t\t\t\t\t\t<div class=\"elementor-element elementor-element-2ca1e90 elementor-widget elementor-widget-heading\" data-id=\"2ca1e90\" data-element_type=\"widget\" data-widget_type=\"heading.default\">\n\t\t\t\t<div class=\"elementor-widget-container\">\n\t\t\t\t\t<h1 class=\"elementor-heading-title elementor-size-default\">Lugares de inter\u00e9s y  <br>lugares culturales de Linz<\/h1>\t\t\t\t<\/div>\n\t\t\t\t<\/div>\n\t\t\t\t<div class=\"elementor-element elementor-element-2e18273 elementor-widget elementor-widget-heading\" data-id=\"2e18273\" data-element_type=\"widget\" data-widget_type=\"heading.default\">\n\t\t\t\t<div class=\"elementor-widget-container\">\n\t\t\t\t\t<h2 class=\"elementor-heading-title elementor-size-default\">~ Ocio \/ Cultura \/ Arte \/ Ciudad ~<\/h2>\t\t\t\t<\/div>\n\t\t\t\t<\/div>\n\t\t\t\t\t<\/div>\n\t\t<\/div>\n\t\t\t\t\t<\/div>\n\t\t<\/section>\n\t\t\t\t<section class=\"elementor-section elementor-top-section elementor-element elementor-element-a1d9b18 elementor-section-boxed elementor-section-height-default elementor-section-height-default\" data-id=\"a1d9b18\" data-element_type=\"section\">\n\t\t\t\t\t\t<div class=\"elementor-container elementor-column-gap-wide\">\n\t\t\t\t\t<div class=\"elementor-column elementor-col-50 elementor-top-column elementor-element elementor-element-fbf314a\" data-id=\"fbf314a\" data-element_type=\"column\">\n\t\t\t<div class=\"elementor-widget-wrap elementor-element-populated\">\n\t\t\t\t\t\t<div class=\"elementor-element elementor-element-82b7039 elementor-widget elementor-widget-text-editor\" data-id=\"82b7039\" data-element_type=\"widget\" data-widget_type=\"text-editor.default\">\n\t\t\t\t<div class=\"elementor-widget-container\">\n\t\t\t\t\t\t\t\t\t<div class=\"elementor-element elementor-element-d5271a0 elementor-widget elementor-widget-text-editor\" data-id=\"d5271a0\" data-element_type=\"widget\" data-widget_type=\"text-editor.default\">\n<div class=\"elementor-widget-container\">\n<div class=\"elementor-text-editor elementor-clearfix\">\n<p>En Linz puede organizar su tiempo libre a su antojo. La ciudad de la industria y los negocios, el arte de los medios de comunicaci\u00f3n y la ciencia cuenta con una larga tradici\u00f3n y hoy, como Capital Europea de la Cultura, es un centro vibrante con encanto hist\u00f3rico y estilo internacional. Anta\u00f1o asentamiento celta, luego castro romano, en el siglo XV residencia del emperador Federico III y m\u00e1s tarde lugar de destacadas personalidades. Aqu\u00ed es donde Johannes Kepler calcul\u00f3 las \u00f3rbitas de los planetas, donde Wolfgang Amadeus Mozart y Anton Bruckner compusieron grandes sinfon\u00edas y donde se escribieron las importantes obras de Adalbert Stifter. Emb\u00e1rquese en un viaje por una ciudad \u00fanica: hemos recopilado para usted algunos monumentos y lugares culturales especialmente recomendables de Linz:<\/p>\n<p><strong>Centro Ars Electronica (15 min.):<\/strong> Vida virtual y una mirada al futuro de los ordenadores.<br \/><strong>Museo de Arte Lentos (10-15 min.)<\/strong>: El museo, con su cuerpo formalmente austero de cristal y hormig\u00f3n visto, situado directamente junto al Danubio, muestra arte contempor\u00e1neo moderno junto a arte cl\u00e1sico.<br \/><strong>Museo del Castillo (10 min.)<\/strong>: El museo regional del castillo renacentista exhibe colecciones de historia regional.<br \/><strong>Catedral Vieja (5 min.)<\/strong>: La iglesia jesuita de San Ignacio, construida por P. F. Carlone, es el edificio barroco m\u00e1s impresionante de la ciudad. Destacan el \u00f3rgano Krismann y los bancos tallados. Anton Bruckner trabaj\u00f3 aqu\u00ed durante diez a\u00f1os como organista de la catedral.<br \/><strong>Plaza Mayor (3 min.)<\/strong>: La plaza de 220 metros de largo y 60 de ancho, con sus numerosas fachadas barrocas y rococ\u00f3, es una de las m\u00e1s bellas de Europa Central. Numerosos caf\u00e9s invitan a quedarse.<br \/><strong>Landhaus (1 min.):<\/strong> El gobierno provincial y el parlamento de Alta Austria tienen su sede en un palacio renacentista especialmente bello. La fuente planetaria decorada con escudos en el patio porticado, donde tambi\u00e9n se toca m\u00fasica en verano, es significativa por su iconograf\u00eda.<br \/><strong>Catedral Nueva (5 min.)<\/strong>: La Bas\u00edlica neog\u00f3tica de la Asunci\u00f3n, la mayor iglesia de Austria, recuerda a la Catedral de San Esteban de Viena.<br \/><strong>P\u00f6stlingberg (30 minutos en transporte p\u00fablico):<\/strong> El ferrocarril sin ruedas dentadas m\u00e1s empinado de Europa sube a la monta\u00f1a local de Linz, de 537 metros de altura, con la iglesia barroca de peregrinaci\u00f3n \u00abSiete Dolores de Mar\u00eda\u00bb.<\/p>\n<\/p>\n<p>M\u00e1s informaci\u00f3n sobre Linz \/ actualidad en:<br \/><a href=\"http:\/\/www.touristik.at\" target=\"_blank\" rel=\"noopener\">www.touristik.at<\/a><br \/><a href=\"http:\/\/www.genussland.at\" target=\"_blank\" rel=\"noopener\">www.genussland.at<\/a><\/p>\n<p><a href=\"https:\/\/www.linztermine.at\" target=\"_blank\" rel=\"noopener\">www.linztermine.at<\/a><\/p>\n<p><a href=\"http:\/\/www.linz.at\" target=\"_blank\" rel=\"noopener\">www.linz.at<\/a><br \/><a href=\"http:\/\/www.hotspots-linz.at\" target=\"_blank\" rel=\"noopener\">www.hotspots-linz.at<\/a><\/p>\n<\/p>\n<p>O visite uno de nuestros restaurantes, el ROOFTOP 7 Bar sobre los tejados de Linz.<br \/>o nuestro nuevo bistr\u00f3 gourmet \u00abDERschwarzeB\u00c4R\u00bb. Esperamos darle pronto la bienvenida.<\/p>\n<\/div>\n<\/div>\n<\/div>\n\t\t\t\t\t\t\t\t<\/div>\n\t\t\t\t<\/div>\n\t\t\t\t<div class=\"elementor-element elementor-element-f337f7a elementor-align-center elementor-widget elementor-widget-button\" data-id=\"f337f7a\" data-element_type=\"widget\" data-widget_type=\"button.default\">\n\t\t\t\t<div class=\"elementor-widget-container\">\n\t\t\t\t\t\t\t\t\t<div class=\"elementor-button-wrapper\">\n\t\t\t\t\t<a class=\"elementor-button elementor-button-link elementor-size-sm\" href=\"https:\/\/linz-hotel.at\/es\/?page_id=1169\">\n\t\t\t\t\t\t<span class=\"elementor-button-content-wrapper\">\n\t\t\t\t\t\t\t\t\t<span class=\"elementor-button-text\">C\u00f3mo encontrarnos<\/span>\n\t\t\t\t\t<\/span>\n\t\t\t\t\t<\/a>\n\t\t\t\t<\/div>\n\t\t\t\t\t\t\t\t<\/div>\n\t\t\t\t<\/div>\n\t\t\t\t\t<\/div>\n\t\t<\/div>\n\t\t\t\t<div class=\"elementor-column elementor-col-50 elementor-top-column elementor-element elementor-element-dd220b4\" data-id=\"dd220b4\" data-element_type=\"column\">\n\t\t\t<div class=\"elementor-widget-wrap elementor-element-populated\">\n\t\t\t\t\t\t<div class=\"elementor-element elementor-element-39125bf elementor-widget elementor-widget-heading\" data-id=\"39125bf\" data-element_type=\"widget\" data-widget_type=\"heading.default\">\n\t\t\t\t<div class=\"elementor-widget-container\">\n\t\t\t\t\t<h5 class=\"elementor-heading-title elementor-size-default\">Planeta Linz<\/h5>\t\t\t\t<\/div>\n\t\t\t\t<\/div>\n\t\t\t\t<div class=\"elementor-element elementor-element-58a0b63 elementor-widget elementor-widget-video\" data-id=\"58a0b63\" data-element_type=\"widget\" data-settings=\"{&quot;youtube_url&quot;:&quot;https:\\\/\\\/youtu.be\\\/qtydGyLvklQ&quot;,&quot;video_type&quot;:&quot;youtube&quot;,&quot;controls&quot;:&quot;yes&quot;}\" data-widget_type=\"video.default\">\n\t\t\t\t<div class=\"elementor-widget-container\">\n\t\t\t\t\t\t\t<div class=\"elementor-wrapper elementor-open-inline\">\n\t\t\t<div class=\"elementor-video\"><\/div>\t\t<\/div>\n\t\t\t\t\t\t<\/div>\n\t\t\t\t<\/div>\n\t\t\t\t<div class=\"elementor-element elementor-element-cd3b15e elementor-widget elementor-widget-heading\" data-id=\"cd3b15e\" data-element_type=\"widget\" data-widget_type=\"heading.default\">\n\t\t\t\t<div class=\"elementor-widget-container\">\n\t\t\t\t\t<h5 class=\"elementor-heading-title elementor-size-default\">Un viaje incre\u00edble<\/h5>\t\t\t\t<\/div>\n\t\t\t\t<\/div>\n\t\t\t\t<div class=\"elementor-element elementor-element-59ed3aa elementor-widget elementor-widget-video\" data-id=\"59ed3aa\" data-element_type=\"widget\" data-settings=\"{&quot;youtube_url&quot;:&quot;https:\\\/\\\/youtu.be\\\/JC-U2xgIsL0&quot;,&quot;video_type&quot;:&quot;youtube&quot;,&quot;controls&quot;:&quot;yes&quot;}\" data-widget_type=\"video.default\">\n\t\t\t\t<div class=\"elementor-widget-container\">\n\t\t\t\t\t\t\t<div class=\"elementor-wrapper elementor-open-inline\">\n\t\t\t<div class=\"elementor-video\"><\/div>\t\t<\/div>\n\t\t\t\t\t\t<\/div>\n\t\t\t\t<\/div>\n\t\t\t\t<div class=\"elementor-element elementor-element-675ed1b elementor-widget elementor-widget-heading\" data-id=\"675ed1b\" data-element_type=\"widget\" data-widget_type=\"heading.default\">\n\t\t\t\t<div class=\"elementor-widget-container\">\n\t\t\t\t\t<h5 class=\"elementor-heading-title elementor-size-default\">Un d\u00eda en Linz<\/h5>\t\t\t\t<\/div>\n\t\t\t\t<\/div>\n\t\t\t\t<div class=\"elementor-element elementor-element-611398e elementor-widget elementor-widget-video\" data-id=\"611398e\" data-element_type=\"widget\" data-settings=\"{&quot;youtube_url&quot;:&quot;https:\\\/\\\/youtu.be\\\/VR2YQCtWqPs&quot;,&quot;video_type&quot;:&quot;youtube&quot;,&quot;controls&quot;:&quot;yes&quot;}\" data-widget_type=\"video.default\">\n\t\t\t\t<div class=\"elementor-widget-container\">\n\t\t\t\t\t\t\t<div class=\"elementor-wrapper elementor-open-inline\">\n\t\t\t<div class=\"elementor-video\"><\/div>\t\t<\/div>\n\t\t\t\t\t\t<\/div>\n\t\t\t\t<\/div>\n\t\t\t\t\t<\/div>\n\t\t<\/div>\n\t\t\t\t\t<\/div>\n\t\t<\/section>\n\t\t\t\t<\/div>\n\t\t","protected":false},"excerpt":{"rendered":"<p>Lugares de inter\u00e9s y lugares culturales de Linz ~ Ocio \/ Cultura \/ Arte \/ Ciudad ~ En Linz puede organizar su tiempo libre a su antojo. La ciudad de la industria y los negocios, el arte de los medios de comunicaci\u00f3n y la ciencia cuenta con una larga tradici\u00f3n y hoy, como Capital Europea [&hellip;]<\/p>\n","protected":false},"author":1,"featured_media":0,"parent":0,"menu_order":0,"comment_status":"closed","ping_status":"closed","template":"","meta":{"site-sidebar-layout":"no-sidebar","site-content-layout":"page-builder","ast-site-content-layout":"default","site-content-style":"default","site-sidebar-style":"default","ast-global-header-display":"","ast-banner-title-visibility":"","ast-main-header-display":"","ast-hfb-above-header-display":"","ast-hfb-below-header-display":"","ast-hfb-mobile-header-display":"","site-post-title":"disabled","ast-breadcrumbs-content":"","ast-featured-img":"disabled","footer-sml-layout":"","theme-transparent-header-meta":"disabled","adv-header-id-meta":"","stick-header-meta":"","header-above-stick-meta":"","header-main-stick-meta":"","header-below-stick-meta":"","astra-migrate-meta-layouts":"default","ast-page-background-enabled":"default","ast-page-background-meta":{"desktop":{"background-color":"var(--ast-global-color-4)","background-image":"","background-repeat":"repeat","background-position":"center center","background-size":"auto","background-attachment":"scroll","background-type":"","background-media":"","overlay-type":"","overlay-color":"","overlay-opacity":"","overlay-gradient":""},"tablet":{"background-color":"","background-image":"","background-repeat":"repeat","background-position":"center center","background-size":"auto","background-attachment":"scroll","background-type":"","background-media":"","overlay-type":"","overlay-color":"","overlay-opacity":"","overlay-gradient":""},"mobile":{"background-color":"","background-image":"","background-repeat":"repeat","background-position":"center center","background-size":"auto","background-attachment":"scroll","background-type":"","background-media":"","overlay-type":"","overlay-color":"","overlay-opacity":"","overlay-gradient":""}},"ast-content-background-meta":{"desktop":{"background-color":"var(--ast-global-color-5)","background-image":"","background-repeat":"repeat","background-position":"center center","background-size":"auto","background-attachment":"scroll","background-type":"","background-media":"","overlay-type":"","overlay-color":"","overlay-opacity":"","overlay-gradient":""},"tablet":{"background-color":"var(--ast-global-color-5)","background-image":"","background-repeat":"repeat","background-position":"center center","background-size":"auto","background-attachment":"scroll","background-type":"","background-media":"","overlay-type":"","overlay-color":"","overlay-opacity":"","overlay-gradient":""},"mobile":{"background-color":"var(--ast-global-color-5)","background-image":"","background-repeat":"repeat","background-position":"center center","background-size":"auto","background-attachment":"scroll","background-type":"","background-media":"","overlay-type":"","overlay-color":"","overlay-opacity":"","overlay-gradient":""}},"footnotes":""},"class_list":["post-1327","page","type-page","status-publish","hentry"],"yoast_head":"<!-- This site is optimized with the Yoast SEO plugin v25.9 - https:\/\/yoast.com\/wordpress\/plugins\/seo\/ -->\n<title>Lugares de inter\u00e9s de Linz<\/title>\n<meta name=\"description\" content=\"Principales atracciones tur\u00edsticas de Linz: Centro ARS Electronica \ud83e\udd16 - Museo de Arte Lentos \ud83c\udfa8 - Museo del Palacio \ud83c\udff0 - Catedral Vieja - Plaza Mayor - P\u00f6stlingberg\" \/>\n<meta name=\"robots\" content=\"index, follow, max-snippet:-1, max-image-preview:large, max-video-preview:-1\" \/>\n<link rel=\"canonical\" href=\"https:\/\/linz-hotel.at\/es\/destino-linz\/\" \/>\n<meta property=\"og:locale\" content=\"es_ES\" \/>\n<meta property=\"og:type\" content=\"article\" \/>\n<meta property=\"og:title\" content=\"Lugares de inter\u00e9s de Linz\" \/>\n<meta property=\"og:description\" content=\"Principales atracciones tur\u00edsticas de Linz: Centro ARS Electronica \ud83e\udd16 - Museo de Arte Lentos \ud83c\udfa8 - Museo del Palacio \ud83c\udff0 - Catedral Vieja - Plaza Mayor - P\u00f6stlingberg\" \/>\n<meta property=\"og:url\" content=\"https:\/\/linz-hotel.at\/es\/destino-linz\/\" \/>\n<meta property=\"og:site_name\" content=\"Hotel Schwarzer B\u00e4r Linz\" \/>\n<meta property=\"article:publisher\" content=\"https:\/\/www.facebook.com\/schwarzerbaer\" \/>\n<meta property=\"article:modified_time\" content=\"2024-02-04T10:56:04+00:00\" \/>\n<meta name=\"twitter:card\" content=\"summary_large_image\" \/>\n<meta name=\"twitter:label1\" content=\"Tiempo de lectura\" \/>\n\t<meta name=\"twitter:data1\" content=\"2 minutos\" \/>\n<script type=\"application\/ld+json\" class=\"yoast-schema-graph\">{\"@context\":\"https:\/\/schema.org\",\"@graph\":[{\"@type\":\"WebPage\",\"@id\":\"https:\/\/linz-hotel.at\/es\/destino-linz\/\",\"url\":\"https:\/\/linz-hotel.at\/es\/destino-linz\/\",\"name\":\"Lugares de inter\u00e9s de Linz\",\"isPartOf\":{\"@id\":\"https:\/\/linz-hotel.at\/es\/#website\"},\"datePublished\":\"2023-06-14T08:49:07+00:00\",\"dateModified\":\"2024-02-04T10:56:04+00:00\",\"description\":\"Principales atracciones tur\u00edsticas de Linz: Centro ARS Electronica \ud83e\udd16 - Museo de Arte Lentos \ud83c\udfa8 - Museo del Palacio \ud83c\udff0 - Catedral Vieja - Plaza Mayor - P\u00f6stlingberg\",\"breadcrumb\":{\"@id\":\"https:\/\/linz-hotel.at\/es\/destino-linz\/#breadcrumb\"},\"inLanguage\":\"es\",\"potentialAction\":[{\"@type\":\"ReadAction\",\"target\":[\"https:\/\/linz-hotel.at\/es\/destino-linz\/\"]}]},{\"@type\":\"BreadcrumbList\",\"@id\":\"https:\/\/linz-hotel.at\/es\/destino-linz\/#breadcrumb\",\"itemListElement\":[{\"@type\":\"ListItem\",\"position\":1,\"name\":\"Startseite\",\"item\":\"https:\/\/linz-hotel.at\/es\/\"},{\"@type\":\"ListItem\",\"position\":2,\"name\":\"Destino Linz\"}]},{\"@type\":\"WebSite\",\"@id\":\"https:\/\/linz-hotel.at\/es\/#website\",\"url\":\"https:\/\/linz-hotel.at\/es\/\",\"name\":\"Hotel Schwarzer B\u00e4r Linz\",\"description\":\"Hotel Schwarzer B\u00e4r Linz\",\"potentialAction\":[{\"@type\":\"SearchAction\",\"target\":{\"@type\":\"EntryPoint\",\"urlTemplate\":\"https:\/\/linz-hotel.at\/es\/?s={search_term_string}\"},\"query-input\":{\"@type\":\"PropertyValueSpecification\",\"valueRequired\":true,\"valueName\":\"search_term_string\"}}],\"inLanguage\":\"es\"}]}<\/script>\n<!-- \/ Yoast SEO plugin. -->","yoast_head_json":{"title":"Lugares de inter\u00e9s de Linz","description":"Principales atracciones tur\u00edsticas de Linz: Centro ARS Electronica \ud83e\udd16 - Museo de Arte Lentos \ud83c\udfa8 - Museo del Palacio \ud83c\udff0 - Catedral Vieja - Plaza Mayor - P\u00f6stlingberg","robots":{"index":"index","follow":"follow","max-snippet":"max-snippet:-1","max-image-preview":"max-image-preview:large","max-video-preview":"max-video-preview:-1"},"canonical":"https:\/\/linz-hotel.at\/es\/destino-linz\/","og_locale":"es_ES","og_type":"article","og_title":"Lugares de inter\u00e9s de Linz","og_description":"Principales atracciones tur\u00edsticas de Linz: Centro ARS Electronica \ud83e\udd16 - Museo de Arte Lentos \ud83c\udfa8 - Museo del Palacio \ud83c\udff0 - Catedral Vieja - Plaza Mayor - P\u00f6stlingberg","og_url":"https:\/\/linz-hotel.at\/es\/destino-linz\/","og_site_name":"Hotel Schwarzer B\u00e4r Linz","article_publisher":"https:\/\/www.facebook.com\/schwarzerbaer","article_modified_time":"2024-02-04T10:56:04+00:00","twitter_card":"summary_large_image","twitter_misc":{"Tiempo de lectura":"2 minutos"},"schema":{"@context":"https:\/\/schema.org","@graph":[{"@type":"WebPage","@id":"https:\/\/linz-hotel.at\/es\/destino-linz\/","url":"https:\/\/linz-hotel.at\/es\/destino-linz\/","name":"Lugares de inter\u00e9s de Linz","isPartOf":{"@id":"https:\/\/linz-hotel.at\/es\/#website"},"datePublished":"2023-06-14T08:49:07+00:00","dateModified":"2024-02-04T10:56:04+00:00","description":"Principales atracciones tur\u00edsticas de Linz: Centro ARS Electronica \ud83e\udd16 - Museo de Arte Lentos \ud83c\udfa8 - Museo del Palacio \ud83c\udff0 - Catedral Vieja - Plaza Mayor - P\u00f6stlingberg","breadcrumb":{"@id":"https:\/\/linz-hotel.at\/es\/destino-linz\/#breadcrumb"},"inLanguage":"es","potentialAction":[{"@type":"ReadAction","target":["https:\/\/linz-hotel.at\/es\/destino-linz\/"]}]},{"@type":"BreadcrumbList","@id":"https:\/\/linz-hotel.at\/es\/destino-linz\/#breadcrumb","itemListElement":[{"@type":"ListItem","position":1,"name":"Startseite","item":"https:\/\/linz-hotel.at\/es\/"},{"@type":"ListItem","position":2,"name":"Destino Linz"}]},{"@type":"WebSite","@id":"https:\/\/linz-hotel.at\/es\/#website","url":"https:\/\/linz-hotel.at\/es\/","name":"Hotel Schwarzer B\u00e4r Linz","description":"Hotel Schwarzer B\u00e4r Linz","potentialAction":[{"@type":"SearchAction","target":{"@type":"EntryPoint","urlTemplate":"https:\/\/linz-hotel.at\/es\/?s={search_term_string}"},"query-input":{"@type":"PropertyValueSpecification","valueRequired":true,"valueName":"search_term_string"}}],"inLanguage":"es"}]}},"_links":{"self":[{"href":"https:\/\/linz-hotel.at\/es\/wp-json\/wp\/v2\/pages\/1327","targetHints":{"allow":["GET"]}}],"collection":[{"href":"https:\/\/linz-hotel.at\/es\/wp-json\/wp\/v2\/pages"}],"about":[{"href":"https:\/\/linz-hotel.at\/es\/wp-json\/wp\/v2\/types\/page"}],"author":[{"embeddable":true,"href":"https:\/\/linz-hotel.at\/es\/wp-json\/wp\/v2\/users\/1"}],"replies":[{"embeddable":true,"href":"https:\/\/linz-hotel.at\/es\/wp-json\/wp\/v2\/comments?post=1327"}],"version-history":[{"count":3,"href":"https:\/\/linz-hotel.at\/es\/wp-json\/wp\/v2\/pages\/1327\/revisions"}],"predecessor-version":[{"id":1357,"href":"https:\/\/linz-hotel.at\/es\/wp-json\/wp\/v2\/pages\/1327\/revisions\/1357"}],"wp:attachment":[{"href":"https:\/\/linz-hotel.at\/es\/wp-json\/wp\/v2\/media?parent=1327"}],"curies":[{"name":"wp","href":"https:\/\/api.w.org\/{rel}","templated":true}]}}