{"id":1211,"date":"2023-06-14T09:54:07","date_gmt":"2023-06-14T07:54:07","guid":{"rendered":"https:\/\/linz-hotel.at\/pie-de-imprenta-y-agb\/"},"modified":"2024-02-04T11:54:47","modified_gmt":"2024-02-04T10:54:47","slug":"pie-de-imprenta-y-agb","status":"publish","type":"page","link":"https:\/\/linz-hotel.at\/es\/pie-de-imprenta-y-agb\/","title":{"rendered":"Pie de imprenta y AGB"},"content":{"rendered":"\t\t<div data-elementor-type=\"wp-page\" data-elementor-id=\"1211\" class=\"elementor elementor-1211 elementor-246\">\n\t\t\t\t\t\t<section class=\"elementor-section elementor-top-section elementor-element elementor-element-d5b47ed elementor-section-boxed elementor-section-height-default elementor-section-height-default\" data-id=\"d5b47ed\" data-element_type=\"section\">\n\t\t\t\t\t\t<div class=\"elementor-container elementor-column-gap-default\">\n\t\t\t\t\t<div class=\"elementor-column elementor-col-100 elementor-top-column elementor-element elementor-element-8611f15\" data-id=\"8611f15\" data-element_type=\"column\">\n\t\t\t<div class=\"elementor-widget-wrap elementor-element-populated\">\n\t\t\t\t\t\t<div class=\"elementor-element elementor-element-9a9721d elementor-widget elementor-widget-spacer\" data-id=\"9a9721d\" data-element_type=\"widget\" data-widget_type=\"spacer.default\">\n\t\t\t\t<div class=\"elementor-widget-container\">\n\t\t\t\t\t\t\t<div class=\"elementor-spacer\">\n\t\t\t<div class=\"elementor-spacer-inner\"><\/div>\n\t\t<\/div>\n\t\t\t\t\t\t<\/div>\n\t\t\t\t<\/div>\n\t\t\t\t<div class=\"elementor-element elementor-element-89446b6 elementor-widget elementor-widget-text-editor\" data-id=\"89446b6\" data-element_type=\"widget\" data-widget_type=\"text-editor.default\">\n\t\t\t\t<div class=\"elementor-widget-container\">\n\t\t\t\t\t\t\t\t\t<h2>Pie de imprenta<\/h2>\n<p><strong>Hotel Schwarzer B\u00e4r GmbH<\/strong><br \/>Herrenstra\u00dfe 11, 4020 Linz<br \/>Tel. +43 (0)732 772477, Fax +43 (0)732 772477-47<br \/>baer@linz-hotel.at, www.linz-hotel.at<br \/>UID: ATU 71183248<br \/>Miembro de la C\u00e1mara de Comercio de Alta Austria<br \/>N\u00famero de registro mercantil: 455861i<br \/>Lugar de jurisdicci\u00f3n Linz<\/p>\n<p><span style=\"text-decoration: underline;\">Copyright \u00a9 2023: Hotel Schwarzer B\u00e4r<\/span><br \/>Responsable del contenido: Hotel Schwarzer B\u00e4r<br \/>Los contenidos del sitio web del Hotel Schwarzer B\u00e4r est\u00e1n protegidos por derechos de autor. La reproducci\u00f3n de informaci\u00f3n, en particular el uso de textos, partes de textos o im\u00e1genes, requiere la autorizaci\u00f3n previa por escrito del Hotel Schwarzer B\u00e4r. El Hotel Schwarzer B\u00e4r se esfuerza en la medida de sus posibilidades por garantizar la exactitud de la informaci\u00f3n contenida en este sitio web. No obstante, se excluye cualquier responsabilidad o garant\u00eda por la actualidad, exactitud e integridad de la informaci\u00f3n facilitada. Adem\u00e1s, el Hotel Zum Schwarzen B\u00e4ren no es responsable del contenido de los sitios web externos enlazados mediante hiperv\u00ednculos. El Hotel Schwarzer B\u00e4r se reserva el derecho a realizar cambios o adiciones a la informaci\u00f3n proporcionada sin previo aviso.<\/p>\n<p><span style=\"text-decoration: underline;\">PRUEBA FOTOGR\u00c1FICA:<\/span> Hotel Schwarzer B\u00e4r, Oficina de Turismo de Linz, O\u00d6.Tourismus<\/p>\n<h2>Condiciones Generales de la Industria Hotelera (AGBH)<\/h2>\n<p><a href=\"https:\/\/linz-hotel.at\/wp-content\/uploads\/agb-hotel-oesterreich.pdf\">ES &#8211; CONDICIONES GENERALES DE LA INDUSTRIA HOTELERA<\/a><\/p>\n<p><a href=\"https:\/\/linz-hotel.at\/wp-content\/uploads\/agb-hotel-oesterreich-englisch.pdf\">ES &#8211; CONDICIONES GENERALES DE LA INDUSTRIA HOTELERA<\/a><\/p>\n<p><a href=\"https:\/\/linz-hotel.at\/wp-content\/uploads\/agb-hotel-oesterreich-cz.pdf\">CZ &#8211; V\u0160EOBECN\u00c9 OBCHODN\u00cd PODM\u00cdNKY PRO HOTELI\u00c9RSTV\u00cd<\/a><\/p>\n<p><a href=\"https:\/\/linz-hotel.at\/wp-content\/uploads\/agb-hotel-oesterreich-franzoesisch.pdf\">FR &#8211; CONDITIONS G\u00c9N\u00c9RALES POUR L&#8217;HOTELLERIE<\/a><\/p>\n<h2>Pol\u00edtica de privacidad<\/h2>\n<p>La protecci\u00f3n de sus datos personales nos preocupa especialmente. Por lo tanto, procesamos sus datos exclusivamente sobre la base de las disposiciones legales (GDPR, TKG 2003). En esta informaci\u00f3n sobre protecci\u00f3n de datos, le informamos sobre los aspectos m\u00e1s importantes del tratamiento de datos en el contexto de nuestro sitio web.<\/p>\n<p>Cuando visita nuestro sitio web, su direcci\u00f3n IP, el inicio y el fin de la sesi\u00f3n quedan registrados durante toda la sesi\u00f3n. Esto es por razones t\u00e9cnicas y por lo tanto constituye un inter\u00e9s leg\u00edtimo en el sentido del Art. 6 (1) (f) GDPR. A menos que se estipule lo contrario a continuaci\u00f3n, no procesaremos m\u00e1s estos datos.<\/p>\n<p>Si se pone en contacto con nosotros a trav\u00e9s del formulario del sitio web o por correo electr\u00f3nico, almacenaremos los datos que nos proporcione durante seis meses con el fin de procesar la consulta y en caso de preguntas de seguimiento. No transmitimos estos datos sin su consentimiento.<\/p>\n<h3>Almacenamiento de datos<\/h3>\n<p>Nos gustar\u00eda se\u00f1alar que, con el fin de simplificar el proceso de compra y para la posterior tramitaci\u00f3n del contrato, el operador de la tienda web almacena los datos IP del propietario de la conexi\u00f3n en el contexto de las cookies, as\u00ed como el nombre, la direcci\u00f3n y el n\u00famero de tarjeta de cr\u00e9dito [&#8230;] del comprador.<\/p>\n<p>Los datos que facilite son necesarios para cumplir el contrato o para llevar a cabo medidas precontractuales. Sin estos datos no podemos celebrar el contrato con usted. Los datos no ser\u00e1n transferidos a terceros, con la excepci\u00f3n de la transferencia de datos de tarjetas de cr\u00e9dito a los institutos bancarios de procesamiento \/ proveedores de servicios de pago con el fin de cargar el precio de compra, a la empresa de transporte \/ empresa naviera encargada por nosotros para entregar la mercanc\u00eda y a nuestro asesor fiscal para cumplir con nuestras obligaciones fiscales.<\/p>\n<p>Tras cancelar el proceso de compra, los datos almacenados por nosotros ser\u00e1n eliminados. Si se celebra un contrato, todos los datos de la relaci\u00f3n contractual se almacenar\u00e1n hasta que expire el periodo de conservaci\u00f3n previsto en la legislaci\u00f3n fiscal (7 a\u00f1os).<\/p>\n<p>Los datos de nombre, direcci\u00f3n, bienes adquiridos y fecha de compra tambi\u00e9n se almacenan hasta que expira la responsabilidad del producto. El tratamiento de datos se lleva a cabo sobre la base de las disposiciones legales del art\u00edculo 96 (3) de la TKG y del art\u00edculo 6 (1) (a) (consentimiento) y\/o (b) (necesario para el cumplimiento del contrato) del GDPR.<\/p>\n<h3>Herramienta de bloqueo de cookies<\/h3>\n<p>Utilizamos la herramienta de consentimiento \u00abReal Cookie Banner\u00bb para gestionar las cookies y tecnolog\u00edas similares utilizadas (p\u00edxeles de seguimiento, balizas web, etc.) y los consentimientos relacionados. Encontrar\u00e1 informaci\u00f3n detallada sobre el funcionamiento de \u00abReal Cookie Banner\u00bb en <a href=\"https:\/\/devowl.io\/de\/rcb\/datenverarbeitung\/\" target=\"_blank\" rel=\"noopener\">https:\/\/devowl.io\/de\/rcb\/datenverarbeitung\/.<\/a><\/p>\n<p>La base jur\u00eddica para el tratamiento de datos personales en este contexto es el Art. 6 para. 1 lit. c GDPR y Art. 6 para. 1 lit. f GDPR. Nuestro inter\u00e9s leg\u00edtimo es la gesti\u00f3n de las cookies y tecnolog\u00edas similares utilizadas y los consentimientos relacionados.<\/p>\n<p>El suministro de datos personales no es obligatorio ni necesario para la celebraci\u00f3n de un contrato. No est\u00e1 obligado a facilitar los datos personales. Si no facilita los datos personales, no podremos gestionar sus consentimientos.<\/p>\n<h3>Cookies<\/h3>\n<p>Nuestro sitio web utiliza las denominadas cookies. Se trata de peque\u00f1os archivos de texto que se almacenan en su dispositivo final con la ayuda del navegador. No causan ning\u00fan da\u00f1o.<\/p>\n<p>Utilizamos cookies para que nuestro sitio web sea m\u00e1s f\u00e1cil de usar. Algunas cookies permanecen almacenadas en su dispositivo final hasta que usted las borra. Nos permiten reconocer su navegador la pr\u00f3xima vez que visite nuestro sitio web.<\/p>\n<p>Si no lo desea, puede configurar su navegador para que le informe sobre la instalaci\u00f3n de cookies y permitirla s\u00f3lo en casos concretos.<\/p>\n<p>Si se desactivan las cookies, la funcionalidad de nuestro sitio web puede verse limitada.<\/p>\n<h3>An\u00e1lisis web<\/h3>\n<p>Nuestro sitio web utiliza funciones del servicio de an\u00e1lisis web Google Analytics. Para ello se utilizan cookies, que permiten analizar su uso del sitio web. La informaci\u00f3n generada de este modo se transfiere al servidor del proveedor y se almacena all\u00ed.<\/p>\n<p>Puede evitarlo configurando su navegador para que no almacene cookies.<\/p>\n<p>Hemos celebrado el correspondiente contrato con el proveedor para el tratamiento de datos encargado.<\/p>\n<p>Su direcci\u00f3n IP queda registrada, pero se convierte inmediatamente en un seud\u00f3nimo. Esto significa que s\u00f3lo es posible una localizaci\u00f3n aproximada.<\/p>\n<p>El tratamiento de datos se lleva a cabo sobre la base de las disposiciones legales del art\u00edculo 96 (3) de la TKG y del art\u00edculo 6 (1) (a) (consentimiento) y\/o (f) (inter\u00e9s leg\u00edtimo) del GDPR.<\/p>\n<p>Nuestra preocupaci\u00f3n en el sentido del GDPR (inter\u00e9s leg\u00edtimo) es la mejora de nuestra oferta y nuestro sitio web. Dado que la privacidad de nuestros usuarios es importante para nosotros, los datos de los usuarios est\u00e1n seudonimizados.<\/p>\n<h3>Bolet\u00edn<\/h3>\n<p>Tiene la opci\u00f3n de suscribirse a nuestro bolet\u00edn a trav\u00e9s de nuestro sitio web. Para ello necesitamos su direcci\u00f3n de correo electr\u00f3nico y su declaraci\u00f3n de que acepta recibir el bolet\u00edn.<\/p>\n<p>En cuanto se haya registrado para recibir el bolet\u00edn, le enviaremos un correo electr\u00f3nico de confirmaci\u00f3n con un enlace para confirmar su registro.<\/p>\n<p>Puede cancelar su suscripci\u00f3n al bolet\u00edn en cualquier momento. Env\u00ede su cancelaci\u00f3n a la siguiente direcci\u00f3n de correo electr\u00f3nico: baer@linz-hotel.at . A continuaci\u00f3n, eliminaremos inmediatamente sus datos en relaci\u00f3n con el env\u00edo del bolet\u00edn. Esta revocaci\u00f3n no afecta a la legalidad del tratamiento efectuado sobre la base del consentimiento hasta la revocaci\u00f3n.<\/p>\n<h3>Sus derechos<\/h3>\n<p>En principio, usted tiene derecho a la informaci\u00f3n, rectificaci\u00f3n, supresi\u00f3n, limitaci\u00f3n, portabilidad de datos, cancelaci\u00f3n y oposici\u00f3n con respecto a sus datos almacenados por nosotros. Si cree que el tratamiento de sus datos infringe la ley de protecci\u00f3n de datos o que sus derechos de protecci\u00f3n de datos han sido vulnerados de alguna otra forma, puede presentar una reclamaci\u00f3n a baer@linz-hotel.at o a la autoridad de protecci\u00f3n de datos.<\/p>\n\t\t\t\t\t\t\t\t<\/div>\n\t\t\t\t<\/div>\n\t\t\t\t<div class=\"elementor-element elementor-element-1ec5b67 elementor-widget elementor-widget-spacer\" data-id=\"1ec5b67\" data-element_type=\"widget\" data-widget_type=\"spacer.default\">\n\t\t\t\t<div class=\"elementor-widget-container\">\n\t\t\t\t\t\t\t<div class=\"elementor-spacer\">\n\t\t\t<div class=\"elementor-spacer-inner\"><\/div>\n\t\t<\/div>\n\t\t\t\t\t\t<\/div>\n\t\t\t\t<\/div>\n\t\t\t\t\t<\/div>\n\t\t<\/div>\n\t\t\t\t\t<\/div>\n\t\t<\/section>\n\t\t\t\t<\/div>\n\t\t","protected":false},"excerpt":{"rendered":"<p>Pie de imprenta Hotel Schwarzer B\u00e4r GmbHHerrenstra\u00dfe 11, 4020 LinzTel. +43 (0)732 772477, Fax +43 (0)732 772477-47baer@linz-hotel.at, www.linz-hotel.atUID: ATU 71183248Miembro de la C\u00e1mara de Comercio de Alta AustriaN\u00famero de registro mercantil: 455861iLugar de jurisdicci\u00f3n Linz Copyright \u00a9 2023: Hotel Schwarzer B\u00e4rResponsable del contenido: Hotel Schwarzer B\u00e4rLos contenidos del sitio web del Hotel Schwarzer B\u00e4r est\u00e1n [&hellip;]<\/p>\n","protected":false},"author":1,"featured_media":0,"parent":0,"menu_order":0,"comment_status":"closed","ping_status":"closed","template":"","meta":{"site-sidebar-layout":"no-sidebar","site-content-layout":"page-builder","ast-site-content-layout":"default","site-content-style":"default","site-sidebar-style":"default","ast-global-header-display":"","ast-banner-title-visibility":"","ast-main-header-display":"","ast-hfb-above-header-display":"","ast-hfb-below-header-display":"","ast-hfb-mobile-header-display":"","site-post-title":"disabled","ast-breadcrumbs-content":"","ast-featured-img":"disabled","footer-sml-layout":"","theme-transparent-header-meta":"disabled","adv-header-id-meta":"","stick-header-meta":"","header-above-stick-meta":"","header-main-stick-meta":"","header-below-stick-meta":"","astra-migrate-meta-layouts":"default","ast-page-background-enabled":"default","ast-page-background-meta":{"desktop":{"background-color":"var(--ast-global-color-4)","background-image":"","background-repeat":"repeat","background-position":"center center","background-size":"auto","background-attachment":"scroll","background-type":"","background-media":"","overlay-type":"","overlay-color":"","overlay-opacity":"","overlay-gradient":""},"tablet":{"background-color":"","background-image":"","background-repeat":"repeat","background-position":"center center","background-size":"auto","background-attachment":"scroll","background-type":"","background-media":"","overlay-type":"","overlay-color":"","overlay-opacity":"","overlay-gradient":""},"mobile":{"background-color":"","background-image":"","background-repeat":"repeat","background-position":"center center","background-size":"auto","background-attachment":"scroll","background-type":"","background-media":"","overlay-type":"","overlay-color":"","overlay-opacity":"","overlay-gradient":""}},"ast-content-background-meta":{"desktop":{"background-color":"var(--ast-global-color-5)","background-image":"","background-repeat":"repeat","background-position":"center center","background-size":"auto","background-attachment":"scroll","background-type":"","background-media":"","overlay-type":"","overlay-color":"","overlay-opacity":"","overlay-gradient":""},"tablet":{"background-color":"var(--ast-global-color-5)","background-image":"","background-repeat":"repeat","background-position":"center center","background-size":"auto","background-attachment":"scroll","background-type":"","background-media":"","overlay-type":"","overlay-color":"","overlay-opacity":"","overlay-gradient":""},"mobile":{"background-color":"var(--ast-global-color-5)","background-image":"","background-repeat":"repeat","background-position":"center center","background-size":"auto","background-attachment":"scroll","background-type":"","background-media":"","overlay-type":"","overlay-color":"","overlay-opacity":"","overlay-gradient":""}},"footnotes":""},"class_list":["post-1211","page","type-page","status-publish","hentry"],"yoast_head":"<!-- This site is optimized with the Yoast SEO plugin v25.9 - https:\/\/yoast.com\/wordpress\/plugins\/seo\/ -->\n<title>Pie de imprenta y AGB - Hotel Schwarzer B\u00e4r Linz<\/title>\n<meta name=\"robots\" content=\"index, follow, max-snippet:-1, max-image-preview:large, max-video-preview:-1\" \/>\n<link rel=\"canonical\" href=\"https:\/\/linz-hotel.at\/es\/pie-de-imprenta-y-agb\/\" \/>\n<meta property=\"og:locale\" content=\"es_ES\" \/>\n<meta property=\"og:type\" content=\"article\" \/>\n<meta property=\"og:title\" content=\"Pie de imprenta y AGB - Hotel Schwarzer B\u00e4r Linz\" \/>\n<meta property=\"og:description\" content=\"Pie de imprenta Hotel Schwarzer B\u00e4r GmbHHerrenstra\u00dfe 11, 4020 LinzTel. +43 (0)732 772477, Fax +43 (0)732 772477-47baer@linz-hotel.at, www.linz-hotel.atUID: ATU 71183248Miembro de la C\u00e1mara de Comercio de Alta AustriaN\u00famero de registro mercantil: 455861iLugar de jurisdicci\u00f3n Linz Copyright \u00a9 2023: Hotel Schwarzer B\u00e4rResponsable del contenido: Hotel Schwarzer B\u00e4rLos contenidos del sitio web del Hotel Schwarzer B\u00e4r est\u00e1n [&hellip;]\" \/>\n<meta property=\"og:url\" content=\"https:\/\/linz-hotel.at\/es\/pie-de-imprenta-y-agb\/\" \/>\n<meta property=\"og:site_name\" content=\"Hotel Schwarzer B\u00e4r Linz\" \/>\n<meta property=\"article:publisher\" content=\"https:\/\/www.facebook.com\/schwarzerbaer\" \/>\n<meta property=\"article:modified_time\" content=\"2024-02-04T10:54:47+00:00\" \/>\n<meta name=\"twitter:card\" content=\"summary_large_image\" \/>\n<meta name=\"twitter:label1\" content=\"Tiempo de lectura\" \/>\n\t<meta name=\"twitter:data1\" content=\"7 minutos\" \/>\n<script type=\"application\/ld+json\" class=\"yoast-schema-graph\">{\"@context\":\"https:\/\/schema.org\",\"@graph\":[{\"@type\":\"WebPage\",\"@id\":\"https:\/\/linz-hotel.at\/es\/pie-de-imprenta-y-agb\/\",\"url\":\"https:\/\/linz-hotel.at\/es\/pie-de-imprenta-y-agb\/\",\"name\":\"Pie de imprenta y AGB - Hotel Schwarzer B\u00e4r Linz\",\"isPartOf\":{\"@id\":\"https:\/\/linz-hotel.at\/es\/#website\"},\"datePublished\":\"2023-06-14T07:54:07+00:00\",\"dateModified\":\"2024-02-04T10:54:47+00:00\",\"breadcrumb\":{\"@id\":\"https:\/\/linz-hotel.at\/es\/pie-de-imprenta-y-agb\/#breadcrumb\"},\"inLanguage\":\"es\",\"potentialAction\":[{\"@type\":\"ReadAction\",\"target\":[\"https:\/\/linz-hotel.at\/es\/pie-de-imprenta-y-agb\/\"]}]},{\"@type\":\"BreadcrumbList\",\"@id\":\"https:\/\/linz-hotel.at\/es\/pie-de-imprenta-y-agb\/#breadcrumb\",\"itemListElement\":[{\"@type\":\"ListItem\",\"position\":1,\"name\":\"Startseite\",\"item\":\"https:\/\/linz-hotel.at\/es\/\"},{\"@type\":\"ListItem\",\"position\":2,\"name\":\"Pie de imprenta y AGB\"}]},{\"@type\":\"WebSite\",\"@id\":\"https:\/\/linz-hotel.at\/es\/#website\",\"url\":\"https:\/\/linz-hotel.at\/es\/\",\"name\":\"Hotel Schwarzer B\u00e4r Linz\",\"description\":\"Hotel Schwarzer B\u00e4r Linz\",\"potentialAction\":[{\"@type\":\"SearchAction\",\"target\":{\"@type\":\"EntryPoint\",\"urlTemplate\":\"https:\/\/linz-hotel.at\/es\/?s={search_term_string}\"},\"query-input\":{\"@type\":\"PropertyValueSpecification\",\"valueRequired\":true,\"valueName\":\"search_term_string\"}}],\"inLanguage\":\"es\"}]}<\/script>\n<!-- \/ Yoast SEO plugin. -->","yoast_head_json":{"title":"Pie de imprenta y AGB - Hotel Schwarzer B\u00e4r Linz","robots":{"index":"index","follow":"follow","max-snippet":"max-snippet:-1","max-image-preview":"max-image-preview:large","max-video-preview":"max-video-preview:-1"},"canonical":"https:\/\/linz-hotel.at\/es\/pie-de-imprenta-y-agb\/","og_locale":"es_ES","og_type":"article","og_title":"Pie de imprenta y AGB - Hotel Schwarzer B\u00e4r Linz","og_description":"Pie de imprenta Hotel Schwarzer B\u00e4r GmbHHerrenstra\u00dfe 11, 4020 LinzTel. +43 (0)732 772477, Fax +43 (0)732 772477-47baer@linz-hotel.at, www.linz-hotel.atUID: ATU 71183248Miembro de la C\u00e1mara de Comercio de Alta AustriaN\u00famero de registro mercantil: 455861iLugar de jurisdicci\u00f3n Linz Copyright \u00a9 2023: Hotel Schwarzer B\u00e4rResponsable del contenido: Hotel Schwarzer B\u00e4rLos contenidos del sitio web del Hotel Schwarzer B\u00e4r est\u00e1n [&hellip;]","og_url":"https:\/\/linz-hotel.at\/es\/pie-de-imprenta-y-agb\/","og_site_name":"Hotel Schwarzer B\u00e4r Linz","article_publisher":"https:\/\/www.facebook.com\/schwarzerbaer","article_modified_time":"2024-02-04T10:54:47+00:00","twitter_card":"summary_large_image","twitter_misc":{"Tiempo de lectura":"7 minutos"},"schema":{"@context":"https:\/\/schema.org","@graph":[{"@type":"WebPage","@id":"https:\/\/linz-hotel.at\/es\/pie-de-imprenta-y-agb\/","url":"https:\/\/linz-hotel.at\/es\/pie-de-imprenta-y-agb\/","name":"Pie de imprenta y AGB - Hotel Schwarzer B\u00e4r Linz","isPartOf":{"@id":"https:\/\/linz-hotel.at\/es\/#website"},"datePublished":"2023-06-14T07:54:07+00:00","dateModified":"2024-02-04T10:54:47+00:00","breadcrumb":{"@id":"https:\/\/linz-hotel.at\/es\/pie-de-imprenta-y-agb\/#breadcrumb"},"inLanguage":"es","potentialAction":[{"@type":"ReadAction","target":["https:\/\/linz-hotel.at\/es\/pie-de-imprenta-y-agb\/"]}]},{"@type":"BreadcrumbList","@id":"https:\/\/linz-hotel.at\/es\/pie-de-imprenta-y-agb\/#breadcrumb","itemListElement":[{"@type":"ListItem","position":1,"name":"Startseite","item":"https:\/\/linz-hotel.at\/es\/"},{"@type":"ListItem","position":2,"name":"Pie de imprenta y AGB"}]},{"@type":"WebSite","@id":"https:\/\/linz-hotel.at\/es\/#website","url":"https:\/\/linz-hotel.at\/es\/","name":"Hotel Schwarzer B\u00e4r Linz","description":"Hotel Schwarzer B\u00e4r Linz","potentialAction":[{"@type":"SearchAction","target":{"@type":"EntryPoint","urlTemplate":"https:\/\/linz-hotel.at\/es\/?s={search_term_string}"},"query-input":{"@type":"PropertyValueSpecification","valueRequired":true,"valueName":"search_term_string"}}],"inLanguage":"es"}]}},"_links":{"self":[{"href":"https:\/\/linz-hotel.at\/es\/wp-json\/wp\/v2\/pages\/1211","targetHints":{"allow":["GET"]}}],"collection":[{"href":"https:\/\/linz-hotel.at\/es\/wp-json\/wp\/v2\/pages"}],"about":[{"href":"https:\/\/linz-hotel.at\/es\/wp-json\/wp\/v2\/types\/page"}],"author":[{"embeddable":true,"href":"https:\/\/linz-hotel.at\/es\/wp-json\/wp\/v2\/users\/1"}],"replies":[{"embeddable":true,"href":"https:\/\/linz-hotel.at\/es\/wp-json\/wp\/v2\/comments?post=1211"}],"version-history":[{"count":3,"href":"https:\/\/linz-hotel.at\/es\/wp-json\/wp\/v2\/pages\/1211\/revisions"}],"predecessor-version":[{"id":1247,"href":"https:\/\/linz-hotel.at\/es\/wp-json\/wp\/v2\/pages\/1211\/revisions\/1247"}],"wp:attachment":[{"href":"https:\/\/linz-hotel.at\/es\/wp-json\/wp\/v2\/media?parent=1211"}],"curies":[{"name":"wp","href":"https:\/\/api.w.org\/{rel}","templated":true}]}}