{"id":816,"date":"2023-06-14T18:11:08","date_gmt":"2023-06-14T16:11:08","guid":{"rendered":"https:\/\/linz-hotel.at\/bear-parlor\/"},"modified":"2023-09-23T21:06:52","modified_gmt":"2023-09-23T19:06:52","slug":"bear-parlor","status":"publish","type":"page","link":"https:\/\/linz-hotel.at\/en\/bear-parlor\/","title":{"rendered":"B\u00e4renstube"},"content":{"rendered":"\t\t<div data-elementor-type=\"wp-page\" data-elementor-id=\"816\" class=\"elementor elementor-816 elementor-461\">\n\t\t\t\t\t\t<section class=\"elementor-section elementor-top-section elementor-element elementor-element-6ddfce6 elementor-hidden-mobile elementor-section-boxed elementor-section-height-default elementor-section-height-default\" data-id=\"6ddfce6\" data-element_type=\"section\" data-settings=\"{&quot;background_background&quot;:&quot;classic&quot;}\">\n\t\t\t\t\t\t<div class=\"elementor-container elementor-column-gap-default\">\n\t\t\t\t\t<div class=\"elementor-column elementor-col-100 elementor-top-column elementor-element elementor-element-f482b3b\" data-id=\"f482b3b\" data-element_type=\"column\">\n\t\t\t<div class=\"elementor-widget-wrap\">\n\t\t\t\t\t\t\t<\/div>\n\t\t<\/div>\n\t\t\t\t\t<\/div>\n\t\t<\/section>\n\t\t\t\t<section class=\"elementor-section elementor-top-section elementor-element elementor-element-08b600c elementor-section-boxed elementor-section-height-default elementor-section-height-default\" data-id=\"08b600c\" data-element_type=\"section\">\n\t\t\t\t\t\t<div class=\"elementor-container elementor-column-gap-default\">\n\t\t\t\t\t<div class=\"elementor-column elementor-col-100 elementor-top-column elementor-element elementor-element-d86f609\" data-id=\"d86f609\" data-element_type=\"column\" data-settings=\"{&quot;background_background&quot;:&quot;classic&quot;}\">\n\t\t\t<div class=\"elementor-widget-wrap elementor-element-populated\">\n\t\t\t\t\t\t<div class=\"elementor-element elementor-element-3c9f528 elementor-widget elementor-widget-heading\" data-id=\"3c9f528\" data-element_type=\"widget\" data-widget_type=\"heading.default\">\n\t\t\t\t<div class=\"elementor-widget-container\">\n\t\t\t\t\t<h1 class=\"elementor-heading-title elementor-size-default\">B\u00e4renstube<\/h1>\t\t\t\t<\/div>\n\t\t\t\t<\/div>\n\t\t\t\t<div class=\"elementor-element elementor-element-f185846 elementor-widget elementor-widget-heading\" data-id=\"f185846\" data-element_type=\"widget\" data-widget_type=\"heading.default\">\n\t\t\t\t<div class=\"elementor-widget-container\">\n\t\t\t\t\t<h2 class=\"elementor-heading-title elementor-size-default\">~ Seminars, private party &amp; catering<\/h2>\t\t\t\t<\/div>\n\t\t\t\t<\/div>\n\t\t\t\t\t<\/div>\n\t\t<\/div>\n\t\t\t\t\t<\/div>\n\t\t<\/section>\n\t\t\t\t<section class=\"elementor-section elementor-top-section elementor-element elementor-element-1db207b elementor-section-boxed elementor-section-height-default elementor-section-height-default\" data-id=\"1db207b\" data-element_type=\"section\">\n\t\t\t\t\t\t<div class=\"elementor-container elementor-column-gap-default\">\n\t\t\t\t\t<div class=\"elementor-column elementor-col-100 elementor-top-column elementor-element elementor-element-e530181\" data-id=\"e530181\" data-element_type=\"column\">\n\t\t\t<div class=\"elementor-widget-wrap elementor-element-populated\">\n\t\t\t\t\t\t<div class=\"elementor-element elementor-element-207f668 elementor-hidden-desktop elementor-hidden-tablet elementor-widget elementor-widget-image\" data-id=\"207f668\" data-element_type=\"widget\" data-widget_type=\"image.default\">\n\t\t\t\t<div class=\"elementor-widget-container\">\n\t\t\t\t\t\t\t\t\t\t\t\t\t\t\t<img fetchpriority=\"high\" decoding=\"async\" width=\"1024\" height=\"416\" src=\"https:\/\/linz-hotel.at\/wp-content\/uploads\/hotel-schwarzer-baer-baerenstube-catering-1024x416.jpg\" class=\"attachment-large size-large wp-image-785\" alt=\"\" srcset=\"https:\/\/linz-hotel.at\/wp-content\/uploads\/hotel-schwarzer-baer-baerenstube-catering-1024x416.jpg 1024w, https:\/\/linz-hotel.at\/wp-content\/uploads\/hotel-schwarzer-baer-baerenstube-catering-300x122.jpg 300w, https:\/\/linz-hotel.at\/wp-content\/uploads\/hotel-schwarzer-baer-baerenstube-catering-768x312.jpg 768w, https:\/\/linz-hotel.at\/wp-content\/uploads\/hotel-schwarzer-baer-baerenstube-catering-1536x624.jpg 1536w, https:\/\/linz-hotel.at\/wp-content\/uploads\/hotel-schwarzer-baer-baerenstube-catering.jpg 1600w\" sizes=\"(max-width: 1024px) 100vw, 1024px\" \/>\t\t\t\t\t\t\t\t\t\t\t\t\t\t\t<\/div>\n\t\t\t\t<\/div>\n\t\t\t\t<div class=\"elementor-element elementor-element-3c09971 elementor-widget elementor-widget-text-editor\" data-id=\"3c09971\" data-element_type=\"widget\" data-widget_type=\"text-editor.default\">\n\t\t\t\t<div class=\"elementor-widget-container\">\n\t\t\t\t\t\t\t\t\t<h4>Enjoy your event in the traditional, Upper Austrian ambience of the B\u00e4renstube!<\/h4>\n<p><strong>Whether birthday, anniversary, company or Christmas party. The B\u00e4renstube offers the right setting for you and your guests.<\/strong><\/p>\n<p><strong><span style=\"text-decoration: underline;\">Infrastructure<\/span><\/strong><br \/>Consisting of two rooms separated by a sliding door, the B\u00e4renstube can accommodate groups of 20 up to 100 people. Both rooms are serviced from their own bar and have separate washrooms from the hotel operations.<\/p>\n<p>Depending on the weather, the <strong>guest garden in the courtyard<\/strong> is also available for your event.<br \/>By arrangement, a <strong>separate entrance via the courtyard<\/strong> and the guest garden is also possible.<\/p>\n<p><strong><span style=\"text-decoration: underline;\">Catering<\/span><\/strong><br \/>For the catering of your event, the in-house kitchen is available.<br \/>Depending on your wishes, our chef Dieter G\u00fctlbauer will put together <strong>individual menus and buffets<\/strong>.<\/p>\n<p>In keeping with the rustic, honest ambience, our kitchen also offers specialties such as &#8220;Brat&#8217;l in der Rein &#8220;or &#8220;Schlachtplatten&#8221; for a convivial evening meal.<\/p>\n<p><span style=\"text-decoration: underline;\"><strong>That little extra<\/strong><\/span><br \/>In our B\u00e4renstube you will find pure harmony. You can expect the same with the wine accompaniment. Our Dipl. Sommelier and host Michael Nell has a wide selection of top local wines ready for you.<\/p>\n<p>Chef Dieter G\u00fctlbauer and his team focus entirely on honest and authentic cuisine, in which the market-fresh product is always in the foreground.<br \/>Dishes of Austrian cuisine with Mediterranean influences are served. All ingredients come from regional production. Carefully selected, fresh and exquisitely prepared, experience with us the culinary delights of the Genussland Upper Austria.<\/p>\n<p>For the fresh food preparation and the use of regional raw materials we were awarded with the AMA-Gastro seal.<\/p>\n\t\t\t\t\t\t\t\t<\/div>\n\t\t\t\t<\/div>\n\t\t\t\t\t<\/div>\n\t\t<\/div>\n\t\t\t\t\t<\/div>\n\t\t<\/section>\n\t\t\t\t<section class=\"elementor-section elementor-top-section elementor-element elementor-element-ca21cb0 elementor-section-boxed elementor-section-height-default elementor-section-height-default\" data-id=\"ca21cb0\" data-element_type=\"section\">\n\t\t\t\t\t\t<div class=\"elementor-container elementor-column-gap-default\">\n\t\t\t\t\t<div class=\"elementor-column elementor-col-50 elementor-top-column elementor-element elementor-element-77b8eed\" data-id=\"77b8eed\" data-element_type=\"column\">\n\t\t\t<div class=\"elementor-widget-wrap elementor-element-populated\">\n\t\t\t\t\t\t<div class=\"elementor-element elementor-element-eec0368 elementor-widget elementor-widget-text-editor\" data-id=\"eec0368\" data-element_type=\"widget\" data-widget_type=\"text-editor.default\">\n\t\t\t\t<div class=\"elementor-widget-container\">\n\t\t\t\t\t\t\t\t\t<p>For an individual offer or walk-through, Ms. Larissa Ehrengruber will be happy to receive your inquiry at <a href=\"mailto:reservierung@linz-hotel.at\">reservierung@linz-hotel.at<\/a> or by phone at <a href=\"tel:+43732772477\">0732 77 24 77<\/a>.<\/p>\n\t\t\t\t\t\t\t\t<\/div>\n\t\t\t\t<\/div>\n\t\t\t\t\t<\/div>\n\t\t<\/div>\n\t\t\t\t<div class=\"elementor-column elementor-col-50 elementor-top-column elementor-element elementor-element-0aba26b\" data-id=\"0aba26b\" data-element_type=\"column\">\n\t\t\t<div class=\"elementor-widget-wrap elementor-element-populated\">\n\t\t\t\t\t\t<div class=\"elementor-element elementor-element-92793bc elementor-widget elementor-widget-image\" data-id=\"92793bc\" data-element_type=\"widget\" data-widget_type=\"image.default\">\n\t\t\t\t<div class=\"elementor-widget-container\">\n\t\t\t\t\t\t\t\t\t\t\t\t\t\t\t<img decoding=\"async\" width=\"650\" height=\"500\" src=\"https:\/\/linz-hotel.at\/wp-content\/uploads\/hotel-schwarzer-baer-baerenstube-wein.jpg\" class=\"attachment-full size-full wp-image-787\" alt=\"\" srcset=\"https:\/\/linz-hotel.at\/wp-content\/uploads\/hotel-schwarzer-baer-baerenstube-wein.jpg 650w, https:\/\/linz-hotel.at\/wp-content\/uploads\/hotel-schwarzer-baer-baerenstube-wein-300x231.jpg 300w\" sizes=\"(max-width: 650px) 100vw, 650px\" \/>\t\t\t\t\t\t\t\t\t\t\t\t\t\t\t<\/div>\n\t\t\t\t<\/div>\n\t\t\t\t\t<\/div>\n\t\t<\/div>\n\t\t\t\t\t<\/div>\n\t\t<\/section>\n\t\t\t\t<section class=\"elementor-section elementor-top-section elementor-element elementor-element-bc45883 elementor-section-boxed elementor-section-height-default elementor-section-height-default\" data-id=\"bc45883\" data-element_type=\"section\">\n\t\t\t\t\t\t<div class=\"elementor-container elementor-column-gap-default\">\n\t\t\t\t\t<div class=\"elementor-column elementor-col-50 elementor-top-column elementor-element elementor-element-0aea4fa\" data-id=\"0aea4fa\" data-element_type=\"column\">\n\t\t\t<div class=\"elementor-widget-wrap elementor-element-populated\">\n\t\t\t\t\t\t<div class=\"elementor-element elementor-element-812dce6 elementor-widget elementor-widget-image\" data-id=\"812dce6\" data-element_type=\"widget\" data-widget_type=\"image.default\">\n\t\t\t\t<div class=\"elementor-widget-container\">\n\t\t\t\t\t\t\t\t\t\t\t\t\t\t\t<img decoding=\"async\" width=\"650\" height=\"500\" src=\"https:\/\/linz-hotel.at\/wp-content\/uploads\/hotel-schwarzer-baer-baerenstube-schild.jpg\" class=\"attachment-large size-large wp-image-786\" alt=\"\" srcset=\"https:\/\/linz-hotel.at\/wp-content\/uploads\/hotel-schwarzer-baer-baerenstube-schild.jpg 650w, https:\/\/linz-hotel.at\/wp-content\/uploads\/hotel-schwarzer-baer-baerenstube-schild-300x231.jpg 300w\" sizes=\"(max-width: 650px) 100vw, 650px\" \/>\t\t\t\t\t\t\t\t\t\t\t\t\t\t\t<\/div>\n\t\t\t\t<\/div>\n\t\t\t\t\t<\/div>\n\t\t<\/div>\n\t\t\t\t<div class=\"elementor-column elementor-col-50 elementor-top-column elementor-element elementor-element-78eca4b\" data-id=\"78eca4b\" data-element_type=\"column\">\n\t\t\t<div class=\"elementor-widget-wrap elementor-element-populated\">\n\t\t\t\t\t\t<div class=\"elementor-element elementor-element-11a5798 elementor-widget elementor-widget-image\" data-id=\"11a5798\" data-element_type=\"widget\" data-widget_type=\"image.default\">\n\t\t\t\t<div class=\"elementor-widget-container\">\n\t\t\t\t\t\t\t\t\t\t\t\t\t\t\t<img loading=\"lazy\" decoding=\"async\" width=\"650\" height=\"500\" src=\"https:\/\/linz-hotel.at\/wp-content\/uploads\/blog-hotel-schwarzer-baer-mittag-lunch-2.jpg\" class=\"attachment-large size-large wp-image-789\" alt=\"\" srcset=\"https:\/\/linz-hotel.at\/wp-content\/uploads\/blog-hotel-schwarzer-baer-mittag-lunch-2.jpg 650w, https:\/\/linz-hotel.at\/wp-content\/uploads\/blog-hotel-schwarzer-baer-mittag-lunch-2-300x231.jpg 300w\" sizes=\"(max-width: 650px) 100vw, 650px\" \/>\t\t\t\t\t\t\t\t\t\t\t\t\t\t\t<\/div>\n\t\t\t\t<\/div>\n\t\t\t\t<div class=\"elementor-element elementor-element-e24039b elementor-widget elementor-widget-spacer\" data-id=\"e24039b\" data-element_type=\"widget\" data-widget_type=\"spacer.default\">\n\t\t\t\t<div class=\"elementor-widget-container\">\n\t\t\t\t\t\t\t<div class=\"elementor-spacer\">\n\t\t\t<div class=\"elementor-spacer-inner\"><\/div>\n\t\t<\/div>\n\t\t\t\t\t\t<\/div>\n\t\t\t\t<\/div>\n\t\t\t\t\t<\/div>\n\t\t<\/div>\n\t\t\t\t\t<\/div>\n\t\t<\/section>\n\t\t\t\t<\/div>\n\t\t","protected":false},"excerpt":{"rendered":"<p>B\u00e4renstube ~ Seminars, private party &amp; catering Enjoy your event in the traditional, Upper Austrian ambience of the B\u00e4renstube! Whether birthday, anniversary, company or Christmas party. The B\u00e4renstube offers the right setting for you and your guests. InfrastructureConsisting of two rooms separated by a sliding door, the B\u00e4renstube can accommodate groups of 20 up to [&hellip;]<\/p>\n","protected":false},"author":1,"featured_media":0,"parent":0,"menu_order":0,"comment_status":"closed","ping_status":"closed","template":"","meta":{"site-sidebar-layout":"no-sidebar","site-content-layout":"page-builder","ast-site-content-layout":"default","site-content-style":"default","site-sidebar-style":"default","ast-global-header-display":"","ast-banner-title-visibility":"","ast-main-header-display":"","ast-hfb-above-header-display":"","ast-hfb-below-header-display":"","ast-hfb-mobile-header-display":"","site-post-title":"disabled","ast-breadcrumbs-content":"","ast-featured-img":"disabled","footer-sml-layout":"","theme-transparent-header-meta":"disabled","adv-header-id-meta":"","stick-header-meta":"","header-above-stick-meta":"","header-main-stick-meta":"","header-below-stick-meta":"","astra-migrate-meta-layouts":"default","ast-page-background-enabled":"default","ast-page-background-meta":{"desktop":{"background-color":"var(--ast-global-color-4)","background-image":"","background-repeat":"repeat","background-position":"center center","background-size":"auto","background-attachment":"scroll","background-type":"","background-media":"","overlay-type":"","overlay-color":"","overlay-opacity":"","overlay-gradient":""},"tablet":{"background-color":"","background-image":"","background-repeat":"repeat","background-position":"center center","background-size":"auto","background-attachment":"scroll","background-type":"","background-media":"","overlay-type":"","overlay-color":"","overlay-opacity":"","overlay-gradient":""},"mobile":{"background-color":"","background-image":"","background-repeat":"repeat","background-position":"center center","background-size":"auto","background-attachment":"scroll","background-type":"","background-media":"","overlay-type":"","overlay-color":"","overlay-opacity":"","overlay-gradient":""}},"ast-content-background-meta":{"desktop":{"background-color":"var(--ast-global-color-5)","background-image":"","background-repeat":"repeat","background-position":"center center","background-size":"auto","background-attachment":"scroll","background-type":"","background-media":"","overlay-type":"","overlay-color":"","overlay-opacity":"","overlay-gradient":""},"tablet":{"background-color":"var(--ast-global-color-5)","background-image":"","background-repeat":"repeat","background-position":"center center","background-size":"auto","background-attachment":"scroll","background-type":"","background-media":"","overlay-type":"","overlay-color":"","overlay-opacity":"","overlay-gradient":""},"mobile":{"background-color":"var(--ast-global-color-5)","background-image":"","background-repeat":"repeat","background-position":"center center","background-size":"auto","background-attachment":"scroll","background-type":"","background-media":"","overlay-type":"","overlay-color":"","overlay-opacity":"","overlay-gradient":""}},"footnotes":""},"class_list":["post-816","page","type-page","status-publish","hentry"],"yoast_head":"<!-- This site is optimized with the Yoast SEO plugin v25.9 - https:\/\/yoast.com\/wordpress\/plugins\/seo\/ -->\n<title>B\u00e4renstube - guest room, private party &amp; catering<\/title>\n<meta name=\"description\" content=\"The B\u00e4renstube in the Hotel Schwarzer B\u00e4r is a restaurant furnished in Austrian style. Enjoy our delicacies, after your day in Linz.\" \/>\n<meta name=\"robots\" content=\"index, follow, max-snippet:-1, max-image-preview:large, max-video-preview:-1\" \/>\n<link rel=\"canonical\" href=\"https:\/\/linz-hotel.at\/en\/bear-parlor\/\" \/>\n<meta property=\"og:locale\" content=\"en_US\" \/>\n<meta property=\"og:type\" content=\"article\" \/>\n<meta property=\"og:title\" content=\"B\u00e4renstube - guest room, private party &amp; catering\" \/>\n<meta property=\"og:description\" content=\"The B\u00e4renstube in the Hotel Schwarzer B\u00e4r is a restaurant furnished in Austrian style. Enjoy our delicacies, after your day in Linz.\" \/>\n<meta property=\"og:url\" content=\"https:\/\/linz-hotel.at\/en\/bear-parlor\/\" \/>\n<meta property=\"og:site_name\" content=\"Hotel Schwarzer B\u00e4r Linz\" \/>\n<meta property=\"article:publisher\" content=\"https:\/\/www.facebook.com\/schwarzerbaer\" \/>\n<meta property=\"article:modified_time\" content=\"2023-09-23T19:06:52+00:00\" \/>\n<meta property=\"og:image\" content=\"https:\/\/linz-hotel.at\/wp-content\/uploads\/hotel-schwarzer-baer-baerenstube-catering-1024x416.jpg\" \/>\n<meta name=\"twitter:card\" content=\"summary_large_image\" \/>\n<meta name=\"twitter:label1\" content=\"Est. reading time\" \/>\n\t<meta name=\"twitter:data1\" content=\"1 minute\" \/>\n<script type=\"application\/ld+json\" class=\"yoast-schema-graph\">{\"@context\":\"https:\/\/schema.org\",\"@graph\":[{\"@type\":\"WebPage\",\"@id\":\"https:\/\/linz-hotel.at\/en\/bear-parlor\/\",\"url\":\"https:\/\/linz-hotel.at\/en\/bear-parlor\/\",\"name\":\"B\u00e4renstube - guest room, private party & catering\",\"isPartOf\":{\"@id\":\"https:\/\/linz-hotel.at\/en\/#website\"},\"primaryImageOfPage\":{\"@id\":\"https:\/\/linz-hotel.at\/en\/bear-parlor\/#primaryimage\"},\"image\":{\"@id\":\"https:\/\/linz-hotel.at\/en\/bear-parlor\/#primaryimage\"},\"thumbnailUrl\":\"https:\/\/linz-hotel.at\/wp-content\/uploads\/hotel-schwarzer-baer-baerenstube-catering-1024x416.jpg\",\"datePublished\":\"2023-06-14T16:11:08+00:00\",\"dateModified\":\"2023-09-23T19:06:52+00:00\",\"description\":\"The B\u00e4renstube in the Hotel Schwarzer B\u00e4r is a restaurant furnished in Austrian style. Enjoy our delicacies, after your day in Linz.\",\"breadcrumb\":{\"@id\":\"https:\/\/linz-hotel.at\/en\/bear-parlor\/#breadcrumb\"},\"inLanguage\":\"en-US\",\"potentialAction\":[{\"@type\":\"ReadAction\",\"target\":[\"https:\/\/linz-hotel.at\/en\/bear-parlor\/\"]}]},{\"@type\":\"ImageObject\",\"inLanguage\":\"en-US\",\"@id\":\"https:\/\/linz-hotel.at\/en\/bear-parlor\/#primaryimage\",\"url\":\"https:\/\/linz-hotel.at\/wp-content\/uploads\/hotel-schwarzer-baer-baerenstube-catering-1024x416.jpg\",\"contentUrl\":\"https:\/\/linz-hotel.at\/wp-content\/uploads\/hotel-schwarzer-baer-baerenstube-catering-1024x416.jpg\"},{\"@type\":\"BreadcrumbList\",\"@id\":\"https:\/\/linz-hotel.at\/en\/bear-parlor\/#breadcrumb\",\"itemListElement\":[{\"@type\":\"ListItem\",\"position\":1,\"name\":\"Startseite\",\"item\":\"https:\/\/linz-hotel.at\/en\/\"},{\"@type\":\"ListItem\",\"position\":2,\"name\":\"B\u00e4renstube\"}]},{\"@type\":\"WebSite\",\"@id\":\"https:\/\/linz-hotel.at\/en\/#website\",\"url\":\"https:\/\/linz-hotel.at\/en\/\",\"name\":\"Hotel Schwarzer B\u00e4r Linz\",\"description\":\"Hotel Schwarzer B\u00e4r Linz\",\"publisher\":{\"@id\":\"https:\/\/linz-hotel.at\/en\/#organization\"},\"potentialAction\":[{\"@type\":\"SearchAction\",\"target\":{\"@type\":\"EntryPoint\",\"urlTemplate\":\"https:\/\/linz-hotel.at\/en\/?s={search_term_string}\"},\"query-input\":{\"@type\":\"PropertyValueSpecification\",\"valueRequired\":true,\"valueName\":\"search_term_string\"}}],\"inLanguage\":\"en-US\"},{\"@type\":\"Organization\",\"@id\":\"https:\/\/linz-hotel.at\/en\/#organization\",\"name\":\"Hotel Schwarzer B\u00e4r\",\"url\":\"https:\/\/linz-hotel.at\/en\/\",\"logo\":{\"@type\":\"ImageObject\",\"inLanguage\":\"en-US\",\"@id\":\"https:\/\/linz-hotel.at\/en\/#\/schema\/logo\/image\/\",\"url\":\"https:\/\/linz-hotel.at\/wp-content\/uploads\/hotel-schwarzer-baer-linz-logo.png\",\"contentUrl\":\"https:\/\/linz-hotel.at\/wp-content\/uploads\/hotel-schwarzer-baer-linz-logo.png\",\"width\":1200,\"height\":650,\"caption\":\"Hotel Schwarzer B\u00e4r\"},\"image\":{\"@id\":\"https:\/\/linz-hotel.at\/en\/#\/schema\/logo\/image\/\"},\"sameAs\":[\"https:\/\/www.facebook.com\/schwarzerbaer\"]}]}<\/script>\n<!-- \/ Yoast SEO plugin. -->","yoast_head_json":{"title":"B\u00e4renstube - guest room, private party & catering","description":"The B\u00e4renstube in the Hotel Schwarzer B\u00e4r is a restaurant furnished in Austrian style. Enjoy our delicacies, after your day in Linz.","robots":{"index":"index","follow":"follow","max-snippet":"max-snippet:-1","max-image-preview":"max-image-preview:large","max-video-preview":"max-video-preview:-1"},"canonical":"https:\/\/linz-hotel.at\/en\/bear-parlor\/","og_locale":"en_US","og_type":"article","og_title":"B\u00e4renstube - guest room, private party & catering","og_description":"The B\u00e4renstube in the Hotel Schwarzer B\u00e4r is a restaurant furnished in Austrian style. Enjoy our delicacies, after your day in Linz.","og_url":"https:\/\/linz-hotel.at\/en\/bear-parlor\/","og_site_name":"Hotel Schwarzer B\u00e4r Linz","article_publisher":"https:\/\/www.facebook.com\/schwarzerbaer","article_modified_time":"2023-09-23T19:06:52+00:00","og_image":[{"url":"https:\/\/linz-hotel.at\/wp-content\/uploads\/hotel-schwarzer-baer-baerenstube-catering-1024x416.jpg","type":"","width":"","height":""}],"twitter_card":"summary_large_image","twitter_misc":{"Est. reading time":"1 minute"},"schema":{"@context":"https:\/\/schema.org","@graph":[{"@type":"WebPage","@id":"https:\/\/linz-hotel.at\/en\/bear-parlor\/","url":"https:\/\/linz-hotel.at\/en\/bear-parlor\/","name":"B\u00e4renstube - guest room, private party & catering","isPartOf":{"@id":"https:\/\/linz-hotel.at\/en\/#website"},"primaryImageOfPage":{"@id":"https:\/\/linz-hotel.at\/en\/bear-parlor\/#primaryimage"},"image":{"@id":"https:\/\/linz-hotel.at\/en\/bear-parlor\/#primaryimage"},"thumbnailUrl":"https:\/\/linz-hotel.at\/wp-content\/uploads\/hotel-schwarzer-baer-baerenstube-catering-1024x416.jpg","datePublished":"2023-06-14T16:11:08+00:00","dateModified":"2023-09-23T19:06:52+00:00","description":"The B\u00e4renstube in the Hotel Schwarzer B\u00e4r is a restaurant furnished in Austrian style. Enjoy our delicacies, after your day in Linz.","breadcrumb":{"@id":"https:\/\/linz-hotel.at\/en\/bear-parlor\/#breadcrumb"},"inLanguage":"en-US","potentialAction":[{"@type":"ReadAction","target":["https:\/\/linz-hotel.at\/en\/bear-parlor\/"]}]},{"@type":"ImageObject","inLanguage":"en-US","@id":"https:\/\/linz-hotel.at\/en\/bear-parlor\/#primaryimage","url":"https:\/\/linz-hotel.at\/wp-content\/uploads\/hotel-schwarzer-baer-baerenstube-catering-1024x416.jpg","contentUrl":"https:\/\/linz-hotel.at\/wp-content\/uploads\/hotel-schwarzer-baer-baerenstube-catering-1024x416.jpg"},{"@type":"BreadcrumbList","@id":"https:\/\/linz-hotel.at\/en\/bear-parlor\/#breadcrumb","itemListElement":[{"@type":"ListItem","position":1,"name":"Startseite","item":"https:\/\/linz-hotel.at\/en\/"},{"@type":"ListItem","position":2,"name":"B\u00e4renstube"}]},{"@type":"WebSite","@id":"https:\/\/linz-hotel.at\/en\/#website","url":"https:\/\/linz-hotel.at\/en\/","name":"Hotel Schwarzer B\u00e4r Linz","description":"Hotel Schwarzer B\u00e4r Linz","publisher":{"@id":"https:\/\/linz-hotel.at\/en\/#organization"},"potentialAction":[{"@type":"SearchAction","target":{"@type":"EntryPoint","urlTemplate":"https:\/\/linz-hotel.at\/en\/?s={search_term_string}"},"query-input":{"@type":"PropertyValueSpecification","valueRequired":true,"valueName":"search_term_string"}}],"inLanguage":"en-US"},{"@type":"Organization","@id":"https:\/\/linz-hotel.at\/en\/#organization","name":"Hotel Schwarzer B\u00e4r","url":"https:\/\/linz-hotel.at\/en\/","logo":{"@type":"ImageObject","inLanguage":"en-US","@id":"https:\/\/linz-hotel.at\/en\/#\/schema\/logo\/image\/","url":"https:\/\/linz-hotel.at\/wp-content\/uploads\/hotel-schwarzer-baer-linz-logo.png","contentUrl":"https:\/\/linz-hotel.at\/wp-content\/uploads\/hotel-schwarzer-baer-linz-logo.png","width":1200,"height":650,"caption":"Hotel Schwarzer B\u00e4r"},"image":{"@id":"https:\/\/linz-hotel.at\/en\/#\/schema\/logo\/image\/"},"sameAs":["https:\/\/www.facebook.com\/schwarzerbaer"]}]}},"_links":{"self":[{"href":"https:\/\/linz-hotel.at\/en\/wp-json\/wp\/v2\/pages\/816","targetHints":{"allow":["GET"]}}],"collection":[{"href":"https:\/\/linz-hotel.at\/en\/wp-json\/wp\/v2\/pages"}],"about":[{"href":"https:\/\/linz-hotel.at\/en\/wp-json\/wp\/v2\/types\/page"}],"author":[{"embeddable":true,"href":"https:\/\/linz-hotel.at\/en\/wp-json\/wp\/v2\/users\/1"}],"replies":[{"embeddable":true,"href":"https:\/\/linz-hotel.at\/en\/wp-json\/wp\/v2\/comments?post=816"}],"version-history":[{"count":4,"href":"https:\/\/linz-hotel.at\/en\/wp-json\/wp\/v2\/pages\/816\/revisions"}],"predecessor-version":[{"id":902,"href":"https:\/\/linz-hotel.at\/en\/wp-json\/wp\/v2\/pages\/816\/revisions\/902"}],"wp:attachment":[{"href":"https:\/\/linz-hotel.at\/en\/wp-json\/wp\/v2\/media?parent=816"}],"curies":[{"name":"wp","href":"https:\/\/api.w.org\/{rel}","templated":true}]}}