{"id":994,"date":"2023-06-14T18:11:08","date_gmt":"2023-06-14T16:11:08","guid":{"rendered":"https:\/\/linz-hotel.at\/medvedi-salon\/"},"modified":"2024-02-04T11:37:46","modified_gmt":"2024-02-04T10:37:46","slug":"medvedi-salon","status":"publish","type":"page","link":"https:\/\/linz-hotel.at\/cs\/medvedi-salon\/","title":{"rendered":"Medv\u011bd\u00ed salon"},"content":{"rendered":"\t\t<div data-elementor-type=\"wp-page\" data-elementor-id=\"994\" class=\"elementor elementor-994 elementor-461\">\n\t\t\t\t\t\t<section class=\"elementor-section elementor-top-section elementor-element elementor-element-6ddfce6 elementor-hidden-mobile elementor-section-boxed elementor-section-height-default elementor-section-height-default\" data-id=\"6ddfce6\" data-element_type=\"section\" data-settings=\"{&quot;background_background&quot;:&quot;classic&quot;}\">\n\t\t\t\t\t\t<div class=\"elementor-container elementor-column-gap-default\">\n\t\t\t\t\t<div class=\"elementor-column elementor-col-100 elementor-top-column elementor-element elementor-element-f482b3b\" data-id=\"f482b3b\" data-element_type=\"column\">\n\t\t\t<div class=\"elementor-widget-wrap\">\n\t\t\t\t\t\t\t<\/div>\n\t\t<\/div>\n\t\t\t\t\t<\/div>\n\t\t<\/section>\n\t\t\t\t<section class=\"elementor-section elementor-top-section elementor-element elementor-element-08b600c elementor-section-boxed elementor-section-height-default elementor-section-height-default\" data-id=\"08b600c\" data-element_type=\"section\">\n\t\t\t\t\t\t<div class=\"elementor-container elementor-column-gap-default\">\n\t\t\t\t\t<div class=\"elementor-column elementor-col-100 elementor-top-column elementor-element elementor-element-d86f609\" data-id=\"d86f609\" data-element_type=\"column\" data-settings=\"{&quot;background_background&quot;:&quot;classic&quot;}\">\n\t\t\t<div class=\"elementor-widget-wrap elementor-element-populated\">\n\t\t\t\t\t\t<div class=\"elementor-element elementor-element-3c9f528 elementor-widget elementor-widget-heading\" data-id=\"3c9f528\" data-element_type=\"widget\" data-widget_type=\"heading.default\">\n\t\t\t\t<div class=\"elementor-widget-container\">\n\t\t\t\t\t<h1 class=\"elementor-heading-title elementor-size-default\">Medv\u011bd\u00ed salon<\/h1>\t\t\t\t<\/div>\n\t\t\t\t<\/div>\n\t\t\t\t<div class=\"elementor-element elementor-element-f185846 elementor-widget elementor-widget-heading\" data-id=\"f185846\" data-element_type=\"widget\" data-widget_type=\"heading.default\">\n\t\t\t\t<div class=\"elementor-widget-container\">\n\t\t\t\t\t<h2 class=\"elementor-heading-title elementor-size-default\">~ Semin\u00e1\u0159e, soukrom\u00e9 oslavy a catering ~<\/h2>\t\t\t\t<\/div>\n\t\t\t\t<\/div>\n\t\t\t\t\t<\/div>\n\t\t<\/div>\n\t\t\t\t\t<\/div>\n\t\t<\/section>\n\t\t\t\t<section class=\"elementor-section elementor-top-section elementor-element elementor-element-1db207b elementor-section-boxed elementor-section-height-default elementor-section-height-default\" data-id=\"1db207b\" data-element_type=\"section\">\n\t\t\t\t\t\t<div class=\"elementor-container elementor-column-gap-default\">\n\t\t\t\t\t<div class=\"elementor-column elementor-col-100 elementor-top-column elementor-element elementor-element-e530181\" data-id=\"e530181\" data-element_type=\"column\">\n\t\t\t<div class=\"elementor-widget-wrap elementor-element-populated\">\n\t\t\t\t\t\t<div class=\"elementor-element elementor-element-207f668 elementor-hidden-desktop elementor-hidden-tablet elementor-widget elementor-widget-image\" data-id=\"207f668\" data-element_type=\"widget\" data-widget_type=\"image.default\">\n\t\t\t\t<div class=\"elementor-widget-container\">\n\t\t\t\t\t\t\t\t\t\t\t\t\t\t\t<img fetchpriority=\"high\" decoding=\"async\" width=\"1024\" height=\"416\" src=\"https:\/\/linz-hotel.at\/wp-content\/uploads\/hotel-schwarzer-baer-baerenstube-catering-1024x416.jpg\" class=\"attachment-large size-large wp-image-1006\" alt=\"\" srcset=\"https:\/\/linz-hotel.at\/wp-content\/uploads\/hotel-schwarzer-baer-baerenstube-catering-1024x416.jpg 1024w, https:\/\/linz-hotel.at\/wp-content\/uploads\/hotel-schwarzer-baer-baerenstube-catering-300x122.jpg 300w, https:\/\/linz-hotel.at\/wp-content\/uploads\/hotel-schwarzer-baer-baerenstube-catering-768x312.jpg 768w, https:\/\/linz-hotel.at\/wp-content\/uploads\/hotel-schwarzer-baer-baerenstube-catering-1536x624.jpg 1536w, https:\/\/linz-hotel.at\/wp-content\/uploads\/hotel-schwarzer-baer-baerenstube-catering.jpg 1600w\" sizes=\"(max-width: 1024px) 100vw, 1024px\" \/>\t\t\t\t\t\t\t\t\t\t\t\t\t\t\t<\/div>\n\t\t\t\t<\/div>\n\t\t\t\t<div class=\"elementor-element elementor-element-3c09971 elementor-widget elementor-widget-text-editor\" data-id=\"3c09971\" data-element_type=\"widget\" data-widget_type=\"text-editor.default\">\n\t\t\t\t<div class=\"elementor-widget-container\">\n\t\t\t\t\t\t\t\t\t<h4>U\u017eijte si svou akci v tradi\u010dn\u00edm hornorakousk\u00e9m prost\u0159ed\u00ed B\u00e4renstube!<\/h4>\n<p><strong>A\u0165 u\u017e se jedn\u00e1 o narozeniny, v\u00fdro\u010d\u00ed, firemn\u00ed nebo v\u00e1no\u010dn\u00ed ve\u010d\u00edrek. B\u00e4renstube nab\u00edz\u00ed to prav\u00e9 prost\u0159ed\u00ed pro v\u00e1s a va\u0161e hosty.<\/strong><\/p>\n<p><strong><span style=\"text-decoration: underline;\">Infrastruktura<\/span><\/strong><br \/>B\u00e4renstube se skl\u00e1d\u00e1 ze dvou m\u00edstnost\u00ed odd\u011blen\u00fdch posuvn\u00fdmi dve\u0159mi a pojme skupiny od 20 do 100 osob. Oba pokoje maj\u00ed vlastn\u00ed bar a odd\u011blen\u00e9 um\u00fdv\u00e1rny od hotelu.<\/p>\n<p>V z\u00e1vislosti na po\u010das\u00ed je pro va\u0161i akci k dispozici tak\u00e9 <strong>zahrada pro hosty na vnit\u0159n\u00edm n\u00e1dvo\u0159\u00ed<\/strong>.<br \/>Po dohod\u011b je mo\u017en\u00fd tak\u00e9 <strong>samostatn\u00fd vchod p\u0159es vnit\u0159n\u00ed dv\u016fr<\/strong> a zahradu pro hosty.<\/p>\n<p><strong><span style=\"text-decoration: underline;\">Catering<\/span><\/strong><br \/>V hotelov\u00e9 kuchyni je k dispozici catering pro va\u0161i akci.<br \/>N\u00e1\u0161 \u0161\u00e9fkucha\u0159 Dieter G\u00fctlbauer sestavuje <strong>individu\u00e1ln\u00ed menu a bufety<\/strong> podle va\u0161ich p\u0159\u00e1n\u00ed.<\/p>\n<p>V souladu s rustik\u00e1ln\u00ed a poctivou atmosf\u00e9rou nab\u00edz\u00ed na\u0161e kuchyn\u011b tak\u00e9 speciality jako &#8222;Brat&#8217;l in der Rein&#8220; nebo &#8222;Schlachtplatten&#8220; pro p\u0159\u00edjemn\u00e9 ve\u010dern\u00ed posezen\u00ed.<\/p>\n<p><span style=\"text-decoration: underline;\"><strong>N\u011bco nav\u00edc<\/strong><\/span><br \/>V na\u0161\u00ed B\u00e4renstube najdete \u010distou harmonii. To m\u016f\u017eete o\u010dek\u00e1vat i s vinn\u00fdm doprovodem. N\u00e1\u0161 diplom. Sommelier a hostitel Michael Nell m\u00e1 pro v\u00e1s p\u0159ipraven\u00fd velk\u00fd v\u00fdb\u011br \u0161pi\u010dkov\u00fdch m\u00edstn\u00edch v\u00edn.<\/p>\n<p>\u0160\u00e9fkucha\u0159 Dieter G\u00fctlbauer a jeho t\u00fdm se soust\u0159ed\u00ed v\u00fdhradn\u011b na poctivou a autentickou kuchyni, v n\u00ed\u017e jsou v pop\u0159ed\u00ed v\u017edy \u010derstv\u00e9 produkty z trhu.<br \/>Pod\u00e1vaj\u00ed se zde j\u00eddla rakousk\u00e9 kuchyn\u011b se st\u0159edomo\u0159sk\u00fdmi vlivy. V\u0161echny ingredience poch\u00e1zej\u00ed z region\u00e1ln\u00ed produkce. Pe\u010dliv\u011b vybran\u00e9, \u010derstv\u011b a skv\u011ble p\u0159ipraven\u00e9 pokrmy v\u00e1m p\u0159inesou kulin\u00e1\u0159sk\u00e9 z\u00e1\u017eitky z Horn\u00edho Rakouska.<\/p>\n<p>Za p\u0159\u00edpravu \u010derstv\u00fdch pokrm\u016f a pou\u017e\u00edv\u00e1n\u00ed region\u00e1ln\u00edch surovin jsme obdr\u017eeli pe\u010de\u0165 AMA Gastro.<\/p>\n\t\t\t\t\t\t\t\t<\/div>\n\t\t\t\t<\/div>\n\t\t\t\t\t<\/div>\n\t\t<\/div>\n\t\t\t\t\t<\/div>\n\t\t<\/section>\n\t\t\t\t<section class=\"elementor-section elementor-top-section elementor-element elementor-element-ca21cb0 elementor-section-boxed elementor-section-height-default elementor-section-height-default\" data-id=\"ca21cb0\" data-element_type=\"section\">\n\t\t\t\t\t\t<div class=\"elementor-container elementor-column-gap-default\">\n\t\t\t\t\t<div class=\"elementor-column elementor-col-50 elementor-top-column elementor-element elementor-element-77b8eed\" data-id=\"77b8eed\" data-element_type=\"column\">\n\t\t\t<div class=\"elementor-widget-wrap elementor-element-populated\">\n\t\t\t\t\t\t<div class=\"elementor-element elementor-element-eec0368 elementor-widget elementor-widget-text-editor\" data-id=\"eec0368\" data-element_type=\"widget\" data-widget_type=\"text-editor.default\">\n\t\t\t\t<div class=\"elementor-widget-container\">\n\t\t\t\t\t\t\t\t\t<p>Pan\u00ed Larissa Ehrengruber r\u00e1da p\u0159ijme va\u0161i popt\u00e1vku po individu\u00e1ln\u00ed nab\u00eddce nebo prohl\u00eddce na <a href=\"mailto:reservierung@linz-hotel.at\">adrese reservierung@linz-hotel.at<\/a> nebo na telefonn\u00edm \u010d\u00edsle <a href=\"tel:+43732772477\">0732 77 24 77<\/a>.<\/p>\n\t\t\t\t\t\t\t\t<\/div>\n\t\t\t\t<\/div>\n\t\t\t\t\t<\/div>\n\t\t<\/div>\n\t\t\t\t<div class=\"elementor-column elementor-col-50 elementor-top-column elementor-element elementor-element-0aba26b\" data-id=\"0aba26b\" data-element_type=\"column\">\n\t\t\t<div class=\"elementor-widget-wrap elementor-element-populated\">\n\t\t\t\t\t\t<div class=\"elementor-element elementor-element-92793bc elementor-widget elementor-widget-image\" data-id=\"92793bc\" data-element_type=\"widget\" data-widget_type=\"image.default\">\n\t\t\t\t<div class=\"elementor-widget-container\">\n\t\t\t\t\t\t\t\t\t\t\t\t\t\t\t<img decoding=\"async\" width=\"650\" height=\"500\" src=\"https:\/\/linz-hotel.at\/wp-content\/uploads\/hotel-schwarzer-baer-baerenstube-wein.jpg\" class=\"attachment-full size-full wp-image-1011\" alt=\"\" srcset=\"https:\/\/linz-hotel.at\/wp-content\/uploads\/hotel-schwarzer-baer-baerenstube-wein.jpg 650w, https:\/\/linz-hotel.at\/wp-content\/uploads\/hotel-schwarzer-baer-baerenstube-wein-300x231.jpg 300w\" sizes=\"(max-width: 650px) 100vw, 650px\" \/>\t\t\t\t\t\t\t\t\t\t\t\t\t\t\t<\/div>\n\t\t\t\t<\/div>\n\t\t\t\t\t<\/div>\n\t\t<\/div>\n\t\t\t\t\t<\/div>\n\t\t<\/section>\n\t\t\t\t<section class=\"elementor-section elementor-top-section elementor-element elementor-element-bc45883 elementor-section-boxed elementor-section-height-default elementor-section-height-default\" data-id=\"bc45883\" data-element_type=\"section\">\n\t\t\t\t\t\t<div class=\"elementor-container elementor-column-gap-default\">\n\t\t\t\t\t<div class=\"elementor-column elementor-col-50 elementor-top-column elementor-element elementor-element-0aea4fa\" data-id=\"0aea4fa\" data-element_type=\"column\">\n\t\t\t<div class=\"elementor-widget-wrap elementor-element-populated\">\n\t\t\t\t\t\t<div class=\"elementor-element elementor-element-812dce6 elementor-widget elementor-widget-image\" data-id=\"812dce6\" data-element_type=\"widget\" data-widget_type=\"image.default\">\n\t\t\t\t<div class=\"elementor-widget-container\">\n\t\t\t\t\t\t\t\t\t\t\t\t\t\t\t<img decoding=\"async\" width=\"650\" height=\"500\" src=\"https:\/\/linz-hotel.at\/wp-content\/uploads\/hotel-schwarzer-baer-baerenstube-schild.jpg\" class=\"attachment-large size-large wp-image-1009\" alt=\"\" srcset=\"https:\/\/linz-hotel.at\/wp-content\/uploads\/hotel-schwarzer-baer-baerenstube-schild.jpg 650w, https:\/\/linz-hotel.at\/wp-content\/uploads\/hotel-schwarzer-baer-baerenstube-schild-300x231.jpg 300w\" sizes=\"(max-width: 650px) 100vw, 650px\" \/>\t\t\t\t\t\t\t\t\t\t\t\t\t\t\t<\/div>\n\t\t\t\t<\/div>\n\t\t\t\t\t<\/div>\n\t\t<\/div>\n\t\t\t\t<div class=\"elementor-column elementor-col-50 elementor-top-column elementor-element elementor-element-78eca4b\" data-id=\"78eca4b\" data-element_type=\"column\">\n\t\t\t<div class=\"elementor-widget-wrap elementor-element-populated\">\n\t\t\t\t\t\t<div class=\"elementor-element elementor-element-11a5798 elementor-widget elementor-widget-image\" data-id=\"11a5798\" data-element_type=\"widget\" data-widget_type=\"image.default\">\n\t\t\t\t<div class=\"elementor-widget-container\">\n\t\t\t\t\t\t\t\t\t\t\t\t\t\t\t<img loading=\"lazy\" decoding=\"async\" width=\"650\" height=\"500\" src=\"https:\/\/linz-hotel.at\/wp-content\/uploads\/blog-hotel-schwarzer-baer-mittag-lunch-2.jpg\" class=\"attachment-large size-large wp-image-482\" alt=\"\" srcset=\"https:\/\/linz-hotel.at\/wp-content\/uploads\/blog-hotel-schwarzer-baer-mittag-lunch-2.jpg 650w, https:\/\/linz-hotel.at\/wp-content\/uploads\/blog-hotel-schwarzer-baer-mittag-lunch-2-300x231.jpg 300w\" sizes=\"(max-width: 650px) 100vw, 650px\" \/>\t\t\t\t\t\t\t\t\t\t\t\t\t\t\t<\/div>\n\t\t\t\t<\/div>\n\t\t\t\t<div class=\"elementor-element elementor-element-e24039b elementor-widget elementor-widget-spacer\" data-id=\"e24039b\" data-element_type=\"widget\" data-widget_type=\"spacer.default\">\n\t\t\t\t<div class=\"elementor-widget-container\">\n\t\t\t\t\t\t\t<div class=\"elementor-spacer\">\n\t\t\t<div class=\"elementor-spacer-inner\"><\/div>\n\t\t<\/div>\n\t\t\t\t\t\t<\/div>\n\t\t\t\t<\/div>\n\t\t\t\t\t<\/div>\n\t\t<\/div>\n\t\t\t\t\t<\/div>\n\t\t<\/section>\n\t\t\t\t<\/div>\n\t\t","protected":false},"excerpt":{"rendered":"<p>Medv\u011bd\u00ed salon ~ Semin\u00e1\u0159e, soukrom\u00e9 oslavy a catering ~ U\u017eijte si svou akci v tradi\u010dn\u00edm hornorakousk\u00e9m prost\u0159ed\u00ed B\u00e4renstube! A\u0165 u\u017e se jedn\u00e1 o narozeniny, v\u00fdro\u010d\u00ed, firemn\u00ed nebo v\u00e1no\u010dn\u00ed ve\u010d\u00edrek. B\u00e4renstube nab\u00edz\u00ed to prav\u00e9 prost\u0159ed\u00ed pro v\u00e1s a va\u0161e hosty. InfrastrukturaB\u00e4renstube se skl\u00e1d\u00e1 ze dvou m\u00edstnost\u00ed odd\u011blen\u00fdch posuvn\u00fdmi dve\u0159mi a pojme skupiny od 20 do 100 [&hellip;]<\/p>\n","protected":false},"author":1,"featured_media":0,"parent":0,"menu_order":0,"comment_status":"closed","ping_status":"closed","template":"","meta":{"site-sidebar-layout":"no-sidebar","site-content-layout":"page-builder","ast-site-content-layout":"default","site-content-style":"default","site-sidebar-style":"default","ast-global-header-display":"","ast-banner-title-visibility":"","ast-main-header-display":"","ast-hfb-above-header-display":"","ast-hfb-below-header-display":"","ast-hfb-mobile-header-display":"","site-post-title":"disabled","ast-breadcrumbs-content":"","ast-featured-img":"disabled","footer-sml-layout":"","theme-transparent-header-meta":"disabled","adv-header-id-meta":"","stick-header-meta":"","header-above-stick-meta":"","header-main-stick-meta":"","header-below-stick-meta":"","astra-migrate-meta-layouts":"default","ast-page-background-enabled":"default","ast-page-background-meta":{"desktop":{"background-color":"var(--ast-global-color-4)","background-image":"","background-repeat":"repeat","background-position":"center center","background-size":"auto","background-attachment":"scroll","background-type":"","background-media":"","overlay-type":"","overlay-color":"","overlay-opacity":"","overlay-gradient":""},"tablet":{"background-color":"","background-image":"","background-repeat":"repeat","background-position":"center center","background-size":"auto","background-attachment":"scroll","background-type":"","background-media":"","overlay-type":"","overlay-color":"","overlay-opacity":"","overlay-gradient":""},"mobile":{"background-color":"","background-image":"","background-repeat":"repeat","background-position":"center center","background-size":"auto","background-attachment":"scroll","background-type":"","background-media":"","overlay-type":"","overlay-color":"","overlay-opacity":"","overlay-gradient":""}},"ast-content-background-meta":{"desktop":{"background-color":"var(--ast-global-color-5)","background-image":"","background-repeat":"repeat","background-position":"center center","background-size":"auto","background-attachment":"scroll","background-type":"","background-media":"","overlay-type":"","overlay-color":"","overlay-opacity":"","overlay-gradient":""},"tablet":{"background-color":"var(--ast-global-color-5)","background-image":"","background-repeat":"repeat","background-position":"center center","background-size":"auto","background-attachment":"scroll","background-type":"","background-media":"","overlay-type":"","overlay-color":"","overlay-opacity":"","overlay-gradient":""},"mobile":{"background-color":"var(--ast-global-color-5)","background-image":"","background-repeat":"repeat","background-position":"center center","background-size":"auto","background-attachment":"scroll","background-type":"","background-media":"","overlay-type":"","overlay-color":"","overlay-opacity":"","overlay-gradient":""}},"footnotes":""},"class_list":["post-994","page","type-page","status-publish","hentry"],"yoast_head":"<!-- This site is optimized with the Yoast SEO plugin v25.9 - https:\/\/yoast.com\/wordpress\/plugins\/seo\/ -->\n<title>B\u00e4renstube - Restaurace, soukrom\u00e9 oslavy a catering<\/title>\n<meta name=\"description\" content=\"B\u00e4renstube v hotelu Schwarzer B\u00e4r je restaurace v rakousk\u00e9m stylu, kde si po dni str\u00e1ven\u00e9m v Linci m\u016f\u017eete vychutnat na\u0161e lah\u016fdky.\" \/>\n<meta name=\"robots\" content=\"index, follow, max-snippet:-1, max-image-preview:large, max-video-preview:-1\" \/>\n<link rel=\"canonical\" href=\"https:\/\/linz-hotel.at\/cs\/medvedi-salon\/\" \/>\n<meta property=\"og:locale\" content=\"cs_CZ\" \/>\n<meta property=\"og:type\" content=\"article\" \/>\n<meta property=\"og:title\" content=\"B\u00e4renstube - Restaurace, soukrom\u00e9 oslavy a catering\" \/>\n<meta property=\"og:description\" content=\"B\u00e4renstube v hotelu Schwarzer B\u00e4r je restaurace v rakousk\u00e9m stylu, kde si po dni str\u00e1ven\u00e9m v Linci m\u016f\u017eete vychutnat na\u0161e lah\u016fdky.\" \/>\n<meta property=\"og:url\" content=\"https:\/\/linz-hotel.at\/cs\/medvedi-salon\/\" \/>\n<meta property=\"og:site_name\" content=\"Hotel Schwarzer B\u00e4r Linz\" \/>\n<meta property=\"article:publisher\" content=\"https:\/\/www.facebook.com\/schwarzerbaer\" \/>\n<meta property=\"article:modified_time\" content=\"2024-02-04T10:37:46+00:00\" \/>\n<meta property=\"og:image\" content=\"https:\/\/linz-hotel.at\/wp-content\/uploads\/hotel-schwarzer-baer-baerenstube-catering-1024x416.jpg\" \/>\n<meta name=\"twitter:card\" content=\"summary_large_image\" \/>\n<meta name=\"twitter:label1\" content=\"Odhadovan\u00e1 doba \u010dten\u00ed\" \/>\n\t<meta name=\"twitter:data1\" content=\"2 minuty\" \/>\n<script type=\"application\/ld+json\" class=\"yoast-schema-graph\">{\"@context\":\"https:\/\/schema.org\",\"@graph\":[{\"@type\":\"WebPage\",\"@id\":\"https:\/\/linz-hotel.at\/cs\/medvedi-salon\/\",\"url\":\"https:\/\/linz-hotel.at\/cs\/medvedi-salon\/\",\"name\":\"B\u00e4renstube - Restaurace, soukrom\u00e9 oslavy a catering\",\"isPartOf\":{\"@id\":\"https:\/\/linz-hotel.at\/cs\/#website\"},\"primaryImageOfPage\":{\"@id\":\"https:\/\/linz-hotel.at\/cs\/medvedi-salon\/#primaryimage\"},\"image\":{\"@id\":\"https:\/\/linz-hotel.at\/cs\/medvedi-salon\/#primaryimage\"},\"thumbnailUrl\":\"https:\/\/linz-hotel.at\/wp-content\/uploads\/hotel-schwarzer-baer-baerenstube-catering-1024x416.jpg\",\"datePublished\":\"2023-06-14T16:11:08+00:00\",\"dateModified\":\"2024-02-04T10:37:46+00:00\",\"description\":\"B\u00e4renstube v hotelu Schwarzer B\u00e4r je restaurace v rakousk\u00e9m stylu, kde si po dni str\u00e1ven\u00e9m v Linci m\u016f\u017eete vychutnat na\u0161e lah\u016fdky.\",\"breadcrumb\":{\"@id\":\"https:\/\/linz-hotel.at\/cs\/medvedi-salon\/#breadcrumb\"},\"inLanguage\":\"cs\",\"potentialAction\":[{\"@type\":\"ReadAction\",\"target\":[\"https:\/\/linz-hotel.at\/cs\/medvedi-salon\/\"]}]},{\"@type\":\"ImageObject\",\"inLanguage\":\"cs\",\"@id\":\"https:\/\/linz-hotel.at\/cs\/medvedi-salon\/#primaryimage\",\"url\":\"https:\/\/linz-hotel.at\/wp-content\/uploads\/hotel-schwarzer-baer-baerenstube-catering-1024x416.jpg\",\"contentUrl\":\"https:\/\/linz-hotel.at\/wp-content\/uploads\/hotel-schwarzer-baer-baerenstube-catering-1024x416.jpg\"},{\"@type\":\"BreadcrumbList\",\"@id\":\"https:\/\/linz-hotel.at\/cs\/medvedi-salon\/#breadcrumb\",\"itemListElement\":[{\"@type\":\"ListItem\",\"position\":1,\"name\":\"Startseite\",\"item\":\"https:\/\/linz-hotel.at\/cs\/\"},{\"@type\":\"ListItem\",\"position\":2,\"name\":\"Medv\u011bd\u00ed salon\"}]},{\"@type\":\"WebSite\",\"@id\":\"https:\/\/linz-hotel.at\/cs\/#website\",\"url\":\"https:\/\/linz-hotel.at\/cs\/\",\"name\":\"Hotel Schwarzer B\u00e4r Linz\",\"description\":\"Hotel Schwarzer B\u00e4r Linz\",\"potentialAction\":[{\"@type\":\"SearchAction\",\"target\":{\"@type\":\"EntryPoint\",\"urlTemplate\":\"https:\/\/linz-hotel.at\/cs\/?s={search_term_string}\"},\"query-input\":{\"@type\":\"PropertyValueSpecification\",\"valueRequired\":true,\"valueName\":\"search_term_string\"}}],\"inLanguage\":\"cs\"}]}<\/script>\n<!-- \/ Yoast SEO plugin. -->","yoast_head_json":{"title":"B\u00e4renstube - Restaurace, soukrom\u00e9 oslavy a catering","description":"B\u00e4renstube v hotelu Schwarzer B\u00e4r je restaurace v rakousk\u00e9m stylu, kde si po dni str\u00e1ven\u00e9m v Linci m\u016f\u017eete vychutnat na\u0161e lah\u016fdky.","robots":{"index":"index","follow":"follow","max-snippet":"max-snippet:-1","max-image-preview":"max-image-preview:large","max-video-preview":"max-video-preview:-1"},"canonical":"https:\/\/linz-hotel.at\/cs\/medvedi-salon\/","og_locale":"cs_CZ","og_type":"article","og_title":"B\u00e4renstube - Restaurace, soukrom\u00e9 oslavy a catering","og_description":"B\u00e4renstube v hotelu Schwarzer B\u00e4r je restaurace v rakousk\u00e9m stylu, kde si po dni str\u00e1ven\u00e9m v Linci m\u016f\u017eete vychutnat na\u0161e lah\u016fdky.","og_url":"https:\/\/linz-hotel.at\/cs\/medvedi-salon\/","og_site_name":"Hotel Schwarzer B\u00e4r Linz","article_publisher":"https:\/\/www.facebook.com\/schwarzerbaer","article_modified_time":"2024-02-04T10:37:46+00:00","og_image":[{"url":"https:\/\/linz-hotel.at\/wp-content\/uploads\/hotel-schwarzer-baer-baerenstube-catering-1024x416.jpg","type":"","width":"","height":""}],"twitter_card":"summary_large_image","twitter_misc":{"Odhadovan\u00e1 doba \u010dten\u00ed":"2 minuty"},"schema":{"@context":"https:\/\/schema.org","@graph":[{"@type":"WebPage","@id":"https:\/\/linz-hotel.at\/cs\/medvedi-salon\/","url":"https:\/\/linz-hotel.at\/cs\/medvedi-salon\/","name":"B\u00e4renstube - Restaurace, soukrom\u00e9 oslavy a catering","isPartOf":{"@id":"https:\/\/linz-hotel.at\/cs\/#website"},"primaryImageOfPage":{"@id":"https:\/\/linz-hotel.at\/cs\/medvedi-salon\/#primaryimage"},"image":{"@id":"https:\/\/linz-hotel.at\/cs\/medvedi-salon\/#primaryimage"},"thumbnailUrl":"https:\/\/linz-hotel.at\/wp-content\/uploads\/hotel-schwarzer-baer-baerenstube-catering-1024x416.jpg","datePublished":"2023-06-14T16:11:08+00:00","dateModified":"2024-02-04T10:37:46+00:00","description":"B\u00e4renstube v hotelu Schwarzer B\u00e4r je restaurace v rakousk\u00e9m stylu, kde si po dni str\u00e1ven\u00e9m v Linci m\u016f\u017eete vychutnat na\u0161e lah\u016fdky.","breadcrumb":{"@id":"https:\/\/linz-hotel.at\/cs\/medvedi-salon\/#breadcrumb"},"inLanguage":"cs","potentialAction":[{"@type":"ReadAction","target":["https:\/\/linz-hotel.at\/cs\/medvedi-salon\/"]}]},{"@type":"ImageObject","inLanguage":"cs","@id":"https:\/\/linz-hotel.at\/cs\/medvedi-salon\/#primaryimage","url":"https:\/\/linz-hotel.at\/wp-content\/uploads\/hotel-schwarzer-baer-baerenstube-catering-1024x416.jpg","contentUrl":"https:\/\/linz-hotel.at\/wp-content\/uploads\/hotel-schwarzer-baer-baerenstube-catering-1024x416.jpg"},{"@type":"BreadcrumbList","@id":"https:\/\/linz-hotel.at\/cs\/medvedi-salon\/#breadcrumb","itemListElement":[{"@type":"ListItem","position":1,"name":"Startseite","item":"https:\/\/linz-hotel.at\/cs\/"},{"@type":"ListItem","position":2,"name":"Medv\u011bd\u00ed salon"}]},{"@type":"WebSite","@id":"https:\/\/linz-hotel.at\/cs\/#website","url":"https:\/\/linz-hotel.at\/cs\/","name":"Hotel Schwarzer B\u00e4r Linz","description":"Hotel Schwarzer B\u00e4r Linz","potentialAction":[{"@type":"SearchAction","target":{"@type":"EntryPoint","urlTemplate":"https:\/\/linz-hotel.at\/cs\/?s={search_term_string}"},"query-input":{"@type":"PropertyValueSpecification","valueRequired":true,"valueName":"search_term_string"}}],"inLanguage":"cs"}]}},"_links":{"self":[{"href":"https:\/\/linz-hotel.at\/cs\/wp-json\/wp\/v2\/pages\/994","targetHints":{"allow":["GET"]}}],"collection":[{"href":"https:\/\/linz-hotel.at\/cs\/wp-json\/wp\/v2\/pages"}],"about":[{"href":"https:\/\/linz-hotel.at\/cs\/wp-json\/wp\/v2\/types\/page"}],"author":[{"embeddable":true,"href":"https:\/\/linz-hotel.at\/cs\/wp-json\/wp\/v2\/users\/1"}],"replies":[{"embeddable":true,"href":"https:\/\/linz-hotel.at\/cs\/wp-json\/wp\/v2\/comments?post=994"}],"version-history":[{"count":2,"href":"https:\/\/linz-hotel.at\/cs\/wp-json\/wp\/v2\/pages\/994\/revisions"}],"predecessor-version":[{"id":1025,"href":"https:\/\/linz-hotel.at\/cs\/wp-json\/wp\/v2\/pages\/994\/revisions\/1025"}],"wp:attachment":[{"href":"https:\/\/linz-hotel.at\/cs\/wp-json\/wp\/v2\/media?parent=994"}],"curies":[{"name":"wp","href":"https:\/\/api.w.org\/{rel}","templated":true}]}}