{"id":985,"date":"2023-06-14T10:49:07","date_gmt":"2023-06-14T08:49:07","guid":{"rendered":"https:\/\/linz-hotel.at\/cilova-destinace-linec\/"},"modified":"2024-02-04T11:37:46","modified_gmt":"2024-02-04T10:37:46","slug":"cilova-destinace-linec","status":"publish","type":"page","link":"https:\/\/linz-hotel.at\/cs\/cilova-destinace-linec\/","title":{"rendered":"C\u00edlov\u00e1 destinace Linec"},"content":{"rendered":"\t\t<div data-elementor-type=\"wp-page\" data-elementor-id=\"985\" class=\"elementor elementor-985 elementor-278\">\n\t\t\t\t\t\t<section class=\"elementor-section elementor-top-section elementor-element elementor-element-dc6304b elementor-hidden-mobile elementor-section-boxed elementor-section-height-default elementor-section-height-default\" data-id=\"dc6304b\" data-element_type=\"section\" data-settings=\"{&quot;background_background&quot;:&quot;classic&quot;}\">\n\t\t\t\t\t\t<div class=\"elementor-container elementor-column-gap-default\">\n\t\t\t\t\t<div class=\"elementor-column elementor-col-100 elementor-top-column elementor-element elementor-element-e963fc3\" data-id=\"e963fc3\" data-element_type=\"column\">\n\t\t\t<div class=\"elementor-widget-wrap\">\n\t\t\t\t\t\t\t<\/div>\n\t\t<\/div>\n\t\t\t\t\t<\/div>\n\t\t<\/section>\n\t\t\t\t<section class=\"elementor-section elementor-top-section elementor-element elementor-element-bebd432 elementor-section-boxed elementor-section-height-default elementor-section-height-default\" data-id=\"bebd432\" data-element_type=\"section\">\n\t\t\t\t\t\t<div class=\"elementor-container elementor-column-gap-default\">\n\t\t\t\t\t<div class=\"elementor-column elementor-col-100 elementor-top-column elementor-element elementor-element-54f94d2\" data-id=\"54f94d2\" data-element_type=\"column\" data-settings=\"{&quot;background_background&quot;:&quot;classic&quot;}\">\n\t\t\t<div class=\"elementor-widget-wrap elementor-element-populated\">\n\t\t\t\t\t\t<div class=\"elementor-element elementor-element-2ca1e90 elementor-widget elementor-widget-heading\" data-id=\"2ca1e90\" data-element_type=\"widget\" data-widget_type=\"heading.default\">\n\t\t\t\t<div class=\"elementor-widget-container\">\n\t\t\t\t\t<h1 class=\"elementor-heading-title elementor-size-default\">Zaj\u00edmav\u00e1 m\u00edsta a  <br>kulturn\u00ed m\u00edsta v Linci<\/h1>\t\t\t\t<\/div>\n\t\t\t\t<\/div>\n\t\t\t\t<div class=\"elementor-element elementor-element-2e18273 elementor-widget elementor-widget-heading\" data-id=\"2e18273\" data-element_type=\"widget\" data-widget_type=\"heading.default\">\n\t\t\t\t<div class=\"elementor-widget-container\">\n\t\t\t\t\t<h2 class=\"elementor-heading-title elementor-size-default\">~ Voln\u00fd \u010das \/ Kultura \/ Um\u011bn\u00ed \/ M\u011bsto ~<\/h2>\t\t\t\t<\/div>\n\t\t\t\t<\/div>\n\t\t\t\t\t<\/div>\n\t\t<\/div>\n\t\t\t\t\t<\/div>\n\t\t<\/section>\n\t\t\t\t<section class=\"elementor-section elementor-top-section elementor-element elementor-element-a1d9b18 elementor-section-boxed elementor-section-height-default elementor-section-height-default\" data-id=\"a1d9b18\" data-element_type=\"section\">\n\t\t\t\t\t\t<div class=\"elementor-container elementor-column-gap-wide\">\n\t\t\t\t\t<div class=\"elementor-column elementor-col-50 elementor-top-column elementor-element elementor-element-fbf314a\" data-id=\"fbf314a\" data-element_type=\"column\">\n\t\t\t<div class=\"elementor-widget-wrap elementor-element-populated\">\n\t\t\t\t\t\t<div class=\"elementor-element elementor-element-82b7039 elementor-widget elementor-widget-text-editor\" data-id=\"82b7039\" data-element_type=\"widget\" data-widget_type=\"text-editor.default\">\n\t\t\t\t<div class=\"elementor-widget-container\">\n\t\t\t\t\t\t\t\t\t<div class=\"elementor-element elementor-element-d5271a0 elementor-widget elementor-widget-text-editor\" data-id=\"d5271a0\" data-element_type=\"widget\" data-widget_type=\"text-editor.default\">\n<div class=\"elementor-widget-container\">\n<div class=\"elementor-text-editor elementor-clearfix\">\n<p>V Linci si m\u016f\u017eete voln\u00fd \u010das organizovat podle sv\u00fdch p\u0159edstav. M\u011bsto pr\u016fmyslu a obchodu, medi\u00e1ln\u00edho um\u011bn\u00ed a v\u011bdy m\u00e1 dlouhou tradici a dnes je jako Evropsk\u00e9 hlavn\u00ed m\u011bsto kultury pulzuj\u00edc\u00edm centrem s historick\u00fdm kouzlem a mezin\u00e1rodn\u00edm rozmachem. Kdysi keltsk\u00e1 osada, pot\u00e9 \u0159\u00edmsk\u00e1 pevnost, v 15. stolet\u00ed s\u00eddlo c\u00edsa\u0159e Fridricha III. a pozd\u011bji m\u00edsto v\u00fdznamn\u00fdch osobnost\u00ed. Zde Johannes Kepler vypo\u010d\u00edtal dr\u00e1hy planet, zde Wolfgang Amadeus Mozart a Anton Bruckner napsali velk\u00e9 symfonie a zde vznikla v\u00fdznamn\u00e1 d\u00edla Adalberta Stiftera. Vydejte se na cestu jedine\u010dn\u00fdm m\u011bstem &#8211; shrom\u00e1\u017edili jsme pro v\u00e1s n\u011bkolik obzvl\u00e1\u0161t\u011b doporu\u010dovan\u00fdch pam\u00e1tek a kulturn\u00edch m\u00edst v Linci:<\/p>\n<p><strong>Centrum Ars Electronica (15 min):<\/strong> Virtu\u00e1ln\u00ed \u017eivot a pohled do budoucnosti po\u010d\u00edta\u010d\u016f.<br \/><strong>Muzeum um\u011bn\u00ed Lentos (10-15 min.)<\/strong>: Muzeum s form\u00e1ln\u011b stroh\u00fdm t\u011blesem ze skla a pohledov\u00e9ho betonu, kter\u00e9 se nach\u00e1z\u00ed p\u0159\u00edmo na Dunaji, p\u0159edstavuje vedle klasick\u00e9ho um\u011bn\u00ed i modern\u00ed sou\u010dasn\u00e9 um\u011bn\u00ed.<br \/><strong>Z\u00e1meck\u00e9 muzeum (10 min.<\/strong> ): Region\u00e1ln\u00ed muzeum v renesan\u010dn\u00edm z\u00e1mku p\u0159edstavuje sb\u00edrky region\u00e1ln\u00ed historie.<br \/><strong>Star\u00e1 katedr\u00e1la (5 min.)<\/strong>: Jezuitsk\u00fd kostel svat\u00e9ho Ign\u00e1ce, postaven\u00fd P. F. Carlone, je nejp\u016fsobiv\u011bj\u0161\u00ed barokn\u00ed stavbou ve m\u011bst\u011b. Za pozornost stoj\u00ed zejm\u00e9na Krismannovy varhany a vy\u0159ez\u00e1van\u00e9 lavice. Anton Bruckner zde p\u016fsobil deset let jako chr\u00e1mov\u00fd varhan\u00edk.<br \/><strong>Hlavn\u00ed n\u00e1m\u011bst\u00ed (3 min.<\/strong> ): 220 metr\u016f dlouh\u00e9 a 60 metr\u016f \u0161irok\u00e9 n\u00e1m\u011bst\u00ed s \u010detn\u00fdmi barokn\u00edmi a rokokov\u00fdmi fas\u00e1dami je jedn\u00edm z nejkr\u00e1sn\u011bj\u0161\u00edch n\u00e1m\u011bst\u00ed ve st\u0159edn\u00ed Evrop\u011b. \u010cetn\u00e9 kav\u00e1rny l\u00e1kaj\u00ed k posezen\u00ed.<br \/><strong>Landhaus (1 min.<\/strong> ): Hornorakousk\u00e1 zemsk\u00e1 vl\u00e1da a parlament s\u00eddl\u00ed v mimo\u0159\u00e1dn\u011b kr\u00e1sn\u00e9m renesan\u010dn\u00edm pal\u00e1ci. V\u00fdznamn\u00e1 je planet\u00e1rn\u00ed ka\u0161na zdoben\u00e1 erby na ark\u00e1dov\u00e9m n\u00e1dvo\u0159\u00ed, kde se v l\u00e9t\u011b tak\u00e9 hraje hudba, a to d\u00edky sv\u00e9 ikonografii.<br \/><strong>Nov\u00e1 katedr\u00e1la (5 min.<\/strong> ): Novogotick\u00e1 bazilika Nanebevzet\u00ed Panny Marie, nejv\u011bt\u0161\u00ed kostel v Rakousku, p\u0159ipom\u00edn\u00e1 katedr\u00e1lu svat\u00e9ho \u0160t\u011bp\u00e1na ve V\u00eddni.<br \/><strong>P\u00f6stlingberg (30 minut m\u011bstskou dopravou):<\/strong> P\u00f6stlingberg (30 minut): nejstrm\u011bj\u0161\u00ed bezkolejn\u00e1 \u017eeleznice v Evrop\u011b vede na m\u00edstn\u00ed lineckou horu vysokou 537 metr\u016f s barokn\u00edm poutn\u00edm kostelem &#8222;Sedmibolestn\u00e1 Panna Maria&#8220;.<\/p>\n<\/p>\n<p>Dal\u0161\u00ed informace o Linci \/ aktu\u00e1ln\u00edch ud\u00e1lostech na:<br \/><a href=\"http:\/\/www.touristik.at\" target=\"_blank\" rel=\"noopener\">www.touristik.at<\/a><br \/><a href=\"http:\/\/www.genussland.at\" target=\"_blank\" rel=\"noopener\">www.genussland.at<\/a><\/p>\n<p><a href=\"https:\/\/www.linztermine.at\" target=\"_blank\" rel=\"noopener\">www.linztermine.at<\/a><\/p>\n<p><a href=\"http:\/\/www.linz.at\" target=\"_blank\" rel=\"noopener\">www.linz.at<\/a><br \/><a href=\"http:\/\/www.hotspots-linz.at\" target=\"_blank\" rel=\"noopener\">www.hotspots-linz.at<\/a><\/p>\n<\/p>\n<p>Nebo nav\u0161tivte jednu z na\u0161ich restaurac\u00ed, bar ROOFTOP 7 nad st\u0159echami Lince.<br \/>nebo v na\u0161em zbrusu nov\u00e9m gurm\u00e1nsk\u00e9m bistru &#8222;DERschwarzeB\u00c4R&#8220;. T\u011b\u0161\u00edme se, \u017ee v\u00e1s brzy p\u0159iv\u00edt\u00e1me!<\/p>\n<\/div>\n<\/div>\n<\/div>\n\t\t\t\t\t\t\t\t<\/div>\n\t\t\t\t<\/div>\n\t\t\t\t<div class=\"elementor-element elementor-element-f337f7a elementor-align-center elementor-widget elementor-widget-button\" data-id=\"f337f7a\" data-element_type=\"widget\" data-widget_type=\"button.default\">\n\t\t\t\t<div class=\"elementor-widget-container\">\n\t\t\t\t\t\t\t\t\t<div class=\"elementor-button-wrapper\">\n\t\t\t\t\t<a class=\"elementor-button elementor-button-link elementor-size-sm\" href=\"https:\/\/linz-hotel.at\/lage\/\">\n\t\t\t\t\t\t<span class=\"elementor-button-content-wrapper\">\n\t\t\t\t\t\t\t\t\t<span class=\"elementor-button-text\">Podrobnosti o tom, jak n\u00e1s najdete<\/span>\n\t\t\t\t\t<\/span>\n\t\t\t\t\t<\/a>\n\t\t\t\t<\/div>\n\t\t\t\t\t\t\t\t<\/div>\n\t\t\t\t<\/div>\n\t\t\t\t\t<\/div>\n\t\t<\/div>\n\t\t\t\t<div class=\"elementor-column elementor-col-50 elementor-top-column elementor-element elementor-element-dd220b4\" data-id=\"dd220b4\" data-element_type=\"column\">\n\t\t\t<div class=\"elementor-widget-wrap elementor-element-populated\">\n\t\t\t\t\t\t<div class=\"elementor-element elementor-element-39125bf elementor-widget elementor-widget-heading\" data-id=\"39125bf\" data-element_type=\"widget\" data-widget_type=\"heading.default\">\n\t\t\t\t<div class=\"elementor-widget-container\">\n\t\t\t\t\t<h5 class=\"elementor-heading-title elementor-size-default\">Planet Linz<\/h5>\t\t\t\t<\/div>\n\t\t\t\t<\/div>\n\t\t\t\t<div class=\"elementor-element elementor-element-58a0b63 elementor-widget elementor-widget-video\" data-id=\"58a0b63\" data-element_type=\"widget\" data-settings=\"{&quot;youtube_url&quot;:&quot;https:\\\/\\\/youtu.be\\\/qtydGyLvklQ&quot;,&quot;video_type&quot;:&quot;youtube&quot;,&quot;controls&quot;:&quot;yes&quot;}\" data-widget_type=\"video.default\">\n\t\t\t\t<div class=\"elementor-widget-container\">\n\t\t\t\t\t\t\t<div class=\"elementor-wrapper elementor-open-inline\">\n\t\t\t<div class=\"elementor-video\"><\/div>\t\t<\/div>\n\t\t\t\t\t\t<\/div>\n\t\t\t\t<\/div>\n\t\t\t\t<div class=\"elementor-element elementor-element-cd3b15e elementor-widget elementor-widget-heading\" data-id=\"cd3b15e\" data-element_type=\"widget\" data-widget_type=\"heading.default\">\n\t\t\t\t<div class=\"elementor-widget-container\">\n\t\t\t\t\t<h5 class=\"elementor-heading-title elementor-size-default\">Neuv\u011b\u0159iteln\u00e1 cesta<\/h5>\t\t\t\t<\/div>\n\t\t\t\t<\/div>\n\t\t\t\t<div class=\"elementor-element elementor-element-59ed3aa elementor-widget elementor-widget-video\" data-id=\"59ed3aa\" data-element_type=\"widget\" data-settings=\"{&quot;youtube_url&quot;:&quot;https:\\\/\\\/youtu.be\\\/JC-U2xgIsL0&quot;,&quot;video_type&quot;:&quot;youtube&quot;,&quot;controls&quot;:&quot;yes&quot;}\" data-widget_type=\"video.default\">\n\t\t\t\t<div class=\"elementor-widget-container\">\n\t\t\t\t\t\t\t<div class=\"elementor-wrapper elementor-open-inline\">\n\t\t\t<div class=\"elementor-video\"><\/div>\t\t<\/div>\n\t\t\t\t\t\t<\/div>\n\t\t\t\t<\/div>\n\t\t\t\t<div class=\"elementor-element elementor-element-675ed1b elementor-widget elementor-widget-heading\" data-id=\"675ed1b\" data-element_type=\"widget\" data-widget_type=\"heading.default\">\n\t\t\t\t<div class=\"elementor-widget-container\">\n\t\t\t\t\t<h5 class=\"elementor-heading-title elementor-size-default\">Den v Linci<\/h5>\t\t\t\t<\/div>\n\t\t\t\t<\/div>\n\t\t\t\t<div class=\"elementor-element elementor-element-611398e elementor-widget elementor-widget-video\" data-id=\"611398e\" data-element_type=\"widget\" data-settings=\"{&quot;youtube_url&quot;:&quot;https:\\\/\\\/youtu.be\\\/VR2YQCtWqPs&quot;,&quot;video_type&quot;:&quot;youtube&quot;,&quot;controls&quot;:&quot;yes&quot;}\" data-widget_type=\"video.default\">\n\t\t\t\t<div class=\"elementor-widget-container\">\n\t\t\t\t\t\t\t<div class=\"elementor-wrapper elementor-open-inline\">\n\t\t\t<div class=\"elementor-video\"><\/div>\t\t<\/div>\n\t\t\t\t\t\t<\/div>\n\t\t\t\t<\/div>\n\t\t\t\t\t<\/div>\n\t\t<\/div>\n\t\t\t\t\t<\/div>\n\t\t<\/section>\n\t\t\t\t<\/div>\n\t\t","protected":false},"excerpt":{"rendered":"<p>Zaj\u00edmav\u00e1 m\u00edsta a kulturn\u00ed m\u00edsta v Linci ~ Voln\u00fd \u010das \/ Kultura \/ Um\u011bn\u00ed \/ M\u011bsto ~ V Linci si m\u016f\u017eete voln\u00fd \u010das organizovat podle sv\u00fdch p\u0159edstav. M\u011bsto pr\u016fmyslu a obchodu, medi\u00e1ln\u00edho um\u011bn\u00ed a v\u011bdy m\u00e1 dlouhou tradici a dnes je jako Evropsk\u00e9 hlavn\u00ed m\u011bsto kultury pulzuj\u00edc\u00edm centrem s historick\u00fdm kouzlem a mezin\u00e1rodn\u00edm rozmachem. Kdysi [&hellip;]<\/p>\n","protected":false},"author":1,"featured_media":0,"parent":0,"menu_order":0,"comment_status":"closed","ping_status":"closed","template":"","meta":{"site-sidebar-layout":"no-sidebar","site-content-layout":"page-builder","ast-site-content-layout":"default","site-content-style":"default","site-sidebar-style":"default","ast-global-header-display":"","ast-banner-title-visibility":"","ast-main-header-display":"","ast-hfb-above-header-display":"","ast-hfb-below-header-display":"","ast-hfb-mobile-header-display":"","site-post-title":"disabled","ast-breadcrumbs-content":"","ast-featured-img":"disabled","footer-sml-layout":"","theme-transparent-header-meta":"disabled","adv-header-id-meta":"","stick-header-meta":"","header-above-stick-meta":"","header-main-stick-meta":"","header-below-stick-meta":"","astra-migrate-meta-layouts":"default","ast-page-background-enabled":"default","ast-page-background-meta":{"desktop":{"background-color":"var(--ast-global-color-4)","background-image":"","background-repeat":"repeat","background-position":"center center","background-size":"auto","background-attachment":"scroll","background-type":"","background-media":"","overlay-type":"","overlay-color":"","overlay-opacity":"","overlay-gradient":""},"tablet":{"background-color":"","background-image":"","background-repeat":"repeat","background-position":"center center","background-size":"auto","background-attachment":"scroll","background-type":"","background-media":"","overlay-type":"","overlay-color":"","overlay-opacity":"","overlay-gradient":""},"mobile":{"background-color":"","background-image":"","background-repeat":"repeat","background-position":"center center","background-size":"auto","background-attachment":"scroll","background-type":"","background-media":"","overlay-type":"","overlay-color":"","overlay-opacity":"","overlay-gradient":""}},"ast-content-background-meta":{"desktop":{"background-color":"var(--ast-global-color-5)","background-image":"","background-repeat":"repeat","background-position":"center center","background-size":"auto","background-attachment":"scroll","background-type":"","background-media":"","overlay-type":"","overlay-color":"","overlay-opacity":"","overlay-gradient":""},"tablet":{"background-color":"var(--ast-global-color-5)","background-image":"","background-repeat":"repeat","background-position":"center center","background-size":"auto","background-attachment":"scroll","background-type":"","background-media":"","overlay-type":"","overlay-color":"","overlay-opacity":"","overlay-gradient":""},"mobile":{"background-color":"var(--ast-global-color-5)","background-image":"","background-repeat":"repeat","background-position":"center center","background-size":"auto","background-attachment":"scroll","background-type":"","background-media":"","overlay-type":"","overlay-color":"","overlay-opacity":"","overlay-gradient":""}},"footnotes":""},"class_list":["post-985","page","type-page","status-publish","hentry"],"yoast_head":"<!-- This site is optimized with the Yoast SEO plugin v25.9 - https:\/\/yoast.com\/wordpress\/plugins\/seo\/ -->\n<title>Pam\u00e1tky a kulturn\u00ed m\u00edsta v Linci<\/title>\n<meta name=\"description\" content=\"Nejzaj\u00edmav\u011bj\u0161\u00ed pam\u00e1tky v Linci: ARS Electronica Centre \ud83e\udd16 - Muzeum um\u011bn\u00ed Lentos \ud83c\udfa8 - Z\u00e1meck\u00e9 muzeum \ud83c\udff0 - Star\u00fd d\u00f3m - Hlavn\u00ed n\u00e1m\u011bst\u00ed - P\u00f6stlingberg\" \/>\n<meta name=\"robots\" content=\"index, follow, max-snippet:-1, max-image-preview:large, max-video-preview:-1\" \/>\n<link rel=\"canonical\" href=\"https:\/\/linz-hotel.at\/cs\/cilova-destinace-linec\/\" \/>\n<meta property=\"og:locale\" content=\"cs_CZ\" \/>\n<meta property=\"og:type\" content=\"article\" \/>\n<meta property=\"og:title\" content=\"Pam\u00e1tky a kulturn\u00ed m\u00edsta v Linci\" \/>\n<meta property=\"og:description\" content=\"Nejzaj\u00edmav\u011bj\u0161\u00ed pam\u00e1tky v Linci: ARS Electronica Centre \ud83e\udd16 - Muzeum um\u011bn\u00ed Lentos \ud83c\udfa8 - Z\u00e1meck\u00e9 muzeum \ud83c\udff0 - Star\u00fd d\u00f3m - Hlavn\u00ed n\u00e1m\u011bst\u00ed - P\u00f6stlingberg\" \/>\n<meta property=\"og:url\" content=\"https:\/\/linz-hotel.at\/cs\/cilova-destinace-linec\/\" \/>\n<meta property=\"og:site_name\" content=\"Hotel Schwarzer B\u00e4r Linz\" \/>\n<meta property=\"article:publisher\" content=\"https:\/\/www.facebook.com\/schwarzerbaer\" \/>\n<meta property=\"article:modified_time\" content=\"2024-02-04T10:37:46+00:00\" \/>\n<meta name=\"twitter:card\" content=\"summary_large_image\" \/>\n<meta name=\"twitter:label1\" content=\"Odhadovan\u00e1 doba \u010dten\u00ed\" \/>\n\t<meta name=\"twitter:data1\" content=\"3 minuty\" \/>\n<script type=\"application\/ld+json\" class=\"yoast-schema-graph\">{\"@context\":\"https:\/\/schema.org\",\"@graph\":[{\"@type\":\"WebPage\",\"@id\":\"https:\/\/linz-hotel.at\/cs\/cilova-destinace-linec\/\",\"url\":\"https:\/\/linz-hotel.at\/cs\/cilova-destinace-linec\/\",\"name\":\"Pam\u00e1tky a kulturn\u00ed m\u00edsta v Linci\",\"isPartOf\":{\"@id\":\"https:\/\/linz-hotel.at\/cs\/#website\"},\"datePublished\":\"2023-06-14T08:49:07+00:00\",\"dateModified\":\"2024-02-04T10:37:46+00:00\",\"description\":\"Nejzaj\u00edmav\u011bj\u0161\u00ed pam\u00e1tky v Linci: ARS Electronica Centre \ud83e\udd16 - Muzeum um\u011bn\u00ed Lentos \ud83c\udfa8 - Z\u00e1meck\u00e9 muzeum \ud83c\udff0 - Star\u00fd d\u00f3m - Hlavn\u00ed n\u00e1m\u011bst\u00ed - P\u00f6stlingberg\",\"breadcrumb\":{\"@id\":\"https:\/\/linz-hotel.at\/cs\/cilova-destinace-linec\/#breadcrumb\"},\"inLanguage\":\"cs\",\"potentialAction\":[{\"@type\":\"ReadAction\",\"target\":[\"https:\/\/linz-hotel.at\/cs\/cilova-destinace-linec\/\"]}]},{\"@type\":\"BreadcrumbList\",\"@id\":\"https:\/\/linz-hotel.at\/cs\/cilova-destinace-linec\/#breadcrumb\",\"itemListElement\":[{\"@type\":\"ListItem\",\"position\":1,\"name\":\"Startseite\",\"item\":\"https:\/\/linz-hotel.at\/cs\/\"},{\"@type\":\"ListItem\",\"position\":2,\"name\":\"C\u00edlov\u00e1 destinace Linec\"}]},{\"@type\":\"WebSite\",\"@id\":\"https:\/\/linz-hotel.at\/cs\/#website\",\"url\":\"https:\/\/linz-hotel.at\/cs\/\",\"name\":\"Hotel Schwarzer B\u00e4r Linz\",\"description\":\"Hotel Schwarzer B\u00e4r Linz\",\"potentialAction\":[{\"@type\":\"SearchAction\",\"target\":{\"@type\":\"EntryPoint\",\"urlTemplate\":\"https:\/\/linz-hotel.at\/cs\/?s={search_term_string}\"},\"query-input\":{\"@type\":\"PropertyValueSpecification\",\"valueRequired\":true,\"valueName\":\"search_term_string\"}}],\"inLanguage\":\"cs\"}]}<\/script>\n<!-- \/ Yoast SEO plugin. -->","yoast_head_json":{"title":"Pam\u00e1tky a kulturn\u00ed m\u00edsta v Linci","description":"Nejzaj\u00edmav\u011bj\u0161\u00ed pam\u00e1tky v Linci: ARS Electronica Centre \ud83e\udd16 - Muzeum um\u011bn\u00ed Lentos \ud83c\udfa8 - Z\u00e1meck\u00e9 muzeum \ud83c\udff0 - Star\u00fd d\u00f3m - Hlavn\u00ed n\u00e1m\u011bst\u00ed - P\u00f6stlingberg","robots":{"index":"index","follow":"follow","max-snippet":"max-snippet:-1","max-image-preview":"max-image-preview:large","max-video-preview":"max-video-preview:-1"},"canonical":"https:\/\/linz-hotel.at\/cs\/cilova-destinace-linec\/","og_locale":"cs_CZ","og_type":"article","og_title":"Pam\u00e1tky a kulturn\u00ed m\u00edsta v Linci","og_description":"Nejzaj\u00edmav\u011bj\u0161\u00ed pam\u00e1tky v Linci: ARS Electronica Centre \ud83e\udd16 - Muzeum um\u011bn\u00ed Lentos \ud83c\udfa8 - Z\u00e1meck\u00e9 muzeum \ud83c\udff0 - Star\u00fd d\u00f3m - Hlavn\u00ed n\u00e1m\u011bst\u00ed - P\u00f6stlingberg","og_url":"https:\/\/linz-hotel.at\/cs\/cilova-destinace-linec\/","og_site_name":"Hotel Schwarzer B\u00e4r Linz","article_publisher":"https:\/\/www.facebook.com\/schwarzerbaer","article_modified_time":"2024-02-04T10:37:46+00:00","twitter_card":"summary_large_image","twitter_misc":{"Odhadovan\u00e1 doba \u010dten\u00ed":"3 minuty"},"schema":{"@context":"https:\/\/schema.org","@graph":[{"@type":"WebPage","@id":"https:\/\/linz-hotel.at\/cs\/cilova-destinace-linec\/","url":"https:\/\/linz-hotel.at\/cs\/cilova-destinace-linec\/","name":"Pam\u00e1tky a kulturn\u00ed m\u00edsta v Linci","isPartOf":{"@id":"https:\/\/linz-hotel.at\/cs\/#website"},"datePublished":"2023-06-14T08:49:07+00:00","dateModified":"2024-02-04T10:37:46+00:00","description":"Nejzaj\u00edmav\u011bj\u0161\u00ed pam\u00e1tky v Linci: ARS Electronica Centre \ud83e\udd16 - Muzeum um\u011bn\u00ed Lentos \ud83c\udfa8 - Z\u00e1meck\u00e9 muzeum \ud83c\udff0 - Star\u00fd d\u00f3m - Hlavn\u00ed n\u00e1m\u011bst\u00ed - P\u00f6stlingberg","breadcrumb":{"@id":"https:\/\/linz-hotel.at\/cs\/cilova-destinace-linec\/#breadcrumb"},"inLanguage":"cs","potentialAction":[{"@type":"ReadAction","target":["https:\/\/linz-hotel.at\/cs\/cilova-destinace-linec\/"]}]},{"@type":"BreadcrumbList","@id":"https:\/\/linz-hotel.at\/cs\/cilova-destinace-linec\/#breadcrumb","itemListElement":[{"@type":"ListItem","position":1,"name":"Startseite","item":"https:\/\/linz-hotel.at\/cs\/"},{"@type":"ListItem","position":2,"name":"C\u00edlov\u00e1 destinace Linec"}]},{"@type":"WebSite","@id":"https:\/\/linz-hotel.at\/cs\/#website","url":"https:\/\/linz-hotel.at\/cs\/","name":"Hotel Schwarzer B\u00e4r Linz","description":"Hotel Schwarzer B\u00e4r Linz","potentialAction":[{"@type":"SearchAction","target":{"@type":"EntryPoint","urlTemplate":"https:\/\/linz-hotel.at\/cs\/?s={search_term_string}"},"query-input":{"@type":"PropertyValueSpecification","valueRequired":true,"valueName":"search_term_string"}}],"inLanguage":"cs"}]}},"_links":{"self":[{"href":"https:\/\/linz-hotel.at\/cs\/wp-json\/wp\/v2\/pages\/985","targetHints":{"allow":["GET"]}}],"collection":[{"href":"https:\/\/linz-hotel.at\/cs\/wp-json\/wp\/v2\/pages"}],"about":[{"href":"https:\/\/linz-hotel.at\/cs\/wp-json\/wp\/v2\/types\/page"}],"author":[{"embeddable":true,"href":"https:\/\/linz-hotel.at\/cs\/wp-json\/wp\/v2\/users\/1"}],"replies":[{"embeddable":true,"href":"https:\/\/linz-hotel.at\/cs\/wp-json\/wp\/v2\/comments?post=985"}],"version-history":[{"count":2,"href":"https:\/\/linz-hotel.at\/cs\/wp-json\/wp\/v2\/pages\/985\/revisions"}],"predecessor-version":[{"id":1005,"href":"https:\/\/linz-hotel.at\/cs\/wp-json\/wp\/v2\/pages\/985\/revisions\/1005"}],"wp:attachment":[{"href":"https:\/\/linz-hotel.at\/cs\/wp-json\/wp\/v2\/media?parent=985"}],"curies":[{"name":"wp","href":"https:\/\/api.w.org\/{rel}","templated":true}]}}