{"id":1038,"date":"2023-06-14T09:54:07","date_gmt":"2023-06-14T07:54:07","guid":{"rendered":"https:\/\/linz-hotel.at\/imprint-agb\/"},"modified":"2024-02-04T11:37:50","modified_gmt":"2024-02-04T10:37:50","slug":"imprint-agb","status":"publish","type":"page","link":"https:\/\/linz-hotel.at\/cs\/imprint-agb\/","title":{"rendered":"Imprint &amp; AGB"},"content":{"rendered":"\t\t<div data-elementor-type=\"wp-page\" data-elementor-id=\"1038\" class=\"elementor elementor-1038 elementor-246\">\n\t\t\t\t\t\t<section class=\"elementor-section elementor-top-section elementor-element elementor-element-d5b47ed elementor-section-boxed elementor-section-height-default elementor-section-height-default\" data-id=\"d5b47ed\" data-element_type=\"section\">\n\t\t\t\t\t\t<div class=\"elementor-container elementor-column-gap-default\">\n\t\t\t\t\t<div class=\"elementor-column elementor-col-100 elementor-top-column elementor-element elementor-element-8611f15\" data-id=\"8611f15\" data-element_type=\"column\">\n\t\t\t<div class=\"elementor-widget-wrap elementor-element-populated\">\n\t\t\t\t\t\t<div class=\"elementor-element elementor-element-9a9721d elementor-widget elementor-widget-spacer\" data-id=\"9a9721d\" data-element_type=\"widget\" data-widget_type=\"spacer.default\">\n\t\t\t\t<div class=\"elementor-widget-container\">\n\t\t\t\t\t\t\t<div class=\"elementor-spacer\">\n\t\t\t<div class=\"elementor-spacer-inner\"><\/div>\n\t\t<\/div>\n\t\t\t\t\t\t<\/div>\n\t\t\t\t<\/div>\n\t\t\t\t<div class=\"elementor-element elementor-element-89446b6 elementor-widget elementor-widget-text-editor\" data-id=\"89446b6\" data-element_type=\"widget\" data-widget_type=\"text-editor.default\">\n\t\t\t\t<div class=\"elementor-widget-container\">\n\t\t\t\t\t\t\t\t\t<h2>Otisk<\/h2>\n<p><strong>Hotel Schwarzer B\u00e4r GmbH<\/strong><br \/>Herrenstra\u00dfe 11, 4020 Linz<br \/>Tel. +43 (0)732 772477, Fax +43 (0)732 772477-47<br \/>baer@linz-hotel.at, www.linz-hotel.at<br \/>UID: ATU 71183248<br \/>\u010clen Hornorakousk\u00e9 hospod\u00e1\u0159sk\u00e9 komory<br \/>Registra\u010dn\u00ed \u010d\u00edslo spole\u010dnosti: 455861i<br \/>M\u00edsto p\u0159\u00edslu\u0161nosti Linz<\/p>\n<p><span style=\"text-decoration: underline;\">Copyright \u00a9 2023: Hotel Schwarzer B\u00e4r<\/span><br \/>Odpov\u011bdnost za obsah: Hotel Schwarzer B\u00e4r<br \/>Obsah webov\u00fdch str\u00e1nek hotelu Schwarzer B\u00e4r je chr\u00e1n\u011bn autorsk\u00fdmi pr\u00e1vy. Reprodukce informac\u00ed, zejm\u00e9na pou\u017eit\u00ed text\u016f, \u010d\u00e1st\u00ed text\u016f nebo obr\u00e1zk\u016f, vy\u017eaduje p\u0159edchoz\u00ed p\u00edsemn\u00fd souhlas hotelu Schwarzer B\u00e4r. Hotel Schwarzer B\u00e4r se sna\u017e\u00ed podle sv\u00fdch mo\u017enost\u00ed zajistit, aby informace na t\u011bchto webov\u00fdch str\u00e1nk\u00e1ch byly p\u0159esn\u00e9. Jak\u00e1koli odpov\u011bdnost nebo z\u00e1ruka za aktu\u00e1lnost, spr\u00e1vnost a \u00faplnost poskytnut\u00fdch informac\u00ed je v\u0161ak vylou\u010dena. Hotel Zum Schwarzen B\u00e4ren d\u00e1le neodpov\u00edd\u00e1 za obsah extern\u00edch webov\u00fdch str\u00e1nek, na kter\u00e9 vedou hypertextov\u00e9 odkazy. Hotel Schwarzer B\u00e4r si vyhrazuje pr\u00e1vo na zm\u011bny nebo dopln\u011bn\u00ed poskytnut\u00fdch informac\u00ed bez p\u0159edchoz\u00edho upozorn\u011bn\u00ed.<\/p>\n<p><span style=\"text-decoration: underline;\">FOTO PROOF:<\/span> Hotel Schwarzer B\u00e4r, Turistick\u00e9 sdru\u017een\u00ed m\u011bsta Linec, O\u00d6.Tourismus<\/p>\n<h2>V\u0161eobecn\u00e9 obchodn\u00ed podm\u00ednky pro hotelnictv\u00ed (AGBH)<\/h2>\n<p><a href=\"https:\/\/linz-hotel.at\/wp-content\/uploads\/agb-hotel-oesterreich.pdf\">CS &#8211; V\u0160EOBECN\u00c9 OBCHODN\u00cd PODM\u00cdNKY PRO HOTELNICTV\u00cd<\/a><\/p>\n<p><a href=\"https:\/\/linz-hotel.at\/wp-content\/uploads\/agb-hotel-oesterreich-englisch.pdf\">CS &#8211; V\u0160EOBECN\u00c9 OBCHODN\u00cd PODM\u00cdNKY PRO HOTELNICTV\u00cd<\/a><\/p>\n<p><a href=\"https:\/\/linz-hotel.at\/wp-content\/uploads\/agb-hotel-oesterreich-cz.pdf\">CZ &#8211; V\u0160EOBECN\u00c9 OBCHODN\u00cd PODM\u00cdNKY PRO HOTELI\u00c9RSTV\u00cd<\/a><\/p>\n<p><a href=\"https:\/\/linz-hotel.at\/wp-content\/uploads\/agb-hotel-oesterreich-franzoesisch.pdf\">FR &#8211; OBECN\u00c9 PODM\u00cdNKY PRO PRODEJCE NEMOVITOST\u00cd<\/a><\/p>\n<h2>Z\u00e1sady ochrany osobn\u00edch \u00fadaj\u016f<\/h2>\n<p>Ochrana va\u0161ich osobn\u00edch \u00fadaj\u016f je pro n\u00e1s obzvl\u00e1\u0161t\u011b d\u016fle\u017eit\u00e1. Va\u0161e \u00fadaje proto zpracov\u00e1v\u00e1me v\u00fdhradn\u011b na z\u00e1klad\u011b z\u00e1konn\u00fdch ustanoven\u00ed (GDPR, TKG 2003). V t\u011bchto informac\u00edch o ochran\u011b osobn\u00edch \u00fadaj\u016f v\u00e1s informujeme o nejd\u016fle\u017eit\u011bj\u0161\u00edch aspektech zpracov\u00e1n\u00ed \u00fadaj\u016f v souvislosti s na\u0161imi webov\u00fdmi str\u00e1nkami.<\/p>\n<p>P\u0159i n\u00e1v\u0161t\u011bv\u011b na\u0161ich webov\u00fdch str\u00e1nek se po dobu trv\u00e1n\u00ed relace zaznamen\u00e1v\u00e1 va\u0161e IP adresa, za\u010d\u00e1tek a konec relace. D\u011bje se tak z technick\u00fdch d\u016fvod\u016f, a proto se jedn\u00e1 o opr\u00e1vn\u011bn\u00fd z\u00e1jem ve smyslu \u010dl. 6 odst. 1 p\u00edsm. f) GDPR. Pokud nen\u00ed d\u00e1le stanoveno jinak, nebudeme tyto \u00fadaje d\u00e1le zpracov\u00e1vat.<\/p>\n<p>Pokud n\u00e1s kontaktujete prost\u0159ednictv\u00edm formul\u00e1\u0159e na webov\u00fdch str\u00e1nk\u00e1ch nebo e-mailem, budou v\u00e1mi poskytnut\u00e9 \u00fadaje ulo\u017eeny po dobu \u0161esti m\u011bs\u00edc\u016f za \u00fa\u010delem zpracov\u00e1n\u00ed dotazu a v p\u0159\u00edpad\u011b dal\u0161\u00edch dotaz\u016f. Tyto \u00fadaje nep\u0159ed\u00e1v\u00e1me bez va\u0161eho souhlasu.<\/p>\n<h3>Ukl\u00e1d\u00e1n\u00ed dat<\/h3>\n<p>R\u00e1di bychom upozornili, \u017ee za \u00fa\u010delem zjednodu\u0161en\u00ed n\u00e1kupn\u00edho procesu a pozd\u011bj\u0161\u00edho zpracov\u00e1n\u00ed smlouvy ukl\u00e1d\u00e1 provozovatel internetov\u00e9ho obchodu v r\u00e1mci soubor\u016f cookie IP \u00fadaje vlastn\u00edka p\u0159ipojen\u00ed, jako\u017e i jm\u00e9no, adresu a \u010d\u00edslo kreditn\u00ed karty [&#8230;] kupuj\u00edc\u00edho.<\/p>\n<p>\u00dadaje, kter\u00e9 poskytujete, jsou nutn\u00e9 k pln\u011bn\u00ed smlouvy nebo k proveden\u00ed opat\u0159en\u00ed p\u0159ed uzav\u0159en\u00edm smlouvy. Bez t\u011bchto \u00fadaj\u016f s v\u00e1mi nem\u016f\u017eeme uzav\u0159\u00edt smlouvu. \u00dadaje nebudou p\u0159ed\u00e1v\u00e1ny t\u0159et\u00edm stran\u00e1m, s v\u00fdjimkou p\u0159ed\u00e1n\u00ed \u00fadaj\u016f o kreditn\u00edch kart\u00e1ch zpracovatelsk\u00fdm bankovn\u00edm \u00fastav\u016fm \/ poskytovatel\u016fm platebn\u00edch slu\u017eeb za \u00fa\u010delem odeps\u00e1n\u00ed kupn\u00ed ceny, p\u0159epravn\u00ed spole\u010dnosti \/ p\u0159epravn\u00ed spole\u010dnosti, kterou jsme pov\u011b\u0159ili dod\u00e1n\u00edm zbo\u017e\u00ed, a na\u0161emu da\u0148ov\u00e9mu poradci za \u00fa\u010delem spln\u011bn\u00ed na\u0161ich da\u0148ov\u00fdch povinnost\u00ed.<\/p>\n<p>Po zru\u0161en\u00ed n\u00e1kupu budou n\u00e1mi ulo\u017een\u00e9 \u00fadaje vymaz\u00e1ny. V p\u0159\u00edpad\u011b uzav\u0159en\u00ed smlouvy budou v\u0161echny \u00fadaje ze smluvn\u00edho vztahu uchov\u00e1v\u00e1ny a\u017e do uplynut\u00ed doby uchov\u00e1v\u00e1n\u00ed podle da\u0148ov\u00fdch p\u0159edpis\u016f (7 let).<\/p>\n<p>\u00dadaje o jm\u00e9nu, adrese, zakoupen\u00e9m zbo\u017e\u00ed a datu n\u00e1kupu se rovn\u011b\u017e uchov\u00e1vaj\u00ed a\u017e do uplynut\u00ed doby odpov\u011bdnosti za v\u00fdrobek. Zpracov\u00e1n\u00ed \u00fadaj\u016f se prov\u00e1d\u00ed na z\u00e1klad\u011b z\u00e1konn\u00fdch ustanoven\u00ed \u00a7 96 odst. 3 TKG a \u010dl. 6 odst. 1 p\u00edsm. a) (souhlas) a\/nebo b) (nezbytn\u00e9 pro pln\u011bn\u00ed smlouvy) GDPR.<\/p>\n<h3>N\u00e1stroj pro blokov\u00e1n\u00ed soubor\u016f cookie<\/h3>\n<p>Ke spr\u00e1v\u011b soubor\u016f cookie a podobn\u00fdch technologi\u00ed (sledovac\u00ed pixely, webov\u00e9 sign\u00e1ly atd.) a souvisej\u00edc\u00edch souhlas\u016f pou\u017e\u00edv\u00e1me n\u00e1stroj &#8222;Real Cookie Banner&#8220;. Podrobnosti o fungov\u00e1n\u00ed slu\u017eby &#8222;Real Cookie Banner&#8220; najdete na <a href=\"https:\/\/devowl.io\/de\/rcb\/datenverarbeitung\/\" target=\"_blank\" rel=\"noopener\">adrese https:\/\/devowl.io\/de\/rcb\/datenverarbeitung\/<\/a>.<\/p>\n<p>Pr\u00e1vn\u00edm z\u00e1kladem pro zpracov\u00e1n\u00ed osobn\u00edch \u00fadaj\u016f v t\u00e9to souvislosti je \u010dl.6 odst. 1 lit. c GDPR a \u010dl. 6 odst. 1 lit. f GDPR. Na\u0161\u00edm opr\u00e1vn\u011bn\u00fdm z\u00e1jmem je spr\u00e1va pou\u017e\u00edvan\u00fdch soubor\u016f cookie a podobn\u00fdch technologi\u00ed a souvisej\u00edc\u00edch souhlas\u016f.<\/p>\n<p>Poskytnut\u00ed osobn\u00edch \u00fadaj\u016f nen\u00ed smluvn\u011b vy\u017eadov\u00e1no ani nezbytn\u00e9 pro uzav\u0159en\u00ed smlouvy. Osobn\u00ed \u00fadaje nejste povinni poskytnout. Pokud osobn\u00ed \u00fadaje neposkytnete, nebudeme moci va\u0161e souhlasy spravovat.<\/p>\n<h3>Soubory cookie<\/h3>\n<p>Na\u0161e webov\u00e9 str\u00e1nky pou\u017e\u00edvaj\u00ed tzv. cookies. Jedn\u00e1 se o mal\u00e9 textov\u00e9 soubory, kter\u00e9 se ukl\u00e1daj\u00ed do koncov\u00e9ho za\u0159\u00edzen\u00ed pomoc\u00ed prohl\u00ed\u017ee\u010de. Nezp\u016fsobuj\u00ed \u017e\u00e1dn\u00e9 \u0161kody.<\/p>\n<p>Soubory cookie pou\u017e\u00edv\u00e1me k tomu, aby na\u0161e webov\u00e9 str\u00e1nky byly u\u017eivatelsky p\u0159\u00edv\u011btiv\u011bj\u0161\u00ed. N\u011bkter\u00e9 soubory cookie z\u016fst\u00e1vaj\u00ed ulo\u017eeny ve va\u0161em koncov\u00e9m za\u0159\u00edzen\u00ed, dokud je neodstran\u00edte. Umo\u017e\u0148uj\u00ed n\u00e1m rozpoznat v\u00e1\u0161 prohl\u00ed\u017ee\u010d p\u0159i p\u0159\u00ed\u0161t\u00ed n\u00e1v\u0161t\u011bv\u011b na\u0161ich webov\u00fdch str\u00e1nek.<\/p>\n<p>Pokud si to nep\u0159ejete, m\u016f\u017eete nastavit sv\u016fj prohl\u00ed\u017ee\u010d tak, aby v\u00e1s informoval o nastavov\u00e1n\u00ed soubor\u016f cookie a abyste to povolili pouze v jednotliv\u00fdch p\u0159\u00edpadech.<\/p>\n<p>Pokud jsou soubory cookie deaktivov\u00e1ny, m\u016f\u017ee doj\u00edt k omezen\u00ed funk\u010dnosti na\u0161ich webov\u00fdch str\u00e1nek.<\/p>\n<h3>Webov\u00e1 anal\u00fdza<\/h3>\n<p>Na\u0161e webov\u00e9 str\u00e1nky vyu\u017e\u00edvaj\u00ed funkce slu\u017eby pro anal\u00fdzu webu Google Analytics. K tomuto \u00fa\u010delu se pou\u017e\u00edvaj\u00ed soubory cookie, kter\u00e9 umo\u017e\u0148uj\u00ed analyzovat va\u0161e pou\u017e\u00edv\u00e1n\u00ed webov\u00fdch str\u00e1nek. Takto vytvo\u0159en\u00e9 informace se p\u0159enesou na server poskytovatele a tam se ulo\u017e\u00ed.<\/p>\n<p>Tomu m\u016f\u017eete zabr\u00e1nit nastaven\u00edm prohl\u00ed\u017ee\u010de tak, aby se soubory cookie neukl\u00e1daly.<\/p>\n<p>S poskytovatelem jsme uzav\u0159eli odpov\u00eddaj\u00edc\u00ed smlouvu o zpracov\u00e1n\u00ed \u00fadaj\u016f na zak\u00e1zku.<\/p>\n<p>Va\u0161e IP adresa je zaznamen\u00e1na, ale okam\u017eit\u011b pseudonymizov\u00e1na. To znamen\u00e1, \u017ee je mo\u017en\u00e1 pouze hrub\u00e1 lokalizace.<\/p>\n<p>Zpracov\u00e1n\u00ed \u00fadaj\u016f se prov\u00e1d\u00ed na z\u00e1klad\u011b z\u00e1konn\u00fdch ustanoven\u00ed \u00a7 96 odst. 3 TKG a \u010dl. 6 odst. 1 p\u00edsm. a) (souhlas) a\/nebo f) (opr\u00e1vn\u011bn\u00fd z\u00e1jem) GDPR.<\/p>\n<p>Na\u0161\u00edm z\u00e1jmem ve smyslu GDPR (opr\u00e1vn\u011bn\u00fd z\u00e1jem) je zlep\u0161en\u00ed na\u0161\u00ed nab\u00eddky a na\u0161ich webov\u00fdch str\u00e1nek. Proto\u017ee je pro n\u00e1s soukrom\u00ed na\u0161ich u\u017eivatel\u016f d\u016fle\u017eit\u00e9, jsou \u00fadaje u\u017eivatel\u016f pseudonymizov\u00e1ny.<\/p>\n<h3>Zpravodaj<\/h3>\n<p>M\u00e1te mo\u017enost p\u0159ihl\u00e1sit se k odb\u011bru na\u0161eho newsletteru prost\u0159ednictv\u00edm na\u0161ich webov\u00fdch str\u00e1nek. K tomu pot\u0159ebujeme va\u0161i e-mailovou adresu a va\u0161e prohl\u00e1\u0161en\u00ed, \u017ee souhlas\u00edte se zas\u00edl\u00e1n\u00edm newsletteru.<\/p>\n<p>Jakmile se zaregistrujete k odb\u011bru newsletteru, za\u0161leme v\u00e1m potvrzovac\u00ed e-mail s odkazem na potvrzen\u00ed registrace.<\/p>\n<p>Odb\u011br newsletteru m\u016f\u017eete kdykoli zru\u0161it. Zru\u0161en\u00ed rezervace za\u0161lete na n\u00e1sleduj\u00edc\u00ed e-mailovou adresu: baer@linz-hotel.at . Pot\u00e9 va\u0161e \u00fadaje v souvislosti se zas\u00edl\u00e1n\u00edm newsletteru neprodlen\u011b vyma\u017eeme. Toto odvol\u00e1n\u00ed nem\u00e1 vliv na z\u00e1konnost zpracov\u00e1n\u00ed prov\u00e1d\u011bn\u00e9ho na z\u00e1klad\u011b souhlasu a\u017e do jeho odvol\u00e1n\u00ed.<\/p>\n<h3>Va\u0161e pr\u00e1va<\/h3>\n<p>V z\u00e1sad\u011b m\u00e1te pr\u00e1vo na informace, opravu, vymaz\u00e1n\u00ed, omezen\u00ed, p\u0159enositelnost \u00fadaj\u016f, zru\u0161en\u00ed a n\u00e1mitku, pokud jde o va\u0161e \u00fadaje ulo\u017een\u00e9 u n\u00e1s. Pokud se domn\u00edv\u00e1te, \u017ee zpracov\u00e1n\u00ed va\u0161ich \u00fadaj\u016f poru\u0161uje z\u00e1kon o ochran\u011b osobn\u00edch \u00fadaj\u016f nebo byly jinak poru\u0161eny va\u0161e n\u00e1roky na ochranu osobn\u00edch \u00fadaj\u016f, m\u016f\u017eete si na n\u00e1s st\u011b\u017eovat na adrese baer@linz-hotel.at nebo u \u00fa\u0159adu pro ochranu osobn\u00edch \u00fadaj\u016f.<\/p>\n\t\t\t\t\t\t\t\t<\/div>\n\t\t\t\t<\/div>\n\t\t\t\t<div class=\"elementor-element elementor-element-1ec5b67 elementor-widget elementor-widget-spacer\" data-id=\"1ec5b67\" data-element_type=\"widget\" data-widget_type=\"spacer.default\">\n\t\t\t\t<div class=\"elementor-widget-container\">\n\t\t\t\t\t\t\t<div class=\"elementor-spacer\">\n\t\t\t<div class=\"elementor-spacer-inner\"><\/div>\n\t\t<\/div>\n\t\t\t\t\t\t<\/div>\n\t\t\t\t<\/div>\n\t\t\t\t\t<\/div>\n\t\t<\/div>\n\t\t\t\t\t<\/div>\n\t\t<\/section>\n\t\t\t\t<\/div>\n\t\t","protected":false},"excerpt":{"rendered":"<p>Otisk Hotel Schwarzer B\u00e4r GmbHHerrenstra\u00dfe 11, 4020 LinzTel. +43 (0)732 772477, Fax +43 (0)732 772477-47baer@linz-hotel.at, www.linz-hotel.atUID: ATU 71183248\u010clen Hornorakousk\u00e9 hospod\u00e1\u0159sk\u00e9 komoryRegistra\u010dn\u00ed \u010d\u00edslo spole\u010dnosti: 455861iM\u00edsto p\u0159\u00edslu\u0161nosti Linz Copyright \u00a9 2023: Hotel Schwarzer B\u00e4rOdpov\u011bdnost za obsah: Hotel Schwarzer B\u00e4rObsah webov\u00fdch str\u00e1nek hotelu Schwarzer B\u00e4r je chr\u00e1n\u011bn autorsk\u00fdmi pr\u00e1vy. Reprodukce informac\u00ed, zejm\u00e9na pou\u017eit\u00ed text\u016f, \u010d\u00e1st\u00ed text\u016f nebo obr\u00e1zk\u016f, [&hellip;]<\/p>\n","protected":false},"author":1,"featured_media":0,"parent":0,"menu_order":0,"comment_status":"closed","ping_status":"closed","template":"","meta":{"site-sidebar-layout":"no-sidebar","site-content-layout":"page-builder","ast-site-content-layout":"default","site-content-style":"default","site-sidebar-style":"default","ast-global-header-display":"","ast-banner-title-visibility":"","ast-main-header-display":"","ast-hfb-above-header-display":"","ast-hfb-below-header-display":"","ast-hfb-mobile-header-display":"","site-post-title":"disabled","ast-breadcrumbs-content":"","ast-featured-img":"disabled","footer-sml-layout":"","theme-transparent-header-meta":"disabled","adv-header-id-meta":"","stick-header-meta":"","header-above-stick-meta":"","header-main-stick-meta":"","header-below-stick-meta":"","astra-migrate-meta-layouts":"default","ast-page-background-enabled":"default","ast-page-background-meta":{"desktop":{"background-color":"var(--ast-global-color-4)","background-image":"","background-repeat":"repeat","background-position":"center center","background-size":"auto","background-attachment":"scroll","background-type":"","background-media":"","overlay-type":"","overlay-color":"","overlay-opacity":"","overlay-gradient":""},"tablet":{"background-color":"","background-image":"","background-repeat":"repeat","background-position":"center center","background-size":"auto","background-attachment":"scroll","background-type":"","background-media":"","overlay-type":"","overlay-color":"","overlay-opacity":"","overlay-gradient":""},"mobile":{"background-color":"","background-image":"","background-repeat":"repeat","background-position":"center center","background-size":"auto","background-attachment":"scroll","background-type":"","background-media":"","overlay-type":"","overlay-color":"","overlay-opacity":"","overlay-gradient":""}},"ast-content-background-meta":{"desktop":{"background-color":"var(--ast-global-color-5)","background-image":"","background-repeat":"repeat","background-position":"center center","background-size":"auto","background-attachment":"scroll","background-type":"","background-media":"","overlay-type":"","overlay-color":"","overlay-opacity":"","overlay-gradient":""},"tablet":{"background-color":"var(--ast-global-color-5)","background-image":"","background-repeat":"repeat","background-position":"center center","background-size":"auto","background-attachment":"scroll","background-type":"","background-media":"","overlay-type":"","overlay-color":"","overlay-opacity":"","overlay-gradient":""},"mobile":{"background-color":"var(--ast-global-color-5)","background-image":"","background-repeat":"repeat","background-position":"center center","background-size":"auto","background-attachment":"scroll","background-type":"","background-media":"","overlay-type":"","overlay-color":"","overlay-opacity":"","overlay-gradient":""}},"footnotes":""},"class_list":["post-1038","page","type-page","status-publish","hentry"],"yoast_head":"<!-- This site is optimized with the Yoast SEO plugin v25.9 - https:\/\/yoast.com\/wordpress\/plugins\/seo\/ -->\n<title>Imprint &amp; AGB - Hotel Schwarzer B\u00e4r Linz<\/title>\n<meta name=\"robots\" content=\"index, follow, max-snippet:-1, max-image-preview:large, max-video-preview:-1\" \/>\n<link rel=\"canonical\" href=\"https:\/\/linz-hotel.at\/cs\/imprint-agb\/\" \/>\n<meta property=\"og:locale\" content=\"cs_CZ\" \/>\n<meta property=\"og:type\" content=\"article\" \/>\n<meta property=\"og:title\" content=\"Imprint &amp; AGB - Hotel Schwarzer B\u00e4r Linz\" \/>\n<meta property=\"og:description\" content=\"Otisk Hotel Schwarzer B\u00e4r GmbHHerrenstra\u00dfe 11, 4020 LinzTel. +43 (0)732 772477, Fax +43 (0)732 772477-47baer@linz-hotel.at, www.linz-hotel.atUID: ATU 71183248\u010clen Hornorakousk\u00e9 hospod\u00e1\u0159sk\u00e9 komoryRegistra\u010dn\u00ed \u010d\u00edslo spole\u010dnosti: 455861iM\u00edsto p\u0159\u00edslu\u0161nosti Linz Copyright \u00a9 2023: Hotel Schwarzer B\u00e4rOdpov\u011bdnost za obsah: Hotel Schwarzer B\u00e4rObsah webov\u00fdch str\u00e1nek hotelu Schwarzer B\u00e4r je chr\u00e1n\u011bn autorsk\u00fdmi pr\u00e1vy. Reprodukce informac\u00ed, zejm\u00e9na pou\u017eit\u00ed text\u016f, \u010d\u00e1st\u00ed text\u016f nebo obr\u00e1zk\u016f, [&hellip;]\" \/>\n<meta property=\"og:url\" content=\"https:\/\/linz-hotel.at\/cs\/imprint-agb\/\" \/>\n<meta property=\"og:site_name\" content=\"Hotel Schwarzer B\u00e4r Linz\" \/>\n<meta property=\"article:publisher\" content=\"https:\/\/www.facebook.com\/schwarzerbaer\" \/>\n<meta property=\"article:modified_time\" content=\"2024-02-04T10:37:50+00:00\" \/>\n<meta name=\"twitter:card\" content=\"summary_large_image\" \/>\n<meta name=\"twitter:label1\" content=\"Odhadovan\u00e1 doba \u010dten\u00ed\" \/>\n\t<meta name=\"twitter:data1\" content=\"7 minut\" \/>\n<script type=\"application\/ld+json\" class=\"yoast-schema-graph\">{\"@context\":\"https:\/\/schema.org\",\"@graph\":[{\"@type\":\"WebPage\",\"@id\":\"https:\/\/linz-hotel.at\/cs\/imprint-agb\/\",\"url\":\"https:\/\/linz-hotel.at\/cs\/imprint-agb\/\",\"name\":\"Imprint &amp; AGB - Hotel Schwarzer B\u00e4r Linz\",\"isPartOf\":{\"@id\":\"https:\/\/linz-hotel.at\/cs\/#website\"},\"datePublished\":\"2023-06-14T07:54:07+00:00\",\"dateModified\":\"2024-02-04T10:37:50+00:00\",\"breadcrumb\":{\"@id\":\"https:\/\/linz-hotel.at\/cs\/imprint-agb\/#breadcrumb\"},\"inLanguage\":\"cs\",\"potentialAction\":[{\"@type\":\"ReadAction\",\"target\":[\"https:\/\/linz-hotel.at\/cs\/imprint-agb\/\"]}]},{\"@type\":\"BreadcrumbList\",\"@id\":\"https:\/\/linz-hotel.at\/cs\/imprint-agb\/#breadcrumb\",\"itemListElement\":[{\"@type\":\"ListItem\",\"position\":1,\"name\":\"Startseite\",\"item\":\"https:\/\/linz-hotel.at\/cs\/\"},{\"@type\":\"ListItem\",\"position\":2,\"name\":\"Imprint &amp; AGB\"}]},{\"@type\":\"WebSite\",\"@id\":\"https:\/\/linz-hotel.at\/cs\/#website\",\"url\":\"https:\/\/linz-hotel.at\/cs\/\",\"name\":\"Hotel Schwarzer B\u00e4r Linz\",\"description\":\"Hotel Schwarzer B\u00e4r Linz\",\"potentialAction\":[{\"@type\":\"SearchAction\",\"target\":{\"@type\":\"EntryPoint\",\"urlTemplate\":\"https:\/\/linz-hotel.at\/cs\/?s={search_term_string}\"},\"query-input\":{\"@type\":\"PropertyValueSpecification\",\"valueRequired\":true,\"valueName\":\"search_term_string\"}}],\"inLanguage\":\"cs\"}]}<\/script>\n<!-- \/ Yoast SEO plugin. -->","yoast_head_json":{"title":"Imprint &amp; AGB - Hotel Schwarzer B\u00e4r Linz","robots":{"index":"index","follow":"follow","max-snippet":"max-snippet:-1","max-image-preview":"max-image-preview:large","max-video-preview":"max-video-preview:-1"},"canonical":"https:\/\/linz-hotel.at\/cs\/imprint-agb\/","og_locale":"cs_CZ","og_type":"article","og_title":"Imprint &amp; AGB - Hotel Schwarzer B\u00e4r Linz","og_description":"Otisk Hotel Schwarzer B\u00e4r GmbHHerrenstra\u00dfe 11, 4020 LinzTel. +43 (0)732 772477, Fax +43 (0)732 772477-47baer@linz-hotel.at, www.linz-hotel.atUID: ATU 71183248\u010clen Hornorakousk\u00e9 hospod\u00e1\u0159sk\u00e9 komoryRegistra\u010dn\u00ed \u010d\u00edslo spole\u010dnosti: 455861iM\u00edsto p\u0159\u00edslu\u0161nosti Linz Copyright \u00a9 2023: Hotel Schwarzer B\u00e4rOdpov\u011bdnost za obsah: Hotel Schwarzer B\u00e4rObsah webov\u00fdch str\u00e1nek hotelu Schwarzer B\u00e4r je chr\u00e1n\u011bn autorsk\u00fdmi pr\u00e1vy. Reprodukce informac\u00ed, zejm\u00e9na pou\u017eit\u00ed text\u016f, \u010d\u00e1st\u00ed text\u016f nebo obr\u00e1zk\u016f, [&hellip;]","og_url":"https:\/\/linz-hotel.at\/cs\/imprint-agb\/","og_site_name":"Hotel Schwarzer B\u00e4r Linz","article_publisher":"https:\/\/www.facebook.com\/schwarzerbaer","article_modified_time":"2024-02-04T10:37:50+00:00","twitter_card":"summary_large_image","twitter_misc":{"Odhadovan\u00e1 doba \u010dten\u00ed":"7 minut"},"schema":{"@context":"https:\/\/schema.org","@graph":[{"@type":"WebPage","@id":"https:\/\/linz-hotel.at\/cs\/imprint-agb\/","url":"https:\/\/linz-hotel.at\/cs\/imprint-agb\/","name":"Imprint &amp; AGB - Hotel Schwarzer B\u00e4r Linz","isPartOf":{"@id":"https:\/\/linz-hotel.at\/cs\/#website"},"datePublished":"2023-06-14T07:54:07+00:00","dateModified":"2024-02-04T10:37:50+00:00","breadcrumb":{"@id":"https:\/\/linz-hotel.at\/cs\/imprint-agb\/#breadcrumb"},"inLanguage":"cs","potentialAction":[{"@type":"ReadAction","target":["https:\/\/linz-hotel.at\/cs\/imprint-agb\/"]}]},{"@type":"BreadcrumbList","@id":"https:\/\/linz-hotel.at\/cs\/imprint-agb\/#breadcrumb","itemListElement":[{"@type":"ListItem","position":1,"name":"Startseite","item":"https:\/\/linz-hotel.at\/cs\/"},{"@type":"ListItem","position":2,"name":"Imprint &amp; AGB"}]},{"@type":"WebSite","@id":"https:\/\/linz-hotel.at\/cs\/#website","url":"https:\/\/linz-hotel.at\/cs\/","name":"Hotel Schwarzer B\u00e4r Linz","description":"Hotel Schwarzer B\u00e4r Linz","potentialAction":[{"@type":"SearchAction","target":{"@type":"EntryPoint","urlTemplate":"https:\/\/linz-hotel.at\/cs\/?s={search_term_string}"},"query-input":{"@type":"PropertyValueSpecification","valueRequired":true,"valueName":"search_term_string"}}],"inLanguage":"cs"}]}},"_links":{"self":[{"href":"https:\/\/linz-hotel.at\/cs\/wp-json\/wp\/v2\/pages\/1038","targetHints":{"allow":["GET"]}}],"collection":[{"href":"https:\/\/linz-hotel.at\/cs\/wp-json\/wp\/v2\/pages"}],"about":[{"href":"https:\/\/linz-hotel.at\/cs\/wp-json\/wp\/v2\/types\/page"}],"author":[{"embeddable":true,"href":"https:\/\/linz-hotel.at\/cs\/wp-json\/wp\/v2\/users\/1"}],"replies":[{"embeddable":true,"href":"https:\/\/linz-hotel.at\/cs\/wp-json\/wp\/v2\/comments?post=1038"}],"version-history":[{"count":2,"href":"https:\/\/linz-hotel.at\/cs\/wp-json\/wp\/v2\/pages\/1038\/revisions"}],"predecessor-version":[{"id":1040,"href":"https:\/\/linz-hotel.at\/cs\/wp-json\/wp\/v2\/pages\/1038\/revisions\/1040"}],"wp:attachment":[{"href":"https:\/\/linz-hotel.at\/cs\/wp-json\/wp\/v2\/media?parent=1038"}],"curies":[{"name":"wp","href":"https:\/\/api.w.org\/{rel}","templated":true}]}}